{"id":1043800,"date":"2024-12-17T15:05:15","date_gmt":"2024-12-17T14:05:15","guid":{"rendered":"https:\/\/inesrosales.com\/allgemeine-bedingungen-und-konditionen\/"},"modified":"2024-12-30T12:14:02","modified_gmt":"2024-12-30T11:14:02","slug":"allgemeine-bedingungen-und-konditionen","status":"publish","type":"page","link":"https:\/\/inesrosales.com\/de\/allgemeine-bedingungen-und-konditionen\/","title":{"rendered":"Allgemeine Bedingungen und Konditionen"},"content":{"rendered":"\t\t<div data-elementor-type=\"wp-page\" data-elementor-id=\"1043800\" class=\"elementor elementor-1043800 elementor-1043342\" data-elementor-post-type=\"page\">\n\t\t\t\t<div class=\"elementor-element elementor-element-1d12107 e-flex e-con-boxed e-con e-parent\" data-id=\"1d12107\" data-element_type=\"container\" data-e-type=\"container\">\n\t\t\t\t\t<div class=\"e-con-inner\">\n\t\t\t\t<div class=\"elementor-element elementor-element-2020c40 elementor-widget elementor-widget-heading\" data-id=\"2020c40\" data-element_type=\"widget\" data-e-type=\"widget\" data-widget_type=\"heading.default\">\n\t\t\t\t<div class=\"elementor-widget-container\">\n\t\t\t\t\t<h1 class=\"elementor-heading-title elementor-size-default\">Allgemeine Verkaufsbedingungen<\/h1>\t\t\t\t<\/div>\n\t\t\t\t<\/div>\n\t\t\t\t<div class=\"elementor-element elementor-element-db20c9c elementor-widget elementor-widget-text-editor\" data-id=\"db20c9c\" data-element_type=\"widget\" data-e-type=\"widget\" data-widget_type=\"text-editor.default\">\n\t\t\t\t<div class=\"elementor-widget-container\">\n\t\t\t\t\t\t\t\t\t<p><strong>IN\u00c9S ROSALES S.A.U. (im Folgenden DER VERK\u00c4UFER) mit der NIF-Nummer A-41096520, mit der Adresse P.E. Vereda de la Herrer\u00eda S\/N C.P.: 41830 Hu\u00e9var del Aljarafe (SEVILLA) pr\u00e4sentiert das folgende kommerzielle Angebot, gegen eine Geb\u00fchr, der Produkte, die in der Webseite www.inesrosales.com (im Folgenden DIE WEBSITE). Der Kauf und Verkauf dieser Produkte unterliegt den folgenden allgemeinen Vertragsbedingungen, die der K\u00e4ufer akzeptiert, wenn er ein Produkt von DER WEBSITE kauft, indem er den Kaufvorgang durchf\u00fchrt. Diese allgemeinen Einkaufsbedingungen gelten f\u00fcr alle auf DER WEBSITE angebotenen Produkte und k\u00f6nnen ohne Vorank\u00fcndigung ge\u00e4ndert werden, ohne dass sich die \u00c4nderungen auf bereits get\u00e4tigte K\u00e4ufe auswirken. Die Vertragsbedingungen und das Kaufverfahren sind am Ende der WEBSITE aufgef\u00fchrt.   <\/strong><\/p>\n<h3>Kauf- und Verkaufsverfahren<\/h3>\n<p>Der Kauf der auf der WEBSITE angebotenen Produkte erfolgt durch Auswahl der gew\u00fcnschten Produkte, die in den Warenkorb gelegt werden. Sobald die Auswahl abgeschlossen ist, wird der Kauf fortgesetzt, indem die pers\u00f6nlichen Daten f\u00fcr die Ausstellung der Rechnung, die Zahlungsweise und die Versanddaten der Produkte eingegeben werden. Das Dokument zur Kaufabwicklung wird auf der Website gespeichert und kann vom K\u00e4ufer eingesehen werden. <\/p>\n<p>W\u00e4hrend des Kaufvorgangs kann der K\u00e4ufer die ausgew\u00e4hlten Produkte, die Anzahl der Produkte, die eingegebenen pers\u00f6nlichen Daten, die Zahlungsweise und den Versandort \u00e4ndern, indem er vor der endg\u00fcltigen Annahme des Kaufs den Kaufvorgang auf der Website erneut durchl\u00e4uft.<\/p>\n<p>Nach dem Kauf wird dieser innerhalb von h\u00f6chstens 24 Stunden durch eine E-Mail an die vom K\u00e4ufer angegebene Adresse best\u00e4tigt, in der die gekauften Produkte, die Kosten, Steuern und Lieferkosten, die Zahlungsart und der Lieferort angegeben sind.<\/p>\n<h3>Lieferung und Verf\u00fcgbarkeit der Produkte<\/h3>\n<p>\u00dcber diese Website k\u00f6nnen nur Bestellungen in die folgenden L\u00e4nder aufgegeben werden: Spanien, Andorra, Portugal, Deutschland, Frankreich, Monaco, \u00d6sterreich, Belgien, D\u00e4nemark, Italien, Luxemburg, Niederlande, Tschechische Republik, San Marino, Vatikan, Slowakei, Slowenien, Ungarn, Liechtenstein, Polen, Vereinigtes K\u00f6nigreich, Schweiz, Bulgarien, Kroatien, Estland, Finnland, Irland, Lettland, Litauen, Rum\u00e4nien, Serbien, Schweden, Norwegen, Albanien, Bosnien&amp;Herzegobina, Island, F\u00e4r\u00f6er, Kosovo, Mazedonien, Montenegro, Zypern, Griechenland, Malta und T\u00fcrkei.<\/p>\n<p>F\u00fcr Bestellungen aus den \u00fcbrigen Gebieten, die von dem vorstehenden Abschnitt ausgenommen sind, sind diese \u00fcber die folgende E-Mail-Adresse zu \u00fcbermitteln: pedidosonline@inesrosales.com.<\/p>\n<p>Die gekauften Produkte werden innerhalb von maximal 3 Arbeitstagen f\u00fcr nationale Bestellungen und innerhalb von 5-6 Arbeitstagen (Versand per GLS) f\u00fcr den Rest (per GLS f\u00fcr internationale Sendungen, Tourline f\u00fcr die Balearen und Correos f\u00fcr die Kanarischen Inseln) ab der Best\u00e4tigung der Bestellung geliefert.<\/p>\n<p>Wenn das gekaufte Produkt nicht verf\u00fcgbar ist, wird der K\u00e4ufer benachrichtigt, so dass er ein anderes Produkt mit den gleichen Eigenschaften und dem gleichen Preis w\u00e4hlen oder den Kauf r\u00fcckg\u00e4ngig machen kann, wobei er die bereits gezahlten Betr\u00e4ge innerhalb einer Frist von h\u00f6chstens 30 Tagen zur\u00fcckzahlen muss.<\/p>\n<h3>Preis, Versand und Steuern<\/h3>\n<p>Die Preise der auf der WEBSITE angebotenen Produkte sind in Euro (\u20ac) und Pfund (\u00a3) angegeben, einschlie\u00dflich der zum Zeitpunkt des Kaufs geltenden Mehrwertsteuer (VAT). Marino, Vatikanstadt, Schweiz, Liechtenstein, Kroatien, Norwegen und Serbien sind von der Mehrwertsteuer befreit. <\/p>\n<p>Die Versandkosten werden im Kaufvorgang und in der Kaufbest\u00e4tigung angegeben.<\/p>\n<h3>Art der Zahlung<\/h3>\n<p>Die Bezahlung der Vertragserzeugnisse kann erfolgen:<\/p>\n<p>&#8211; Durch 4B, Visa und MasterCard-Karten oder Paypal-Konto, der Betrag des Kaufs wird zum Zeitpunkt des Kaufs der Produkte belastet.<\/p>\n<p>&#8211; Per Bank\u00fcberweisung (nur Spanien): Banco Santander: IBAN: ES81 0049 6726 90 221 6170484 \/\/ SWIFT: BSCH ES MM XXX, wobei eine Kopie des \u00dcberweisungsbelegs an die E-Mail-Adresse pedidosonline@inesrosales.com zu senden ist. Falls die Quittung nicht per E-Mail verschickt wird, wird sie verschickt, sobald der Betrag auf dem Konto eingegangen ist. <\/p>\n<p>&#8211; Von bizum.<\/p>\n<p>&#8211; Per Paypal.<\/p>\n<p>Bei Zahlungen per Bank\u00fcberweisung beginnt die Lieferfrist erst zu laufen, wenn wir den \u00dcberweisungsbeleg erhalten haben.<\/p>\n<h3>R\u00fcckkehr<\/h3>\n<p>Der K\u00e4ufer kann das Produkt innerhalb von <strong>14 Werktagen<\/strong> nach Erhalt der Ware kostenlos zur\u00fccksenden. Die R\u00fccksendung erfolgt, sofern die Ware noch originalverpackt ist, durch Abholung bei Ihnen zu Hause.<strong> Nach \u00dcberpr\u00fcfung aller Angaben schicken wir innerhalb von 24 Stunden <\/strong>(wenn m\u00f6glich) einen Spediteur, der Ihr Paket abholt. Der Spediteur wird sich mit Ihnen in Verbindung setzen, um die Abholung zu vereinbaren. Sollten Sie aus irgendeinem Grund mit dem vorgeschlagenen Termin nicht zufrieden sein, setzen Sie sich bitte mit dem Unternehmen in Verbindung, um den Termin zu \u00e4ndern.   <\/p>\n<p>Wenn Sie die R\u00fcckgabe eines Produkts oder einer Bestellung innerhalb der daf\u00fcr vorgesehenen Frist ausdr\u00fccklich verlangen, <strong>haben Sie Anspruch auf R\u00fcckerstattung des vollen Kaufbetrags,<\/strong> einschlie\u00dflich der urspr\u00fcnglichen Versandkosten. Diese Erstattung erfolgt nach Abholung und \u00dcberpr\u00fcfung des Zustands des Produkts. <\/p>\n<p>Der K\u00e4ufer hat in den folgenden F\u00e4llen das Recht, die Ware kostenlos zur\u00fcckzusenden:<\/p>\n<ul>\n<li>Bestellung stimmt nicht mit der gelieferten Ware \u00fcberein<\/li>\n<li>Die Produkte sind in schlechtem Zustand<\/li>\n<\/ul>\n<h3>G\u00fcltigkeit des Angebots<\/h3>\n<p>Die auf der Website angebotenen Produkte und ihre Preise stehen zum Kauf zur Verf\u00fcgung, solange sie im Katalog der auf der Website angezeigten Produkte enthalten sind.<\/p>\n<h3>Sicherheit<\/h3>\n<p>Die gesamte Kauf- und Verkaufsprozedur, wie z.B. die \u00dcbermittlung der pers\u00f6nlichen Daten und der Kreditkartendaten des K\u00e4ufers, wird mit absoluter Garantie f\u00fcr Sicherheit und Vertraulichkeit \u00fcber einen sicheren Server (Secure Electronic Commerce) abgewickelt.<\/p>\n<h3>Pers\u00f6nliche Daten<\/h3>\n<p>Die w\u00e4hrend des Kaufvorgangs auf der WEBSITE erhobenen personenbezogenen Daten werden vom VERK\u00c4UFER verarbeitet, um den Kauf zu formalisieren, die Zahlung einzuziehen und die Rechnung auszustellen, wobei die Erhebung der angeforderten Daten f\u00fcr die vorgenannten Zwecke erforderlich ist. Die betroffenen Personen k\u00f6nnen ihre Rechte auf Zugang, Berichtigung, Widerspruch und L\u00f6schung aus\u00fcben, indem sie sich an DEN VERK\u00c4UFER unter folgender Adresse wenden: grupo@inesrosales.com <\/p>\n<p>Der K\u00e4ufer muss echte und aktuelle Daten zur Verf\u00fcgung stellen und ist f\u00fcr alle Folgen verantwortlich, die sich aus der Falschheit der angegebenen Daten ergeben k\u00f6nnen.<\/p>\n<h3>Kommunikation<\/h3>\n<p>Der K\u00e4ufer kann sich bei allen Umst\u00e4nden oder Fragen, die sich in Bezug auf den Kaufvorgang, die Lieferung der Produkte oder die Zahlungsweise ergeben, mit dem Verk\u00e4ufer in Verbindung setzen, indem er eine E-Mail unter Angabe des Grundes an die Adresse pedidosonline@inesrosales.com sendet.<\/p>\n<h3>Ort der Vertragserf\u00fcllung<\/h3>\n<p>Bei Vertr\u00e4gen, die \u00fcber DIE WEBSITE abgeschlossen werden, wird davon ausgegangen, dass sie an der Adresse des K\u00e4ufers geschlossen wurden, sofern der K\u00e4ufer ein Verbraucher ist (Art. 29.1 L. 34\/2002 vom 11. Juli 2002 \u00fcber die Dienste der Informationsgesellschaft und den elektronischen Gesch\u00e4ftsverkehr).<\/p>\n<p>Wird der Vertrag zwischen INES ROSALES S.A.U. und einem Unternehmer oder Gewerbetreibenden geschlossen, wird davon ausgegangen, dass er am Sitz des Verk\u00e4ufers geschlossen wurde (Art. 29.2 L 34\/2002 vom 11. Juli 2002 \u00fcber die Dienste der Informationsgesellschaft und den elektronischen Gesch\u00e4ftsverkehr).<\/p>\n<h3>Einreichung<\/h3>\n<p>Die Streitparteien vereinbaren aus freien St\u00fccken und unter ausdr\u00fccklichem Verzicht auf jede andere Gerichtsbarkeit, die ihnen zustehen k\u00f6nnte, dass alle Meinungsverschiedenheiten, Divergenzen oder Streitfragen, die sich aus den vorliegenden Bedingungen ergeben, durch einen Schiedsspruch des Schiedsgerichts von Sevilla endg\u00fcltig entschieden werden, wobei sie sich ausdr\u00fccklich verpflichten, diesen einzuhalten.<\/p>\n<h3>Beanstandungen<\/h3>\n<p><img loading=\"lazy\" decoding=\"async\" class=\"size-full wp-image-1081 aligncenter\" src=\"https:\/\/inesrosales.com\/wp-content\/uploads\/2024\/07\/Cartel-informativo-adhesion-al-Sistema-Hojas-Electronicas.png\" alt=\"\" width=\"588\" height=\"767\"><\/p>\n<p>Wenn Sie eine Beschwerde oder einen Antrag stellen m\u00f6chten, k\u00f6nnen Sie dies direkt tun oder ein Beschwerde- und Antragsformular anfordern, das an die folgende Adresse geschickt wird: telefono30@inesrosales.com.<\/p>\n\t\t\t\t\t\t\t\t<\/div>\n\t\t\t\t<\/div>\n\t\t\t\t\t<\/div>\n\t\t\t\t<\/div>\n\t\t\t\t<\/div>\n\t\t","protected":false},"excerpt":{"rendered":"<p>Allgemeine Verkaufsbedingungen IN\u00c9S ROSALES S.A.U. (im Folgenden DER VERK\u00c4UFER) mit der NIF-Nummer A-41096520, mit der Adresse P.E. Vereda de la Herrer\u00eda S\/N C.P.: 41830 Hu\u00e9var del Aljarafe (SEVILLA) pr\u00e4sentiert das folgende kommerzielle Angebot, gegen eine Geb\u00fchr, der Produkte, die in der Webseite www.inesrosales.com (im Folgenden DIE WEBSITE). Der Kauf und Verkauf dieser Produkte unterliegt den [&hellip;]<\/p>\n","protected":false},"author":3,"featured_media":0,"parent":0,"menu_order":0,"comment_status":"open","ping_status":"open","template":"","meta":{"_joinchat":[],"footnotes":""},"class_list":["post-1043800","page","type-page","status-publish","hentry"],"yoast_head":"<!-- This site is optimized with the Yoast SEO Premium plugin v25.3 (Yoast SEO v27.4) - https:\/\/yoast.com\/product\/yoast-seo-premium-wordpress\/ -->\n<title>Allgemeine Bedingungen und Konditionen<\/title>\n<meta name=\"robots\" content=\"noindex, nofollow\" \/>\n<meta property=\"og:locale\" content=\"de_DE\" \/>\n<meta property=\"og:type\" content=\"article\" \/>\n<meta property=\"og:title\" content=\"Allgemeine Bedingungen und Konditionen\" \/>\n<meta property=\"og:description\" content=\"Allgemeine Verkaufsbedingungen IN\u00c9S ROSALES S.A.U. (im Folgenden DER VERK\u00c4UFER) mit der NIF-Nummer A-41096520, mit der Adresse P.E. Vereda de la Herrer\u00eda S\/N C.P.: 41830 Hu\u00e9var del Aljarafe (SEVILLA) pr\u00e4sentiert das folgende kommerzielle Angebot, gegen eine Geb\u00fchr, der Produkte, die in der Webseite www.inesrosales.com (im Folgenden DIE WEBSITE). Der Kauf und Verkauf dieser Produkte unterliegt den [&hellip;]\" \/>\n<meta property=\"og:url\" content=\"https:\/\/inesrosales.com\/de\/allgemeine-bedingungen-und-konditionen\/\" \/>\n<meta property=\"og:site_name\" content=\"In\u00e9s Rosales\" \/>\n<meta property=\"article:modified_time\" content=\"2024-12-30T11:14:02+00:00\" \/>\n<meta property=\"og:image\" content=\"https:\/\/mesadetrabajo12.xyz\/wp-content\/uploads\/2024\/07\/Cartel-informativo-adhesion-al-Sistema-Hojas-Electronicas.png\" \/>\n<meta name=\"twitter:card\" content=\"summary_large_image\" \/>\n<meta name=\"twitter:label1\" content=\"Gesch\u00e4tzte Lesezeit\" \/>\n\t<meta name=\"twitter:data1\" content=\"6\u00a0Minuten\" \/>\n<script type=\"application\/ld+json\" class=\"yoast-schema-graph\">{\"@context\":\"https:\\\/\\\/schema.org\",\"@graph\":[{\"@type\":\"WebPage\",\"@id\":\"https:\\\/\\\/inesrosales.com\\\/de\\\/allgemeine-bedingungen-und-konditionen\\\/\",\"url\":\"https:\\\/\\\/inesrosales.com\\\/de\\\/allgemeine-bedingungen-und-konditionen\\\/\",\"name\":\"Allgemeine Bedingungen und Konditionen\",\"isPartOf\":{\"@id\":\"https:\\\/\\\/inesrosales.com\\\/de\\\/#website\"},\"primaryImageOfPage\":{\"@id\":\"https:\\\/\\\/inesrosales.com\\\/de\\\/allgemeine-bedingungen-und-konditionen\\\/#primaryimage\"},\"image\":{\"@id\":\"https:\\\/\\\/inesrosales.com\\\/de\\\/allgemeine-bedingungen-und-konditionen\\\/#primaryimage\"},\"thumbnailUrl\":\"https:\\\/\\\/mesadetrabajo12.xyz\\\/wp-content\\\/uploads\\\/2024\\\/07\\\/Cartel-informativo-adhesion-al-Sistema-Hojas-Electronicas.png\",\"datePublished\":\"2024-12-17T14:05:15+00:00\",\"dateModified\":\"2024-12-30T11:14:02+00:00\",\"breadcrumb\":{\"@id\":\"https:\\\/\\\/inesrosales.com\\\/de\\\/allgemeine-bedingungen-und-konditionen\\\/#breadcrumb\"},\"inLanguage\":\"de\",\"potentialAction\":[{\"@type\":\"ReadAction\",\"target\":[\"https:\\\/\\\/inesrosales.com\\\/de\\\/allgemeine-bedingungen-und-konditionen\\\/\"]}]},{\"@type\":\"ImageObject\",\"inLanguage\":\"de\",\"@id\":\"https:\\\/\\\/inesrosales.com\\\/de\\\/allgemeine-bedingungen-und-konditionen\\\/#primaryimage\",\"url\":\"https:\\\/\\\/mesadetrabajo12.xyz\\\/wp-content\\\/uploads\\\/2024\\\/07\\\/Cartel-informativo-adhesion-al-Sistema-Hojas-Electronicas.png\",\"contentUrl\":\"https:\\\/\\\/mesadetrabajo12.xyz\\\/wp-content\\\/uploads\\\/2024\\\/07\\\/Cartel-informativo-adhesion-al-Sistema-Hojas-Electronicas.png\"},{\"@type\":\"BreadcrumbList\",\"@id\":\"https:\\\/\\\/inesrosales.com\\\/de\\\/allgemeine-bedingungen-und-konditionen\\\/#breadcrumb\",\"itemListElement\":[{\"@type\":\"ListItem\",\"position\":1,\"name\":\"Portada\",\"item\":\"https:\\\/\\\/inesrosales.com\\\/de\\\/\"},{\"@type\":\"ListItem\",\"position\":2,\"name\":\"Allgemeine Bedingungen und Konditionen\"}]},{\"@type\":\"WebSite\",\"@id\":\"https:\\\/\\\/inesrosales.com\\\/de\\\/#website\",\"url\":\"https:\\\/\\\/inesrosales.com\\\/de\\\/\",\"name\":\"In\u00e9s Rosales\",\"description\":\"Elaboramos las Leg\u00edtimas y Acreditadas Tortas de Aceite In\u00e9s Rosales. Elaboraci\u00f3n con productos 100% naturales y hechas con harina de Trigo, Aceite de Oliva Virgen Extra de Calidad Superior, az\u00facar y especias arom\u00e1ticas.  El mantenimiento de la elaboraci\u00f3n y acabado artesanal en su sentido m\u00e1s aut\u00e9ntico, junto a sus ingredientes naturales y la ausencia de aditivos, mejorantes y conservantes, le confieren un car\u00e1cter saludable.\",\"publisher\":{\"@id\":\"https:\\\/\\\/inesrosales.com\\\/de\\\/#organization\"},\"alternateName\":\"In\u00e9s Rosales\",\"potentialAction\":[{\"@type\":\"SearchAction\",\"target\":{\"@type\":\"EntryPoint\",\"urlTemplate\":\"https:\\\/\\\/inesrosales.com\\\/de\\\/?s={search_term_string}\"},\"query-input\":{\"@type\":\"PropertyValueSpecification\",\"valueRequired\":true,\"valueName\":\"search_term_string\"}}],\"inLanguage\":\"de\"},{\"@type\":\"Organization\",\"@id\":\"https:\\\/\\\/inesrosales.com\\\/de\\\/#organization\",\"name\":\"In\u00e9s Rosales\",\"url\":\"https:\\\/\\\/inesrosales.com\\\/de\\\/\",\"logo\":{\"@type\":\"ImageObject\",\"inLanguage\":\"de\",\"@id\":\"https:\\\/\\\/inesrosales.com\\\/de\\\/#\\\/schema\\\/logo\\\/image\\\/\",\"url\":\"https:\\\/\\\/inesrosales.com\\\/wp-content\\\/uploads\\\/2024\\\/12\\\/logo-ines-rosales.png\",\"contentUrl\":\"https:\\\/\\\/inesrosales.com\\\/wp-content\\\/uploads\\\/2024\\\/12\\\/logo-ines-rosales.png\",\"width\":384,\"height\":200,\"caption\":\"In\u00e9s Rosales\"},\"image\":{\"@id\":\"https:\\\/\\\/inesrosales.com\\\/de\\\/#\\\/schema\\\/logo\\\/image\\\/\"}}]}<\/script>\n<!-- \/ Yoast SEO Premium plugin. -->","yoast_head_json":{"title":"Allgemeine Bedingungen und Konditionen","robots":{"index":"noindex","follow":"nofollow"},"og_locale":"de_DE","og_type":"article","og_title":"Allgemeine Bedingungen und Konditionen","og_description":"Allgemeine Verkaufsbedingungen IN\u00c9S ROSALES S.A.U. (im Folgenden DER VERK\u00c4UFER) mit der NIF-Nummer A-41096520, mit der Adresse P.E. Vereda de la Herrer\u00eda S\/N C.P.: 41830 Hu\u00e9var del Aljarafe (SEVILLA) pr\u00e4sentiert das folgende kommerzielle Angebot, gegen eine Geb\u00fchr, der Produkte, die in der Webseite www.inesrosales.com (im Folgenden DIE WEBSITE). Der Kauf und Verkauf dieser Produkte unterliegt den [&hellip;]","og_url":"https:\/\/inesrosales.com\/de\/allgemeine-bedingungen-und-konditionen\/","og_site_name":"In\u00e9s Rosales","article_modified_time":"2024-12-30T11:14:02+00:00","og_image":[{"url":"https:\/\/mesadetrabajo12.xyz\/wp-content\/uploads\/2024\/07\/Cartel-informativo-adhesion-al-Sistema-Hojas-Electronicas.png","type":"","width":"","height":""}],"twitter_card":"summary_large_image","twitter_misc":{"Gesch\u00e4tzte Lesezeit":"6\u00a0Minuten"},"schema":{"@context":"https:\/\/schema.org","@graph":[{"@type":"WebPage","@id":"https:\/\/inesrosales.com\/de\/allgemeine-bedingungen-und-konditionen\/","url":"https:\/\/inesrosales.com\/de\/allgemeine-bedingungen-und-konditionen\/","name":"Allgemeine Bedingungen und Konditionen","isPartOf":{"@id":"https:\/\/inesrosales.com\/de\/#website"},"primaryImageOfPage":{"@id":"https:\/\/inesrosales.com\/de\/allgemeine-bedingungen-und-konditionen\/#primaryimage"},"image":{"@id":"https:\/\/inesrosales.com\/de\/allgemeine-bedingungen-und-konditionen\/#primaryimage"},"thumbnailUrl":"https:\/\/mesadetrabajo12.xyz\/wp-content\/uploads\/2024\/07\/Cartel-informativo-adhesion-al-Sistema-Hojas-Electronicas.png","datePublished":"2024-12-17T14:05:15+00:00","dateModified":"2024-12-30T11:14:02+00:00","breadcrumb":{"@id":"https:\/\/inesrosales.com\/de\/allgemeine-bedingungen-und-konditionen\/#breadcrumb"},"inLanguage":"de","potentialAction":[{"@type":"ReadAction","target":["https:\/\/inesrosales.com\/de\/allgemeine-bedingungen-und-konditionen\/"]}]},{"@type":"ImageObject","inLanguage":"de","@id":"https:\/\/inesrosales.com\/de\/allgemeine-bedingungen-und-konditionen\/#primaryimage","url":"https:\/\/mesadetrabajo12.xyz\/wp-content\/uploads\/2024\/07\/Cartel-informativo-adhesion-al-Sistema-Hojas-Electronicas.png","contentUrl":"https:\/\/mesadetrabajo12.xyz\/wp-content\/uploads\/2024\/07\/Cartel-informativo-adhesion-al-Sistema-Hojas-Electronicas.png"},{"@type":"BreadcrumbList","@id":"https:\/\/inesrosales.com\/de\/allgemeine-bedingungen-und-konditionen\/#breadcrumb","itemListElement":[{"@type":"ListItem","position":1,"name":"Portada","item":"https:\/\/inesrosales.com\/de\/"},{"@type":"ListItem","position":2,"name":"Allgemeine Bedingungen und Konditionen"}]},{"@type":"WebSite","@id":"https:\/\/inesrosales.com\/de\/#website","url":"https:\/\/inesrosales.com\/de\/","name":"In\u00e9s Rosales","description":"Elaboramos las Leg\u00edtimas y Acreditadas Tortas de Aceite In\u00e9s Rosales. Elaboraci\u00f3n con productos 100% naturales y hechas con harina de Trigo, Aceite de Oliva Virgen Extra de Calidad Superior, az\u00facar y especias arom\u00e1ticas.  El mantenimiento de la elaboraci\u00f3n y acabado artesanal en su sentido m\u00e1s aut\u00e9ntico, junto a sus ingredientes naturales y la ausencia de aditivos, mejorantes y conservantes, le confieren un car\u00e1cter saludable.","publisher":{"@id":"https:\/\/inesrosales.com\/de\/#organization"},"alternateName":"In\u00e9s Rosales","potentialAction":[{"@type":"SearchAction","target":{"@type":"EntryPoint","urlTemplate":"https:\/\/inesrosales.com\/de\/?s={search_term_string}"},"query-input":{"@type":"PropertyValueSpecification","valueRequired":true,"valueName":"search_term_string"}}],"inLanguage":"de"},{"@type":"Organization","@id":"https:\/\/inesrosales.com\/de\/#organization","name":"In\u00e9s Rosales","url":"https:\/\/inesrosales.com\/de\/","logo":{"@type":"ImageObject","inLanguage":"de","@id":"https:\/\/inesrosales.com\/de\/#\/schema\/logo\/image\/","url":"https:\/\/inesrosales.com\/wp-content\/uploads\/2024\/12\/logo-ines-rosales.png","contentUrl":"https:\/\/inesrosales.com\/wp-content\/uploads\/2024\/12\/logo-ines-rosales.png","width":384,"height":200,"caption":"In\u00e9s Rosales"},"image":{"@id":"https:\/\/inesrosales.com\/de\/#\/schema\/logo\/image\/"}}]}},"_links":{"self":[{"href":"https:\/\/inesrosales.com\/de\/wp-json\/wp\/v2\/pages\/1043800","targetHints":{"allow":["GET"]}}],"collection":[{"href":"https:\/\/inesrosales.com\/de\/wp-json\/wp\/v2\/pages"}],"about":[{"href":"https:\/\/inesrosales.com\/de\/wp-json\/wp\/v2\/types\/page"}],"author":[{"embeddable":true,"href":"https:\/\/inesrosales.com\/de\/wp-json\/wp\/v2\/users\/3"}],"replies":[{"embeddable":true,"href":"https:\/\/inesrosales.com\/de\/wp-json\/wp\/v2\/comments?post=1043800"}],"version-history":[{"count":3,"href":"https:\/\/inesrosales.com\/de\/wp-json\/wp\/v2\/pages\/1043800\/revisions"}],"predecessor-version":[{"id":1045768,"href":"https:\/\/inesrosales.com\/de\/wp-json\/wp\/v2\/pages\/1043800\/revisions\/1045768"}],"wp:attachment":[{"href":"https:\/\/inesrosales.com\/de\/wp-json\/wp\/v2\/media?parent=1043800"}],"curies":[{"name":"wp","href":"https:\/\/api.w.org\/{rel}","templated":true}]}}