{"id":1045771,"date":"2024-12-17T15:05:15","date_gmt":"2024-12-17T14:05:15","guid":{"rendered":"https:\/\/inesrosales.com\/ihre-daten-sicher\/"},"modified":"2024-12-30T12:51:45","modified_gmt":"2024-12-30T11:51:45","slug":"ihre-daten-sicher","status":"publish","type":"page","link":"https:\/\/inesrosales.com\/de\/ihre-daten-sicher\/","title":{"rendered":"Ihre Daten sicher"},"content":{"rendered":"\t\t<div data-elementor-type=\"wp-page\" data-elementor-id=\"1045771\" class=\"elementor elementor-1045771 elementor-1043336\" data-elementor-post-type=\"page\">\n\t\t\t\t<div class=\"elementor-element elementor-element-99e407f e-flex e-con-boxed e-con e-parent\" data-id=\"99e407f\" data-element_type=\"container\" data-e-type=\"container\">\n\t\t\t\t\t<div class=\"e-con-inner\">\n\t\t\t\t<div class=\"elementor-element elementor-element-a7b2e31 elementor-widget elementor-widget-text-editor\" data-id=\"a7b2e31\" data-element_type=\"widget\" data-e-type=\"widget\" data-widget_type=\"text-editor.default\">\n\t\t\t\t<div class=\"elementor-widget-container\">\n\t\t\t\t\t\t\t\t\t<h2 class=\"\\\" titulo-seccion=\"\">Ihre Daten sicher<\/h2>\n<p><strong>Informationen in \u00dcbereinstimmung mit den Datenschutzbestimmungen.<\/strong><\/p>\n<p>In Europa und Spanien gibt es Datenschutzbestimmungen zum Schutz Ihrer pers\u00f6nlichen Daten, die f\u00fcr unser Unternehmen verbindlich sind.<\/p>\n<p>Daher ist es f\u00fcr uns sehr wichtig, dass Sie vollst\u00e4ndig verstehen, was wir mit den von uns abgefragten personenbezogenen Daten tun.<\/p>\n<p>Auf diese Weise sind wir transparent und geben Ihnen die Kontrolle \u00fcber Ihre Daten, mit einfacher Sprache und klaren Optionen, die es Ihnen erm\u00f6glichen, zu entscheiden, was wir mit Ihren pers\u00f6nlichen Daten tun.<\/p>\n<p>Wenn Sie nach dem Lesen dieser Informationen noch Fragen haben, z\u00f6gern Sie bitte nicht, uns diese zu stellen.<\/p>\n<p>Vielen Dank f\u00fcr Ihre Zusammenarbeit.<\/p>\n<ul>\n<li>INES ROSALES, S.A.U.<\/li>\n<li>A-41096520<\/li>\n<li>Geb\u00e4ckzubereitung<\/li>\n<li>P.E. Vereda de la Herrer\u00eda, s\/n 41830 Hu\u00e9var del Aljarafe (Sevilla) (SPAIN)<\/li>\n<li>954 75 64 27<\/li>\n<li>telefono30@inesrosales.com<\/li>\n<li>www.inesrosales.com<\/li>\n<li>Zu Ihrem Vertrauen und Ihrer Sicherheit teilen wir Ihnen mit, dass wir eine im Handelsregister von Sevilla, Band 530, Folio 90, Buch 238 von Abschnitt 3 der Gesellschaftsordnung, Blatt 9.400, Registrierung 1, eingetragene juristische Person sind.<\/li>\n<li>Unsere Hauptt\u00e4tigkeit unterliegt einer vorherigen beh\u00f6rdlichen Genehmigung. Zu Ihrem Vertrauen und Ihrer Sicherheit stellen wir Ihnen die Daten im Zusammenhang mit dieser Genehmigung und der Identifizierung der f\u00fcr unsere Aufsicht zust\u00e4ndigen Stelle zur Verf\u00fcgung: <\/li>\n<\/ul>\n<p><strong>Wof\u00fcr werden wir Ihre Daten verwenden?<\/strong><\/p>\n<p>Im Allgemeinen werden Ihre personenbezogenen Daten dazu verwendet, mit Ihnen in Kontakt zu treten und Ihnen unsere Leistungen anbieten zu k\u00f6nnen.<\/p>\n<p><strong>Warum m\u00fcssen wir Ihre Daten verwenden?<\/strong><\/p>\n<p>Ihre personenbezogenen Daten sind f\u00fcr folgende T\u00e4tigkeiten erforderlich:<\/p>\n<ul>\n<li>Verwaltung von Besuchen in unseren Einrichtungen<\/li>\n<li>Bewerbungsmanagement<\/li>\n<li>Auftragsverwaltung im Online-Shop<\/li>\n<li>Aufmerksamkeit f\u00fcr Fragen, Anregungen, Beschwerden oder Reklamationen<\/li>\n<li>Verwaltung von Gewinnspielen, Wettbewerben und Werbekampagnen<\/li>\n<li>Aufmerksamkeit f\u00fcr Spenden-, Kooperations- und Sponsoringanfragen<\/li>\n<\/ul>\n<p>Ebenso k\u00f6nnen sie mit vorheriger ausdr\u00fccklicher Genehmigung von Ihnen f\u00fcr Werbezwecke verwendet werden.<\/p>\n<p><strong>Wer wird die Informationen erfahren, nach denen wir fragen?<\/strong><\/p>\n<p>Im Allgemeinen d\u00fcrfen nur ordnungsgem\u00e4\u00df autorisierte Mitarbeiter unseres Unternehmens Kenntnis von den von uns angeforderten Informationen haben.<\/p>\n<p>Ebenso k\u00f6nnen diejenigen Unternehmen Kenntnis von Ihren personenbezogenen Daten haben, die Zugriff darauf ben\u00f6tigen, damit wir unsere Dienstleistungen erbringen k\u00f6nnen. Beispielsweise erh\u00e4lt unsere Bank Kenntnis von Ihren Daten, wenn die Bezahlung unserer Leistungen per Karte oder Bank\u00fcberweisung erfolgt. <\/p>\n<p>Ebenso haben diejenigen \u00f6ffentlichen oder privaten Stellen Kenntnis von Ihren Daten, denen wir aufgrund gesetzlicher Vorschriften Ihre personenbezogenen Daten zur Verf\u00fcgung stellen m\u00fcssen. Um Ihnen ein Beispiel zu nennen: Das Steuergesetz verlangt, dass der Steuerbeh\u00f6rde bestimmte Informationen \u00fcber wirtschaftliche Vorg\u00e4nge bereitgestellt werden, die einen bestimmten Betrag \u00fcberschreiten. <\/p>\n<p>F\u00fcr den Fall, dass wir, abgesehen von den oben genannten Annahmen, Ihre personenbezogenen Daten an andere Unternehmen weitergeben m\u00fcssen, werden wir zuvor Ihre Zustimmung durch klare Optionen einholen, die es Ihnen erm\u00f6glichen, diesbez\u00fcglich zu entscheiden.<\/p>\n<p><strong>Wie werden wir Ihre Daten sch\u00fctzen?<\/strong><\/p>\n<p>Wir werden Ihre Daten mit wirksamen Sicherheitsma\u00dfnahmen sch\u00fctzen, die auf den Risiken basieren, die mit der Verwendung Ihrer Daten verbunden sind.<\/p>\n<p>Zu diesem Zweck hat unser Unternehmen eine Datenschutzrichtlinie verabschiedet und es werden j\u00e4hrliche Kontrollen und Pr\u00fcfungen durchgef\u00fchrt, um sicherzustellen, dass Ihre personenbezogenen Daten jederzeit sicher sind.<\/p>\n<p><strong>Werden wir Ihre Daten in andere L\u00e4nder \u00fcbermitteln?<\/strong><\/p>\n<p>Auf der Welt gibt es L\u00e4nder, die f\u00fcr ihre Daten sicher sind, und andere, die nicht so sicher sind. Beispielsweise ist die Europ\u00e4ische Union eine sichere Umgebung f\u00fcr Ihre Daten. Unsere Politik besteht darin, Ihre pers\u00f6nlichen Daten nicht in ein Land zu \u00fcbermitteln, das aus datenschutzrechtlicher Sicht nicht sicher ist.  <\/p>\n<p>F\u00fcr den Fall, dass es f\u00fcr die Bereitstellung des Dienstes unerl\u00e4sslich ist, Ihre Daten in ein Land zu senden, das nicht so sicher ist wie Spanien, werden wir immer im Voraus Ihre Erlaubnis einholen und wirksame Sicherheitsma\u00dfnahmen anwenden, die die Risiken verringern Senden Ihrer Daten in ein anderes Land.<\/p>\n<p><strong>Wie lange werden wir Ihre Daten aufbewahren?<\/strong><\/p>\n<p>Wir bewahren Ihre Daten f\u00fcr die Dauer unserer Beziehung und so lange auf, wie wir gesetzlich dazu verpflichtet sind. Nach Ablauf der geltenden gesetzlichen Fristen werden wir diese auf sichere und umweltfreundliche Weise entsorgen. <\/p>\n<p><strong>Welche Datenschutzrechte haben Sie?<\/strong><\/p>\n<p>Sie k\u00f6nnen sich jederzeit an uns wenden, um herauszufinden, welche Informationen wir \u00fcber Sie haben, sie zu berichtigen, wenn sie falsch sind, und sie nach Beendigung unserer Beziehung zu l\u00f6schen, sofern dies rechtlich m\u00f6glich ist.<\/p>\n<p>Sie haben au\u00dferdem das Recht, die \u00dcbermittlung Ihrer Daten an ein anderes Unternehmen zu verlangen. Dieses Recht wird \u201ePortabilit\u00e4t\u201c genannt und kann in bestimmten Situationen n\u00fctzlich sein. <\/p>\n<p>Um eines dieser Rechte in Anspruch zu nehmen, m\u00fcssen Sie eine schriftliche Anfrage an unsere Adresse richten und eine Fotokopie Ihres Personalausweises beif\u00fcgen, um Ihre Identit\u00e4t identifizieren zu k\u00f6nnen.<\/p>\n<p>In den B\u00fcros unseres Unternehmens verf\u00fcgen wir \u00fcber spezielle Formulare zur Beantragung dieser Rechte und bieten unsere Hilfe bei deren Ausf\u00fcllung an.<\/p>\n<p>Um mehr \u00fcber Ihre Datenschutzrechte zu erfahren, k\u00f6nnen Sie die Website der spanischen Datenschutzbeh\u00f6rde (<a href=\"http:\/\/www.agpd.es\/\">www.agpd.es<\/a>) konsultieren.<\/p>\n<p><strong>K\u00f6nnen Sie Ihre Einwilligung widerrufen, wenn Sie Ihre Meinung zu einem sp\u00e4teren Zeitpunkt \u00e4ndern?<\/strong><\/p>\n<p>Sie k\u00f6nnen Ihre Einwilligung jederzeit widerrufen, wenn Sie Ihre Meinung \u00fcber die Verwendung Ihrer Daten \u00e4ndern.<\/p>\n<p>Wenn Sie beispielsweise einmal daran interessiert waren, Werbung f\u00fcr unsere Produkte oder Dienstleistungen zu erhalten, aber keine weitere Werbung mehr erhalten m\u00f6chten, k\u00f6nnen Sie uns dies mitteilen, indem Sie das Widerspruchsformular verwenden, das in den B\u00fcros unseres Unternehmens erh\u00e4ltlich ist.<\/p>\n<p><strong>Wenn Sie glauben, dass Ihre Rechte missachtet wurden, wo k\u00f6nnen Sie eine Beschwerde einreichen?<\/strong><\/p>\n<p>Wenn Sie feststellen, dass Ihre Rechte von unserem Unternehmen verletzt wurden, k\u00f6nnen Sie eine Klage bei der spanischen Datenschutzbeh\u00f6rde auf eine der folgenden Weisen einreichen:<\/p>\n<ul>\n<li>Elektronisches B\u00fcro: www.agpd.es<\/li>\n<li>Direcci\u00f3n postal: Agencia Espa\u00f1ola de Protecci\u00f3n de Datos. C\/ Jorge Juan, 6 28001-Madrid <\/li>\n<li>V\u00eda telef\u00f3nica: Telf. 901 100 099 \u00f3 91 266 35 17 <\/li>\n<\/ul>\n<p>Die Einreichung einer Klage bei der spanischen Datenschutzbeh\u00f6rde ist mit keinen Kosten verbunden und die Unterst\u00fctzung eines Anwalts oder Anwalts ist nicht erforderlich.<\/p>\n<p><strong>Werden wir Sie profilieren?<\/strong><\/p>\n<p>Unsere Richtlinie besteht darin, keine Profile \u00fcber die Nutzer unserer Dienste zu erstellen.<\/p>\n<p>Es kann jedoch Situationen geben, in denen wir zur Erbringung von Dienstleistungen, zu kommerziellen oder anderen Zwecken Profilinformationen \u00fcber Sie ben\u00f6tigen. Ein Beispiel k\u00f6nnte die Nutzung Ihrer Kauf- oder Servicehistorie sein, um Ihnen Produkte oder Dienstleistungen anbieten zu k\u00f6nnen, die an Ihren Geschmack oder Ihre Bed\u00fcrfnisse angepasst sind. <\/p>\n<p>In diesem Fall werden wir wirksame Sicherheitsma\u00dfnahmen ergreifen, die Ihre Daten jederzeit vor unbefugten Personen sch\u00fctzen, die diese zu ihrem eigenen Vorteil nutzen wollen.<\/p>\n<p><strong>Werden wir Ihre Daten f\u00fcr andere Zwecke verwenden?<\/strong><\/p>\n<p>Es ist unsere Richtlinie, Ihre Daten nicht f\u00fcr andere Zwecke als die, die wir Ihnen erkl\u00e4rt haben, zu verwenden. Wenn wir Ihre Daten jedoch f\u00fcr andere Zwecke verwenden m\u00fcssen, werden wir Sie immer im Voraus um Ihre Zustimmung bitten, indem wir Ihnen klare Optionen zur Verf\u00fcgung stellen, die Ihnen eine diesbez\u00fcgliche Entscheidung erm\u00f6glichen. <\/p>\n\t\t\t\t\t\t\t\t<\/div>\n\t\t\t\t<\/div>\n\t\t\t\t\t<\/div>\n\t\t\t\t<\/div>\n\t\t\t\t<\/div>\n\t\t","protected":false},"excerpt":{"rendered":"<p>Ihre Daten sicher Informationen in \u00dcbereinstimmung mit den Datenschutzbestimmungen. In Europa und Spanien gibt es Datenschutzbestimmungen zum Schutz Ihrer pers\u00f6nlichen Daten, die f\u00fcr unser Unternehmen verbindlich sind. Daher ist es f\u00fcr uns sehr wichtig, dass Sie vollst\u00e4ndig verstehen, was wir mit den von uns abgefragten personenbezogenen Daten tun. Auf diese Weise sind wir transparent und [&hellip;]<\/p>\n","protected":false},"author":3,"featured_media":0,"parent":0,"menu_order":0,"comment_status":"open","ping_status":"open","template":"","meta":{"_joinchat":[],"footnotes":""},"class_list":["post-1045771","page","type-page","status-publish","hentry"],"yoast_head":"<!-- This site is optimized with the Yoast SEO Premium plugin v25.3 (Yoast SEO v27.5) - https:\/\/yoast.com\/product\/yoast-seo-premium-wordpress\/ -->\n<title>Ihre Daten sicher - In\u00e9s Rosales<\/title>\n<meta name=\"robots\" content=\"noindex, nofollow\" \/>\n<meta property=\"og:locale\" content=\"de_DE\" \/>\n<meta property=\"og:type\" content=\"article\" \/>\n<meta property=\"og:title\" content=\"Ihre Daten sicher\" \/>\n<meta property=\"og:description\" content=\"Ihre Daten sicher Informationen in \u00dcbereinstimmung mit den Datenschutzbestimmungen. In Europa und Spanien gibt es Datenschutzbestimmungen zum Schutz Ihrer pers\u00f6nlichen Daten, die f\u00fcr unser Unternehmen verbindlich sind. Daher ist es f\u00fcr uns sehr wichtig, dass Sie vollst\u00e4ndig verstehen, was wir mit den von uns abgefragten personenbezogenen Daten tun. Auf diese Weise sind wir transparent und [&hellip;]\" \/>\n<meta property=\"og:url\" content=\"https:\/\/inesrosales.com\/de\/ihre-daten-sicher\/\" \/>\n<meta property=\"og:site_name\" content=\"In\u00e9s Rosales\" \/>\n<meta property=\"article:modified_time\" content=\"2024-12-30T11:51:45+00:00\" \/>\n<meta name=\"twitter:card\" content=\"summary_large_image\" \/>\n<meta name=\"twitter:label1\" content=\"Gesch\u00e4tzte Lesezeit\" \/>\n\t<meta name=\"twitter:data1\" content=\"6\u00a0Minuten\" \/>\n<script type=\"application\/ld+json\" class=\"yoast-schema-graph\">{\"@context\":\"https:\\\/\\\/schema.org\",\"@graph\":[{\"@type\":\"WebPage\",\"@id\":\"https:\\\/\\\/inesrosales.com\\\/de\\\/ihre-daten-sicher\\\/\",\"url\":\"https:\\\/\\\/inesrosales.com\\\/de\\\/ihre-daten-sicher\\\/\",\"name\":\"Ihre Daten sicher - In\u00e9s Rosales\",\"isPartOf\":{\"@id\":\"https:\\\/\\\/inesrosales.com\\\/de\\\/#website\"},\"datePublished\":\"2024-12-17T14:05:15+00:00\",\"dateModified\":\"2024-12-30T11:51:45+00:00\",\"breadcrumb\":{\"@id\":\"https:\\\/\\\/inesrosales.com\\\/de\\\/ihre-daten-sicher\\\/#breadcrumb\"},\"inLanguage\":\"de\",\"potentialAction\":[{\"@type\":\"ReadAction\",\"target\":[\"https:\\\/\\\/inesrosales.com\\\/de\\\/ihre-daten-sicher\\\/\"]}]},{\"@type\":\"BreadcrumbList\",\"@id\":\"https:\\\/\\\/inesrosales.com\\\/de\\\/ihre-daten-sicher\\\/#breadcrumb\",\"itemListElement\":[{\"@type\":\"ListItem\",\"position\":1,\"name\":\"Portada\",\"item\":\"https:\\\/\\\/inesrosales.com\\\/de\\\/\"},{\"@type\":\"ListItem\",\"position\":2,\"name\":\"Ihre Daten sicher\"}]},{\"@type\":\"WebSite\",\"@id\":\"https:\\\/\\\/inesrosales.com\\\/de\\\/#website\",\"url\":\"https:\\\/\\\/inesrosales.com\\\/de\\\/\",\"name\":\"In\u00e9s Rosales\",\"description\":\"Elaboramos las Leg\u00edtimas y Acreditadas Tortas de Aceite In\u00e9s Rosales. Elaboraci\u00f3n con productos 100% naturales y hechas con harina de Trigo, Aceite de Oliva Virgen Extra de Calidad Superior, az\u00facar y especias arom\u00e1ticas.  El mantenimiento de la elaboraci\u00f3n y acabado artesanal en su sentido m\u00e1s aut\u00e9ntico, junto a sus ingredientes naturales y la ausencia de aditivos, mejorantes y conservantes, le confieren un car\u00e1cter saludable.\",\"publisher\":{\"@id\":\"https:\\\/\\\/inesrosales.com\\\/de\\\/#organization\"},\"alternateName\":\"In\u00e9s Rosales\",\"potentialAction\":[{\"@type\":\"SearchAction\",\"target\":{\"@type\":\"EntryPoint\",\"urlTemplate\":\"https:\\\/\\\/inesrosales.com\\\/de\\\/?s={search_term_string}\"},\"query-input\":{\"@type\":\"PropertyValueSpecification\",\"valueRequired\":true,\"valueName\":\"search_term_string\"}}],\"inLanguage\":\"de\"},{\"@type\":\"Organization\",\"@id\":\"https:\\\/\\\/inesrosales.com\\\/de\\\/#organization\",\"name\":\"In\u00e9s Rosales\",\"url\":\"https:\\\/\\\/inesrosales.com\\\/de\\\/\",\"logo\":{\"@type\":\"ImageObject\",\"inLanguage\":\"de\",\"@id\":\"https:\\\/\\\/inesrosales.com\\\/de\\\/#\\\/schema\\\/logo\\\/image\\\/\",\"url\":\"https:\\\/\\\/inesrosales.com\\\/wp-content\\\/uploads\\\/2024\\\/12\\\/logo-ines-rosales.png\",\"contentUrl\":\"https:\\\/\\\/inesrosales.com\\\/wp-content\\\/uploads\\\/2024\\\/12\\\/logo-ines-rosales.png\",\"width\":384,\"height\":200,\"caption\":\"In\u00e9s Rosales\"},\"image\":{\"@id\":\"https:\\\/\\\/inesrosales.com\\\/de\\\/#\\\/schema\\\/logo\\\/image\\\/\"}}]}<\/script>\n<!-- \/ Yoast SEO Premium plugin. -->","yoast_head_json":{"title":"Ihre Daten sicher - In\u00e9s Rosales","robots":{"index":"noindex","follow":"nofollow"},"og_locale":"de_DE","og_type":"article","og_title":"Ihre Daten sicher","og_description":"Ihre Daten sicher Informationen in \u00dcbereinstimmung mit den Datenschutzbestimmungen. In Europa und Spanien gibt es Datenschutzbestimmungen zum Schutz Ihrer pers\u00f6nlichen Daten, die f\u00fcr unser Unternehmen verbindlich sind. Daher ist es f\u00fcr uns sehr wichtig, dass Sie vollst\u00e4ndig verstehen, was wir mit den von uns abgefragten personenbezogenen Daten tun. Auf diese Weise sind wir transparent und [&hellip;]","og_url":"https:\/\/inesrosales.com\/de\/ihre-daten-sicher\/","og_site_name":"In\u00e9s Rosales","article_modified_time":"2024-12-30T11:51:45+00:00","twitter_card":"summary_large_image","twitter_misc":{"Gesch\u00e4tzte Lesezeit":"6\u00a0Minuten"},"schema":{"@context":"https:\/\/schema.org","@graph":[{"@type":"WebPage","@id":"https:\/\/inesrosales.com\/de\/ihre-daten-sicher\/","url":"https:\/\/inesrosales.com\/de\/ihre-daten-sicher\/","name":"Ihre Daten sicher - In\u00e9s Rosales","isPartOf":{"@id":"https:\/\/inesrosales.com\/de\/#website"},"datePublished":"2024-12-17T14:05:15+00:00","dateModified":"2024-12-30T11:51:45+00:00","breadcrumb":{"@id":"https:\/\/inesrosales.com\/de\/ihre-daten-sicher\/#breadcrumb"},"inLanguage":"de","potentialAction":[{"@type":"ReadAction","target":["https:\/\/inesrosales.com\/de\/ihre-daten-sicher\/"]}]},{"@type":"BreadcrumbList","@id":"https:\/\/inesrosales.com\/de\/ihre-daten-sicher\/#breadcrumb","itemListElement":[{"@type":"ListItem","position":1,"name":"Portada","item":"https:\/\/inesrosales.com\/de\/"},{"@type":"ListItem","position":2,"name":"Ihre Daten sicher"}]},{"@type":"WebSite","@id":"https:\/\/inesrosales.com\/de\/#website","url":"https:\/\/inesrosales.com\/de\/","name":"In\u00e9s Rosales","description":"Elaboramos las Leg\u00edtimas y Acreditadas Tortas de Aceite In\u00e9s Rosales. Elaboraci\u00f3n con productos 100% naturales y hechas con harina de Trigo, Aceite de Oliva Virgen Extra de Calidad Superior, az\u00facar y especias arom\u00e1ticas.  El mantenimiento de la elaboraci\u00f3n y acabado artesanal en su sentido m\u00e1s aut\u00e9ntico, junto a sus ingredientes naturales y la ausencia de aditivos, mejorantes y conservantes, le confieren un car\u00e1cter saludable.","publisher":{"@id":"https:\/\/inesrosales.com\/de\/#organization"},"alternateName":"In\u00e9s Rosales","potentialAction":[{"@type":"SearchAction","target":{"@type":"EntryPoint","urlTemplate":"https:\/\/inesrosales.com\/de\/?s={search_term_string}"},"query-input":{"@type":"PropertyValueSpecification","valueRequired":true,"valueName":"search_term_string"}}],"inLanguage":"de"},{"@type":"Organization","@id":"https:\/\/inesrosales.com\/de\/#organization","name":"In\u00e9s Rosales","url":"https:\/\/inesrosales.com\/de\/","logo":{"@type":"ImageObject","inLanguage":"de","@id":"https:\/\/inesrosales.com\/de\/#\/schema\/logo\/image\/","url":"https:\/\/inesrosales.com\/wp-content\/uploads\/2024\/12\/logo-ines-rosales.png","contentUrl":"https:\/\/inesrosales.com\/wp-content\/uploads\/2024\/12\/logo-ines-rosales.png","width":384,"height":200,"caption":"In\u00e9s Rosales"},"image":{"@id":"https:\/\/inesrosales.com\/de\/#\/schema\/logo\/image\/"}}]}},"_links":{"self":[{"href":"https:\/\/inesrosales.com\/de\/wp-json\/wp\/v2\/pages\/1045771","targetHints":{"allow":["GET"]}}],"collection":[{"href":"https:\/\/inesrosales.com\/de\/wp-json\/wp\/v2\/pages"}],"about":[{"href":"https:\/\/inesrosales.com\/de\/wp-json\/wp\/v2\/types\/page"}],"author":[{"embeddable":true,"href":"https:\/\/inesrosales.com\/de\/wp-json\/wp\/v2\/users\/3"}],"replies":[{"embeddable":true,"href":"https:\/\/inesrosales.com\/de\/wp-json\/wp\/v2\/comments?post=1045771"}],"version-history":[{"count":1,"href":"https:\/\/inesrosales.com\/de\/wp-json\/wp\/v2\/pages\/1045771\/revisions"}],"predecessor-version":[{"id":1045772,"href":"https:\/\/inesrosales.com\/de\/wp-json\/wp\/v2\/pages\/1045771\/revisions\/1045772"}],"wp:attachment":[{"href":"https:\/\/inesrosales.com\/de\/wp-json\/wp\/v2\/media?parent=1045771"}],"curies":[{"name":"wp","href":"https:\/\/api.w.org\/{rel}","templated":true}]}}