{"id":1045789,"date":"2024-12-17T15:05:15","date_gmt":"2024-12-17T14:05:15","guid":{"rendered":"https:\/\/inesrosales.com\/integrierte-politik\/"},"modified":"2024-12-31T09:53:30","modified_gmt":"2024-12-31T08:53:30","slug":"integrierte-politik","status":"publish","type":"page","link":"https:\/\/inesrosales.com\/de\/integrierte-politik\/","title":{"rendered":"Integrierte Politik"},"content":{"rendered":"\t\t<div data-elementor-type=\"wp-page\" data-elementor-id=\"1045789\" class=\"elementor elementor-1045789 elementor-1043272\" data-elementor-post-type=\"page\">\n\t\t\t\t<div class=\"elementor-element elementor-element-f01cc64 e-flex e-con-boxed e-con e-parent\" data-id=\"f01cc64\" data-element_type=\"container\" data-e-type=\"container\">\n\t\t\t\t\t<div class=\"e-con-inner\">\n\t\t\t\t<div class=\"elementor-element elementor-element-cacfd85 elementor-widget elementor-widget-text-editor\" data-id=\"cacfd85\" data-element_type=\"widget\" data-e-type=\"widget\" data-widget_type=\"text-editor.default\">\n\t\t\t\t<div class=\"elementor-widget-container\">\n\t\t\t\t\t\t\t\t\t<h2>Integrierte Politik<\/h2>\n<p>Bei IN\u00c9S ROSALES, die sich seit 1910 der Herstellung und dem Vertrieb von traditionellen Backwaren widmen, verstehen wir die Lebensmittelsicherheit als Hauptpfeiler bei der Herstellung unbedenklicher Produkte. Dies umfasst auch Ma\u00dfnahmen zur Pr\u00e4vention von Lebensmittelbetrug, Ma\u00dfnahmen zum Schutz der Lebensmittel, den Umweltschutz und die Pr\u00e4vention von Arbeitsrisiken, mit dem Ziel, ein Produkt von h\u00f6chster Qualit\u00e4t herzustellen, das in \u00dcbereinstimmung mit den geltenden gesetzlichen Anforderungen die Kundenzufriedenheit erreicht.<\/p>\n<p>Das Engagement f\u00fcr kontinuierliche Verbesserung im Bereich der Kultur der Lebensmittelsicherheit und der Lebensmittelqualit\u00e4t ist ein dauerhaftes Ziel der Organisation, das alle Ebenen einbezieht \u2013 von der Gesch\u00e4ftsf\u00fchrung, die sich voll und ganz mit diesem Thema und der Zufriedenheit der Verbraucher identifiziert, bis hin zu den verschiedenen operativen und administrativen Abteilungen, die die festgelegten Ma\u00dfnahmen zur Entwicklung dieser Kultur respektieren.<\/p>\n<p>Wir verstehen diese Verbesserung als eine kontinuierliche Bewertung der im Managementsystem festgelegten Ma\u00dfnahmen sowie die Bewertung von Abweichungen und die Planung neuer Aktivit\u00e4ten, mit dem Ziel, die erzielten Ergebnisse mit den erwarteten zu vergleichen und den kontinuierlichen Verbesserungszyklus erneut zu starten.<\/p>\n<p>Neben den relevanten Aspekten der Qualit\u00e4t und Lebensmittelsicherheit umfasst unsere T\u00e4tigkeit auch das Engagement des Unternehmens, eine nachhaltige Entwicklung aufrechtzuerhalten. Das bedeutet, durch kontinuierliche Verbesserung die Erhaltung und den Fortschritt der wirtschaftlichen, sozialen und \u00f6kologischen S\u00e4ulen zu gew\u00e4hrleisten. Im Bereich der \u00f6kologischen Nachhaltigkeit entwickeln wir Ma\u00dfnahmen, um unsere Umwelt- und CO2-Bilanz zu verstehen, unsere Mitarbeiter in Bezug auf den Klimawandel zu schulen und zu sensibilisieren, Ma\u00dfnahmen zur Kreislaufwirtschaft innerhalb der Organisation umzusetzen, erneuerbare Energien zu f\u00f6rdern und das Abfallmanagement zu verbessern. <\/p>\n<p>Die folgenden Prinzipien werden als Ziele dieser Politik formuliert:<\/p>\n<p><strong>Herstellung von sicheren und hochwertigen Produkten.<\/strong><\/p>\n<ul>\n<li>Bereitstellung von sicheren und hochwertigen Produkten, die alle geltenden gesetzlichen Anforderungen sowie international anerkannte Standards erf\u00fcllen. Zu diesem Zweck wenden wir ein strenges HACCP-System an, das auf einer kontinuierlichen und umfassenden hygienisch-sanit\u00e4ren Kontrolle, der Produktqualit\u00e4t und allen Phasen des Produktionsprozesses basiert sowie eine effiziente R\u00fcckverfolgbarkeit des gesamten Produkts bis zu seiner Ankunft beim Kunden sicherstellt. <\/li>\n<li>Durch die Etablierung einer Kultur der Lebensmittelsicherheit, bei der die Schulung und \u00dcberwachung unserer Mitarbeiter im Bereich der Lebensmittelsicherheit der grundlegende Pfeiler f\u00fcr die Herstellung sicherer Produkte ist. Die Motivation der an der Entwicklung dieser Produkte beteiligten Personen ist ebenfalls eine effektive Technik f\u00fcr den Erfolg der Organisation. Die Gesch\u00e4ftsf\u00fchrung ist verpflichtet, die notwendigen Werkzeuge und Ressourcen bereitzustellen, um die in dieser Kultur festgelegten Aktivit\u00e4ten zu entwickeln, sowie eine gute Kommunikation auf allen organisatorischen Ebenen aufrechtzuerhalten, mit dem alleinigen Ziel, sichere Lebensmittel zu produzieren und Verbesserungen in den Prozessen zu identifizieren.  <\/li>\n<li>Engagiert zum Schutz und zur Authentizit\u00e4t der Produkte durch eine kontinuierliche Bewertung im Bereich der Lebensmittelbetrugspr\u00e4vention, angewendet auf die Aufrechterhaltung der Qualit\u00e4t unserer Produkte sowie deren Lebensmittelsicherheit. Die gesamte Produktionskette ist involviert, beginnend mit der Auswahl der Lieferanten, die ausreichende und geeignete Informationen bereitstellen, der Organisation, die Ressourcen f\u00fcr die Bewertung der Authentizit\u00e4t bereitstellt, den H\u00e4ndlern, die die R\u00fcckverfolgbarkeit der Produkte, die sie erhalten und verwalten, aufrechterhalten, bis hin zu unserer Verwaltung, die legale Gesch\u00e4fte sch\u00fctzen und die Anzahl illegaler Transaktionen verringern muss. <\/li>\n<li>Durch die Einf\u00fchrung von Ma\u00dfnahmen zur Verteidigung der Lebensmittel, durch die Etablierung physischer Ma\u00dfnahmen und die Schulung der Mitarbeiter, um zu verhindern, dass die Produkte absichtlich extern oder intern kontaminiert werden. Es handelt sich um ein System, das sich st\u00e4ndig weiterentwickelt und kontinuierlich nach Verbesserungen sucht. <\/li>\n<\/ul>\n<p><strong>Suche nach der Kundenzufriedenheit.<\/strong><\/p>\n<ul>\n<li>Durch eine pers\u00f6nliche und professionelle Betreuung mit individueller Beratung, damit das gew\u00e4hlte Produkt ihren Bed\u00fcrfnissen entspricht. Das Ziel ist es, zufriedene Kunden zu gewinnen, die ihre Eink\u00e4ufe wiederholen. <\/li>\n<li>Optimale Qualit\u00e4t zum besten Preis, unter Verwendung der Standardisierung der Qualit\u00e4t durch Prozess- und Produktkontrollen, der Verwendung von erstklassigen Rohstoffen und modernster Ausr\u00fcstung sowie kontinuierlicher Verbesserung der Prozesse und der Kosten der Nichtqualit\u00e4t.<\/li>\n<li>Bereitstellung der maximalen Garantie f\u00fcr den Verbraucher in Bezug auf Lebensmittelsicherheit, wodurch dessen Vertrauen gest\u00e4rkt wird.<\/li>\n<li>\u00dcbernahme der Verantwortung der Organisation f\u00fcr die Einhaltung der Spezifikationen der Kundenbestellungen.<\/li>\n<li>Durch die Bearbeitung von Vorschl\u00e4gen und Reklamationen von Kunden und Verbrauchern sowie die Auswertung ihrer Tendenzen, um unser Verbraucherservice-System kontinuierlich zu verbessern und Prozessverbesserungen zu etablieren.<\/li>\n<\/ul>\n<p><strong>Ma\u00dfnahmen zur Pr\u00e4vention von Arbeitsrisiken.<\/strong><\/p>\n<p>Die Gesch\u00e4ftsf\u00fchrung des Unternehmens, sich bewusst, dass die von ihr ausge\u00fcbte T\u00e4tigkeit Sch\u00e4den an der Sicherheit und Gesundheit der Mitarbeiter sowie Dritter, die sich in den Einrichtungen aufhalten, verursachen kann, hat die Entwicklung eines Systems zur Verwaltung der Arbeitsrisikopr\u00e4vention integriert in ihre T\u00e4tigkeit beschlossen.<\/p>\n<p>Zu diesem Zweck verpflichten wir uns zur Einhaltung der geltenden Gesetzgebung sowohl in Bezug auf die Pr\u00e4vention von Sch\u00e4den und Gesundheitssch\u00e4den als auch zur kontinuierlichen Verbesserung der Verwaltung von Sicherheit und Gesundheit am Arbeitsplatz.<\/p>\n<p>Die Pr\u00e4ventivma\u00dfnahmen werden darauf ausgerichtet sein, Risiken zu vermeiden und diejenigen zu bewerten, die nicht beseitigt werden konnten. Zu diesem Zweck wird die Wahl der Arbeits- und Produktionsmethoden insbesondere darauf abzielen, monotone und wiederholende Arbeiten zu verringern und deren Auswirkungen auf die Gesundheit der Arbeitnehmer zu reduzieren. <\/p>\n<p>Die gesamte Organisation ist sich der Aktivit\u00e4ten und Prinzipien der Pr\u00e4vention von Arbeitsrisiken bewusst, die mit der Aus\u00fcbung ihrer Funktionen verbunden sind. Diese werden als Leitfaden f\u00fcr die Festlegung der Ziele dienen, die j\u00e4hrlich gem\u00e4\u00df den Kriterien der kontinuierlichen Verbesserung festgelegt werden, um sicherzustellen, dass die Politik der Organisation eingehalten wird, dank des Engagements und der Zusammenarbeit aller Mitarbeiter und F\u00fchrungskr\u00e4fte sowie der Unterst\u00fctzung des Managementteams der Organisation.<\/p>\n<p><img loading=\"lazy\" decoding=\"async\" class=\"wp-image-1029922 size-full aligncenter\" src=\"https:\/\/inesrosales.com\/wp-content\/uploads\/2024\/01\/firma.png\" alt=\"\" width=\"901\" height=\"220\" srcset=\"https:\/\/inesrosales.com\/wp-content\/uploads\/2024\/01\/firma.png 901w, https:\/\/inesrosales.com\/wp-content\/uploads\/2024\/01\/firma-768x188.png 768w, https:\/\/inesrosales.com\/wp-content\/uploads\/2024\/01\/firma-600x147.png 600w\" sizes=\"auto, (max-width: 901px) 100vw, 901px\" \/><\/p>\n\t\t\t\t\t\t\t\t<\/div>\n\t\t\t\t<\/div>\n\t\t\t\t\t<\/div>\n\t\t\t\t<\/div>\n\t\t\t\t<\/div>\n\t\t","protected":false},"excerpt":{"rendered":"<p>Integrierte Politik Bei IN\u00c9S ROSALES, die sich seit 1910 der Herstellung und dem Vertrieb von traditionellen Backwaren widmen, verstehen wir die Lebensmittelsicherheit als Hauptpfeiler bei der Herstellung unbedenklicher Produkte. Dies umfasst auch Ma\u00dfnahmen zur Pr\u00e4vention von Lebensmittelbetrug, Ma\u00dfnahmen zum Schutz der Lebensmittel, den Umweltschutz und die Pr\u00e4vention von Arbeitsrisiken, mit dem Ziel, ein Produkt von [&hellip;]<\/p>\n","protected":false},"author":3,"featured_media":1043276,"parent":0,"menu_order":0,"comment_status":"open","ping_status":"open","template":"","meta":{"_joinchat":[],"footnotes":""},"class_list":["post-1045789","page","type-page","status-publish","has-post-thumbnail","hentry"],"yoast_head":"<!-- This site is optimized with the Yoast SEO Premium plugin v25.3 (Yoast SEO v27.4) - https:\/\/yoast.com\/product\/yoast-seo-premium-wordpress\/ -->\n<title>Integrierte Politik - In\u00e9s Rosales<\/title>\n<meta name=\"robots\" content=\"noindex, follow\" \/>\n<meta property=\"og:locale\" content=\"de_DE\" \/>\n<meta property=\"og:type\" content=\"article\" \/>\n<meta property=\"og:title\" content=\"Integrierte Politik\" \/>\n<meta property=\"og:description\" content=\"Integrierte Politik Bei IN\u00c9S ROSALES, die sich seit 1910 der Herstellung und dem Vertrieb von traditionellen Backwaren widmen, verstehen wir die Lebensmittelsicherheit als Hauptpfeiler bei der Herstellung unbedenklicher Produkte. Dies umfasst auch Ma\u00dfnahmen zur Pr\u00e4vention von Lebensmittelbetrug, Ma\u00dfnahmen zum Schutz der Lebensmittel, den Umweltschutz und die Pr\u00e4vention von Arbeitsrisiken, mit dem Ziel, ein Produkt von [&hellip;]\" \/>\n<meta property=\"og:url\" content=\"https:\/\/inesrosales.com\/de\/integrierte-politik\/\" \/>\n<meta property=\"og:site_name\" content=\"In\u00e9s Rosales\" \/>\n<meta property=\"article:modified_time\" content=\"2024-12-31T08:53:30+00:00\" \/>\n<meta property=\"og:image\" content=\"https:\/\/inesrosales.com\/wp-content\/uploads\/2024\/12\/Captura.png\" \/>\n\t<meta property=\"og:image:width\" content=\"627\" \/>\n\t<meta property=\"og:image:height\" content=\"257\" \/>\n\t<meta property=\"og:image:type\" content=\"image\/png\" \/>\n<meta name=\"twitter:card\" content=\"summary_large_image\" \/>\n<meta name=\"twitter:label1\" content=\"Gesch\u00e4tzte Lesezeit\" \/>\n\t<meta name=\"twitter:data1\" content=\"5\u00a0Minuten\" \/>\n<script type=\"application\/ld+json\" class=\"yoast-schema-graph\">{\"@context\":\"https:\\\/\\\/schema.org\",\"@graph\":[{\"@type\":\"WebPage\",\"@id\":\"https:\\\/\\\/inesrosales.com\\\/de\\\/integrierte-politik\\\/\",\"url\":\"https:\\\/\\\/inesrosales.com\\\/de\\\/integrierte-politik\\\/\",\"name\":\"Integrierte Politik - In\u00e9s Rosales\",\"isPartOf\":{\"@id\":\"https:\\\/\\\/inesrosales.com\\\/de\\\/#website\"},\"primaryImageOfPage\":{\"@id\":\"https:\\\/\\\/inesrosales.com\\\/de\\\/integrierte-politik\\\/#primaryimage\"},\"image\":{\"@id\":\"https:\\\/\\\/inesrosales.com\\\/de\\\/integrierte-politik\\\/#primaryimage\"},\"thumbnailUrl\":\"https:\\\/\\\/inesrosales.com\\\/wp-content\\\/uploads\\\/2024\\\/12\\\/Captura.png\",\"datePublished\":\"2024-12-17T14:05:15+00:00\",\"dateModified\":\"2024-12-31T08:53:30+00:00\",\"breadcrumb\":{\"@id\":\"https:\\\/\\\/inesrosales.com\\\/de\\\/integrierte-politik\\\/#breadcrumb\"},\"inLanguage\":\"de\",\"potentialAction\":[{\"@type\":\"ReadAction\",\"target\":[\"https:\\\/\\\/inesrosales.com\\\/de\\\/integrierte-politik\\\/\"]}]},{\"@type\":\"ImageObject\",\"inLanguage\":\"de\",\"@id\":\"https:\\\/\\\/inesrosales.com\\\/de\\\/integrierte-politik\\\/#primaryimage\",\"url\":\"https:\\\/\\\/inesrosales.com\\\/wp-content\\\/uploads\\\/2024\\\/12\\\/Captura.png\",\"contentUrl\":\"https:\\\/\\\/inesrosales.com\\\/wp-content\\\/uploads\\\/2024\\\/12\\\/Captura.png\",\"width\":627,\"height\":257},{\"@type\":\"BreadcrumbList\",\"@id\":\"https:\\\/\\\/inesrosales.com\\\/de\\\/integrierte-politik\\\/#breadcrumb\",\"itemListElement\":[{\"@type\":\"ListItem\",\"position\":1,\"name\":\"Portada\",\"item\":\"https:\\\/\\\/inesrosales.com\\\/de\\\/\"},{\"@type\":\"ListItem\",\"position\":2,\"name\":\"Integrierte Politik\"}]},{\"@type\":\"WebSite\",\"@id\":\"https:\\\/\\\/inesrosales.com\\\/de\\\/#website\",\"url\":\"https:\\\/\\\/inesrosales.com\\\/de\\\/\",\"name\":\"In\u00e9s Rosales\",\"description\":\"Elaboramos las Leg\u00edtimas y Acreditadas Tortas de Aceite In\u00e9s Rosales. Elaboraci\u00f3n con productos 100% naturales y hechas con harina de Trigo, Aceite de Oliva Virgen Extra de Calidad Superior, az\u00facar y especias arom\u00e1ticas.  El mantenimiento de la elaboraci\u00f3n y acabado artesanal en su sentido m\u00e1s aut\u00e9ntico, junto a sus ingredientes naturales y la ausencia de aditivos, mejorantes y conservantes, le confieren un car\u00e1cter saludable.\",\"publisher\":{\"@id\":\"https:\\\/\\\/inesrosales.com\\\/de\\\/#organization\"},\"alternateName\":\"In\u00e9s Rosales\",\"potentialAction\":[{\"@type\":\"SearchAction\",\"target\":{\"@type\":\"EntryPoint\",\"urlTemplate\":\"https:\\\/\\\/inesrosales.com\\\/de\\\/?s={search_term_string}\"},\"query-input\":{\"@type\":\"PropertyValueSpecification\",\"valueRequired\":true,\"valueName\":\"search_term_string\"}}],\"inLanguage\":\"de\"},{\"@type\":\"Organization\",\"@id\":\"https:\\\/\\\/inesrosales.com\\\/de\\\/#organization\",\"name\":\"In\u00e9s Rosales\",\"url\":\"https:\\\/\\\/inesrosales.com\\\/de\\\/\",\"logo\":{\"@type\":\"ImageObject\",\"inLanguage\":\"de\",\"@id\":\"https:\\\/\\\/inesrosales.com\\\/de\\\/#\\\/schema\\\/logo\\\/image\\\/\",\"url\":\"https:\\\/\\\/inesrosales.com\\\/wp-content\\\/uploads\\\/2024\\\/12\\\/logo-ines-rosales.png\",\"contentUrl\":\"https:\\\/\\\/inesrosales.com\\\/wp-content\\\/uploads\\\/2024\\\/12\\\/logo-ines-rosales.png\",\"width\":384,\"height\":200,\"caption\":\"In\u00e9s Rosales\"},\"image\":{\"@id\":\"https:\\\/\\\/inesrosales.com\\\/de\\\/#\\\/schema\\\/logo\\\/image\\\/\"}}]}<\/script>\n<!-- \/ Yoast SEO Premium plugin. -->","yoast_head_json":{"title":"Integrierte Politik - In\u00e9s Rosales","robots":{"index":"noindex","follow":"follow"},"og_locale":"de_DE","og_type":"article","og_title":"Integrierte Politik","og_description":"Integrierte Politik Bei IN\u00c9S ROSALES, die sich seit 1910 der Herstellung und dem Vertrieb von traditionellen Backwaren widmen, verstehen wir die Lebensmittelsicherheit als Hauptpfeiler bei der Herstellung unbedenklicher Produkte. Dies umfasst auch Ma\u00dfnahmen zur Pr\u00e4vention von Lebensmittelbetrug, Ma\u00dfnahmen zum Schutz der Lebensmittel, den Umweltschutz und die Pr\u00e4vention von Arbeitsrisiken, mit dem Ziel, ein Produkt von [&hellip;]","og_url":"https:\/\/inesrosales.com\/de\/integrierte-politik\/","og_site_name":"In\u00e9s Rosales","article_modified_time":"2024-12-31T08:53:30+00:00","og_image":[{"width":627,"height":257,"url":"https:\/\/inesrosales.com\/wp-content\/uploads\/2024\/12\/Captura.png","type":"image\/png"}],"twitter_card":"summary_large_image","twitter_misc":{"Gesch\u00e4tzte Lesezeit":"5\u00a0Minuten"},"schema":{"@context":"https:\/\/schema.org","@graph":[{"@type":"WebPage","@id":"https:\/\/inesrosales.com\/de\/integrierte-politik\/","url":"https:\/\/inesrosales.com\/de\/integrierte-politik\/","name":"Integrierte Politik - In\u00e9s Rosales","isPartOf":{"@id":"https:\/\/inesrosales.com\/de\/#website"},"primaryImageOfPage":{"@id":"https:\/\/inesrosales.com\/de\/integrierte-politik\/#primaryimage"},"image":{"@id":"https:\/\/inesrosales.com\/de\/integrierte-politik\/#primaryimage"},"thumbnailUrl":"https:\/\/inesrosales.com\/wp-content\/uploads\/2024\/12\/Captura.png","datePublished":"2024-12-17T14:05:15+00:00","dateModified":"2024-12-31T08:53:30+00:00","breadcrumb":{"@id":"https:\/\/inesrosales.com\/de\/integrierte-politik\/#breadcrumb"},"inLanguage":"de","potentialAction":[{"@type":"ReadAction","target":["https:\/\/inesrosales.com\/de\/integrierte-politik\/"]}]},{"@type":"ImageObject","inLanguage":"de","@id":"https:\/\/inesrosales.com\/de\/integrierte-politik\/#primaryimage","url":"https:\/\/inesrosales.com\/wp-content\/uploads\/2024\/12\/Captura.png","contentUrl":"https:\/\/inesrosales.com\/wp-content\/uploads\/2024\/12\/Captura.png","width":627,"height":257},{"@type":"BreadcrumbList","@id":"https:\/\/inesrosales.com\/de\/integrierte-politik\/#breadcrumb","itemListElement":[{"@type":"ListItem","position":1,"name":"Portada","item":"https:\/\/inesrosales.com\/de\/"},{"@type":"ListItem","position":2,"name":"Integrierte Politik"}]},{"@type":"WebSite","@id":"https:\/\/inesrosales.com\/de\/#website","url":"https:\/\/inesrosales.com\/de\/","name":"In\u00e9s Rosales","description":"Elaboramos las Leg\u00edtimas y Acreditadas Tortas de Aceite In\u00e9s Rosales. Elaboraci\u00f3n con productos 100% naturales y hechas con harina de Trigo, Aceite de Oliva Virgen Extra de Calidad Superior, az\u00facar y especias arom\u00e1ticas.  El mantenimiento de la elaboraci\u00f3n y acabado artesanal en su sentido m\u00e1s aut\u00e9ntico, junto a sus ingredientes naturales y la ausencia de aditivos, mejorantes y conservantes, le confieren un car\u00e1cter saludable.","publisher":{"@id":"https:\/\/inesrosales.com\/de\/#organization"},"alternateName":"In\u00e9s Rosales","potentialAction":[{"@type":"SearchAction","target":{"@type":"EntryPoint","urlTemplate":"https:\/\/inesrosales.com\/de\/?s={search_term_string}"},"query-input":{"@type":"PropertyValueSpecification","valueRequired":true,"valueName":"search_term_string"}}],"inLanguage":"de"},{"@type":"Organization","@id":"https:\/\/inesrosales.com\/de\/#organization","name":"In\u00e9s Rosales","url":"https:\/\/inesrosales.com\/de\/","logo":{"@type":"ImageObject","inLanguage":"de","@id":"https:\/\/inesrosales.com\/de\/#\/schema\/logo\/image\/","url":"https:\/\/inesrosales.com\/wp-content\/uploads\/2024\/12\/logo-ines-rosales.png","contentUrl":"https:\/\/inesrosales.com\/wp-content\/uploads\/2024\/12\/logo-ines-rosales.png","width":384,"height":200,"caption":"In\u00e9s Rosales"},"image":{"@id":"https:\/\/inesrosales.com\/de\/#\/schema\/logo\/image\/"}}]}},"_links":{"self":[{"href":"https:\/\/inesrosales.com\/de\/wp-json\/wp\/v2\/pages\/1045789","targetHints":{"allow":["GET"]}}],"collection":[{"href":"https:\/\/inesrosales.com\/de\/wp-json\/wp\/v2\/pages"}],"about":[{"href":"https:\/\/inesrosales.com\/de\/wp-json\/wp\/v2\/types\/page"}],"author":[{"embeddable":true,"href":"https:\/\/inesrosales.com\/de\/wp-json\/wp\/v2\/users\/3"}],"replies":[{"embeddable":true,"href":"https:\/\/inesrosales.com\/de\/wp-json\/wp\/v2\/comments?post=1045789"}],"version-history":[{"count":1,"href":"https:\/\/inesrosales.com\/de\/wp-json\/wp\/v2\/pages\/1045789\/revisions"}],"predecessor-version":[{"id":1045790,"href":"https:\/\/inesrosales.com\/de\/wp-json\/wp\/v2\/pages\/1045789\/revisions\/1045790"}],"wp:featuredmedia":[{"embeddable":true,"href":"https:\/\/inesrosales.com\/de\/wp-json\/wp\/v2\/media\/1043276"}],"wp:attachment":[{"href":"https:\/\/inesrosales.com\/de\/wp-json\/wp\/v2\/media?parent=1045789"}],"curies":[{"name":"wp","href":"https:\/\/api.w.org\/{rel}","templated":true}]}}