{"id":1045795,"date":"2024-12-17T15:05:15","date_gmt":"2024-12-17T14:05:15","guid":{"rendered":"https:\/\/inesrosales.com\/datenschutzrichtlinie\/"},"modified":"2024-12-31T10:07:45","modified_gmt":"2024-12-31T09:07:45","slug":"datenschutzrichtlinie","status":"publish","type":"page","link":"https:\/\/inesrosales.com\/de\/datenschutzrichtlinie\/","title":{"rendered":"Datenschutzrichtlinie"},"content":{"rendered":"\t\t<div data-elementor-type=\"wp-page\" data-elementor-id=\"1045795\" class=\"elementor elementor-1045795 elementor-1043340\" data-elementor-post-type=\"page\">\n\t\t\t\t<div class=\"elementor-element elementor-element-a17c800 e-flex e-con-boxed e-con e-parent\" data-id=\"a17c800\" data-element_type=\"container\" data-e-type=\"container\">\n\t\t\t\t\t<div class=\"e-con-inner\">\n\t\t\t\t<div class=\"elementor-element elementor-element-2342d1f elementor-widget elementor-widget-text-editor\" data-id=\"2342d1f\" data-element_type=\"widget\" data-e-type=\"widget\" data-widget_type=\"text-editor.default\">\n\t\t\t\t<div class=\"elementor-widget-container\">\n\t\t\t\t\t\t\t\t\t<h2 class=\"\\\" titulo-seccion=\"\">Datenschutzrichtlinie<\/h2>\n<p>Die Gesch\u00e4ftsf\u00fchrung \/ das Leitungsgremium von IN\u00e9s Rosales S.A.U, ab jetzt die ENTIT\u00c4T (im Folgenden der Verantwortliche f\u00fcr die Verarbeitung), \u00fcbernimmt die h\u00f6chste Verantwortung und das Engagement f\u00fcr die Festlegung, Implementierung und Aufrechterhaltung dieser Datenschutzpolitik, wobei die kontinuierliche Verbesserung des Verantwortlichen f\u00fcr die Verarbeitung gew\u00e4hrleistet wird, um Exzellenz in Bezug auf die Einhaltung der Verordnung (EU) 2016\/679 des Europ\u00e4ischen Parlaments und des Rates vom 27. April 2016 zum Schutz der nat\u00fcrlichen Personen bei der Verarbeitung personenbezogener Daten und zum freien Verkehr dieser Daten und zur Aufhebung der Richtlinie 95\/46\/EG (Allgemeine Datenschutzverordnung) (ABl. L 119\/1, 04.05.2016) und der spanischen Gesetzgebung zum Schutz personenbezogener Daten (organisches Gesetz, spezifische sektorspezifische Gesetzgebung und ihre Durchf\u00fchrungsbestimmungen) zu erreichen.<\/p>\n<p>Die Datenschutzpolitik der ENTIT\u00c4T beruht auf dem <u>Prinzip der proaktiven Verantwortung,<\/u> wonach der Verantwortliche f\u00fcr die Verarbeitung f\u00fcr die Einhaltung des normativen und rechtlichen Rahmens verantwortlich ist, der diese Politik regelt, und in der Lage ist, dies den zust\u00e4ndigen Aufsichtsbeh\u00f6rden nachzuweisen.<\/p>\n<p>In diesem Zusammenhang wird der Verantwortliche f\u00fcr die Verarbeitung durch die folgenden Grunds\u00e4tze geleitet, die als Orientierungshilfe und Referenzrahmen f\u00fcr das gesamte Personal bei der Verarbeitung personenbezogener Daten dienen sollen:<\/p>\n<ol>\n<li><u>Datenschutz durch Technikgestaltung:<\/u> Der Verantwortliche f\u00fcr die Verarbeitung wird sowohl bei der Festlegung der Mittel zur Verarbeitung als auch bei der eigentlichen Verarbeitung geeignete technische und organisatorische Ma\u00dfnahmen anwenden, wie z.B. Pseudonymisierung, die darauf abzielen, die Datenschutzprinzipien wie Datenminimierung effektiv umzusetzen und die erforderlichen Garantien in die Verarbeitung zu integrieren.<\/li>\n<\/ol>\n<ol start=\"2\">\n<li><u>Datenschutz durch datenschutzfreundliche Voreinstellungen: <\/u>Der Verantwortliche f\u00fcr die Verarbeitung wird geeignete technische und organisatorische Ma\u00dfnahmen ergreifen, um sicherzustellen, dass standardm\u00e4\u00dfig nur personenbezogene Daten verarbeitet werden, die f\u00fcr die jeweiligen spezifischen Verarbeitungszwecke erforderlich sind.<\/li>\n<\/ol>\n<ol start=\"3\">\n<li><u>Datenschutz im Lebenszyklus von Informationen: <\/u>Die Ma\u00dfnahmen, die den Schutz personenbezogener Daten gew\u00e4hrleisten, gelten w\u00e4hrend des gesamten Lebenszyklus der Informationen.<\/li>\n<\/ol>\n<ol start=\"4\">\n<li><u>Rechtm\u00e4\u00dfigkeit, Fairness und Transparenz:<\/u> Personenbezogene Daten werden rechtm\u00e4\u00dfig, fair und transparent im Verh\u00e4ltnis zur betroffenen Person verarbeitet.<\/li>\n<\/ol>\n<ol start=\"5\">\n<li><u>Zweckbindung: <\/u>Personenbezogene Daten werden f\u00fcr festgelegte, eindeutige und legitime Zwecke erhoben und d\u00fcrfen nicht in einer Weise weiterverarbeitet werden, die mit diesen Zwecken unvereinbar ist.<\/li>\n<\/ol>\n<ol start=\"6\">\n<li><u>Datenminimierung: <\/u>Personenbezogene Daten werden angemessen, relevant und auf das notwendige Ma\u00df in Bezug auf die Zwecke der Verarbeitung begrenzt.<\/li>\n<\/ol>\n<ol start=\"7\">\n<li><u>Richtigkeit: <\/u>Personenbezogene Daten werden korrekt und, wenn n\u00f6tig, auf dem neuesten Stand gehalten; es werden alle angemessenen Ma\u00dfnahmen ergriffen, damit unrichtige personenbezogene Daten unverz\u00fcglich gel\u00f6scht oder berichtigt werden, wenn sie im Hinblick auf die Zwecke der Verarbeitung unzutreffend sind.<\/li>\n<\/ol>\n<ol start=\"8\">\n<li><u>Speicherbegrenzung: <\/u>Personenbezogene Daten werden so aufbewahrt, dass die Identifizierung der betroffenen Personen nur so lange m\u00f6glich ist, wie es f\u00fcr die Zwecke der Verarbeitung personenbezogener Daten erforderlich ist.<\/li>\n<\/ol>\n<ol start=\"9\">\n<li><u>Integrit\u00e4t und Vertraulichkeit: <\/u>Personenbezogene Daten werden auf eine Weise verarbeitet, die eine angemessene Sicherheit der personenbezogenen Daten gew\u00e4hrleistet, einschlie\u00dflich des Schutzes vor unbefugter oder rechtswidriger Verarbeitung sowie vor deren Verlust, Zerst\u00f6rung oder unbeabsichtigter Sch\u00e4digung, durch die Anwendung geeigneter technischer oder organisatorischer Ma\u00dfnahmen.<\/li>\n<\/ol>\n<ol start=\"10\">\n<li><u>Information und Schulung: <\/u>Ein Schl\u00fcssel zur Gew\u00e4hrleistung des Schutzes personenbezogener Daten ist die Schulung und Information des Personals, das an deren Verarbeitung beteiligt ist. W\u00e4hrend des gesamten Lebenszyklus der Information wird das gesamte Personal mit Zugang zu den Daten angemessen geschult und \u00fcber seine Pflichten in Bezug auf die Einhaltung der Datenschutzvorschriften informiert. <\/li>\n<\/ol>\n<p>Die Datenschutzpolitik der ENTIT\u00c4T wird allen Mitarbeitern des Verantwortlichen f\u00fcr die Verarbeitung mitgeteilt und allen interessierten Parteien zur Verf\u00fcgung gestellt.<\/p>\n<p>Infolgedessen betrifft diese Datenschutzpolitik das gesamte Personal des Verantwortlichen f\u00fcr die Verarbeitung, das sie kennen und als eigene annehmen muss. Jedes Mitglied ist verantwortlich f\u00fcr deren Umsetzung und die \u00dcberpr\u00fcfung der anwendbaren Datenschutzvorschriften in seiner T\u00e4tigkeit sowie f\u00fcr die Identifikation und den Vorschlag von Verbesserungsm\u00f6glichkeiten, die es f\u00fcr geeignet h\u00e4lt, um Exzellenz in Bezug auf die Einhaltung zu erreichen.<\/p>\n<p>Diese Politik wird von der Gesch\u00e4ftsf\u00fchrung \/ dem Leitungsgremium der ENTIT\u00c4T so oft \u00fcberpr\u00fcft, wie es erforderlich ist, um sich stets an die geltenden Bestimmungen im Bereich des Schutzes personenbezogener Daten anzupassen.<\/p>\n\t\t\t\t\t\t\t\t<\/div>\n\t\t\t\t<\/div>\n\t\t\t\t\t<\/div>\n\t\t\t\t<\/div>\n\t\t\t\t<\/div>\n\t\t","protected":false},"excerpt":{"rendered":"<p>Datenschutzrichtlinie Die Gesch\u00e4ftsf\u00fchrung \/ das Leitungsgremium von IN\u00e9s Rosales S.A.U, ab jetzt die ENTIT\u00c4T (im Folgenden der Verantwortliche f\u00fcr die Verarbeitung), \u00fcbernimmt die h\u00f6chste Verantwortung und das Engagement f\u00fcr die Festlegung, Implementierung und Aufrechterhaltung dieser Datenschutzpolitik, wobei die kontinuierliche Verbesserung des Verantwortlichen f\u00fcr die Verarbeitung gew\u00e4hrleistet wird, um Exzellenz in Bezug auf die Einhaltung der [&hellip;]<\/p>\n","protected":false},"author":3,"featured_media":0,"parent":0,"menu_order":0,"comment_status":"open","ping_status":"open","template":"","meta":{"_joinchat":[],"footnotes":""},"class_list":["post-1045795","page","type-page","status-publish","hentry"],"yoast_head":"<!-- This site is optimized with the Yoast SEO Premium plugin v25.3 (Yoast SEO v27.4) - https:\/\/yoast.com\/product\/yoast-seo-premium-wordpress\/ -->\n<title>Datenschutzrichtlinie - In\u00e9s Rosales<\/title>\n<meta name=\"robots\" content=\"noindex, nofollow\" \/>\n<meta property=\"og:locale\" content=\"de_DE\" \/>\n<meta property=\"og:type\" content=\"article\" \/>\n<meta property=\"og:title\" content=\"Datenschutzrichtlinie\" \/>\n<meta property=\"og:description\" content=\"Datenschutzrichtlinie Die Gesch\u00e4ftsf\u00fchrung \/ das Leitungsgremium von IN\u00e9s Rosales S.A.U, ab jetzt die ENTIT\u00c4T (im Folgenden der Verantwortliche f\u00fcr die Verarbeitung), \u00fcbernimmt die h\u00f6chste Verantwortung und das Engagement f\u00fcr die Festlegung, Implementierung und Aufrechterhaltung dieser Datenschutzpolitik, wobei die kontinuierliche Verbesserung des Verantwortlichen f\u00fcr die Verarbeitung gew\u00e4hrleistet wird, um Exzellenz in Bezug auf die Einhaltung der [&hellip;]\" \/>\n<meta property=\"og:url\" content=\"https:\/\/inesrosales.com\/de\/datenschutzrichtlinie\/\" \/>\n<meta property=\"og:site_name\" content=\"In\u00e9s Rosales\" \/>\n<meta property=\"article:modified_time\" content=\"2024-12-31T09:07:45+00:00\" \/>\n<meta name=\"twitter:card\" content=\"summary_large_image\" \/>\n<meta name=\"twitter:label1\" content=\"Gesch\u00e4tzte Lesezeit\" \/>\n\t<meta name=\"twitter:data1\" content=\"3\u00a0Minuten\" \/>\n<script type=\"application\/ld+json\" class=\"yoast-schema-graph\">{\"@context\":\"https:\\\/\\\/schema.org\",\"@graph\":[{\"@type\":\"WebPage\",\"@id\":\"https:\\\/\\\/inesrosales.com\\\/de\\\/datenschutzrichtlinie\\\/\",\"url\":\"https:\\\/\\\/inesrosales.com\\\/de\\\/datenschutzrichtlinie\\\/\",\"name\":\"Datenschutzrichtlinie - In\u00e9s Rosales\",\"isPartOf\":{\"@id\":\"https:\\\/\\\/inesrosales.com\\\/de\\\/#website\"},\"datePublished\":\"2024-12-17T14:05:15+00:00\",\"dateModified\":\"2024-12-31T09:07:45+00:00\",\"breadcrumb\":{\"@id\":\"https:\\\/\\\/inesrosales.com\\\/de\\\/datenschutzrichtlinie\\\/#breadcrumb\"},\"inLanguage\":\"de\",\"potentialAction\":[{\"@type\":\"ReadAction\",\"target\":[\"https:\\\/\\\/inesrosales.com\\\/de\\\/datenschutzrichtlinie\\\/\"]}]},{\"@type\":\"BreadcrumbList\",\"@id\":\"https:\\\/\\\/inesrosales.com\\\/de\\\/datenschutzrichtlinie\\\/#breadcrumb\",\"itemListElement\":[{\"@type\":\"ListItem\",\"position\":1,\"name\":\"Portada\",\"item\":\"https:\\\/\\\/inesrosales.com\\\/de\\\/\"},{\"@type\":\"ListItem\",\"position\":2,\"name\":\"Datenschutzrichtlinie\"}]},{\"@type\":\"WebSite\",\"@id\":\"https:\\\/\\\/inesrosales.com\\\/de\\\/#website\",\"url\":\"https:\\\/\\\/inesrosales.com\\\/de\\\/\",\"name\":\"In\u00e9s Rosales\",\"description\":\"Elaboramos las Leg\u00edtimas y Acreditadas Tortas de Aceite In\u00e9s Rosales. Elaboraci\u00f3n con productos 100% naturales y hechas con harina de Trigo, Aceite de Oliva Virgen Extra de Calidad Superior, az\u00facar y especias arom\u00e1ticas.  El mantenimiento de la elaboraci\u00f3n y acabado artesanal en su sentido m\u00e1s aut\u00e9ntico, junto a sus ingredientes naturales y la ausencia de aditivos, mejorantes y conservantes, le confieren un car\u00e1cter saludable.\",\"publisher\":{\"@id\":\"https:\\\/\\\/inesrosales.com\\\/de\\\/#organization\"},\"alternateName\":\"In\u00e9s Rosales\",\"potentialAction\":[{\"@type\":\"SearchAction\",\"target\":{\"@type\":\"EntryPoint\",\"urlTemplate\":\"https:\\\/\\\/inesrosales.com\\\/de\\\/?s={search_term_string}\"},\"query-input\":{\"@type\":\"PropertyValueSpecification\",\"valueRequired\":true,\"valueName\":\"search_term_string\"}}],\"inLanguage\":\"de\"},{\"@type\":\"Organization\",\"@id\":\"https:\\\/\\\/inesrosales.com\\\/de\\\/#organization\",\"name\":\"In\u00e9s Rosales\",\"url\":\"https:\\\/\\\/inesrosales.com\\\/de\\\/\",\"logo\":{\"@type\":\"ImageObject\",\"inLanguage\":\"de\",\"@id\":\"https:\\\/\\\/inesrosales.com\\\/de\\\/#\\\/schema\\\/logo\\\/image\\\/\",\"url\":\"https:\\\/\\\/inesrosales.com\\\/wp-content\\\/uploads\\\/2024\\\/12\\\/logo-ines-rosales.png\",\"contentUrl\":\"https:\\\/\\\/inesrosales.com\\\/wp-content\\\/uploads\\\/2024\\\/12\\\/logo-ines-rosales.png\",\"width\":384,\"height\":200,\"caption\":\"In\u00e9s Rosales\"},\"image\":{\"@id\":\"https:\\\/\\\/inesrosales.com\\\/de\\\/#\\\/schema\\\/logo\\\/image\\\/\"}}]}<\/script>\n<!-- \/ Yoast SEO Premium plugin. -->","yoast_head_json":{"title":"Datenschutzrichtlinie - In\u00e9s Rosales","robots":{"index":"noindex","follow":"nofollow"},"og_locale":"de_DE","og_type":"article","og_title":"Datenschutzrichtlinie","og_description":"Datenschutzrichtlinie Die Gesch\u00e4ftsf\u00fchrung \/ das Leitungsgremium von IN\u00e9s Rosales S.A.U, ab jetzt die ENTIT\u00c4T (im Folgenden der Verantwortliche f\u00fcr die Verarbeitung), \u00fcbernimmt die h\u00f6chste Verantwortung und das Engagement f\u00fcr die Festlegung, Implementierung und Aufrechterhaltung dieser Datenschutzpolitik, wobei die kontinuierliche Verbesserung des Verantwortlichen f\u00fcr die Verarbeitung gew\u00e4hrleistet wird, um Exzellenz in Bezug auf die Einhaltung der [&hellip;]","og_url":"https:\/\/inesrosales.com\/de\/datenschutzrichtlinie\/","og_site_name":"In\u00e9s Rosales","article_modified_time":"2024-12-31T09:07:45+00:00","twitter_card":"summary_large_image","twitter_misc":{"Gesch\u00e4tzte Lesezeit":"3\u00a0Minuten"},"schema":{"@context":"https:\/\/schema.org","@graph":[{"@type":"WebPage","@id":"https:\/\/inesrosales.com\/de\/datenschutzrichtlinie\/","url":"https:\/\/inesrosales.com\/de\/datenschutzrichtlinie\/","name":"Datenschutzrichtlinie - In\u00e9s Rosales","isPartOf":{"@id":"https:\/\/inesrosales.com\/de\/#website"},"datePublished":"2024-12-17T14:05:15+00:00","dateModified":"2024-12-31T09:07:45+00:00","breadcrumb":{"@id":"https:\/\/inesrosales.com\/de\/datenschutzrichtlinie\/#breadcrumb"},"inLanguage":"de","potentialAction":[{"@type":"ReadAction","target":["https:\/\/inesrosales.com\/de\/datenschutzrichtlinie\/"]}]},{"@type":"BreadcrumbList","@id":"https:\/\/inesrosales.com\/de\/datenschutzrichtlinie\/#breadcrumb","itemListElement":[{"@type":"ListItem","position":1,"name":"Portada","item":"https:\/\/inesrosales.com\/de\/"},{"@type":"ListItem","position":2,"name":"Datenschutzrichtlinie"}]},{"@type":"WebSite","@id":"https:\/\/inesrosales.com\/de\/#website","url":"https:\/\/inesrosales.com\/de\/","name":"In\u00e9s Rosales","description":"Elaboramos las Leg\u00edtimas y Acreditadas Tortas de Aceite In\u00e9s Rosales. Elaboraci\u00f3n con productos 100% naturales y hechas con harina de Trigo, Aceite de Oliva Virgen Extra de Calidad Superior, az\u00facar y especias arom\u00e1ticas.  El mantenimiento de la elaboraci\u00f3n y acabado artesanal en su sentido m\u00e1s aut\u00e9ntico, junto a sus ingredientes naturales y la ausencia de aditivos, mejorantes y conservantes, le confieren un car\u00e1cter saludable.","publisher":{"@id":"https:\/\/inesrosales.com\/de\/#organization"},"alternateName":"In\u00e9s Rosales","potentialAction":[{"@type":"SearchAction","target":{"@type":"EntryPoint","urlTemplate":"https:\/\/inesrosales.com\/de\/?s={search_term_string}"},"query-input":{"@type":"PropertyValueSpecification","valueRequired":true,"valueName":"search_term_string"}}],"inLanguage":"de"},{"@type":"Organization","@id":"https:\/\/inesrosales.com\/de\/#organization","name":"In\u00e9s Rosales","url":"https:\/\/inesrosales.com\/de\/","logo":{"@type":"ImageObject","inLanguage":"de","@id":"https:\/\/inesrosales.com\/de\/#\/schema\/logo\/image\/","url":"https:\/\/inesrosales.com\/wp-content\/uploads\/2024\/12\/logo-ines-rosales.png","contentUrl":"https:\/\/inesrosales.com\/wp-content\/uploads\/2024\/12\/logo-ines-rosales.png","width":384,"height":200,"caption":"In\u00e9s Rosales"},"image":{"@id":"https:\/\/inesrosales.com\/de\/#\/schema\/logo\/image\/"}}]}},"_links":{"self":[{"href":"https:\/\/inesrosales.com\/de\/wp-json\/wp\/v2\/pages\/1045795","targetHints":{"allow":["GET"]}}],"collection":[{"href":"https:\/\/inesrosales.com\/de\/wp-json\/wp\/v2\/pages"}],"about":[{"href":"https:\/\/inesrosales.com\/de\/wp-json\/wp\/v2\/types\/page"}],"author":[{"embeddable":true,"href":"https:\/\/inesrosales.com\/de\/wp-json\/wp\/v2\/users\/3"}],"replies":[{"embeddable":true,"href":"https:\/\/inesrosales.com\/de\/wp-json\/wp\/v2\/comments?post=1045795"}],"version-history":[{"count":1,"href":"https:\/\/inesrosales.com\/de\/wp-json\/wp\/v2\/pages\/1045795\/revisions"}],"predecessor-version":[{"id":1045796,"href":"https:\/\/inesrosales.com\/de\/wp-json\/wp\/v2\/pages\/1045795\/revisions\/1045796"}],"wp:attachment":[{"href":"https:\/\/inesrosales.com\/de\/wp-json\/wp\/v2\/media?parent=1045795"}],"curies":[{"name":"wp","href":"https:\/\/api.w.org\/{rel}","templated":true}]}}