{"id":1043218,"date":"2018-02-13T12:21:53","date_gmt":"2018-02-13T11:21:53","guid":{"rendered":"https:\/\/inesrosales.com\/producto\/torta-de-aceite-mit-orange-6-ud\/"},"modified":"2025-11-04T14:12:49","modified_gmt":"2025-11-04T13:12:49","slug":"torta-de-aceite-mit-orange-6-ud","status":"publish","type":"product","link":"https:\/\/inesrosales.com\/de\/producto\/torta-de-aceite-mit-orange-6-ud\/","title":{"rendered":"Torta de Aceite mit Orange (6 Ud)"},"content":{"rendered":"","protected":false},"excerpt":{"rendered":"<p>Der verf\u00fchrerische Duft und der exquisite Geschmack der Orangen aus <strong>Sevilla<\/strong> werden Sie in den Bann der Magie des S\u00fcdens im Fr\u00fchling ziehen. Die leichten Zitrusnoten verleihen ihr einen ganz besonderen Geschmack. Ein Geheimtipp? Die Torta passt hervorragend zu einem guten K\u00e4se.<\/p>\n<p>Unsere<strong> Tortas de Aceite<\/strong> mit <strong>Orange<\/strong> werden aus <strong>nativem Oliven\u00f6l extra<\/strong> und ausgew\u00e4hlten nat\u00fcrlichen Zutaten hergestellt, die typisch f\u00fcr <strong>die mediterrane<\/strong> K\u00fcche sind.<\/p>\n","protected":false},"featured_media":1039638,"template":"","meta":{"_joinchat":[]},"product_brand":[],"product_cat":[89],"product_tag":[121,125,124,123,118,126],"class_list":{"0":"post-1043218","1":"product","2":"type-product","3":"status-publish","4":"has-post-thumbnail","6":"product_cat-suse-tortas-ines-rosales","7":"product_tag-gebackenes","8":"product_tag-laktosefrei","9":"product_tag-ohne-ei","10":"product_tag-ohne-zusatzstoffe","11":"product_tag-olivenol","12":"product_tag-vegane","14":"first","15":"instock","16":"purchasable","17":"product-type-simple"},"yoast_head":"<!-- This site is optimized with the Yoast SEO Premium plugin v25.3 (Yoast SEO v27.4) - https:\/\/yoast.com\/product\/yoast-seo-premium-wordpress\/ -->\n<title>Torta de Aceite mit Orange (6 Ud) - In\u00e9s Rosales<\/title>\n<meta name=\"robots\" content=\"index, follow, max-snippet:-1, max-image-preview:large, max-video-preview:-1\" \/>\n<link rel=\"canonical\" href=\"https:\/\/inesrosales.com\/de\/producto\/torta-de-aceite-mit-orange-6-ud\/\" \/>\n<meta property=\"og:locale\" content=\"de_DE\" \/>\n<meta property=\"og:type\" content=\"article\" \/>\n<meta property=\"og:title\" content=\"Torta de Aceite mit Orange (6 Ud) - In\u00e9s Rosales\" \/>\n<meta property=\"og:description\" content=\"Der verf\u00fchrerische Duft und der exquisite Geschmack der Orangen aus Sevilla werden Sie in den Bann der Magie des S\u00fcdens im Fr\u00fchling ziehen. Die leichten Zitrusnoten verleihen ihr einen ganz besonderen Geschmack. Ein Geheimtipp? Die Torta passt hervorragend zu einem guten K\u00e4se.  Unsere Tortas de Aceite mit Orange werden aus nativem Oliven\u00f6l extra und ausgew\u00e4hlten nat\u00fcrlichen Zutaten hergestellt, die typisch f\u00fcr die mediterrane K\u00fcche sind.\" \/>\n<meta property=\"og:url\" content=\"https:\/\/inesrosales.com\/de\/producto\/torta-de-aceite-mit-orange-6-ud\/\" \/>\n<meta property=\"og:site_name\" content=\"In\u00e9s Rosales\" \/>\n<meta property=\"article:modified_time\" content=\"2025-11-04T13:12:49+00:00\" \/>\n<meta property=\"og:image\" content=\"https:\/\/inesrosales.com\/wp-content\/uploads\/2024\/12\/tortas-de-aceite-naranja.png\" \/>\n\t<meta property=\"og:image:width\" content=\"1128\" \/>\n\t<meta property=\"og:image:height\" content=\"1128\" \/>\n\t<meta property=\"og:image:type\" content=\"image\/png\" \/>\n<meta name=\"twitter:card\" content=\"summary_large_image\" \/>\n<meta name=\"twitter:label1\" content=\"Gesch\u00e4tzte Lesezeit\" \/>\n\t<meta name=\"twitter:data1\" content=\"1\u00a0Minute\" \/>\n<script type=\"application\/ld+json\" class=\"yoast-schema-graph\">{\"@context\":\"https:\\\/\\\/schema.org\",\"@graph\":[{\"@type\":\"WebPage\",\"@id\":\"https:\\\/\\\/inesrosales.com\\\/de\\\/producto\\\/torta-de-aceite-mit-orange-6-ud\\\/\",\"url\":\"https:\\\/\\\/inesrosales.com\\\/de\\\/producto\\\/torta-de-aceite-mit-orange-6-ud\\\/\",\"name\":\"Torta de Aceite mit Orange (6 Ud) - In\u00e9s Rosales\",\"isPartOf\":{\"@id\":\"https:\\\/\\\/inesrosales.com\\\/de\\\/#website\"},\"primaryImageOfPage\":{\"@id\":\"https:\\\/\\\/inesrosales.com\\\/de\\\/producto\\\/torta-de-aceite-mit-orange-6-ud\\\/#primaryimage\"},\"image\":{\"@id\":\"https:\\\/\\\/inesrosales.com\\\/de\\\/producto\\\/torta-de-aceite-mit-orange-6-ud\\\/#primaryimage\"},\"thumbnailUrl\":\"https:\\\/\\\/inesrosales.com\\\/wp-content\\\/uploads\\\/2024\\\/12\\\/tortas-de-aceite-naranja.png\",\"datePublished\":\"2018-02-13T11:21:53+00:00\",\"dateModified\":\"2025-11-04T13:12:49+00:00\",\"breadcrumb\":{\"@id\":\"https:\\\/\\\/inesrosales.com\\\/de\\\/producto\\\/torta-de-aceite-mit-orange-6-ud\\\/#breadcrumb\"},\"inLanguage\":\"de\",\"potentialAction\":[{\"@type\":\"ReadAction\",\"target\":[\"https:\\\/\\\/inesrosales.com\\\/de\\\/producto\\\/torta-de-aceite-mit-orange-6-ud\\\/\"]}]},{\"@type\":\"ImageObject\",\"inLanguage\":\"de\",\"@id\":\"https:\\\/\\\/inesrosales.com\\\/de\\\/producto\\\/torta-de-aceite-mit-orange-6-ud\\\/#primaryimage\",\"url\":\"https:\\\/\\\/inesrosales.com\\\/wp-content\\\/uploads\\\/2024\\\/12\\\/tortas-de-aceite-naranja.png\",\"contentUrl\":\"https:\\\/\\\/inesrosales.com\\\/wp-content\\\/uploads\\\/2024\\\/12\\\/tortas-de-aceite-naranja.png\",\"width\":1128,\"height\":1128},{\"@type\":\"BreadcrumbList\",\"@id\":\"https:\\\/\\\/inesrosales.com\\\/de\\\/producto\\\/torta-de-aceite-mit-orange-6-ud\\\/#breadcrumb\",\"itemListElement\":[{\"@type\":\"ListItem\",\"position\":1,\"name\":\"Portada\",\"item\":\"https:\\\/\\\/inesrosales.com\\\/de\\\/\"},{\"@type\":\"ListItem\",\"position\":2,\"name\":\"Shop\",\"item\":\"https:\\\/\\\/inesrosales.com\\\/de\\\/shop-2\\\/\"},{\"@type\":\"ListItem\",\"position\":3,\"name\":\"Torta de Aceite mit Orange (6 Ud)\"}]},{\"@type\":\"WebSite\",\"@id\":\"https:\\\/\\\/inesrosales.com\\\/de\\\/#website\",\"url\":\"https:\\\/\\\/inesrosales.com\\\/de\\\/\",\"name\":\"In\u00e9s Rosales\",\"description\":\"Elaboramos las Leg\u00edtimas y Acreditadas Tortas de Aceite In\u00e9s Rosales. Elaboraci\u00f3n con productos 100% naturales y hechas con harina de Trigo, Aceite de Oliva Virgen Extra de Calidad Superior, az\u00facar y especias arom\u00e1ticas.  El mantenimiento de la elaboraci\u00f3n y acabado artesanal en su sentido m\u00e1s aut\u00e9ntico, junto a sus ingredientes naturales y la ausencia de aditivos, mejorantes y conservantes, le confieren un car\u00e1cter saludable.\",\"publisher\":{\"@id\":\"https:\\\/\\\/inesrosales.com\\\/de\\\/#organization\"},\"alternateName\":\"In\u00e9s Rosales\",\"potentialAction\":[{\"@type\":\"SearchAction\",\"target\":{\"@type\":\"EntryPoint\",\"urlTemplate\":\"https:\\\/\\\/inesrosales.com\\\/de\\\/?s={search_term_string}\"},\"query-input\":{\"@type\":\"PropertyValueSpecification\",\"valueRequired\":true,\"valueName\":\"search_term_string\"}}],\"inLanguage\":\"de\"},{\"@type\":\"Organization\",\"@id\":\"https:\\\/\\\/inesrosales.com\\\/de\\\/#organization\",\"name\":\"In\u00e9s Rosales\",\"url\":\"https:\\\/\\\/inesrosales.com\\\/de\\\/\",\"logo\":{\"@type\":\"ImageObject\",\"inLanguage\":\"de\",\"@id\":\"https:\\\/\\\/inesrosales.com\\\/de\\\/#\\\/schema\\\/logo\\\/image\\\/\",\"url\":\"https:\\\/\\\/inesrosales.com\\\/wp-content\\\/uploads\\\/2024\\\/12\\\/logo-ines-rosales.png\",\"contentUrl\":\"https:\\\/\\\/inesrosales.com\\\/wp-content\\\/uploads\\\/2024\\\/12\\\/logo-ines-rosales.png\",\"width\":384,\"height\":200,\"caption\":\"In\u00e9s Rosales\"},\"image\":{\"@id\":\"https:\\\/\\\/inesrosales.com\\\/de\\\/#\\\/schema\\\/logo\\\/image\\\/\"}}]}<\/script>\n<!-- \/ Yoast SEO Premium plugin. -->","yoast_head_json":{"title":"Torta de Aceite mit Orange (6 Ud) - In\u00e9s Rosales","robots":{"index":"index","follow":"follow","max-snippet":"max-snippet:-1","max-image-preview":"max-image-preview:large","max-video-preview":"max-video-preview:-1"},"canonical":"https:\/\/inesrosales.com\/de\/producto\/torta-de-aceite-mit-orange-6-ud\/","og_locale":"de_DE","og_type":"article","og_title":"Torta de Aceite mit Orange (6 Ud) - In\u00e9s Rosales","og_description":"Der verf\u00fchrerische Duft und der exquisite Geschmack der Orangen aus Sevilla werden Sie in den Bann der Magie des S\u00fcdens im Fr\u00fchling ziehen. Die leichten Zitrusnoten verleihen ihr einen ganz besonderen Geschmack. Ein Geheimtipp? Die Torta passt hervorragend zu einem guten K\u00e4se.  Unsere Tortas de Aceite mit Orange werden aus nativem Oliven\u00f6l extra und ausgew\u00e4hlten nat\u00fcrlichen Zutaten hergestellt, die typisch f\u00fcr die mediterrane K\u00fcche sind.","og_url":"https:\/\/inesrosales.com\/de\/producto\/torta-de-aceite-mit-orange-6-ud\/","og_site_name":"In\u00e9s Rosales","article_modified_time":"2025-11-04T13:12:49+00:00","og_image":[{"width":1128,"height":1128,"url":"https:\/\/inesrosales.com\/wp-content\/uploads\/2024\/12\/tortas-de-aceite-naranja.png","type":"image\/png"}],"twitter_card":"summary_large_image","twitter_misc":{"Gesch\u00e4tzte Lesezeit":"1\u00a0Minute"},"schema":{"@context":"https:\/\/schema.org","@graph":[{"@type":"WebPage","@id":"https:\/\/inesrosales.com\/de\/producto\/torta-de-aceite-mit-orange-6-ud\/","url":"https:\/\/inesrosales.com\/de\/producto\/torta-de-aceite-mit-orange-6-ud\/","name":"Torta de Aceite mit Orange (6 Ud) - In\u00e9s Rosales","isPartOf":{"@id":"https:\/\/inesrosales.com\/de\/#website"},"primaryImageOfPage":{"@id":"https:\/\/inesrosales.com\/de\/producto\/torta-de-aceite-mit-orange-6-ud\/#primaryimage"},"image":{"@id":"https:\/\/inesrosales.com\/de\/producto\/torta-de-aceite-mit-orange-6-ud\/#primaryimage"},"thumbnailUrl":"https:\/\/inesrosales.com\/wp-content\/uploads\/2024\/12\/tortas-de-aceite-naranja.png","datePublished":"2018-02-13T11:21:53+00:00","dateModified":"2025-11-04T13:12:49+00:00","breadcrumb":{"@id":"https:\/\/inesrosales.com\/de\/producto\/torta-de-aceite-mit-orange-6-ud\/#breadcrumb"},"inLanguage":"de","potentialAction":[{"@type":"ReadAction","target":["https:\/\/inesrosales.com\/de\/producto\/torta-de-aceite-mit-orange-6-ud\/"]}]},{"@type":"ImageObject","inLanguage":"de","@id":"https:\/\/inesrosales.com\/de\/producto\/torta-de-aceite-mit-orange-6-ud\/#primaryimage","url":"https:\/\/inesrosales.com\/wp-content\/uploads\/2024\/12\/tortas-de-aceite-naranja.png","contentUrl":"https:\/\/inesrosales.com\/wp-content\/uploads\/2024\/12\/tortas-de-aceite-naranja.png","width":1128,"height":1128},{"@type":"BreadcrumbList","@id":"https:\/\/inesrosales.com\/de\/producto\/torta-de-aceite-mit-orange-6-ud\/#breadcrumb","itemListElement":[{"@type":"ListItem","position":1,"name":"Portada","item":"https:\/\/inesrosales.com\/de\/"},{"@type":"ListItem","position":2,"name":"Shop","item":"https:\/\/inesrosales.com\/de\/shop-2\/"},{"@type":"ListItem","position":3,"name":"Torta de Aceite mit Orange (6 Ud)"}]},{"@type":"WebSite","@id":"https:\/\/inesrosales.com\/de\/#website","url":"https:\/\/inesrosales.com\/de\/","name":"In\u00e9s Rosales","description":"Elaboramos las Leg\u00edtimas y Acreditadas Tortas de Aceite In\u00e9s Rosales. Elaboraci\u00f3n con productos 100% naturales y hechas con harina de Trigo, Aceite de Oliva Virgen Extra de Calidad Superior, az\u00facar y especias arom\u00e1ticas.  El mantenimiento de la elaboraci\u00f3n y acabado artesanal en su sentido m\u00e1s aut\u00e9ntico, junto a sus ingredientes naturales y la ausencia de aditivos, mejorantes y conservantes, le confieren un car\u00e1cter saludable.","publisher":{"@id":"https:\/\/inesrosales.com\/de\/#organization"},"alternateName":"In\u00e9s Rosales","potentialAction":[{"@type":"SearchAction","target":{"@type":"EntryPoint","urlTemplate":"https:\/\/inesrosales.com\/de\/?s={search_term_string}"},"query-input":{"@type":"PropertyValueSpecification","valueRequired":true,"valueName":"search_term_string"}}],"inLanguage":"de"},{"@type":"Organization","@id":"https:\/\/inesrosales.com\/de\/#organization","name":"In\u00e9s Rosales","url":"https:\/\/inesrosales.com\/de\/","logo":{"@type":"ImageObject","inLanguage":"de","@id":"https:\/\/inesrosales.com\/de\/#\/schema\/logo\/image\/","url":"https:\/\/inesrosales.com\/wp-content\/uploads\/2024\/12\/logo-ines-rosales.png","contentUrl":"https:\/\/inesrosales.com\/wp-content\/uploads\/2024\/12\/logo-ines-rosales.png","width":384,"height":200,"caption":"In\u00e9s Rosales"},"image":{"@id":"https:\/\/inesrosales.com\/de\/#\/schema\/logo\/image\/"}}]}},"_links":{"self":[{"href":"https:\/\/inesrosales.com\/de\/wp-json\/wp\/v2\/product\/1043218","targetHints":{"allow":["GET"]}}],"collection":[{"href":"https:\/\/inesrosales.com\/de\/wp-json\/wp\/v2\/product"}],"about":[{"href":"https:\/\/inesrosales.com\/de\/wp-json\/wp\/v2\/types\/product"}],"wp:featuredmedia":[{"embeddable":true,"href":"https:\/\/inesrosales.com\/de\/wp-json\/wp\/v2\/media\/1039638"}],"wp:attachment":[{"href":"https:\/\/inesrosales.com\/de\/wp-json\/wp\/v2\/media?parent=1043218"}],"wp:term":[{"taxonomy":"product_brand","embeddable":true,"href":"https:\/\/inesrosales.com\/de\/wp-json\/wp\/v2\/product_brand?post=1043218"},{"taxonomy":"product_cat","embeddable":true,"href":"https:\/\/inesrosales.com\/de\/wp-json\/wp\/v2\/product_cat?post=1043218"},{"taxonomy":"product_tag","embeddable":true,"href":"https:\/\/inesrosales.com\/de\/wp-json\/wp\/v2\/product_tag?post=1043218"}],"curies":[{"name":"wp","href":"https:\/\/api.w.org\/{rel}","templated":true}]}}