{"id":1043219,"date":"2018-05-02T07:47:51","date_gmt":"2018-05-02T05:47:51","guid":{"rendered":"https:\/\/inesrosales.com\/producto\/originale-torta-de-aceite-6-uds\/"},"modified":"2025-11-04T14:02:57","modified_gmt":"2025-11-04T13:02:57","slug":"originale-torta-de-aceite-6-uds","status":"publish","type":"product","link":"https:\/\/inesrosales.com\/de\/producto\/originale-torta-de-aceite-6-uds\/","title":{"rendered":"Originale Torta de Aceite (6 Uds)"},"content":{"rendered":"","protected":false},"excerpt":{"rendered":"<p>Originale Torta de Aceite von In\u00e9s Rosales wird <strong>seit 1910 nach demselben Originalrezept hergestellt.<\/strong> Die Formel wurde von In\u00e9s Rosales Cabello aus dem Familienerbe gerettet.<br \/>\nAnis und Sesam oder, wie meine Gro\u00dfmutter auf Spanisch sagen w\u00fcrde, <strong>Matalah\u00faga und Ajonjol\u00ed<\/strong>&#8230; Der Geschmack des Familienerbes versetzt uns in vergangene Zeiten zur\u00fcck. <strong>Ein wahrer Genuss f\u00fcr die Sinne, sie sind ideal f\u00fcr alle Gelegenheiten.<\/strong> Eine Reise durch den Gaumen, die dazu einl\u00e4dt, jederzeit genossen zu werden.<\/p>\n<p>Unsere Originale Tortas de Aceite werden einzeln von Hand hergestellt und bestehen aus nativem <strong>Oliven\u00f6l extra und ausgew\u00e4hlten nat\u00fcrlichen Zutaten<\/strong>, die typisch f\u00fcr die Mittelmeerdi\u00e4t sind. <strong>Jeder Kuchen ist einzigartig und unwiederholbar dank der zarten H\u00e4nde, die ihn formen, bevor er im Ofen ger\u00f6stet wird.<\/strong><\/p>\n","protected":false},"featured_media":1045954,"template":"","meta":{"_joinchat":[]},"product_brand":[],"product_cat":[89],"product_tag":[121,120,125,124,123,118,122,126],"class_list":{"0":"post-1043219","1":"product","2":"type-product","3":"status-publish","4":"has-post-thumbnail","6":"product_cat-suse-tortas-ines-rosales","7":"product_tag-gebackenes","8":"product_tag-handgefertigt","9":"product_tag-laktosefrei","10":"product_tag-ohne-ei","11":"product_tag-ohne-zusatzstoffe","12":"product_tag-olivenol","13":"product_tag-originalrezept","14":"product_tag-vegane","15":"venta-espana","17":"first","18":"instock","19":"purchasable","20":"product-type-simple"},"yoast_head":"<!-- This site is optimized with the Yoast SEO Premium plugin v25.3 (Yoast SEO v27.4) - https:\/\/yoast.com\/product\/yoast-seo-premium-wordpress\/ -->\n<title>Originale Torta de Aceite (6 Uds) - In\u00e9s Rosales<\/title>\n<meta name=\"robots\" content=\"index, follow, max-snippet:-1, max-image-preview:large, max-video-preview:-1\" \/>\n<link rel=\"canonical\" href=\"https:\/\/inesrosales.com\/de\/producto\/originale-torta-de-aceite-6-uds\/\" \/>\n<meta property=\"og:locale\" content=\"de_DE\" \/>\n<meta property=\"og:type\" content=\"article\" \/>\n<meta property=\"og:title\" content=\"Originale Torta de Aceite (6 Uds) - In\u00e9s Rosales\" \/>\n<meta property=\"og:description\" content=\"Originale Torta de Aceite von In\u00e9s Rosales wird seit 1910 nach demselben Originalrezept hergestellt. Die Formel wurde von In\u00e9s Rosales Cabello aus dem Familienerbe gerettet. Anis und Sesam oder, wie meine Gro\u00dfmutter auf Spanisch sagen w\u00fcrde, Matalah\u00faga und Ajonjol\u00ed... Der Geschmack des Familienerbes versetzt uns in vergangene Zeiten zur\u00fcck. Ein wahrer Genuss f\u00fcr die Sinne, sie sind ideal f\u00fcr alle Gelegenheiten. Eine Reise durch den Gaumen, die dazu einl\u00e4dt, jederzeit genossen zu werden.  Unsere Originale Tortas de Aceite werden einzeln von Hand hergestellt und bestehen aus nativem Oliven\u00f6l extra und ausgew\u00e4hlten nat\u00fcrlichen Zutaten, die typisch f\u00fcr die Mittelmeerdi\u00e4t sind. Jeder Kuchen ist einzigartig und unwiederholbar dank der zarten H\u00e4nde, die ihn formen, bevor er im Ofen ger\u00f6stet wird.\" \/>\n<meta property=\"og:url\" content=\"https:\/\/inesrosales.com\/de\/producto\/originale-torta-de-aceite-6-uds\/\" \/>\n<meta property=\"og:site_name\" content=\"In\u00e9s Rosales\" \/>\n<meta property=\"article:modified_time\" content=\"2025-11-04T13:02:57+00:00\" \/>\n<meta property=\"og:image\" content=\"https:\/\/inesrosales.com\/wp-content\/uploads\/2024\/12\/tortas-de-aceite-2-1.png\" \/>\n\t<meta property=\"og:image:width\" content=\"1128\" \/>\n\t<meta property=\"og:image:height\" content=\"1128\" \/>\n\t<meta property=\"og:image:type\" content=\"image\/png\" \/>\n<meta name=\"twitter:card\" content=\"summary_large_image\" \/>\n<meta name=\"twitter:label1\" content=\"Gesch\u00e4tzte Lesezeit\" \/>\n\t<meta name=\"twitter:data1\" content=\"1\u00a0Minute\" \/>\n<script type=\"application\/ld+json\" class=\"yoast-schema-graph\">{\"@context\":\"https:\\\/\\\/schema.org\",\"@graph\":[{\"@type\":\"WebPage\",\"@id\":\"https:\\\/\\\/inesrosales.com\\\/de\\\/producto\\\/originale-torta-de-aceite-6-uds\\\/\",\"url\":\"https:\\\/\\\/inesrosales.com\\\/de\\\/producto\\\/originale-torta-de-aceite-6-uds\\\/\",\"name\":\"Originale Torta de Aceite (6 Uds) - In\u00e9s Rosales\",\"isPartOf\":{\"@id\":\"https:\\\/\\\/inesrosales.com\\\/de\\\/#website\"},\"primaryImageOfPage\":{\"@id\":\"https:\\\/\\\/inesrosales.com\\\/de\\\/producto\\\/originale-torta-de-aceite-6-uds\\\/#primaryimage\"},\"image\":{\"@id\":\"https:\\\/\\\/inesrosales.com\\\/de\\\/producto\\\/originale-torta-de-aceite-6-uds\\\/#primaryimage\"},\"thumbnailUrl\":\"https:\\\/\\\/inesrosales.com\\\/wp-content\\\/uploads\\\/2024\\\/12\\\/tortas-de-aceite-2-1.png\",\"datePublished\":\"2018-05-02T05:47:51+00:00\",\"dateModified\":\"2025-11-04T13:02:57+00:00\",\"breadcrumb\":{\"@id\":\"https:\\\/\\\/inesrosales.com\\\/de\\\/producto\\\/originale-torta-de-aceite-6-uds\\\/#breadcrumb\"},\"inLanguage\":\"de\",\"potentialAction\":[{\"@type\":\"ReadAction\",\"target\":[\"https:\\\/\\\/inesrosales.com\\\/de\\\/producto\\\/originale-torta-de-aceite-6-uds\\\/\"]}]},{\"@type\":\"ImageObject\",\"inLanguage\":\"de\",\"@id\":\"https:\\\/\\\/inesrosales.com\\\/de\\\/producto\\\/originale-torta-de-aceite-6-uds\\\/#primaryimage\",\"url\":\"https:\\\/\\\/inesrosales.com\\\/wp-content\\\/uploads\\\/2024\\\/12\\\/tortas-de-aceite-2-1.png\",\"contentUrl\":\"https:\\\/\\\/inesrosales.com\\\/wp-content\\\/uploads\\\/2024\\\/12\\\/tortas-de-aceite-2-1.png\",\"width\":1128,\"height\":1128,\"caption\":\"Tortas de aceite original de In\u00e9s Rosales.\"},{\"@type\":\"BreadcrumbList\",\"@id\":\"https:\\\/\\\/inesrosales.com\\\/de\\\/producto\\\/originale-torta-de-aceite-6-uds\\\/#breadcrumb\",\"itemListElement\":[{\"@type\":\"ListItem\",\"position\":1,\"name\":\"Portada\",\"item\":\"https:\\\/\\\/inesrosales.com\\\/de\\\/\"},{\"@type\":\"ListItem\",\"position\":2,\"name\":\"Shop\",\"item\":\"https:\\\/\\\/inesrosales.com\\\/de\\\/shop-2\\\/\"},{\"@type\":\"ListItem\",\"position\":3,\"name\":\"Originale Torta de Aceite (6 Uds)\"}]},{\"@type\":\"WebSite\",\"@id\":\"https:\\\/\\\/inesrosales.com\\\/de\\\/#website\",\"url\":\"https:\\\/\\\/inesrosales.com\\\/de\\\/\",\"name\":\"In\u00e9s Rosales\",\"description\":\"Elaboramos las Leg\u00edtimas y Acreditadas Tortas de Aceite In\u00e9s Rosales. Elaboraci\u00f3n con productos 100% naturales y hechas con harina de Trigo, Aceite de Oliva Virgen Extra de Calidad Superior, az\u00facar y especias arom\u00e1ticas.  El mantenimiento de la elaboraci\u00f3n y acabado artesanal en su sentido m\u00e1s aut\u00e9ntico, junto a sus ingredientes naturales y la ausencia de aditivos, mejorantes y conservantes, le confieren un car\u00e1cter saludable.\",\"publisher\":{\"@id\":\"https:\\\/\\\/inesrosales.com\\\/de\\\/#organization\"},\"alternateName\":\"In\u00e9s Rosales\",\"potentialAction\":[{\"@type\":\"SearchAction\",\"target\":{\"@type\":\"EntryPoint\",\"urlTemplate\":\"https:\\\/\\\/inesrosales.com\\\/de\\\/?s={search_term_string}\"},\"query-input\":{\"@type\":\"PropertyValueSpecification\",\"valueRequired\":true,\"valueName\":\"search_term_string\"}}],\"inLanguage\":\"de\"},{\"@type\":\"Organization\",\"@id\":\"https:\\\/\\\/inesrosales.com\\\/de\\\/#organization\",\"name\":\"In\u00e9s Rosales\",\"url\":\"https:\\\/\\\/inesrosales.com\\\/de\\\/\",\"logo\":{\"@type\":\"ImageObject\",\"inLanguage\":\"de\",\"@id\":\"https:\\\/\\\/inesrosales.com\\\/de\\\/#\\\/schema\\\/logo\\\/image\\\/\",\"url\":\"https:\\\/\\\/inesrosales.com\\\/wp-content\\\/uploads\\\/2024\\\/12\\\/logo-ines-rosales.png\",\"contentUrl\":\"https:\\\/\\\/inesrosales.com\\\/wp-content\\\/uploads\\\/2024\\\/12\\\/logo-ines-rosales.png\",\"width\":384,\"height\":200,\"caption\":\"In\u00e9s Rosales\"},\"image\":{\"@id\":\"https:\\\/\\\/inesrosales.com\\\/de\\\/#\\\/schema\\\/logo\\\/image\\\/\"}}]}<\/script>\n<!-- \/ Yoast SEO Premium plugin. -->","yoast_head_json":{"title":"Originale Torta de Aceite (6 Uds) - In\u00e9s Rosales","robots":{"index":"index","follow":"follow","max-snippet":"max-snippet:-1","max-image-preview":"max-image-preview:large","max-video-preview":"max-video-preview:-1"},"canonical":"https:\/\/inesrosales.com\/de\/producto\/originale-torta-de-aceite-6-uds\/","og_locale":"de_DE","og_type":"article","og_title":"Originale Torta de Aceite (6 Uds) - In\u00e9s Rosales","og_description":"Originale Torta de Aceite von In\u00e9s Rosales wird seit 1910 nach demselben Originalrezept hergestellt. Die Formel wurde von In\u00e9s Rosales Cabello aus dem Familienerbe gerettet. Anis und Sesam oder, wie meine Gro\u00dfmutter auf Spanisch sagen w\u00fcrde, Matalah\u00faga und Ajonjol\u00ed... Der Geschmack des Familienerbes versetzt uns in vergangene Zeiten zur\u00fcck. Ein wahrer Genuss f\u00fcr die Sinne, sie sind ideal f\u00fcr alle Gelegenheiten. Eine Reise durch den Gaumen, die dazu einl\u00e4dt, jederzeit genossen zu werden.  Unsere Originale Tortas de Aceite werden einzeln von Hand hergestellt und bestehen aus nativem Oliven\u00f6l extra und ausgew\u00e4hlten nat\u00fcrlichen Zutaten, die typisch f\u00fcr die Mittelmeerdi\u00e4t sind. Jeder Kuchen ist einzigartig und unwiederholbar dank der zarten H\u00e4nde, die ihn formen, bevor er im Ofen ger\u00f6stet wird.","og_url":"https:\/\/inesrosales.com\/de\/producto\/originale-torta-de-aceite-6-uds\/","og_site_name":"In\u00e9s Rosales","article_modified_time":"2025-11-04T13:02:57+00:00","og_image":[{"width":1128,"height":1128,"url":"https:\/\/inesrosales.com\/wp-content\/uploads\/2024\/12\/tortas-de-aceite-2-1.png","type":"image\/png"}],"twitter_card":"summary_large_image","twitter_misc":{"Gesch\u00e4tzte Lesezeit":"1\u00a0Minute"},"schema":{"@context":"https:\/\/schema.org","@graph":[{"@type":"WebPage","@id":"https:\/\/inesrosales.com\/de\/producto\/originale-torta-de-aceite-6-uds\/","url":"https:\/\/inesrosales.com\/de\/producto\/originale-torta-de-aceite-6-uds\/","name":"Originale Torta de Aceite (6 Uds) - In\u00e9s Rosales","isPartOf":{"@id":"https:\/\/inesrosales.com\/de\/#website"},"primaryImageOfPage":{"@id":"https:\/\/inesrosales.com\/de\/producto\/originale-torta-de-aceite-6-uds\/#primaryimage"},"image":{"@id":"https:\/\/inesrosales.com\/de\/producto\/originale-torta-de-aceite-6-uds\/#primaryimage"},"thumbnailUrl":"https:\/\/inesrosales.com\/wp-content\/uploads\/2024\/12\/tortas-de-aceite-2-1.png","datePublished":"2018-05-02T05:47:51+00:00","dateModified":"2025-11-04T13:02:57+00:00","breadcrumb":{"@id":"https:\/\/inesrosales.com\/de\/producto\/originale-torta-de-aceite-6-uds\/#breadcrumb"},"inLanguage":"de","potentialAction":[{"@type":"ReadAction","target":["https:\/\/inesrosales.com\/de\/producto\/originale-torta-de-aceite-6-uds\/"]}]},{"@type":"ImageObject","inLanguage":"de","@id":"https:\/\/inesrosales.com\/de\/producto\/originale-torta-de-aceite-6-uds\/#primaryimage","url":"https:\/\/inesrosales.com\/wp-content\/uploads\/2024\/12\/tortas-de-aceite-2-1.png","contentUrl":"https:\/\/inesrosales.com\/wp-content\/uploads\/2024\/12\/tortas-de-aceite-2-1.png","width":1128,"height":1128,"caption":"Tortas de aceite original de In\u00e9s Rosales."},{"@type":"BreadcrumbList","@id":"https:\/\/inesrosales.com\/de\/producto\/originale-torta-de-aceite-6-uds\/#breadcrumb","itemListElement":[{"@type":"ListItem","position":1,"name":"Portada","item":"https:\/\/inesrosales.com\/de\/"},{"@type":"ListItem","position":2,"name":"Shop","item":"https:\/\/inesrosales.com\/de\/shop-2\/"},{"@type":"ListItem","position":3,"name":"Originale Torta de Aceite (6 Uds)"}]},{"@type":"WebSite","@id":"https:\/\/inesrosales.com\/de\/#website","url":"https:\/\/inesrosales.com\/de\/","name":"In\u00e9s Rosales","description":"Elaboramos las Leg\u00edtimas y Acreditadas Tortas de Aceite In\u00e9s Rosales. Elaboraci\u00f3n con productos 100% naturales y hechas con harina de Trigo, Aceite de Oliva Virgen Extra de Calidad Superior, az\u00facar y especias arom\u00e1ticas.  El mantenimiento de la elaboraci\u00f3n y acabado artesanal en su sentido m\u00e1s aut\u00e9ntico, junto a sus ingredientes naturales y la ausencia de aditivos, mejorantes y conservantes, le confieren un car\u00e1cter saludable.","publisher":{"@id":"https:\/\/inesrosales.com\/de\/#organization"},"alternateName":"In\u00e9s Rosales","potentialAction":[{"@type":"SearchAction","target":{"@type":"EntryPoint","urlTemplate":"https:\/\/inesrosales.com\/de\/?s={search_term_string}"},"query-input":{"@type":"PropertyValueSpecification","valueRequired":true,"valueName":"search_term_string"}}],"inLanguage":"de"},{"@type":"Organization","@id":"https:\/\/inesrosales.com\/de\/#organization","name":"In\u00e9s Rosales","url":"https:\/\/inesrosales.com\/de\/","logo":{"@type":"ImageObject","inLanguage":"de","@id":"https:\/\/inesrosales.com\/de\/#\/schema\/logo\/image\/","url":"https:\/\/inesrosales.com\/wp-content\/uploads\/2024\/12\/logo-ines-rosales.png","contentUrl":"https:\/\/inesrosales.com\/wp-content\/uploads\/2024\/12\/logo-ines-rosales.png","width":384,"height":200,"caption":"In\u00e9s Rosales"},"image":{"@id":"https:\/\/inesrosales.com\/de\/#\/schema\/logo\/image\/"}}]}},"_links":{"self":[{"href":"https:\/\/inesrosales.com\/de\/wp-json\/wp\/v2\/product\/1043219","targetHints":{"allow":["GET"]}}],"collection":[{"href":"https:\/\/inesrosales.com\/de\/wp-json\/wp\/v2\/product"}],"about":[{"href":"https:\/\/inesrosales.com\/de\/wp-json\/wp\/v2\/types\/product"}],"wp:featuredmedia":[{"embeddable":true,"href":"https:\/\/inesrosales.com\/de\/wp-json\/wp\/v2\/media\/1045954"}],"wp:attachment":[{"href":"https:\/\/inesrosales.com\/de\/wp-json\/wp\/v2\/media?parent=1043219"}],"wp:term":[{"taxonomy":"product_brand","embeddable":true,"href":"https:\/\/inesrosales.com\/de\/wp-json\/wp\/v2\/product_brand?post=1043219"},{"taxonomy":"product_cat","embeddable":true,"href":"https:\/\/inesrosales.com\/de\/wp-json\/wp\/v2\/product_cat?post=1043219"},{"taxonomy":"product_tag","embeddable":true,"href":"https:\/\/inesrosales.com\/de\/wp-json\/wp\/v2\/product_tag?post=1043219"}],"curies":[{"name":"wp","href":"https:\/\/api.w.org\/{rel}","templated":true}]}}