{"id":1043230,"date":"2024-11-11T12:33:06","date_gmt":"2024-11-11T11:33:06","guid":{"rendered":"https:\/\/inesrosales.com\/producto\/olkuchen-mit-ingwer-limitierte-auflage-4-und\/"},"modified":"2025-11-04T14:06:06","modified_gmt":"2025-11-04T13:06:06","slug":"olkuchen-mit-ingwer-limitierte-auflage-4-und","status":"publish","type":"product","link":"https:\/\/inesrosales.com\/de\/producto\/olkuchen-mit-ingwer-limitierte-auflage-4-und\/","title":{"rendered":"\u00d6lkuchen mit Ingwer (limitierte Auflage) &#8211; 4 und"},"content":{"rendered":"","protected":false},"excerpt":{"rendered":"<p>Entdecken Sie dieses <strong>Weihnachten<\/strong> die neue Sorte der \u00d6lkuchen mit Ingwer. Sorgt f\u00fcr Wohlbefinden und wirkt als Antioxidans. Ideal, um diese Jahreszeit zu genie\u00dfen. <strong>Eine limitierte Auflage<\/strong>, die nur online erh\u00e4ltlich ist. Lassen Sie sich diese k\u00f6stliche Vielfalt nicht entgehen!<\/p>\n","protected":false},"featured_media":1040939,"template":"","meta":{"_joinchat":[]},"product_brand":[],"product_cat":[87,89],"product_tag":[121,125,124,123,118,126],"class_list":{"0":"post-1043230","1":"product","2":"type-product","3":"status-publish","4":"has-post-thumbnail","6":"product_cat-ingwer","7":"product_cat-suse-tortas-ines-rosales","8":"product_tag-gebackenes","9":"product_tag-laktosefrei","10":"product_tag-ohne-ei","11":"product_tag-ohne-zusatzstoffe","12":"product_tag-olivenol","13":"product_tag-vegane","15":"first","16":"outofstock","17":"purchasable","18":"product-type-simple"},"yoast_head":"<!-- This site is optimized with the Yoast SEO Premium plugin v25.3 (Yoast SEO v27.4) - https:\/\/yoast.com\/product\/yoast-seo-premium-wordpress\/ -->\n<title>\u00d6lkuchen mit Ingwer (limitierte Auflage) - 4 und - In\u00e9s Rosales<\/title>\n<meta name=\"robots\" content=\"index, follow, max-snippet:-1, max-image-preview:large, max-video-preview:-1\" \/>\n<link rel=\"canonical\" href=\"https:\/\/inesrosales.com\/de\/producto\/olkuchen-mit-ingwer-limitierte-auflage-4-und\/\" \/>\n<meta property=\"og:locale\" content=\"de_DE\" \/>\n<meta property=\"og:type\" content=\"article\" \/>\n<meta property=\"og:title\" content=\"\u00d6lkuchen mit Ingwer (limitierte Auflage) - 4 und - In\u00e9s Rosales\" \/>\n<meta property=\"og:description\" content=\"Entdecken Sie dieses Weihnachten die neue Sorte der \u00d6lkuchen mit Ingwer. Sorgt f\u00fcr Wohlbefinden und wirkt als Antioxidans. Ideal, um diese Jahreszeit zu genie\u00dfen. Eine limitierte Auflage, die nur online erh\u00e4ltlich ist. Lassen Sie sich diese k\u00f6stliche Vielfalt nicht entgehen!\" \/>\n<meta property=\"og:url\" content=\"https:\/\/inesrosales.com\/de\/producto\/olkuchen-mit-ingwer-limitierte-auflage-4-und\/\" \/>\n<meta property=\"og:site_name\" content=\"In\u00e9s Rosales\" \/>\n<meta property=\"article:modified_time\" content=\"2025-11-04T13:06:06+00:00\" \/>\n<meta property=\"og:image\" content=\"https:\/\/inesrosales.com\/wp-content\/uploads\/2024\/12\/tortas-gengibre.png\" \/>\n\t<meta property=\"og:image:width\" content=\"1000\" \/>\n\t<meta property=\"og:image:height\" content=\"1000\" \/>\n\t<meta property=\"og:image:type\" content=\"image\/png\" \/>\n<meta name=\"twitter:card\" content=\"summary_large_image\" \/>\n<meta name=\"twitter:label1\" content=\"Gesch\u00e4tzte Lesezeit\" \/>\n\t<meta name=\"twitter:data1\" content=\"1\u00a0Minute\" \/>\n<script type=\"application\/ld+json\" class=\"yoast-schema-graph\">{\"@context\":\"https:\\\/\\\/schema.org\",\"@graph\":[{\"@type\":\"WebPage\",\"@id\":\"https:\\\/\\\/inesrosales.com\\\/de\\\/producto\\\/olkuchen-mit-ingwer-limitierte-auflage-4-und\\\/\",\"url\":\"https:\\\/\\\/inesrosales.com\\\/de\\\/producto\\\/olkuchen-mit-ingwer-limitierte-auflage-4-und\\\/\",\"name\":\"\u00d6lkuchen mit Ingwer (limitierte Auflage) - 4 und - In\u00e9s Rosales\",\"isPartOf\":{\"@id\":\"https:\\\/\\\/inesrosales.com\\\/de\\\/#website\"},\"primaryImageOfPage\":{\"@id\":\"https:\\\/\\\/inesrosales.com\\\/de\\\/producto\\\/olkuchen-mit-ingwer-limitierte-auflage-4-und\\\/#primaryimage\"},\"image\":{\"@id\":\"https:\\\/\\\/inesrosales.com\\\/de\\\/producto\\\/olkuchen-mit-ingwer-limitierte-auflage-4-und\\\/#primaryimage\"},\"thumbnailUrl\":\"https:\\\/\\\/inesrosales.com\\\/wp-content\\\/uploads\\\/2024\\\/12\\\/tortas-gengibre.png\",\"datePublished\":\"2024-11-11T11:33:06+00:00\",\"dateModified\":\"2025-11-04T13:06:06+00:00\",\"breadcrumb\":{\"@id\":\"https:\\\/\\\/inesrosales.com\\\/de\\\/producto\\\/olkuchen-mit-ingwer-limitierte-auflage-4-und\\\/#breadcrumb\"},\"inLanguage\":\"de\",\"potentialAction\":[{\"@type\":\"ReadAction\",\"target\":[\"https:\\\/\\\/inesrosales.com\\\/de\\\/producto\\\/olkuchen-mit-ingwer-limitierte-auflage-4-und\\\/\"]}]},{\"@type\":\"ImageObject\",\"inLanguage\":\"de\",\"@id\":\"https:\\\/\\\/inesrosales.com\\\/de\\\/producto\\\/olkuchen-mit-ingwer-limitierte-auflage-4-und\\\/#primaryimage\",\"url\":\"https:\\\/\\\/inesrosales.com\\\/wp-content\\\/uploads\\\/2024\\\/12\\\/tortas-gengibre.png\",\"contentUrl\":\"https:\\\/\\\/inesrosales.com\\\/wp-content\\\/uploads\\\/2024\\\/12\\\/tortas-gengibre.png\",\"width\":1000,\"height\":1000},{\"@type\":\"BreadcrumbList\",\"@id\":\"https:\\\/\\\/inesrosales.com\\\/de\\\/producto\\\/olkuchen-mit-ingwer-limitierte-auflage-4-und\\\/#breadcrumb\",\"itemListElement\":[{\"@type\":\"ListItem\",\"position\":1,\"name\":\"Portada\",\"item\":\"https:\\\/\\\/inesrosales.com\\\/de\\\/\"},{\"@type\":\"ListItem\",\"position\":2,\"name\":\"Shop\",\"item\":\"https:\\\/\\\/inesrosales.com\\\/de\\\/shop-2\\\/\"},{\"@type\":\"ListItem\",\"position\":3,\"name\":\"\u00d6lkuchen mit Ingwer (limitierte Auflage) &#8211; 4 und\"}]},{\"@type\":\"WebSite\",\"@id\":\"https:\\\/\\\/inesrosales.com\\\/de\\\/#website\",\"url\":\"https:\\\/\\\/inesrosales.com\\\/de\\\/\",\"name\":\"In\u00e9s Rosales\",\"description\":\"Elaboramos las Leg\u00edtimas y Acreditadas Tortas de Aceite In\u00e9s Rosales. Elaboraci\u00f3n con productos 100% naturales y hechas con harina de Trigo, Aceite de Oliva Virgen Extra de Calidad Superior, az\u00facar y especias arom\u00e1ticas.  El mantenimiento de la elaboraci\u00f3n y acabado artesanal en su sentido m\u00e1s aut\u00e9ntico, junto a sus ingredientes naturales y la ausencia de aditivos, mejorantes y conservantes, le confieren un car\u00e1cter saludable.\",\"publisher\":{\"@id\":\"https:\\\/\\\/inesrosales.com\\\/de\\\/#organization\"},\"alternateName\":\"In\u00e9s Rosales\",\"potentialAction\":[{\"@type\":\"SearchAction\",\"target\":{\"@type\":\"EntryPoint\",\"urlTemplate\":\"https:\\\/\\\/inesrosales.com\\\/de\\\/?s={search_term_string}\"},\"query-input\":{\"@type\":\"PropertyValueSpecification\",\"valueRequired\":true,\"valueName\":\"search_term_string\"}}],\"inLanguage\":\"de\"},{\"@type\":\"Organization\",\"@id\":\"https:\\\/\\\/inesrosales.com\\\/de\\\/#organization\",\"name\":\"In\u00e9s Rosales\",\"url\":\"https:\\\/\\\/inesrosales.com\\\/de\\\/\",\"logo\":{\"@type\":\"ImageObject\",\"inLanguage\":\"de\",\"@id\":\"https:\\\/\\\/inesrosales.com\\\/de\\\/#\\\/schema\\\/logo\\\/image\\\/\",\"url\":\"https:\\\/\\\/inesrosales.com\\\/wp-content\\\/uploads\\\/2024\\\/12\\\/logo-ines-rosales.png\",\"contentUrl\":\"https:\\\/\\\/inesrosales.com\\\/wp-content\\\/uploads\\\/2024\\\/12\\\/logo-ines-rosales.png\",\"width\":384,\"height\":200,\"caption\":\"In\u00e9s Rosales\"},\"image\":{\"@id\":\"https:\\\/\\\/inesrosales.com\\\/de\\\/#\\\/schema\\\/logo\\\/image\\\/\"}}]}<\/script>\n<!-- \/ Yoast SEO Premium plugin. -->","yoast_head_json":{"title":"\u00d6lkuchen mit Ingwer (limitierte Auflage) - 4 und - In\u00e9s Rosales","robots":{"index":"index","follow":"follow","max-snippet":"max-snippet:-1","max-image-preview":"max-image-preview:large","max-video-preview":"max-video-preview:-1"},"canonical":"https:\/\/inesrosales.com\/de\/producto\/olkuchen-mit-ingwer-limitierte-auflage-4-und\/","og_locale":"de_DE","og_type":"article","og_title":"\u00d6lkuchen mit Ingwer (limitierte Auflage) - 4 und - In\u00e9s Rosales","og_description":"Entdecken Sie dieses Weihnachten die neue Sorte der \u00d6lkuchen mit Ingwer. Sorgt f\u00fcr Wohlbefinden und wirkt als Antioxidans. Ideal, um diese Jahreszeit zu genie\u00dfen. Eine limitierte Auflage, die nur online erh\u00e4ltlich ist. Lassen Sie sich diese k\u00f6stliche Vielfalt nicht entgehen!","og_url":"https:\/\/inesrosales.com\/de\/producto\/olkuchen-mit-ingwer-limitierte-auflage-4-und\/","og_site_name":"In\u00e9s Rosales","article_modified_time":"2025-11-04T13:06:06+00:00","og_image":[{"width":1000,"height":1000,"url":"https:\/\/inesrosales.com\/wp-content\/uploads\/2024\/12\/tortas-gengibre.png","type":"image\/png"}],"twitter_card":"summary_large_image","twitter_misc":{"Gesch\u00e4tzte Lesezeit":"1\u00a0Minute"},"schema":{"@context":"https:\/\/schema.org","@graph":[{"@type":"WebPage","@id":"https:\/\/inesrosales.com\/de\/producto\/olkuchen-mit-ingwer-limitierte-auflage-4-und\/","url":"https:\/\/inesrosales.com\/de\/producto\/olkuchen-mit-ingwer-limitierte-auflage-4-und\/","name":"\u00d6lkuchen mit Ingwer (limitierte Auflage) - 4 und - In\u00e9s Rosales","isPartOf":{"@id":"https:\/\/inesrosales.com\/de\/#website"},"primaryImageOfPage":{"@id":"https:\/\/inesrosales.com\/de\/producto\/olkuchen-mit-ingwer-limitierte-auflage-4-und\/#primaryimage"},"image":{"@id":"https:\/\/inesrosales.com\/de\/producto\/olkuchen-mit-ingwer-limitierte-auflage-4-und\/#primaryimage"},"thumbnailUrl":"https:\/\/inesrosales.com\/wp-content\/uploads\/2024\/12\/tortas-gengibre.png","datePublished":"2024-11-11T11:33:06+00:00","dateModified":"2025-11-04T13:06:06+00:00","breadcrumb":{"@id":"https:\/\/inesrosales.com\/de\/producto\/olkuchen-mit-ingwer-limitierte-auflage-4-und\/#breadcrumb"},"inLanguage":"de","potentialAction":[{"@type":"ReadAction","target":["https:\/\/inesrosales.com\/de\/producto\/olkuchen-mit-ingwer-limitierte-auflage-4-und\/"]}]},{"@type":"ImageObject","inLanguage":"de","@id":"https:\/\/inesrosales.com\/de\/producto\/olkuchen-mit-ingwer-limitierte-auflage-4-und\/#primaryimage","url":"https:\/\/inesrosales.com\/wp-content\/uploads\/2024\/12\/tortas-gengibre.png","contentUrl":"https:\/\/inesrosales.com\/wp-content\/uploads\/2024\/12\/tortas-gengibre.png","width":1000,"height":1000},{"@type":"BreadcrumbList","@id":"https:\/\/inesrosales.com\/de\/producto\/olkuchen-mit-ingwer-limitierte-auflage-4-und\/#breadcrumb","itemListElement":[{"@type":"ListItem","position":1,"name":"Portada","item":"https:\/\/inesrosales.com\/de\/"},{"@type":"ListItem","position":2,"name":"Shop","item":"https:\/\/inesrosales.com\/de\/shop-2\/"},{"@type":"ListItem","position":3,"name":"\u00d6lkuchen mit Ingwer (limitierte Auflage) &#8211; 4 und"}]},{"@type":"WebSite","@id":"https:\/\/inesrosales.com\/de\/#website","url":"https:\/\/inesrosales.com\/de\/","name":"In\u00e9s Rosales","description":"Elaboramos las Leg\u00edtimas y Acreditadas Tortas de Aceite In\u00e9s Rosales. Elaboraci\u00f3n con productos 100% naturales y hechas con harina de Trigo, Aceite de Oliva Virgen Extra de Calidad Superior, az\u00facar y especias arom\u00e1ticas.  El mantenimiento de la elaboraci\u00f3n y acabado artesanal en su sentido m\u00e1s aut\u00e9ntico, junto a sus ingredientes naturales y la ausencia de aditivos, mejorantes y conservantes, le confieren un car\u00e1cter saludable.","publisher":{"@id":"https:\/\/inesrosales.com\/de\/#organization"},"alternateName":"In\u00e9s Rosales","potentialAction":[{"@type":"SearchAction","target":{"@type":"EntryPoint","urlTemplate":"https:\/\/inesrosales.com\/de\/?s={search_term_string}"},"query-input":{"@type":"PropertyValueSpecification","valueRequired":true,"valueName":"search_term_string"}}],"inLanguage":"de"},{"@type":"Organization","@id":"https:\/\/inesrosales.com\/de\/#organization","name":"In\u00e9s Rosales","url":"https:\/\/inesrosales.com\/de\/","logo":{"@type":"ImageObject","inLanguage":"de","@id":"https:\/\/inesrosales.com\/de\/#\/schema\/logo\/image\/","url":"https:\/\/inesrosales.com\/wp-content\/uploads\/2024\/12\/logo-ines-rosales.png","contentUrl":"https:\/\/inesrosales.com\/wp-content\/uploads\/2024\/12\/logo-ines-rosales.png","width":384,"height":200,"caption":"In\u00e9s Rosales"},"image":{"@id":"https:\/\/inesrosales.com\/de\/#\/schema\/logo\/image\/"}}]}},"_links":{"self":[{"href":"https:\/\/inesrosales.com\/de\/wp-json\/wp\/v2\/product\/1043230","targetHints":{"allow":["GET"]}}],"collection":[{"href":"https:\/\/inesrosales.com\/de\/wp-json\/wp\/v2\/product"}],"about":[{"href":"https:\/\/inesrosales.com\/de\/wp-json\/wp\/v2\/types\/product"}],"wp:featuredmedia":[{"embeddable":true,"href":"https:\/\/inesrosales.com\/de\/wp-json\/wp\/v2\/media\/1040939"}],"wp:attachment":[{"href":"https:\/\/inesrosales.com\/de\/wp-json\/wp\/v2\/media?parent=1043230"}],"wp:term":[{"taxonomy":"product_brand","embeddable":true,"href":"https:\/\/inesrosales.com\/de\/wp-json\/wp\/v2\/product_brand?post=1043230"},{"taxonomy":"product_cat","embeddable":true,"href":"https:\/\/inesrosales.com\/de\/wp-json\/wp\/v2\/product_cat?post=1043230"},{"taxonomy":"product_tag","embeddable":true,"href":"https:\/\/inesrosales.com\/de\/wp-json\/wp\/v2\/product_tag?post=1043230"}],"curies":[{"name":"wp","href":"https:\/\/api.w.org\/{rel}","templated":true}]}}