{"id":1043244,"date":"2021-10-08T10:45:23","date_gmt":"2021-10-08T08:45:23","guid":{"rendered":"https:\/\/inesrosales.com\/producto\/pfannkuchen-mit-kokosnuss-6-stuck\/"},"modified":"2025-11-04T15:31:26","modified_gmt":"2025-11-04T14:31:26","slug":"pfannkuchen-mit-kokosnuss-4-stuck","status":"publish","type":"product","link":"https:\/\/inesrosales.com\/de\/producto\/pfannkuchen-mit-kokosnuss-4-stuck\/","title":{"rendered":"Pfannkuchen mit Kokosnuss (4 St\u00fcck)"},"content":{"rendered":"","protected":false},"excerpt":{"rendered":"<p>Der unverwechselbare <strong>Geschmack<\/strong> und die <strong>Textur<\/strong> von <strong>In\u00e9s Rosales<\/strong> Pancakes, jetzt mit einer neuen Zutat: <strong>COCO<\/strong>. Ihr besonderer Geschmack macht sie zu Ihrem Lieblingsfr\u00fchst\u00fcck und -snack. Einzeln verpackt, damit Sie sie immer bei sich tragen k\u00f6nnen.<\/p>\n<p>Packung mit 180 g und 6 Einheiten<br \/>\n<img loading=\"lazy\" decoding=\"async\" class=\"wp-image-1012089 alignnone\" src=\"https:\/\/inesrosales.com\/wp-content\/uploads\/2018\/02\/ACEITE-GIRASOL-ALTO-OLEICO.jpg\" alt=\"\" width=\"107\" height=\"76\" \/><\/p>\n","protected":false},"featured_media":1053522,"template":"","meta":{"_joinchat":[]},"product_brand":[],"product_cat":[85],"product_tag":[121,119,123,126],"class_list":{"0":"post-1043244","1":"product","2":"type-product","3":"status-publish","4":"has-post-thumbnail","6":"product_cat-spezialitaten","7":"product_tag-gebackenes","8":"product_tag-hohe-olsaure","9":"product_tag-ohne-zusatzstoffe","10":"product_tag-vegane","12":"first","13":"instock","14":"purchasable","15":"product-type-simple"},"yoast_head":"<!-- This site is optimized with the Yoast SEO Premium plugin v25.3 (Yoast SEO v27.4) - https:\/\/yoast.com\/product\/yoast-seo-premium-wordpress\/ -->\n<title>Pfannkuchen mit Kokosnuss (4 St\u00fcck) - In\u00e9s Rosales<\/title>\n<meta name=\"robots\" content=\"index, follow, max-snippet:-1, max-image-preview:large, max-video-preview:-1\" \/>\n<link rel=\"canonical\" href=\"https:\/\/inesrosales.com\/de\/producto\/pfannkuchen-mit-kokosnuss-4-stuck\/\" \/>\n<meta property=\"og:locale\" content=\"de_DE\" \/>\n<meta property=\"og:type\" content=\"article\" \/>\n<meta property=\"og:title\" content=\"Pfannkuchen mit Kokosnuss (4 St\u00fcck) - In\u00e9s Rosales\" \/>\n<meta property=\"og:description\" content=\"Der unverwechselbare Geschmack und die Textur von In\u00e9s Rosales Pancakes, jetzt mit einer neuen Zutat: COCO. Ihr besonderer Geschmack macht sie zu Ihrem Lieblingsfr\u00fchst\u00fcck und -snack. Einzeln verpackt, damit Sie sie immer bei sich tragen k\u00f6nnen.  Packung mit 180 g und 6 Einheiten\" \/>\n<meta property=\"og:url\" content=\"https:\/\/inesrosales.com\/de\/producto\/pfannkuchen-mit-kokosnuss-4-stuck\/\" \/>\n<meta property=\"og:site_name\" content=\"In\u00e9s Rosales\" \/>\n<meta property=\"article:modified_time\" content=\"2025-11-04T14:31:26+00:00\" \/>\n<meta property=\"og:image\" content=\"https:\/\/inesrosales.com\/wp-content\/uploads\/2021\/10\/TORTITAS-CON-COCO-4-UD.png\" \/>\n\t<meta property=\"og:image:width\" content=\"1080\" \/>\n\t<meta property=\"og:image:height\" content=\"1080\" \/>\n\t<meta property=\"og:image:type\" content=\"image\/png\" \/>\n<meta name=\"twitter:card\" content=\"summary_large_image\" \/>\n<meta name=\"twitter:label1\" content=\"Gesch\u00e4tzte Lesezeit\" \/>\n\t<meta name=\"twitter:data1\" content=\"1\u00a0Minute\" \/>\n<script type=\"application\/ld+json\" class=\"yoast-schema-graph\">{\"@context\":\"https:\\\/\\\/schema.org\",\"@graph\":[{\"@type\":\"WebPage\",\"@id\":\"https:\\\/\\\/inesrosales.com\\\/de\\\/producto\\\/pfannkuchen-mit-kokosnuss-4-stuck\\\/\",\"url\":\"https:\\\/\\\/inesrosales.com\\\/de\\\/producto\\\/pfannkuchen-mit-kokosnuss-4-stuck\\\/\",\"name\":\"Pfannkuchen mit Kokosnuss (4 St\u00fcck) - In\u00e9s Rosales\",\"isPartOf\":{\"@id\":\"https:\\\/\\\/inesrosales.com\\\/de\\\/#website\"},\"primaryImageOfPage\":{\"@id\":\"https:\\\/\\\/inesrosales.com\\\/de\\\/producto\\\/pfannkuchen-mit-kokosnuss-4-stuck\\\/#primaryimage\"},\"image\":{\"@id\":\"https:\\\/\\\/inesrosales.com\\\/de\\\/producto\\\/pfannkuchen-mit-kokosnuss-4-stuck\\\/#primaryimage\"},\"thumbnailUrl\":\"https:\\\/\\\/inesrosales.com\\\/wp-content\\\/uploads\\\/2021\\\/10\\\/TORTITAS-CON-COCO-4-UD.png\",\"datePublished\":\"2021-10-08T08:45:23+00:00\",\"dateModified\":\"2025-11-04T14:31:26+00:00\",\"breadcrumb\":{\"@id\":\"https:\\\/\\\/inesrosales.com\\\/de\\\/producto\\\/pfannkuchen-mit-kokosnuss-4-stuck\\\/#breadcrumb\"},\"inLanguage\":\"de\",\"potentialAction\":[{\"@type\":\"ReadAction\",\"target\":[\"https:\\\/\\\/inesrosales.com\\\/de\\\/producto\\\/pfannkuchen-mit-kokosnuss-4-stuck\\\/\"]}]},{\"@type\":\"ImageObject\",\"inLanguage\":\"de\",\"@id\":\"https:\\\/\\\/inesrosales.com\\\/de\\\/producto\\\/pfannkuchen-mit-kokosnuss-4-stuck\\\/#primaryimage\",\"url\":\"https:\\\/\\\/inesrosales.com\\\/wp-content\\\/uploads\\\/2021\\\/10\\\/TORTITAS-CON-COCO-4-UD.png\",\"contentUrl\":\"https:\\\/\\\/inesrosales.com\\\/wp-content\\\/uploads\\\/2021\\\/10\\\/TORTITAS-CON-COCO-4-UD.png\",\"width\":1080,\"height\":1080,\"caption\":\"Tortitas nevadas con coco de In\u00e9s Rosales\"},{\"@type\":\"BreadcrumbList\",\"@id\":\"https:\\\/\\\/inesrosales.com\\\/de\\\/producto\\\/pfannkuchen-mit-kokosnuss-4-stuck\\\/#breadcrumb\",\"itemListElement\":[{\"@type\":\"ListItem\",\"position\":1,\"name\":\"Portada\",\"item\":\"https:\\\/\\\/inesrosales.com\\\/de\\\/\"},{\"@type\":\"ListItem\",\"position\":2,\"name\":\"Shop\",\"item\":\"https:\\\/\\\/inesrosales.com\\\/de\\\/shop-2\\\/\"},{\"@type\":\"ListItem\",\"position\":3,\"name\":\"Pfannkuchen mit Kokosnuss (4 St\u00fcck)\"}]},{\"@type\":\"WebSite\",\"@id\":\"https:\\\/\\\/inesrosales.com\\\/de\\\/#website\",\"url\":\"https:\\\/\\\/inesrosales.com\\\/de\\\/\",\"name\":\"In\u00e9s Rosales\",\"description\":\"Elaboramos las Leg\u00edtimas y Acreditadas Tortas de Aceite In\u00e9s Rosales. Elaboraci\u00f3n con productos 100% naturales y hechas con harina de Trigo, Aceite de Oliva Virgen Extra de Calidad Superior, az\u00facar y especias arom\u00e1ticas.  El mantenimiento de la elaboraci\u00f3n y acabado artesanal en su sentido m\u00e1s aut\u00e9ntico, junto a sus ingredientes naturales y la ausencia de aditivos, mejorantes y conservantes, le confieren un car\u00e1cter saludable.\",\"publisher\":{\"@id\":\"https:\\\/\\\/inesrosales.com\\\/de\\\/#organization\"},\"alternateName\":\"In\u00e9s Rosales\",\"potentialAction\":[{\"@type\":\"SearchAction\",\"target\":{\"@type\":\"EntryPoint\",\"urlTemplate\":\"https:\\\/\\\/inesrosales.com\\\/de\\\/?s={search_term_string}\"},\"query-input\":{\"@type\":\"PropertyValueSpecification\",\"valueRequired\":true,\"valueName\":\"search_term_string\"}}],\"inLanguage\":\"de\"},{\"@type\":\"Organization\",\"@id\":\"https:\\\/\\\/inesrosales.com\\\/de\\\/#organization\",\"name\":\"In\u00e9s Rosales\",\"url\":\"https:\\\/\\\/inesrosales.com\\\/de\\\/\",\"logo\":{\"@type\":\"ImageObject\",\"inLanguage\":\"de\",\"@id\":\"https:\\\/\\\/inesrosales.com\\\/de\\\/#\\\/schema\\\/logo\\\/image\\\/\",\"url\":\"https:\\\/\\\/inesrosales.com\\\/wp-content\\\/uploads\\\/2024\\\/12\\\/logo-ines-rosales.png\",\"contentUrl\":\"https:\\\/\\\/inesrosales.com\\\/wp-content\\\/uploads\\\/2024\\\/12\\\/logo-ines-rosales.png\",\"width\":384,\"height\":200,\"caption\":\"In\u00e9s Rosales\"},\"image\":{\"@id\":\"https:\\\/\\\/inesrosales.com\\\/de\\\/#\\\/schema\\\/logo\\\/image\\\/\"}}]}<\/script>\n<!-- \/ Yoast SEO Premium plugin. -->","yoast_head_json":{"title":"Pfannkuchen mit Kokosnuss (4 St\u00fcck) - In\u00e9s Rosales","robots":{"index":"index","follow":"follow","max-snippet":"max-snippet:-1","max-image-preview":"max-image-preview:large","max-video-preview":"max-video-preview:-1"},"canonical":"https:\/\/inesrosales.com\/de\/producto\/pfannkuchen-mit-kokosnuss-4-stuck\/","og_locale":"de_DE","og_type":"article","og_title":"Pfannkuchen mit Kokosnuss (4 St\u00fcck) - In\u00e9s Rosales","og_description":"Der unverwechselbare Geschmack und die Textur von In\u00e9s Rosales Pancakes, jetzt mit einer neuen Zutat: COCO. Ihr besonderer Geschmack macht sie zu Ihrem Lieblingsfr\u00fchst\u00fcck und -snack. Einzeln verpackt, damit Sie sie immer bei sich tragen k\u00f6nnen.  Packung mit 180 g und 6 Einheiten","og_url":"https:\/\/inesrosales.com\/de\/producto\/pfannkuchen-mit-kokosnuss-4-stuck\/","og_site_name":"In\u00e9s Rosales","article_modified_time":"2025-11-04T14:31:26+00:00","og_image":[{"width":1080,"height":1080,"url":"https:\/\/inesrosales.com\/wp-content\/uploads\/2021\/10\/TORTITAS-CON-COCO-4-UD.png","type":"image\/png"}],"twitter_card":"summary_large_image","twitter_misc":{"Gesch\u00e4tzte Lesezeit":"1\u00a0Minute"},"schema":{"@context":"https:\/\/schema.org","@graph":[{"@type":"WebPage","@id":"https:\/\/inesrosales.com\/de\/producto\/pfannkuchen-mit-kokosnuss-4-stuck\/","url":"https:\/\/inesrosales.com\/de\/producto\/pfannkuchen-mit-kokosnuss-4-stuck\/","name":"Pfannkuchen mit Kokosnuss (4 St\u00fcck) - In\u00e9s Rosales","isPartOf":{"@id":"https:\/\/inesrosales.com\/de\/#website"},"primaryImageOfPage":{"@id":"https:\/\/inesrosales.com\/de\/producto\/pfannkuchen-mit-kokosnuss-4-stuck\/#primaryimage"},"image":{"@id":"https:\/\/inesrosales.com\/de\/producto\/pfannkuchen-mit-kokosnuss-4-stuck\/#primaryimage"},"thumbnailUrl":"https:\/\/inesrosales.com\/wp-content\/uploads\/2021\/10\/TORTITAS-CON-COCO-4-UD.png","datePublished":"2021-10-08T08:45:23+00:00","dateModified":"2025-11-04T14:31:26+00:00","breadcrumb":{"@id":"https:\/\/inesrosales.com\/de\/producto\/pfannkuchen-mit-kokosnuss-4-stuck\/#breadcrumb"},"inLanguage":"de","potentialAction":[{"@type":"ReadAction","target":["https:\/\/inesrosales.com\/de\/producto\/pfannkuchen-mit-kokosnuss-4-stuck\/"]}]},{"@type":"ImageObject","inLanguage":"de","@id":"https:\/\/inesrosales.com\/de\/producto\/pfannkuchen-mit-kokosnuss-4-stuck\/#primaryimage","url":"https:\/\/inesrosales.com\/wp-content\/uploads\/2021\/10\/TORTITAS-CON-COCO-4-UD.png","contentUrl":"https:\/\/inesrosales.com\/wp-content\/uploads\/2021\/10\/TORTITAS-CON-COCO-4-UD.png","width":1080,"height":1080,"caption":"Tortitas nevadas con coco de In\u00e9s Rosales"},{"@type":"BreadcrumbList","@id":"https:\/\/inesrosales.com\/de\/producto\/pfannkuchen-mit-kokosnuss-4-stuck\/#breadcrumb","itemListElement":[{"@type":"ListItem","position":1,"name":"Portada","item":"https:\/\/inesrosales.com\/de\/"},{"@type":"ListItem","position":2,"name":"Shop","item":"https:\/\/inesrosales.com\/de\/shop-2\/"},{"@type":"ListItem","position":3,"name":"Pfannkuchen mit Kokosnuss (4 St\u00fcck)"}]},{"@type":"WebSite","@id":"https:\/\/inesrosales.com\/de\/#website","url":"https:\/\/inesrosales.com\/de\/","name":"In\u00e9s Rosales","description":"Elaboramos las Leg\u00edtimas y Acreditadas Tortas de Aceite In\u00e9s Rosales. Elaboraci\u00f3n con productos 100% naturales y hechas con harina de Trigo, Aceite de Oliva Virgen Extra de Calidad Superior, az\u00facar y especias arom\u00e1ticas.  El mantenimiento de la elaboraci\u00f3n y acabado artesanal en su sentido m\u00e1s aut\u00e9ntico, junto a sus ingredientes naturales y la ausencia de aditivos, mejorantes y conservantes, le confieren un car\u00e1cter saludable.","publisher":{"@id":"https:\/\/inesrosales.com\/de\/#organization"},"alternateName":"In\u00e9s Rosales","potentialAction":[{"@type":"SearchAction","target":{"@type":"EntryPoint","urlTemplate":"https:\/\/inesrosales.com\/de\/?s={search_term_string}"},"query-input":{"@type":"PropertyValueSpecification","valueRequired":true,"valueName":"search_term_string"}}],"inLanguage":"de"},{"@type":"Organization","@id":"https:\/\/inesrosales.com\/de\/#organization","name":"In\u00e9s Rosales","url":"https:\/\/inesrosales.com\/de\/","logo":{"@type":"ImageObject","inLanguage":"de","@id":"https:\/\/inesrosales.com\/de\/#\/schema\/logo\/image\/","url":"https:\/\/inesrosales.com\/wp-content\/uploads\/2024\/12\/logo-ines-rosales.png","contentUrl":"https:\/\/inesrosales.com\/wp-content\/uploads\/2024\/12\/logo-ines-rosales.png","width":384,"height":200,"caption":"In\u00e9s Rosales"},"image":{"@id":"https:\/\/inesrosales.com\/de\/#\/schema\/logo\/image\/"}}]}},"_links":{"self":[{"href":"https:\/\/inesrosales.com\/de\/wp-json\/wp\/v2\/product\/1043244","targetHints":{"allow":["GET"]}}],"collection":[{"href":"https:\/\/inesrosales.com\/de\/wp-json\/wp\/v2\/product"}],"about":[{"href":"https:\/\/inesrosales.com\/de\/wp-json\/wp\/v2\/types\/product"}],"wp:featuredmedia":[{"embeddable":true,"href":"https:\/\/inesrosales.com\/de\/wp-json\/wp\/v2\/media\/1053522"}],"wp:attachment":[{"href":"https:\/\/inesrosales.com\/de\/wp-json\/wp\/v2\/media?parent=1043244"}],"wp:term":[{"taxonomy":"product_brand","embeddable":true,"href":"https:\/\/inesrosales.com\/de\/wp-json\/wp\/v2\/product_brand?post=1043244"},{"taxonomy":"product_cat","embeddable":true,"href":"https:\/\/inesrosales.com\/de\/wp-json\/wp\/v2\/product_cat?post=1043244"},{"taxonomy":"product_tag","embeddable":true,"href":"https:\/\/inesrosales.com\/de\/wp-json\/wp\/v2\/product_tag?post=1043244"}],"curies":[{"name":"wp","href":"https:\/\/api.w.org\/{rel}","templated":true}]}}