{"id":1043249,"date":"2020-10-15T07:01:40","date_gmt":"2020-10-15T05:01:40","guid":{"rendered":"https:\/\/inesrosales.com\/producto\/zuckerfreie-cortadillos-mit-kurbiskonfiture-6uds\/"},"modified":"2025-01-13T10:30:49","modified_gmt":"2025-01-13T09:30:49","slug":"zuckerfreie-cortadillos-mit-kurbiskonfiture-6uds","status":"publish","type":"product","link":"https:\/\/inesrosales.com\/de\/producto\/zuckerfreie-cortadillos-mit-kurbiskonfiture-6uds\/","title":{"rendered":"Zuckerfreie Cortadillos mit K\u00fcrbiskonfit\u00fcre (6uds)"},"content":{"rendered":"","protected":false},"excerpt":{"rendered":"<p>Entdecken Sie die neuen Cortadillos ohne Backzucker und mit Zutaten von h\u00f6chster Qualit\u00e4t. Ein Klassiker f\u00fcr Fr\u00fchst\u00fcck und H\u00e4ppchen zwischendurch, ohne dass das Aroma des Originalrezepts und der Geschmack von K\u00fcrbiskonfit\u00fcre und einem Hauch von Zitrusfr\u00fcchten verloren geht.<\/p>\n<p>Bolsa de 320 g. 6 St\u00fcck einzeln verpackt.<\/p>\n<p><img loading=\"lazy\" decoding=\"async\" class=\"wp-image-1012089 alignnone\" src=\"https:\/\/inesrosales.com\/wp-content\/uploads\/2024\/09\/fibra-.png\" alt=\"\" width=\"107\" height=\"76\" \/><\/p>\n","protected":false},"featured_media":1039828,"template":"","meta":{"_joinchat":[]},"product_brand":[],"product_cat":[88],"product_tag":[121,119,126],"class_list":{"0":"post-1043249","1":"product","2":"type-product","3":"status-publish","4":"has-post-thumbnail","6":"product_cat-zuckerfreie","7":"product_tag-gebackenes","8":"product_tag-hohe-olsaure","9":"product_tag-vegane","11":"first","12":"instock","13":"purchasable","14":"product-type-simple"},"yoast_head":"<!-- This site is optimized with the Yoast SEO Premium plugin v25.3 (Yoast SEO v27.4) - https:\/\/yoast.com\/product\/yoast-seo-premium-wordpress\/ -->\n<title>Zuckerfreie Cortadillos mit K\u00fcrbiskonfit\u00fcre (6uds) - In\u00e9s Rosales<\/title>\n<meta name=\"robots\" content=\"index, follow, max-snippet:-1, max-image-preview:large, max-video-preview:-1\" \/>\n<link rel=\"canonical\" href=\"https:\/\/inesrosales.com\/de\/producto\/zuckerfreie-cortadillos-mit-kurbiskonfiture-6uds\/\" \/>\n<meta property=\"og:locale\" content=\"de_DE\" \/>\n<meta property=\"og:type\" content=\"article\" \/>\n<meta property=\"og:title\" content=\"Zuckerfreie Cortadillos mit K\u00fcrbiskonfit\u00fcre (6uds) - In\u00e9s Rosales\" \/>\n<meta property=\"og:description\" content=\"Entdecken Sie die neuen Cortadillos ohne Backzucker und mit Zutaten von h\u00f6chster Qualit\u00e4t. Ein Klassiker f\u00fcr Fr\u00fchst\u00fcck und H\u00e4ppchen zwischendurch, ohne dass das Aroma des Originalrezepts und der Geschmack von K\u00fcrbiskonfit\u00fcre und einem Hauch von Zitrusfr\u00fcchten verloren geht.  Bolsa de 320 g. 6 St\u00fcck einzeln verpackt.\" \/>\n<meta property=\"og:url\" content=\"https:\/\/inesrosales.com\/de\/producto\/zuckerfreie-cortadillos-mit-kurbiskonfiture-6uds\/\" \/>\n<meta property=\"og:site_name\" content=\"In\u00e9s Rosales\" \/>\n<meta property=\"article:modified_time\" content=\"2025-01-13T09:30:49+00:00\" \/>\n<meta property=\"og:image\" content=\"https:\/\/inesrosales.com\/wp-content\/uploads\/2024\/12\/cortadillos-sin-azucar.png\" \/>\n\t<meta property=\"og:image:width\" content=\"1128\" \/>\n\t<meta property=\"og:image:height\" content=\"1128\" \/>\n\t<meta property=\"og:image:type\" content=\"image\/png\" \/>\n<meta name=\"twitter:card\" content=\"summary_large_image\" \/>\n<script type=\"application\/ld+json\" class=\"yoast-schema-graph\">{\"@context\":\"https:\\\/\\\/schema.org\",\"@graph\":[{\"@type\":\"WebPage\",\"@id\":\"https:\\\/\\\/inesrosales.com\\\/de\\\/producto\\\/zuckerfreie-cortadillos-mit-kurbiskonfiture-6uds\\\/\",\"url\":\"https:\\\/\\\/inesrosales.com\\\/de\\\/producto\\\/zuckerfreie-cortadillos-mit-kurbiskonfiture-6uds\\\/\",\"name\":\"Zuckerfreie Cortadillos mit K\u00fcrbiskonfit\u00fcre (6uds) - In\u00e9s Rosales\",\"isPartOf\":{\"@id\":\"https:\\\/\\\/inesrosales.com\\\/de\\\/#website\"},\"primaryImageOfPage\":{\"@id\":\"https:\\\/\\\/inesrosales.com\\\/de\\\/producto\\\/zuckerfreie-cortadillos-mit-kurbiskonfiture-6uds\\\/#primaryimage\"},\"image\":{\"@id\":\"https:\\\/\\\/inesrosales.com\\\/de\\\/producto\\\/zuckerfreie-cortadillos-mit-kurbiskonfiture-6uds\\\/#primaryimage\"},\"thumbnailUrl\":\"https:\\\/\\\/inesrosales.com\\\/wp-content\\\/uploads\\\/2024\\\/12\\\/cortadillos-sin-azucar.png\",\"datePublished\":\"2020-10-15T05:01:40+00:00\",\"dateModified\":\"2025-01-13T09:30:49+00:00\",\"breadcrumb\":{\"@id\":\"https:\\\/\\\/inesrosales.com\\\/de\\\/producto\\\/zuckerfreie-cortadillos-mit-kurbiskonfiture-6uds\\\/#breadcrumb\"},\"inLanguage\":\"de\",\"potentialAction\":[{\"@type\":\"ReadAction\",\"target\":[\"https:\\\/\\\/inesrosales.com\\\/de\\\/producto\\\/zuckerfreie-cortadillos-mit-kurbiskonfiture-6uds\\\/\"]}]},{\"@type\":\"ImageObject\",\"inLanguage\":\"de\",\"@id\":\"https:\\\/\\\/inesrosales.com\\\/de\\\/producto\\\/zuckerfreie-cortadillos-mit-kurbiskonfiture-6uds\\\/#primaryimage\",\"url\":\"https:\\\/\\\/inesrosales.com\\\/wp-content\\\/uploads\\\/2024\\\/12\\\/cortadillos-sin-azucar.png\",\"contentUrl\":\"https:\\\/\\\/inesrosales.com\\\/wp-content\\\/uploads\\\/2024\\\/12\\\/cortadillos-sin-azucar.png\",\"width\":1128,\"height\":1128},{\"@type\":\"BreadcrumbList\",\"@id\":\"https:\\\/\\\/inesrosales.com\\\/de\\\/producto\\\/zuckerfreie-cortadillos-mit-kurbiskonfiture-6uds\\\/#breadcrumb\",\"itemListElement\":[{\"@type\":\"ListItem\",\"position\":1,\"name\":\"Portada\",\"item\":\"https:\\\/\\\/inesrosales.com\\\/de\\\/\"},{\"@type\":\"ListItem\",\"position\":2,\"name\":\"Shop\",\"item\":\"https:\\\/\\\/inesrosales.com\\\/de\\\/shop-2\\\/\"},{\"@type\":\"ListItem\",\"position\":3,\"name\":\"Zuckerfreie Cortadillos mit K\u00fcrbiskonfit\u00fcre (6uds)\"}]},{\"@type\":\"WebSite\",\"@id\":\"https:\\\/\\\/inesrosales.com\\\/de\\\/#website\",\"url\":\"https:\\\/\\\/inesrosales.com\\\/de\\\/\",\"name\":\"In\u00e9s Rosales\",\"description\":\"Elaboramos las Leg\u00edtimas y Acreditadas Tortas de Aceite In\u00e9s Rosales. Elaboraci\u00f3n con productos 100% naturales y hechas con harina de Trigo, Aceite de Oliva Virgen Extra de Calidad Superior, az\u00facar y especias arom\u00e1ticas.  El mantenimiento de la elaboraci\u00f3n y acabado artesanal en su sentido m\u00e1s aut\u00e9ntico, junto a sus ingredientes naturales y la ausencia de aditivos, mejorantes y conservantes, le confieren un car\u00e1cter saludable.\",\"publisher\":{\"@id\":\"https:\\\/\\\/inesrosales.com\\\/de\\\/#organization\"},\"alternateName\":\"In\u00e9s Rosales\",\"potentialAction\":[{\"@type\":\"SearchAction\",\"target\":{\"@type\":\"EntryPoint\",\"urlTemplate\":\"https:\\\/\\\/inesrosales.com\\\/de\\\/?s={search_term_string}\"},\"query-input\":{\"@type\":\"PropertyValueSpecification\",\"valueRequired\":true,\"valueName\":\"search_term_string\"}}],\"inLanguage\":\"de\"},{\"@type\":\"Organization\",\"@id\":\"https:\\\/\\\/inesrosales.com\\\/de\\\/#organization\",\"name\":\"In\u00e9s Rosales\",\"url\":\"https:\\\/\\\/inesrosales.com\\\/de\\\/\",\"logo\":{\"@type\":\"ImageObject\",\"inLanguage\":\"de\",\"@id\":\"https:\\\/\\\/inesrosales.com\\\/de\\\/#\\\/schema\\\/logo\\\/image\\\/\",\"url\":\"https:\\\/\\\/inesrosales.com\\\/wp-content\\\/uploads\\\/2024\\\/12\\\/logo-ines-rosales.png\",\"contentUrl\":\"https:\\\/\\\/inesrosales.com\\\/wp-content\\\/uploads\\\/2024\\\/12\\\/logo-ines-rosales.png\",\"width\":384,\"height\":200,\"caption\":\"In\u00e9s Rosales\"},\"image\":{\"@id\":\"https:\\\/\\\/inesrosales.com\\\/de\\\/#\\\/schema\\\/logo\\\/image\\\/\"}}]}<\/script>\n<!-- \/ Yoast SEO Premium plugin. -->","yoast_head_json":{"title":"Zuckerfreie Cortadillos mit K\u00fcrbiskonfit\u00fcre (6uds) - In\u00e9s Rosales","robots":{"index":"index","follow":"follow","max-snippet":"max-snippet:-1","max-image-preview":"max-image-preview:large","max-video-preview":"max-video-preview:-1"},"canonical":"https:\/\/inesrosales.com\/de\/producto\/zuckerfreie-cortadillos-mit-kurbiskonfiture-6uds\/","og_locale":"de_DE","og_type":"article","og_title":"Zuckerfreie Cortadillos mit K\u00fcrbiskonfit\u00fcre (6uds) - In\u00e9s Rosales","og_description":"Entdecken Sie die neuen Cortadillos ohne Backzucker und mit Zutaten von h\u00f6chster Qualit\u00e4t. Ein Klassiker f\u00fcr Fr\u00fchst\u00fcck und H\u00e4ppchen zwischendurch, ohne dass das Aroma des Originalrezepts und der Geschmack von K\u00fcrbiskonfit\u00fcre und einem Hauch von Zitrusfr\u00fcchten verloren geht.  Bolsa de 320 g. 6 St\u00fcck einzeln verpackt.","og_url":"https:\/\/inesrosales.com\/de\/producto\/zuckerfreie-cortadillos-mit-kurbiskonfiture-6uds\/","og_site_name":"In\u00e9s Rosales","article_modified_time":"2025-01-13T09:30:49+00:00","og_image":[{"width":1128,"height":1128,"url":"https:\/\/inesrosales.com\/wp-content\/uploads\/2024\/12\/cortadillos-sin-azucar.png","type":"image\/png"}],"twitter_card":"summary_large_image","schema":{"@context":"https:\/\/schema.org","@graph":[{"@type":"WebPage","@id":"https:\/\/inesrosales.com\/de\/producto\/zuckerfreie-cortadillos-mit-kurbiskonfiture-6uds\/","url":"https:\/\/inesrosales.com\/de\/producto\/zuckerfreie-cortadillos-mit-kurbiskonfiture-6uds\/","name":"Zuckerfreie Cortadillos mit K\u00fcrbiskonfit\u00fcre (6uds) - In\u00e9s Rosales","isPartOf":{"@id":"https:\/\/inesrosales.com\/de\/#website"},"primaryImageOfPage":{"@id":"https:\/\/inesrosales.com\/de\/producto\/zuckerfreie-cortadillos-mit-kurbiskonfiture-6uds\/#primaryimage"},"image":{"@id":"https:\/\/inesrosales.com\/de\/producto\/zuckerfreie-cortadillos-mit-kurbiskonfiture-6uds\/#primaryimage"},"thumbnailUrl":"https:\/\/inesrosales.com\/wp-content\/uploads\/2024\/12\/cortadillos-sin-azucar.png","datePublished":"2020-10-15T05:01:40+00:00","dateModified":"2025-01-13T09:30:49+00:00","breadcrumb":{"@id":"https:\/\/inesrosales.com\/de\/producto\/zuckerfreie-cortadillos-mit-kurbiskonfiture-6uds\/#breadcrumb"},"inLanguage":"de","potentialAction":[{"@type":"ReadAction","target":["https:\/\/inesrosales.com\/de\/producto\/zuckerfreie-cortadillos-mit-kurbiskonfiture-6uds\/"]}]},{"@type":"ImageObject","inLanguage":"de","@id":"https:\/\/inesrosales.com\/de\/producto\/zuckerfreie-cortadillos-mit-kurbiskonfiture-6uds\/#primaryimage","url":"https:\/\/inesrosales.com\/wp-content\/uploads\/2024\/12\/cortadillos-sin-azucar.png","contentUrl":"https:\/\/inesrosales.com\/wp-content\/uploads\/2024\/12\/cortadillos-sin-azucar.png","width":1128,"height":1128},{"@type":"BreadcrumbList","@id":"https:\/\/inesrosales.com\/de\/producto\/zuckerfreie-cortadillos-mit-kurbiskonfiture-6uds\/#breadcrumb","itemListElement":[{"@type":"ListItem","position":1,"name":"Portada","item":"https:\/\/inesrosales.com\/de\/"},{"@type":"ListItem","position":2,"name":"Shop","item":"https:\/\/inesrosales.com\/de\/shop-2\/"},{"@type":"ListItem","position":3,"name":"Zuckerfreie Cortadillos mit K\u00fcrbiskonfit\u00fcre (6uds)"}]},{"@type":"WebSite","@id":"https:\/\/inesrosales.com\/de\/#website","url":"https:\/\/inesrosales.com\/de\/","name":"In\u00e9s Rosales","description":"Elaboramos las Leg\u00edtimas y Acreditadas Tortas de Aceite In\u00e9s Rosales. Elaboraci\u00f3n con productos 100% naturales y hechas con harina de Trigo, Aceite de Oliva Virgen Extra de Calidad Superior, az\u00facar y especias arom\u00e1ticas.  El mantenimiento de la elaboraci\u00f3n y acabado artesanal en su sentido m\u00e1s aut\u00e9ntico, junto a sus ingredientes naturales y la ausencia de aditivos, mejorantes y conservantes, le confieren un car\u00e1cter saludable.","publisher":{"@id":"https:\/\/inesrosales.com\/de\/#organization"},"alternateName":"In\u00e9s Rosales","potentialAction":[{"@type":"SearchAction","target":{"@type":"EntryPoint","urlTemplate":"https:\/\/inesrosales.com\/de\/?s={search_term_string}"},"query-input":{"@type":"PropertyValueSpecification","valueRequired":true,"valueName":"search_term_string"}}],"inLanguage":"de"},{"@type":"Organization","@id":"https:\/\/inesrosales.com\/de\/#organization","name":"In\u00e9s Rosales","url":"https:\/\/inesrosales.com\/de\/","logo":{"@type":"ImageObject","inLanguage":"de","@id":"https:\/\/inesrosales.com\/de\/#\/schema\/logo\/image\/","url":"https:\/\/inesrosales.com\/wp-content\/uploads\/2024\/12\/logo-ines-rosales.png","contentUrl":"https:\/\/inesrosales.com\/wp-content\/uploads\/2024\/12\/logo-ines-rosales.png","width":384,"height":200,"caption":"In\u00e9s Rosales"},"image":{"@id":"https:\/\/inesrosales.com\/de\/#\/schema\/logo\/image\/"}}]}},"_links":{"self":[{"href":"https:\/\/inesrosales.com\/de\/wp-json\/wp\/v2\/product\/1043249","targetHints":{"allow":["GET"]}}],"collection":[{"href":"https:\/\/inesrosales.com\/de\/wp-json\/wp\/v2\/product"}],"about":[{"href":"https:\/\/inesrosales.com\/de\/wp-json\/wp\/v2\/types\/product"}],"wp:featuredmedia":[{"embeddable":true,"href":"https:\/\/inesrosales.com\/de\/wp-json\/wp\/v2\/media\/1039828"}],"wp:attachment":[{"href":"https:\/\/inesrosales.com\/de\/wp-json\/wp\/v2\/media?parent=1043249"}],"wp:term":[{"taxonomy":"product_brand","embeddable":true,"href":"https:\/\/inesrosales.com\/de\/wp-json\/wp\/v2\/product_brand?post=1043249"},{"taxonomy":"product_cat","embeddable":true,"href":"https:\/\/inesrosales.com\/de\/wp-json\/wp\/v2\/product_cat?post=1043249"},{"taxonomy":"product_tag","embeddable":true,"href":"https:\/\/inesrosales.com\/de\/wp-json\/wp\/v2\/product_tag?post=1043249"}],"curies":[{"name":"wp","href":"https:\/\/api.w.org\/{rel}","templated":true}]}}