{"id":1054399,"date":"2025-11-07T13:11:15","date_gmt":"2025-11-07T12:11:15","guid":{"rendered":"https:\/\/inesrosales.com\/producto\/estuche-azulejo-sabores-con-tortas-de-aceite-con-naranja\/"},"modified":"2026-04-21T09:21:09","modified_gmt":"2026-04-21T07:21:09","slug":"estuche-azulejo-sabores-con-tortas-de-aceite-con-naranja","status":"publish","type":"product","link":"https:\/\/inesrosales.com\/de\/producto\/estuche-azulejo-sabores-con-tortas-de-aceite-con-naranja\/","title":{"rendered":"Estuche azulejo sabores con Tortas de Aceite con Naranja (5 uds.)"},"content":{"rendered":"","protected":false},"excerpt":{"rendered":"<p>El evocador aroma y exquisito sabor de la\u00a0<strong>Naranja de Sevilla<\/strong>\u00a0te envolver\u00e1 de la magia del Sur en primavera. Ligeros toques c\u00edtricos para una degustaci\u00f3n muy original. \u00bfUn secreto?\u00a0<strong>Acomp\u00e1\u00f1ala con un buen queso.<\/strong>\u00a0La elaboraci\u00f3n de nuestras Tortas de Aceite se realiza con\u00a0<strong>Aceite de Oliva Virgen Extra e ingredientes naturales seleccionados<\/strong>, propios de la Dieta de Mediterr\u00e1nea.<\/p>\n<p>Nuevo formato con <strong>cart\u00f3n 100% reciclado y reciclable<\/strong>. Edici\u00f3n limitada con tres dise\u00f1os exclusivos. Contiene 5 Tortas de Aceite con Naranja en su interior.<\/p>\n<p>150 gr.<\/p>\n","protected":false},"featured_media":1054377,"template":"","meta":{"_joinchat":[]},"product_brand":[],"product_cat":[187,89],"product_tag":[121,125,124,123,118,126],"class_list":{"0":"post-1054399","1":"product","2":"type-product","3":"status-publish","4":"has-post-thumbnail","6":"product_cat-surtidos-de","7":"product_cat-suse-tortas-ines-rosales","8":"product_tag-gebackenes","9":"product_tag-laktosefrei","10":"product_tag-ohne-ei","11":"product_tag-ohne-zusatzstoffe","12":"product_tag-olivenol","13":"product_tag-vegane","15":"first","16":"instock","17":"purchasable","18":"product-type-simple"},"yoast_head":"<!-- This site is optimized with the Yoast SEO Premium plugin v25.3 (Yoast SEO v27.4) - https:\/\/yoast.com\/product\/yoast-seo-premium-wordpress\/ -->\n<title>Estuche azulejo sabores con Tortas de Aceite con Naranja (5 uds.) - In\u00e9s Rosales<\/title>\n<meta name=\"description\" content=\"El evocador aroma y exquisito sabor de la Naranja de Sevilla te envolver\u00e1 de la magia del Sur en primavera. Ligeros toques c\u00edtricos para una degustaci\u00f3n muy original. \u00bfUn secreto? Acomp\u00e1\u00f1ala con un buen queso. La elaboraci\u00f3n de nuestras Tortas de Aceite se realiza con Aceite de Oliva Virgen Extra e ingredientes naturales seleccionados, propios de la Dieta de Mediterr\u00e1nea.\" \/>\n<meta name=\"robots\" content=\"index, follow, max-snippet:-1, max-image-preview:large, max-video-preview:-1\" \/>\n<link rel=\"canonical\" href=\"https:\/\/inesrosales.com\/de\/producto\/estuche-azulejo-sabores-con-tortas-de-aceite-con-naranja\/\" \/>\n<meta property=\"og:locale\" content=\"de_DE\" \/>\n<meta property=\"og:type\" content=\"article\" \/>\n<meta property=\"og:title\" content=\"Estuche azulejo sabores con Tortas de Aceite con Naranja (5 uds.) - In\u00e9s Rosales\" \/>\n<meta property=\"og:description\" content=\"El evocador aroma y exquisito sabor de la Naranja de Sevilla te envolver\u00e1 de la magia del Sur en primavera. Ligeros toques c\u00edtricos para una degustaci\u00f3n muy original. \u00bfUn secreto? Acomp\u00e1\u00f1ala con un buen queso. La elaboraci\u00f3n de nuestras Tortas de Aceite se realiza con Aceite de Oliva Virgen Extra e ingredientes naturales seleccionados, propios de la Dieta de Mediterr\u00e1nea.\" \/>\n<meta property=\"og:url\" content=\"https:\/\/inesrosales.com\/de\/producto\/estuche-azulejo-sabores-con-tortas-de-aceite-con-naranja\/\" \/>\n<meta property=\"og:site_name\" content=\"In\u00e9s Rosales\" \/>\n<meta property=\"article:modified_time\" content=\"2026-04-21T07:21:09+00:00\" \/>\n<meta property=\"og:image\" content=\"https:\/\/inesrosales.com\/wp-content\/uploads\/2024\/06\/AZULEJOR-TORTAS-CON-NARANJA.png\" \/>\n\t<meta property=\"og:image:width\" content=\"1080\" \/>\n\t<meta property=\"og:image:height\" content=\"1080\" \/>\n\t<meta property=\"og:image:type\" content=\"image\/png\" \/>\n<meta name=\"twitter:card\" content=\"summary_large_image\" \/>\n<script type=\"application\/ld+json\" class=\"yoast-schema-graph\">{\"@context\":\"https:\\\/\\\/schema.org\",\"@graph\":[{\"@type\":\"WebPage\",\"@id\":\"https:\\\/\\\/inesrosales.com\\\/de\\\/producto\\\/estuche-azulejo-sabores-con-tortas-de-aceite-con-naranja\\\/\",\"url\":\"https:\\\/\\\/inesrosales.com\\\/de\\\/producto\\\/estuche-azulejo-sabores-con-tortas-de-aceite-con-naranja\\\/\",\"name\":\"Estuche azulejo sabores con Tortas de Aceite con Naranja (5 uds.) - In\u00e9s Rosales\",\"isPartOf\":{\"@id\":\"https:\\\/\\\/inesrosales.com\\\/de\\\/#website\"},\"primaryImageOfPage\":{\"@id\":\"https:\\\/\\\/inesrosales.com\\\/de\\\/producto\\\/estuche-azulejo-sabores-con-tortas-de-aceite-con-naranja\\\/#primaryimage\"},\"image\":{\"@id\":\"https:\\\/\\\/inesrosales.com\\\/de\\\/producto\\\/estuche-azulejo-sabores-con-tortas-de-aceite-con-naranja\\\/#primaryimage\"},\"thumbnailUrl\":\"https:\\\/\\\/inesrosales.com\\\/wp-content\\\/uploads\\\/2024\\\/06\\\/AZULEJOR-TORTAS-CON-NARANJA.png\",\"datePublished\":\"2025-11-07T12:11:15+00:00\",\"dateModified\":\"2026-04-21T07:21:09+00:00\",\"description\":\"El evocador aroma y exquisito sabor de la Naranja de Sevilla te envolver\u00e1 de la magia del Sur en primavera. Ligeros toques c\u00edtricos para una degustaci\u00f3n muy original. \u00bfUn secreto? Acomp\u00e1\u00f1ala con un buen queso. La elaboraci\u00f3n de nuestras Tortas de Aceite se realiza con Aceite de Oliva Virgen Extra e ingredientes naturales seleccionados, propios de la Dieta de Mediterr\u00e1nea.\",\"breadcrumb\":{\"@id\":\"https:\\\/\\\/inesrosales.com\\\/de\\\/producto\\\/estuche-azulejo-sabores-con-tortas-de-aceite-con-naranja\\\/#breadcrumb\"},\"inLanguage\":\"de\",\"potentialAction\":[{\"@type\":\"ReadAction\",\"target\":[\"https:\\\/\\\/inesrosales.com\\\/de\\\/producto\\\/estuche-azulejo-sabores-con-tortas-de-aceite-con-naranja\\\/\"]}]},{\"@type\":\"ImageObject\",\"inLanguage\":\"de\",\"@id\":\"https:\\\/\\\/inesrosales.com\\\/de\\\/producto\\\/estuche-azulejo-sabores-con-tortas-de-aceite-con-naranja\\\/#primaryimage\",\"url\":\"https:\\\/\\\/inesrosales.com\\\/wp-content\\\/uploads\\\/2024\\\/06\\\/AZULEJOR-TORTAS-CON-NARANJA.png\",\"contentUrl\":\"https:\\\/\\\/inesrosales.com\\\/wp-content\\\/uploads\\\/2024\\\/06\\\/AZULEJOR-TORTAS-CON-NARANJA.png\",\"width\":1080,\"height\":1080,\"caption\":\"estuche azulejo con tortas de aceite con naranja de In\u00e9s Rosales\"},{\"@type\":\"BreadcrumbList\",\"@id\":\"https:\\\/\\\/inesrosales.com\\\/de\\\/producto\\\/estuche-azulejo-sabores-con-tortas-de-aceite-con-naranja\\\/#breadcrumb\",\"itemListElement\":[{\"@type\":\"ListItem\",\"position\":1,\"name\":\"Portada\",\"item\":\"https:\\\/\\\/inesrosales.com\\\/de\\\/\"},{\"@type\":\"ListItem\",\"position\":2,\"name\":\"Shop\",\"item\":\"https:\\\/\\\/inesrosales.com\\\/de\\\/shop-2\\\/\"},{\"@type\":\"ListItem\",\"position\":3,\"name\":\"Estuche azulejo sabores con Tortas de Aceite con Naranja (5 uds.)\"}]},{\"@type\":\"WebSite\",\"@id\":\"https:\\\/\\\/inesrosales.com\\\/de\\\/#website\",\"url\":\"https:\\\/\\\/inesrosales.com\\\/de\\\/\",\"name\":\"In\u00e9s Rosales\",\"description\":\"Elaboramos las Leg\u00edtimas y Acreditadas Tortas de Aceite In\u00e9s Rosales. Elaboraci\u00f3n con productos 100% naturales y hechas con harina de Trigo, Aceite de Oliva Virgen Extra de Calidad Superior, az\u00facar y especias arom\u00e1ticas.  El mantenimiento de la elaboraci\u00f3n y acabado artesanal en su sentido m\u00e1s aut\u00e9ntico, junto a sus ingredientes naturales y la ausencia de aditivos, mejorantes y conservantes, le confieren un car\u00e1cter saludable.\",\"publisher\":{\"@id\":\"https:\\\/\\\/inesrosales.com\\\/de\\\/#organization\"},\"alternateName\":\"In\u00e9s Rosales\",\"potentialAction\":[{\"@type\":\"SearchAction\",\"target\":{\"@type\":\"EntryPoint\",\"urlTemplate\":\"https:\\\/\\\/inesrosales.com\\\/de\\\/?s={search_term_string}\"},\"query-input\":{\"@type\":\"PropertyValueSpecification\",\"valueRequired\":true,\"valueName\":\"search_term_string\"}}],\"inLanguage\":\"de\"},{\"@type\":\"Organization\",\"@id\":\"https:\\\/\\\/inesrosales.com\\\/de\\\/#organization\",\"name\":\"In\u00e9s Rosales\",\"url\":\"https:\\\/\\\/inesrosales.com\\\/de\\\/\",\"logo\":{\"@type\":\"ImageObject\",\"inLanguage\":\"de\",\"@id\":\"https:\\\/\\\/inesrosales.com\\\/de\\\/#\\\/schema\\\/logo\\\/image\\\/\",\"url\":\"https:\\\/\\\/inesrosales.com\\\/wp-content\\\/uploads\\\/2024\\\/12\\\/logo-ines-rosales.png\",\"contentUrl\":\"https:\\\/\\\/inesrosales.com\\\/wp-content\\\/uploads\\\/2024\\\/12\\\/logo-ines-rosales.png\",\"width\":384,\"height\":200,\"caption\":\"In\u00e9s Rosales\"},\"image\":{\"@id\":\"https:\\\/\\\/inesrosales.com\\\/de\\\/#\\\/schema\\\/logo\\\/image\\\/\"}}]}<\/script>\n<!-- \/ Yoast SEO Premium plugin. -->","yoast_head_json":{"title":"Estuche azulejo sabores con Tortas de Aceite con Naranja (5 uds.) - In\u00e9s Rosales","description":"El evocador aroma y exquisito sabor de la Naranja de Sevilla te envolver\u00e1 de la magia del Sur en primavera. Ligeros toques c\u00edtricos para una degustaci\u00f3n muy original. \u00bfUn secreto? Acomp\u00e1\u00f1ala con un buen queso. La elaboraci\u00f3n de nuestras Tortas de Aceite se realiza con Aceite de Oliva Virgen Extra e ingredientes naturales seleccionados, propios de la Dieta de Mediterr\u00e1nea.","robots":{"index":"index","follow":"follow","max-snippet":"max-snippet:-1","max-image-preview":"max-image-preview:large","max-video-preview":"max-video-preview:-1"},"canonical":"https:\/\/inesrosales.com\/de\/producto\/estuche-azulejo-sabores-con-tortas-de-aceite-con-naranja\/","og_locale":"de_DE","og_type":"article","og_title":"Estuche azulejo sabores con Tortas de Aceite con Naranja (5 uds.) - In\u00e9s Rosales","og_description":"El evocador aroma y exquisito sabor de la Naranja de Sevilla te envolver\u00e1 de la magia del Sur en primavera. Ligeros toques c\u00edtricos para una degustaci\u00f3n muy original. \u00bfUn secreto? Acomp\u00e1\u00f1ala con un buen queso. La elaboraci\u00f3n de nuestras Tortas de Aceite se realiza con Aceite de Oliva Virgen Extra e ingredientes naturales seleccionados, propios de la Dieta de Mediterr\u00e1nea.","og_url":"https:\/\/inesrosales.com\/de\/producto\/estuche-azulejo-sabores-con-tortas-de-aceite-con-naranja\/","og_site_name":"In\u00e9s Rosales","article_modified_time":"2026-04-21T07:21:09+00:00","og_image":[{"width":1080,"height":1080,"url":"https:\/\/inesrosales.com\/wp-content\/uploads\/2024\/06\/AZULEJOR-TORTAS-CON-NARANJA.png","type":"image\/png"}],"twitter_card":"summary_large_image","schema":{"@context":"https:\/\/schema.org","@graph":[{"@type":"WebPage","@id":"https:\/\/inesrosales.com\/de\/producto\/estuche-azulejo-sabores-con-tortas-de-aceite-con-naranja\/","url":"https:\/\/inesrosales.com\/de\/producto\/estuche-azulejo-sabores-con-tortas-de-aceite-con-naranja\/","name":"Estuche azulejo sabores con Tortas de Aceite con Naranja (5 uds.) - In\u00e9s Rosales","isPartOf":{"@id":"https:\/\/inesrosales.com\/de\/#website"},"primaryImageOfPage":{"@id":"https:\/\/inesrosales.com\/de\/producto\/estuche-azulejo-sabores-con-tortas-de-aceite-con-naranja\/#primaryimage"},"image":{"@id":"https:\/\/inesrosales.com\/de\/producto\/estuche-azulejo-sabores-con-tortas-de-aceite-con-naranja\/#primaryimage"},"thumbnailUrl":"https:\/\/inesrosales.com\/wp-content\/uploads\/2024\/06\/AZULEJOR-TORTAS-CON-NARANJA.png","datePublished":"2025-11-07T12:11:15+00:00","dateModified":"2026-04-21T07:21:09+00:00","description":"El evocador aroma y exquisito sabor de la Naranja de Sevilla te envolver\u00e1 de la magia del Sur en primavera. Ligeros toques c\u00edtricos para una degustaci\u00f3n muy original. \u00bfUn secreto? Acomp\u00e1\u00f1ala con un buen queso. La elaboraci\u00f3n de nuestras Tortas de Aceite se realiza con Aceite de Oliva Virgen Extra e ingredientes naturales seleccionados, propios de la Dieta de Mediterr\u00e1nea.","breadcrumb":{"@id":"https:\/\/inesrosales.com\/de\/producto\/estuche-azulejo-sabores-con-tortas-de-aceite-con-naranja\/#breadcrumb"},"inLanguage":"de","potentialAction":[{"@type":"ReadAction","target":["https:\/\/inesrosales.com\/de\/producto\/estuche-azulejo-sabores-con-tortas-de-aceite-con-naranja\/"]}]},{"@type":"ImageObject","inLanguage":"de","@id":"https:\/\/inesrosales.com\/de\/producto\/estuche-azulejo-sabores-con-tortas-de-aceite-con-naranja\/#primaryimage","url":"https:\/\/inesrosales.com\/wp-content\/uploads\/2024\/06\/AZULEJOR-TORTAS-CON-NARANJA.png","contentUrl":"https:\/\/inesrosales.com\/wp-content\/uploads\/2024\/06\/AZULEJOR-TORTAS-CON-NARANJA.png","width":1080,"height":1080,"caption":"estuche azulejo con tortas de aceite con naranja de In\u00e9s Rosales"},{"@type":"BreadcrumbList","@id":"https:\/\/inesrosales.com\/de\/producto\/estuche-azulejo-sabores-con-tortas-de-aceite-con-naranja\/#breadcrumb","itemListElement":[{"@type":"ListItem","position":1,"name":"Portada","item":"https:\/\/inesrosales.com\/de\/"},{"@type":"ListItem","position":2,"name":"Shop","item":"https:\/\/inesrosales.com\/de\/shop-2\/"},{"@type":"ListItem","position":3,"name":"Estuche azulejo sabores con Tortas de Aceite con Naranja (5 uds.)"}]},{"@type":"WebSite","@id":"https:\/\/inesrosales.com\/de\/#website","url":"https:\/\/inesrosales.com\/de\/","name":"In\u00e9s Rosales","description":"Elaboramos las Leg\u00edtimas y Acreditadas Tortas de Aceite In\u00e9s Rosales. Elaboraci\u00f3n con productos 100% naturales y hechas con harina de Trigo, Aceite de Oliva Virgen Extra de Calidad Superior, az\u00facar y especias arom\u00e1ticas.  El mantenimiento de la elaboraci\u00f3n y acabado artesanal en su sentido m\u00e1s aut\u00e9ntico, junto a sus ingredientes naturales y la ausencia de aditivos, mejorantes y conservantes, le confieren un car\u00e1cter saludable.","publisher":{"@id":"https:\/\/inesrosales.com\/de\/#organization"},"alternateName":"In\u00e9s Rosales","potentialAction":[{"@type":"SearchAction","target":{"@type":"EntryPoint","urlTemplate":"https:\/\/inesrosales.com\/de\/?s={search_term_string}"},"query-input":{"@type":"PropertyValueSpecification","valueRequired":true,"valueName":"search_term_string"}}],"inLanguage":"de"},{"@type":"Organization","@id":"https:\/\/inesrosales.com\/de\/#organization","name":"In\u00e9s Rosales","url":"https:\/\/inesrosales.com\/de\/","logo":{"@type":"ImageObject","inLanguage":"de","@id":"https:\/\/inesrosales.com\/de\/#\/schema\/logo\/image\/","url":"https:\/\/inesrosales.com\/wp-content\/uploads\/2024\/12\/logo-ines-rosales.png","contentUrl":"https:\/\/inesrosales.com\/wp-content\/uploads\/2024\/12\/logo-ines-rosales.png","width":384,"height":200,"caption":"In\u00e9s Rosales"},"image":{"@id":"https:\/\/inesrosales.com\/de\/#\/schema\/logo\/image\/"}}]}},"_links":{"self":[{"href":"https:\/\/inesrosales.com\/de\/wp-json\/wp\/v2\/product\/1054399","targetHints":{"allow":["GET"]}}],"collection":[{"href":"https:\/\/inesrosales.com\/de\/wp-json\/wp\/v2\/product"}],"about":[{"href":"https:\/\/inesrosales.com\/de\/wp-json\/wp\/v2\/types\/product"}],"wp:featuredmedia":[{"embeddable":true,"href":"https:\/\/inesrosales.com\/de\/wp-json\/wp\/v2\/media\/1054377"}],"wp:attachment":[{"href":"https:\/\/inesrosales.com\/de\/wp-json\/wp\/v2\/media?parent=1054399"}],"wp:term":[{"taxonomy":"product_brand","embeddable":true,"href":"https:\/\/inesrosales.com\/de\/wp-json\/wp\/v2\/product_brand?post=1054399"},{"taxonomy":"product_cat","embeddable":true,"href":"https:\/\/inesrosales.com\/de\/wp-json\/wp\/v2\/product_cat?post=1054399"},{"taxonomy":"product_tag","embeddable":true,"href":"https:\/\/inesrosales.com\/de\/wp-json\/wp\/v2\/product_tag?post=1054399"}],"curies":[{"name":"wp","href":"https:\/\/api.w.org\/{rel}","templated":true}]}}