{"id":1045791,"date":"2024-12-17T15:05:15","date_gmt":"2024-12-17T14:05:15","guid":{"rendered":"https:\/\/inesrosales.com\/data-protection-policy\/"},"modified":"2024-12-31T09:53:58","modified_gmt":"2024-12-31T08:53:58","slug":"data-protection-policy","status":"publish","type":"page","link":"https:\/\/inesrosales.com\/en\/data-protection-policy\/","title":{"rendered":"Data protection policy"},"content":{"rendered":"\t\t<div data-elementor-type=\"wp-page\" data-elementor-id=\"1045791\" class=\"elementor elementor-1045791 elementor-1043340\" data-elementor-post-type=\"page\">\n\t\t\t\t<div class=\"elementor-element elementor-element-a17c800 e-flex e-con-boxed e-con e-parent\" data-id=\"a17c800\" data-element_type=\"container\" data-e-type=\"container\">\n\t\t\t\t\t<div class=\"e-con-inner\">\n\t\t\t\t<div class=\"elementor-element elementor-element-2342d1f elementor-widget elementor-widget-text-editor\" data-id=\"2342d1f\" data-element_type=\"widget\" data-e-type=\"widget\" data-widget_type=\"text-editor.default\">\n\t\t\t\t<div class=\"elementor-widget-container\">\n\t\t\t\t\t\t\t\t\t<h2 class=\"\\\" titulo-seccion=\"\">Data protection policy<\/h2>\n<p>The Management \/ Governing Body of IN\u00e9s Rosales S.A.U., hereinafter referred to as the ENTITY (hereinafter, the data controller), assumes the highest level of responsibility and commitment to the establishment, implementation, and maintenance of this Data Protection Policy, ensuring the continuous improvement of the data controller with the aim of achieving excellence in compliance with Regulation (EU) 2016\/679 of the European Parliament and Council, dated April 27, 2016, regarding the protection of natural persons with regard to the processing of personal data and the free movement of such data, and repealing Directive 95\/46\/EC (General Data Protection Regulation) (OJ L 119\/1, 04-05-2016), as well as Spanish personal data protection legislation (Organic Law, specific sectoral legislation, and its implementing regulations).<\/p>\n<p>The Data Protection Policy of the ENTITY is based on the <u>principle of proactive responsibility,<\/u> according to which the data controller is responsible for complying with the regulatory and jurisprudential framework governing this Policy, and is able to demonstrate this to the competent supervisory authorities.<\/p>\n<p>In this regard, the data controller shall be governed by the following principles, which must serve as a guide and framework for all its staff in the processing of personal data:<\/p>\n<ol>\n<li><u>Data protection by design:<\/u> The data controller shall apply, both when determining the means of processing and during the processing itself, appropriate technical and organizational measures, such as pseudonymization, designed to effectively implement data protection principles, such as data minimization, and integrate the necessary safeguards into the processing.<\/li>\n<\/ol>\n<ol start=\"2\">\n<li><u>Data protection by default:<\/u> The data controller shall apply appropriate technical and organizational measures to ensure that, by default, only personal data that is necessary for each specific purpose of the processing is processed.<\/li>\n<\/ol>\n<ol start=\"3\">\n<li><u>Data protection throughout the information lifecycle:<\/u> Measures ensuring the protection of personal data shall be applicable throughout the entire lifecycle of the information.<\/li>\n<\/ol>\n<ol start=\"4\">\n<li><u>Lawfulness, fairness, and transparency: <\/u>Personal data shall be processed lawfully, fairly, and in a transparent manner in relation to the data subject.<\/li>\n<\/ol>\n<ol start=\"5\">\n<li><u>Purpose limitation:<\/u> Personal data shall be collected for specified, legitimate, and explicit purposes, and shall not be further processed in a manner incompatible with those purposes.<\/li>\n<\/ol>\n<ol start=\"6\">\n<li><u>Data minimization: <\/u>Personal data shall be adequate, relevant, and limited to what is necessary in relation to the purposes for which they are processed.<\/li>\n<\/ol>\n<ol start=\"7\">\n<li><u>Accuracy: <\/u>Personal data shall be accurate and, where necessary, kept up to date; all reasonable measures shall be taken to ensure that inaccurate personal data is erased or rectified without delay, in relation to the purposes for which it is processed.<\/li>\n<\/ol>\n<ol start=\"8\">\n<li><u>Storage limitation:<\/u> Personal data shall be kept in a form which permits identification of data subjects for no longer than is necessary for the purposes of the processing of personal data.<\/li>\n<\/ol>\n<ol start=\"9\">\n<li><u>Integrity and confidentiality:<\/u> Personal data shall be processed in a manner that ensures appropriate security of the personal data, including protection against unauthorized or unlawful processing and against accidental loss, destruction, or damage<\/li>\n<\/ol>\n<ol start=\"10\">\n<li><u>Information and training: <\/u>One of the key elements to ensure the protection of personal data is the training and information provided to the staff involved in its processing. Throughout the information lifecycle, all staff with access to the data will be properly trained and informed about their obligations regarding compliance with data protection regulations. <\/li>\n<\/ol>\n<p>The Data Protection Policy of the ENTITY is communicated to all staff of the data controller and made available to all interested parties.<\/p>\n<p>Consequently, this Data Protection Policy involves all staff of the data controller, who must be familiar with it and embrace it as their own. Each member is responsible for applying it and ensuring compliance with the data protection regulations relevant to their activities, as well as identifying and suggesting improvements deemed appropriate with the aim of achieving excellence in its compliance.<\/p>\n<p>This Policy will be reviewed by the Management \/ Governing Body of the ENTITY as often as necessary to ensure it is always in compliance with the current provisions regarding the protection of personal data.<\/p>\n\t\t\t\t\t\t\t\t<\/div>\n\t\t\t\t<\/div>\n\t\t\t\t\t<\/div>\n\t\t\t\t<\/div>\n\t\t\t\t<\/div>\n\t\t","protected":false},"excerpt":{"rendered":"<p>Data protection policy The Management \/ Governing Body of IN\u00e9s Rosales S.A.U., hereinafter referred to as the ENTITY (hereinafter, the data controller), assumes the highest level of responsibility and commitment to the establishment, implementation, and maintenance of this Data Protection Policy, ensuring the continuous improvement of the data controller with the aim of achieving excellence [&hellip;]<\/p>\n","protected":false},"author":3,"featured_media":0,"parent":0,"menu_order":0,"comment_status":"open","ping_status":"open","template":"","meta":{"_joinchat":[],"footnotes":""},"class_list":["post-1045791","page","type-page","status-publish","hentry"],"yoast_head":"<!-- This site is optimized with the Yoast SEO Premium plugin v25.3 (Yoast SEO v27.4) - https:\/\/yoast.com\/product\/yoast-seo-premium-wordpress\/ -->\n<title>Data protection policy - In\u00e9s Rosales<\/title>\n<meta name=\"robots\" content=\"noindex, nofollow\" \/>\n<meta property=\"og:locale\" content=\"en_US\" \/>\n<meta property=\"og:type\" content=\"article\" \/>\n<meta property=\"og:title\" content=\"Data protection policy\" \/>\n<meta property=\"og:description\" content=\"Data protection policy The Management \/ Governing Body of IN\u00e9s Rosales S.A.U., hereinafter referred to as the ENTITY (hereinafter, the data controller), assumes the highest level of responsibility and commitment to the establishment, implementation, and maintenance of this Data Protection Policy, ensuring the continuous improvement of the data controller with the aim of achieving excellence [&hellip;]\" \/>\n<meta property=\"og:url\" content=\"https:\/\/inesrosales.com\/en\/data-protection-policy\/\" \/>\n<meta property=\"og:site_name\" content=\"In\u00e9s Rosales\" \/>\n<meta property=\"article:modified_time\" content=\"2024-12-31T08:53:58+00:00\" \/>\n<meta name=\"twitter:card\" content=\"summary_large_image\" \/>\n<meta name=\"twitter:label1\" content=\"Est. reading time\" \/>\n\t<meta name=\"twitter:data1\" content=\"3 minutes\" \/>\n<script type=\"application\/ld+json\" class=\"yoast-schema-graph\">{\"@context\":\"https:\\\/\\\/schema.org\",\"@graph\":[{\"@type\":\"WebPage\",\"@id\":\"https:\\\/\\\/inesrosales.com\\\/en\\\/data-protection-policy\\\/\",\"url\":\"https:\\\/\\\/inesrosales.com\\\/en\\\/data-protection-policy\\\/\",\"name\":\"Data protection policy - In\u00e9s Rosales\",\"isPartOf\":{\"@id\":\"https:\\\/\\\/inesrosales.com\\\/en\\\/#website\"},\"datePublished\":\"2024-12-17T14:05:15+00:00\",\"dateModified\":\"2024-12-31T08:53:58+00:00\",\"breadcrumb\":{\"@id\":\"https:\\\/\\\/inesrosales.com\\\/en\\\/data-protection-policy\\\/#breadcrumb\"},\"inLanguage\":\"en-US\",\"potentialAction\":[{\"@type\":\"ReadAction\",\"target\":[\"https:\\\/\\\/inesrosales.com\\\/en\\\/data-protection-policy\\\/\"]}]},{\"@type\":\"BreadcrumbList\",\"@id\":\"https:\\\/\\\/inesrosales.com\\\/en\\\/data-protection-policy\\\/#breadcrumb\",\"itemListElement\":[{\"@type\":\"ListItem\",\"position\":1,\"name\":\"Portada\",\"item\":\"https:\\\/\\\/inesrosales.com\\\/en\\\/\"},{\"@type\":\"ListItem\",\"position\":2,\"name\":\"Data protection policy\"}]},{\"@type\":\"WebSite\",\"@id\":\"https:\\\/\\\/inesrosales.com\\\/en\\\/#website\",\"url\":\"https:\\\/\\\/inesrosales.com\\\/en\\\/\",\"name\":\"In\u00e9s Rosales\",\"description\":\"Elaboramos las Leg\u00edtimas y Acreditadas Tortas de Aceite In\u00e9s Rosales. Elaboraci\u00f3n con productos 100% naturales y hechas con harina de Trigo, Aceite de Oliva Virgen Extra de Calidad Superior, az\u00facar y especias arom\u00e1ticas.  El mantenimiento de la elaboraci\u00f3n y acabado artesanal en su sentido m\u00e1s aut\u00e9ntico, junto a sus ingredientes naturales y la ausencia de aditivos, mejorantes y conservantes, le confieren un car\u00e1cter saludable.\",\"publisher\":{\"@id\":\"https:\\\/\\\/inesrosales.com\\\/en\\\/#organization\"},\"alternateName\":\"In\u00e9s Rosales\",\"potentialAction\":[{\"@type\":\"SearchAction\",\"target\":{\"@type\":\"EntryPoint\",\"urlTemplate\":\"https:\\\/\\\/inesrosales.com\\\/en\\\/?s={search_term_string}\"},\"query-input\":{\"@type\":\"PropertyValueSpecification\",\"valueRequired\":true,\"valueName\":\"search_term_string\"}}],\"inLanguage\":\"en-US\"},{\"@type\":\"Organization\",\"@id\":\"https:\\\/\\\/inesrosales.com\\\/en\\\/#organization\",\"name\":\"In\u00e9s Rosales\",\"url\":\"https:\\\/\\\/inesrosales.com\\\/en\\\/\",\"logo\":{\"@type\":\"ImageObject\",\"inLanguage\":\"en-US\",\"@id\":\"https:\\\/\\\/inesrosales.com\\\/en\\\/#\\\/schema\\\/logo\\\/image\\\/\",\"url\":\"https:\\\/\\\/inesrosales.com\\\/wp-content\\\/uploads\\\/2024\\\/12\\\/logo-ines-rosales.png\",\"contentUrl\":\"https:\\\/\\\/inesrosales.com\\\/wp-content\\\/uploads\\\/2024\\\/12\\\/logo-ines-rosales.png\",\"width\":384,\"height\":200,\"caption\":\"In\u00e9s Rosales\"},\"image\":{\"@id\":\"https:\\\/\\\/inesrosales.com\\\/en\\\/#\\\/schema\\\/logo\\\/image\\\/\"}}]}<\/script>\n<!-- \/ Yoast SEO Premium plugin. -->","yoast_head_json":{"title":"Data protection policy - In\u00e9s Rosales","robots":{"index":"noindex","follow":"nofollow"},"og_locale":"en_US","og_type":"article","og_title":"Data protection policy","og_description":"Data protection policy The Management \/ Governing Body of IN\u00e9s Rosales S.A.U., hereinafter referred to as the ENTITY (hereinafter, the data controller), assumes the highest level of responsibility and commitment to the establishment, implementation, and maintenance of this Data Protection Policy, ensuring the continuous improvement of the data controller with the aim of achieving excellence [&hellip;]","og_url":"https:\/\/inesrosales.com\/en\/data-protection-policy\/","og_site_name":"In\u00e9s Rosales","article_modified_time":"2024-12-31T08:53:58+00:00","twitter_card":"summary_large_image","twitter_misc":{"Est. reading time":"3 minutes"},"schema":{"@context":"https:\/\/schema.org","@graph":[{"@type":"WebPage","@id":"https:\/\/inesrosales.com\/en\/data-protection-policy\/","url":"https:\/\/inesrosales.com\/en\/data-protection-policy\/","name":"Data protection policy - In\u00e9s Rosales","isPartOf":{"@id":"https:\/\/inesrosales.com\/en\/#website"},"datePublished":"2024-12-17T14:05:15+00:00","dateModified":"2024-12-31T08:53:58+00:00","breadcrumb":{"@id":"https:\/\/inesrosales.com\/en\/data-protection-policy\/#breadcrumb"},"inLanguage":"en-US","potentialAction":[{"@type":"ReadAction","target":["https:\/\/inesrosales.com\/en\/data-protection-policy\/"]}]},{"@type":"BreadcrumbList","@id":"https:\/\/inesrosales.com\/en\/data-protection-policy\/#breadcrumb","itemListElement":[{"@type":"ListItem","position":1,"name":"Portada","item":"https:\/\/inesrosales.com\/en\/"},{"@type":"ListItem","position":2,"name":"Data protection policy"}]},{"@type":"WebSite","@id":"https:\/\/inesrosales.com\/en\/#website","url":"https:\/\/inesrosales.com\/en\/","name":"In\u00e9s Rosales","description":"Elaboramos las Leg\u00edtimas y Acreditadas Tortas de Aceite In\u00e9s Rosales. Elaboraci\u00f3n con productos 100% naturales y hechas con harina de Trigo, Aceite de Oliva Virgen Extra de Calidad Superior, az\u00facar y especias arom\u00e1ticas.  El mantenimiento de la elaboraci\u00f3n y acabado artesanal en su sentido m\u00e1s aut\u00e9ntico, junto a sus ingredientes naturales y la ausencia de aditivos, mejorantes y conservantes, le confieren un car\u00e1cter saludable.","publisher":{"@id":"https:\/\/inesrosales.com\/en\/#organization"},"alternateName":"In\u00e9s Rosales","potentialAction":[{"@type":"SearchAction","target":{"@type":"EntryPoint","urlTemplate":"https:\/\/inesrosales.com\/en\/?s={search_term_string}"},"query-input":{"@type":"PropertyValueSpecification","valueRequired":true,"valueName":"search_term_string"}}],"inLanguage":"en-US"},{"@type":"Organization","@id":"https:\/\/inesrosales.com\/en\/#organization","name":"In\u00e9s Rosales","url":"https:\/\/inesrosales.com\/en\/","logo":{"@type":"ImageObject","inLanguage":"en-US","@id":"https:\/\/inesrosales.com\/en\/#\/schema\/logo\/image\/","url":"https:\/\/inesrosales.com\/wp-content\/uploads\/2024\/12\/logo-ines-rosales.png","contentUrl":"https:\/\/inesrosales.com\/wp-content\/uploads\/2024\/12\/logo-ines-rosales.png","width":384,"height":200,"caption":"In\u00e9s Rosales"},"image":{"@id":"https:\/\/inesrosales.com\/en\/#\/schema\/logo\/image\/"}}]}},"_links":{"self":[{"href":"https:\/\/inesrosales.com\/en\/wp-json\/wp\/v2\/pages\/1045791","targetHints":{"allow":["GET"]}}],"collection":[{"href":"https:\/\/inesrosales.com\/en\/wp-json\/wp\/v2\/pages"}],"about":[{"href":"https:\/\/inesrosales.com\/en\/wp-json\/wp\/v2\/types\/page"}],"author":[{"embeddable":true,"href":"https:\/\/inesrosales.com\/en\/wp-json\/wp\/v2\/users\/3"}],"replies":[{"embeddable":true,"href":"https:\/\/inesrosales.com\/en\/wp-json\/wp\/v2\/comments?post=1045791"}],"version-history":[{"count":1,"href":"https:\/\/inesrosales.com\/en\/wp-json\/wp\/v2\/pages\/1045791\/revisions"}],"predecessor-version":[{"id":1045792,"href":"https:\/\/inesrosales.com\/en\/wp-json\/wp\/v2\/pages\/1045791\/revisions\/1045792"}],"wp:attachment":[{"href":"https:\/\/inesrosales.com\/en\/wp-json\/wp\/v2\/media?parent=1045791"}],"curies":[{"name":"wp","href":"https:\/\/api.w.org\/{rel}","templated":true}]}}