{"id":1043131,"date":"2018-02-01T15:28:26","date_gmt":"2018-02-01T14:28:26","guid":{"rendered":"https:\/\/inesrosales.com\/producto\/small-pastries-filled-with-cabello-de-angel-x6\/"},"modified":"2025-02-12T13:45:17","modified_gmt":"2025-02-12T12:45:17","slug":"small-pastries-filled-with-cabello-de-angel-x6","status":"publish","type":"product","link":"https:\/\/inesrosales.com\/en\/producto\/small-pastries-filled-with-cabello-de-angel-x6\/","title":{"rendered":"Small pastries filled with cabello de \u00e1ngel (x6)"},"content":{"rendered":"","protected":false},"excerpt":{"rendered":"<p>These traditional cabello de \u00e1ngel pastries from Seville have a delicate taste of lemon, making them a true delight for the senses.<\/p>\n<p>Each one is made using the finest ingredients and high oleic sunflower oil, meaning they\u2019re both delicious and healthy. Each one is made using the finest ingredients and high oleic sunflower oil, meaning they\u2019re both delicious and healthy.<\/p>\n<p><img loading=\"lazy\" decoding=\"async\" class=\"wp-image-1012089 alignnone\" src=\"https:\/\/inesrosales.com\/wp-content\/uploads\/2018\/02\/ACEITE-GIRASOL-ALTO-OLEICO.jpg\" alt=\"\" width=\"107\" height=\"76\" \/><\/p>\n","protected":false},"featured_media":1039660,"template":"","meta":{"_joinchat":[]},"product_brand":[],"product_cat":[69],"product_tag":[104,95,106,96],"class_list":{"0":"post-1043131","1":"product","2":"type-product","3":"status-publish","4":"has-post-thumbnail","6":"product_cat-andalusian-specialities","7":"product_tag-delicately-baked","8":"product_tag-high-oleic","9":"product_tag-no-additives","10":"product_tag-vegan","12":"first","13":"instock","14":"purchasable","15":"product-type-simple"},"yoast_head":"<!-- This site is optimized with the Yoast SEO Premium plugin v25.3 (Yoast SEO v27.4) - https:\/\/yoast.com\/product\/yoast-seo-premium-wordpress\/ -->\n<title>Small pastries filled with cabello de \u00e1ngel (x6) - In\u00e9s Rosales<\/title>\n<meta name=\"robots\" content=\"index, follow, max-snippet:-1, max-image-preview:large, max-video-preview:-1\" \/>\n<link rel=\"canonical\" href=\"https:\/\/inesrosales.com\/en\/producto\/small-pastries-filled-with-cabello-de-angel-x6\/\" \/>\n<meta property=\"og:locale\" content=\"en_US\" \/>\n<meta property=\"og:type\" content=\"article\" \/>\n<meta property=\"og:title\" content=\"Small pastries filled with cabello de \u00e1ngel (x6) - In\u00e9s Rosales\" \/>\n<meta property=\"og:description\" content=\"These traditional cabello de \u00e1ngel pastries from Seville have a delicate taste of lemon, making them a true delight for the senses.  Each one is made using the finest ingredients and high oleic sunflower oil, meaning they\u2019re both delicious and healthy. Each one is made using the finest ingredients and high oleic sunflower oil, meaning they\u2019re both delicious and healthy.\" \/>\n<meta property=\"og:url\" content=\"https:\/\/inesrosales.com\/en\/producto\/small-pastries-filled-with-cabello-de-angel-x6\/\" \/>\n<meta property=\"og:site_name\" content=\"In\u00e9s Rosales\" \/>\n<meta property=\"article:modified_time\" content=\"2025-02-12T12:45:17+00:00\" \/>\n<meta property=\"og:image\" content=\"https:\/\/inesrosales.com\/wp-content\/uploads\/2024\/12\/cortadillos-cidra.png\" \/>\n\t<meta property=\"og:image:width\" content=\"1128\" \/>\n\t<meta property=\"og:image:height\" content=\"1128\" \/>\n\t<meta property=\"og:image:type\" content=\"image\/png\" \/>\n<meta name=\"twitter:card\" content=\"summary_large_image\" \/>\n<script type=\"application\/ld+json\" class=\"yoast-schema-graph\">{\"@context\":\"https:\\\/\\\/schema.org\",\"@graph\":[{\"@type\":\"WebPage\",\"@id\":\"https:\\\/\\\/inesrosales.com\\\/en\\\/producto\\\/small-pastries-filled-with-cabello-de-angel-x6\\\/\",\"url\":\"https:\\\/\\\/inesrosales.com\\\/en\\\/producto\\\/small-pastries-filled-with-cabello-de-angel-x6\\\/\",\"name\":\"Small pastries filled with cabello de \u00e1ngel (x6) - In\u00e9s Rosales\",\"isPartOf\":{\"@id\":\"https:\\\/\\\/inesrosales.com\\\/en\\\/#website\"},\"primaryImageOfPage\":{\"@id\":\"https:\\\/\\\/inesrosales.com\\\/en\\\/producto\\\/small-pastries-filled-with-cabello-de-angel-x6\\\/#primaryimage\"},\"image\":{\"@id\":\"https:\\\/\\\/inesrosales.com\\\/en\\\/producto\\\/small-pastries-filled-with-cabello-de-angel-x6\\\/#primaryimage\"},\"thumbnailUrl\":\"https:\\\/\\\/inesrosales.com\\\/wp-content\\\/uploads\\\/2024\\\/12\\\/cortadillos-cidra.png\",\"datePublished\":\"2018-02-01T14:28:26+00:00\",\"dateModified\":\"2025-02-12T12:45:17+00:00\",\"breadcrumb\":{\"@id\":\"https:\\\/\\\/inesrosales.com\\\/en\\\/producto\\\/small-pastries-filled-with-cabello-de-angel-x6\\\/#breadcrumb\"},\"inLanguage\":\"en-US\",\"potentialAction\":[{\"@type\":\"ReadAction\",\"target\":[\"https:\\\/\\\/inesrosales.com\\\/en\\\/producto\\\/small-pastries-filled-with-cabello-de-angel-x6\\\/\"]}]},{\"@type\":\"ImageObject\",\"inLanguage\":\"en-US\",\"@id\":\"https:\\\/\\\/inesrosales.com\\\/en\\\/producto\\\/small-pastries-filled-with-cabello-de-angel-x6\\\/#primaryimage\",\"url\":\"https:\\\/\\\/inesrosales.com\\\/wp-content\\\/uploads\\\/2024\\\/12\\\/cortadillos-cidra.png\",\"contentUrl\":\"https:\\\/\\\/inesrosales.com\\\/wp-content\\\/uploads\\\/2024\\\/12\\\/cortadillos-cidra.png\",\"width\":1128,\"height\":1128},{\"@type\":\"BreadcrumbList\",\"@id\":\"https:\\\/\\\/inesrosales.com\\\/en\\\/producto\\\/small-pastries-filled-with-cabello-de-angel-x6\\\/#breadcrumb\",\"itemListElement\":[{\"@type\":\"ListItem\",\"position\":1,\"name\":\"Portada\",\"item\":\"https:\\\/\\\/inesrosales.com\\\/en\\\/\"},{\"@type\":\"ListItem\",\"position\":2,\"name\":\"Shop\",\"item\":\"https:\\\/\\\/inesrosales.com\\\/en\\\/shop\\\/\"},{\"@type\":\"ListItem\",\"position\":3,\"name\":\"Small pastries filled with cabello de \u00e1ngel (x6)\"}]},{\"@type\":\"WebSite\",\"@id\":\"https:\\\/\\\/inesrosales.com\\\/en\\\/#website\",\"url\":\"https:\\\/\\\/inesrosales.com\\\/en\\\/\",\"name\":\"In\u00e9s Rosales\",\"description\":\"Elaboramos las Leg\u00edtimas y Acreditadas Tortas de Aceite In\u00e9s Rosales. Elaboraci\u00f3n con productos 100% naturales y hechas con harina de Trigo, Aceite de Oliva Virgen Extra de Calidad Superior, az\u00facar y especias arom\u00e1ticas.  El mantenimiento de la elaboraci\u00f3n y acabado artesanal en su sentido m\u00e1s aut\u00e9ntico, junto a sus ingredientes naturales y la ausencia de aditivos, mejorantes y conservantes, le confieren un car\u00e1cter saludable.\",\"publisher\":{\"@id\":\"https:\\\/\\\/inesrosales.com\\\/en\\\/#organization\"},\"alternateName\":\"In\u00e9s Rosales\",\"potentialAction\":[{\"@type\":\"SearchAction\",\"target\":{\"@type\":\"EntryPoint\",\"urlTemplate\":\"https:\\\/\\\/inesrosales.com\\\/en\\\/?s={search_term_string}\"},\"query-input\":{\"@type\":\"PropertyValueSpecification\",\"valueRequired\":true,\"valueName\":\"search_term_string\"}}],\"inLanguage\":\"en-US\"},{\"@type\":\"Organization\",\"@id\":\"https:\\\/\\\/inesrosales.com\\\/en\\\/#organization\",\"name\":\"In\u00e9s Rosales\",\"url\":\"https:\\\/\\\/inesrosales.com\\\/en\\\/\",\"logo\":{\"@type\":\"ImageObject\",\"inLanguage\":\"en-US\",\"@id\":\"https:\\\/\\\/inesrosales.com\\\/en\\\/#\\\/schema\\\/logo\\\/image\\\/\",\"url\":\"https:\\\/\\\/inesrosales.com\\\/wp-content\\\/uploads\\\/2024\\\/12\\\/logo-ines-rosales.png\",\"contentUrl\":\"https:\\\/\\\/inesrosales.com\\\/wp-content\\\/uploads\\\/2024\\\/12\\\/logo-ines-rosales.png\",\"width\":384,\"height\":200,\"caption\":\"In\u00e9s Rosales\"},\"image\":{\"@id\":\"https:\\\/\\\/inesrosales.com\\\/en\\\/#\\\/schema\\\/logo\\\/image\\\/\"}}]}<\/script>\n<!-- \/ Yoast SEO Premium plugin. -->","yoast_head_json":{"title":"Small pastries filled with cabello de \u00e1ngel (x6) - In\u00e9s Rosales","robots":{"index":"index","follow":"follow","max-snippet":"max-snippet:-1","max-image-preview":"max-image-preview:large","max-video-preview":"max-video-preview:-1"},"canonical":"https:\/\/inesrosales.com\/en\/producto\/small-pastries-filled-with-cabello-de-angel-x6\/","og_locale":"en_US","og_type":"article","og_title":"Small pastries filled with cabello de \u00e1ngel (x6) - In\u00e9s Rosales","og_description":"These traditional cabello de \u00e1ngel pastries from Seville have a delicate taste of lemon, making them a true delight for the senses.  Each one is made using the finest ingredients and high oleic sunflower oil, meaning they\u2019re both delicious and healthy. Each one is made using the finest ingredients and high oleic sunflower oil, meaning they\u2019re both delicious and healthy.","og_url":"https:\/\/inesrosales.com\/en\/producto\/small-pastries-filled-with-cabello-de-angel-x6\/","og_site_name":"In\u00e9s Rosales","article_modified_time":"2025-02-12T12:45:17+00:00","og_image":[{"width":1128,"height":1128,"url":"https:\/\/inesrosales.com\/wp-content\/uploads\/2024\/12\/cortadillos-cidra.png","type":"image\/png"}],"twitter_card":"summary_large_image","schema":{"@context":"https:\/\/schema.org","@graph":[{"@type":"WebPage","@id":"https:\/\/inesrosales.com\/en\/producto\/small-pastries-filled-with-cabello-de-angel-x6\/","url":"https:\/\/inesrosales.com\/en\/producto\/small-pastries-filled-with-cabello-de-angel-x6\/","name":"Small pastries filled with cabello de \u00e1ngel (x6) - In\u00e9s Rosales","isPartOf":{"@id":"https:\/\/inesrosales.com\/en\/#website"},"primaryImageOfPage":{"@id":"https:\/\/inesrosales.com\/en\/producto\/small-pastries-filled-with-cabello-de-angel-x6\/#primaryimage"},"image":{"@id":"https:\/\/inesrosales.com\/en\/producto\/small-pastries-filled-with-cabello-de-angel-x6\/#primaryimage"},"thumbnailUrl":"https:\/\/inesrosales.com\/wp-content\/uploads\/2024\/12\/cortadillos-cidra.png","datePublished":"2018-02-01T14:28:26+00:00","dateModified":"2025-02-12T12:45:17+00:00","breadcrumb":{"@id":"https:\/\/inesrosales.com\/en\/producto\/small-pastries-filled-with-cabello-de-angel-x6\/#breadcrumb"},"inLanguage":"en-US","potentialAction":[{"@type":"ReadAction","target":["https:\/\/inesrosales.com\/en\/producto\/small-pastries-filled-with-cabello-de-angel-x6\/"]}]},{"@type":"ImageObject","inLanguage":"en-US","@id":"https:\/\/inesrosales.com\/en\/producto\/small-pastries-filled-with-cabello-de-angel-x6\/#primaryimage","url":"https:\/\/inesrosales.com\/wp-content\/uploads\/2024\/12\/cortadillos-cidra.png","contentUrl":"https:\/\/inesrosales.com\/wp-content\/uploads\/2024\/12\/cortadillos-cidra.png","width":1128,"height":1128},{"@type":"BreadcrumbList","@id":"https:\/\/inesrosales.com\/en\/producto\/small-pastries-filled-with-cabello-de-angel-x6\/#breadcrumb","itemListElement":[{"@type":"ListItem","position":1,"name":"Portada","item":"https:\/\/inesrosales.com\/en\/"},{"@type":"ListItem","position":2,"name":"Shop","item":"https:\/\/inesrosales.com\/en\/shop\/"},{"@type":"ListItem","position":3,"name":"Small pastries filled with cabello de \u00e1ngel (x6)"}]},{"@type":"WebSite","@id":"https:\/\/inesrosales.com\/en\/#website","url":"https:\/\/inesrosales.com\/en\/","name":"In\u00e9s Rosales","description":"Elaboramos las Leg\u00edtimas y Acreditadas Tortas de Aceite In\u00e9s Rosales. Elaboraci\u00f3n con productos 100% naturales y hechas con harina de Trigo, Aceite de Oliva Virgen Extra de Calidad Superior, az\u00facar y especias arom\u00e1ticas.  El mantenimiento de la elaboraci\u00f3n y acabado artesanal en su sentido m\u00e1s aut\u00e9ntico, junto a sus ingredientes naturales y la ausencia de aditivos, mejorantes y conservantes, le confieren un car\u00e1cter saludable.","publisher":{"@id":"https:\/\/inesrosales.com\/en\/#organization"},"alternateName":"In\u00e9s Rosales","potentialAction":[{"@type":"SearchAction","target":{"@type":"EntryPoint","urlTemplate":"https:\/\/inesrosales.com\/en\/?s={search_term_string}"},"query-input":{"@type":"PropertyValueSpecification","valueRequired":true,"valueName":"search_term_string"}}],"inLanguage":"en-US"},{"@type":"Organization","@id":"https:\/\/inesrosales.com\/en\/#organization","name":"In\u00e9s Rosales","url":"https:\/\/inesrosales.com\/en\/","logo":{"@type":"ImageObject","inLanguage":"en-US","@id":"https:\/\/inesrosales.com\/en\/#\/schema\/logo\/image\/","url":"https:\/\/inesrosales.com\/wp-content\/uploads\/2024\/12\/logo-ines-rosales.png","contentUrl":"https:\/\/inesrosales.com\/wp-content\/uploads\/2024\/12\/logo-ines-rosales.png","width":384,"height":200,"caption":"In\u00e9s Rosales"},"image":{"@id":"https:\/\/inesrosales.com\/en\/#\/schema\/logo\/image\/"}}]}},"_links":{"self":[{"href":"https:\/\/inesrosales.com\/en\/wp-json\/wp\/v2\/product\/1043131","targetHints":{"allow":["GET"]}}],"collection":[{"href":"https:\/\/inesrosales.com\/en\/wp-json\/wp\/v2\/product"}],"about":[{"href":"https:\/\/inesrosales.com\/en\/wp-json\/wp\/v2\/types\/product"}],"wp:featuredmedia":[{"embeddable":true,"href":"https:\/\/inesrosales.com\/en\/wp-json\/wp\/v2\/media\/1039660"}],"wp:attachment":[{"href":"https:\/\/inesrosales.com\/en\/wp-json\/wp\/v2\/media?parent=1043131"}],"wp:term":[{"taxonomy":"product_brand","embeddable":true,"href":"https:\/\/inesrosales.com\/en\/wp-json\/wp\/v2\/product_brand?post=1043131"},{"taxonomy":"product_cat","embeddable":true,"href":"https:\/\/inesrosales.com\/en\/wp-json\/wp\/v2\/product_cat?post=1043131"},{"taxonomy":"product_tag","embeddable":true,"href":"https:\/\/inesrosales.com\/en\/wp-json\/wp\/v2\/product_tag?post=1043131"}],"curies":[{"name":"wp","href":"https:\/\/api.w.org\/{rel}","templated":true}]}}