{"id":1043172,"date":"2024-11-11T12:33:06","date_gmt":"2024-11-11T11:33:06","guid":{"rendered":"https:\/\/inesrosales.com\/producto\/oil-tortas-with-ginger-limited-edition-4-und\/"},"modified":"2026-01-30T13:49:09","modified_gmt":"2026-01-30T12:49:09","slug":"oil-tortas-with-ginger-spice-4-und","status":"publish","type":"product","link":"https:\/\/inesrosales.com\/en\/producto\/oil-tortas-with-ginger-spice-4-und\/","title":{"rendered":"Ginger Spice Olive Oil Tortas (x4)"},"content":{"rendered":"<p>Limited Edition<\/p>\n","protected":false},"excerpt":{"rendered":"<p>Limited Edition<\/p>\n<p>This Christmas discover the new variety of Oil tortas with Ginger. Provides well-being and acts as an antioxidant. Ideal to enjoy this season. A limited edition, available online only. Don&#8217;t miss out on this delicious variety!<\/p>\n","protected":false},"featured_media":1040937,"template":"","meta":{"_joinchat":[]},"product_brand":[],"product_cat":[66,68],"product_tag":[104,107,108,106,94,96],"class_list":{"0":"post-1043172","1":"product","2":"type-product","3":"status-publish","4":"has-post-thumbnail","6":"product_cat-ginger","7":"product_cat-sweet-olive-oil-tortas","8":"product_tag-delicately-baked","9":"product_tag-egg-free","10":"product_tag-lactose-free","11":"product_tag-no-additives","12":"product_tag-olive-oil","13":"product_tag-vegan","15":"first","16":"outofstock","17":"purchasable","18":"product-type-simple"},"yoast_head":"<!-- This site is optimized with the Yoast SEO Premium plugin v25.3 (Yoast SEO v27.4) - https:\/\/yoast.com\/product\/yoast-seo-premium-wordpress\/ -->\n<title>Ginger Spice Olive Oil Tortas (x4) - In\u00e9s Rosales<\/title>\n<meta name=\"robots\" content=\"index, follow, max-snippet:-1, max-image-preview:large, max-video-preview:-1\" \/>\n<link rel=\"canonical\" href=\"https:\/\/inesrosales.com\/en\/producto\/oil-tortas-with-ginger-spice-4-und\/\" \/>\n<meta property=\"og:locale\" content=\"en_US\" \/>\n<meta property=\"og:type\" content=\"article\" \/>\n<meta property=\"og:title\" content=\"Ginger Spice Olive Oil Tortas (x4) - In\u00e9s Rosales\" \/>\n<meta property=\"og:description\" content=\"Limited Edition  This Christmas discover the new variety of Oil tortas with Ginger. Provides well-being and acts as an antioxidant. Ideal to enjoy this season. A limited edition, available online only. Don&#039;t miss out on this delicious variety!\" \/>\n<meta property=\"og:url\" content=\"https:\/\/inesrosales.com\/en\/producto\/oil-tortas-with-ginger-spice-4-und\/\" \/>\n<meta property=\"og:site_name\" content=\"In\u00e9s Rosales\" \/>\n<meta property=\"article:modified_time\" content=\"2026-01-30T12:49:09+00:00\" \/>\n<meta property=\"og:image\" content=\"https:\/\/inesrosales.com\/wp-content\/uploads\/2024\/12\/tortas-gengibre.png\" \/>\n\t<meta property=\"og:image:width\" content=\"1000\" \/>\n\t<meta property=\"og:image:height\" content=\"1000\" \/>\n\t<meta property=\"og:image:type\" content=\"image\/png\" \/>\n<meta name=\"twitter:card\" content=\"summary_large_image\" \/>\n<meta name=\"twitter:label1\" content=\"Est. reading time\" \/>\n\t<meta name=\"twitter:data1\" content=\"1 minute\" \/>\n<script type=\"application\/ld+json\" class=\"yoast-schema-graph\">{\"@context\":\"https:\\\/\\\/schema.org\",\"@graph\":[{\"@type\":\"WebPage\",\"@id\":\"https:\\\/\\\/inesrosales.com\\\/en\\\/producto\\\/oil-tortas-with-ginger-spice-4-und\\\/\",\"url\":\"https:\\\/\\\/inesrosales.com\\\/en\\\/producto\\\/oil-tortas-with-ginger-spice-4-und\\\/\",\"name\":\"Ginger Spice Olive Oil Tortas (x4) - In\u00e9s Rosales\",\"isPartOf\":{\"@id\":\"https:\\\/\\\/inesrosales.com\\\/en\\\/#website\"},\"primaryImageOfPage\":{\"@id\":\"https:\\\/\\\/inesrosales.com\\\/en\\\/producto\\\/oil-tortas-with-ginger-spice-4-und\\\/#primaryimage\"},\"image\":{\"@id\":\"https:\\\/\\\/inesrosales.com\\\/en\\\/producto\\\/oil-tortas-with-ginger-spice-4-und\\\/#primaryimage\"},\"thumbnailUrl\":\"https:\\\/\\\/inesrosales.com\\\/wp-content\\\/uploads\\\/2024\\\/12\\\/tortas-gengibre.png\",\"datePublished\":\"2024-11-11T11:33:06+00:00\",\"dateModified\":\"2026-01-30T12:49:09+00:00\",\"breadcrumb\":{\"@id\":\"https:\\\/\\\/inesrosales.com\\\/en\\\/producto\\\/oil-tortas-with-ginger-spice-4-und\\\/#breadcrumb\"},\"inLanguage\":\"en-US\",\"potentialAction\":[{\"@type\":\"ReadAction\",\"target\":[\"https:\\\/\\\/inesrosales.com\\\/en\\\/producto\\\/oil-tortas-with-ginger-spice-4-und\\\/\"]}]},{\"@type\":\"ImageObject\",\"inLanguage\":\"en-US\",\"@id\":\"https:\\\/\\\/inesrosales.com\\\/en\\\/producto\\\/oil-tortas-with-ginger-spice-4-und\\\/#primaryimage\",\"url\":\"https:\\\/\\\/inesrosales.com\\\/wp-content\\\/uploads\\\/2024\\\/12\\\/tortas-gengibre.png\",\"contentUrl\":\"https:\\\/\\\/inesrosales.com\\\/wp-content\\\/uploads\\\/2024\\\/12\\\/tortas-gengibre.png\",\"width\":1000,\"height\":1000},{\"@type\":\"BreadcrumbList\",\"@id\":\"https:\\\/\\\/inesrosales.com\\\/en\\\/producto\\\/oil-tortas-with-ginger-spice-4-und\\\/#breadcrumb\",\"itemListElement\":[{\"@type\":\"ListItem\",\"position\":1,\"name\":\"Portada\",\"item\":\"https:\\\/\\\/inesrosales.com\\\/en\\\/\"},{\"@type\":\"ListItem\",\"position\":2,\"name\":\"Shop\",\"item\":\"https:\\\/\\\/inesrosales.com\\\/en\\\/shop\\\/\"},{\"@type\":\"ListItem\",\"position\":3,\"name\":\"Ginger Spice Olive Oil Tortas (x4)\"}]},{\"@type\":\"WebSite\",\"@id\":\"https:\\\/\\\/inesrosales.com\\\/en\\\/#website\",\"url\":\"https:\\\/\\\/inesrosales.com\\\/en\\\/\",\"name\":\"In\u00e9s Rosales\",\"description\":\"Elaboramos las Leg\u00edtimas y Acreditadas Tortas de Aceite In\u00e9s Rosales. Elaboraci\u00f3n con productos 100% naturales y hechas con harina de Trigo, Aceite de Oliva Virgen Extra de Calidad Superior, az\u00facar y especias arom\u00e1ticas.  El mantenimiento de la elaboraci\u00f3n y acabado artesanal en su sentido m\u00e1s aut\u00e9ntico, junto a sus ingredientes naturales y la ausencia de aditivos, mejorantes y conservantes, le confieren un car\u00e1cter saludable.\",\"publisher\":{\"@id\":\"https:\\\/\\\/inesrosales.com\\\/en\\\/#organization\"},\"alternateName\":\"In\u00e9s Rosales\",\"potentialAction\":[{\"@type\":\"SearchAction\",\"target\":{\"@type\":\"EntryPoint\",\"urlTemplate\":\"https:\\\/\\\/inesrosales.com\\\/en\\\/?s={search_term_string}\"},\"query-input\":{\"@type\":\"PropertyValueSpecification\",\"valueRequired\":true,\"valueName\":\"search_term_string\"}}],\"inLanguage\":\"en-US\"},{\"@type\":\"Organization\",\"@id\":\"https:\\\/\\\/inesrosales.com\\\/en\\\/#organization\",\"name\":\"In\u00e9s Rosales\",\"url\":\"https:\\\/\\\/inesrosales.com\\\/en\\\/\",\"logo\":{\"@type\":\"ImageObject\",\"inLanguage\":\"en-US\",\"@id\":\"https:\\\/\\\/inesrosales.com\\\/en\\\/#\\\/schema\\\/logo\\\/image\\\/\",\"url\":\"https:\\\/\\\/inesrosales.com\\\/wp-content\\\/uploads\\\/2024\\\/12\\\/logo-ines-rosales.png\",\"contentUrl\":\"https:\\\/\\\/inesrosales.com\\\/wp-content\\\/uploads\\\/2024\\\/12\\\/logo-ines-rosales.png\",\"width\":384,\"height\":200,\"caption\":\"In\u00e9s Rosales\"},\"image\":{\"@id\":\"https:\\\/\\\/inesrosales.com\\\/en\\\/#\\\/schema\\\/logo\\\/image\\\/\"}}]}<\/script>\n<!-- \/ Yoast SEO Premium plugin. -->","yoast_head_json":{"title":"Ginger Spice Olive Oil Tortas (x4) - In\u00e9s Rosales","robots":{"index":"index","follow":"follow","max-snippet":"max-snippet:-1","max-image-preview":"max-image-preview:large","max-video-preview":"max-video-preview:-1"},"canonical":"https:\/\/inesrosales.com\/en\/producto\/oil-tortas-with-ginger-spice-4-und\/","og_locale":"en_US","og_type":"article","og_title":"Ginger Spice Olive Oil Tortas (x4) - In\u00e9s Rosales","og_description":"Limited Edition  This Christmas discover the new variety of Oil tortas with Ginger. Provides well-being and acts as an antioxidant. Ideal to enjoy this season. A limited edition, available online only. Don't miss out on this delicious variety!","og_url":"https:\/\/inesrosales.com\/en\/producto\/oil-tortas-with-ginger-spice-4-und\/","og_site_name":"In\u00e9s Rosales","article_modified_time":"2026-01-30T12:49:09+00:00","og_image":[{"width":1000,"height":1000,"url":"https:\/\/inesrosales.com\/wp-content\/uploads\/2024\/12\/tortas-gengibre.png","type":"image\/png"}],"twitter_card":"summary_large_image","twitter_misc":{"Est. reading time":"1 minute"},"schema":{"@context":"https:\/\/schema.org","@graph":[{"@type":"WebPage","@id":"https:\/\/inesrosales.com\/en\/producto\/oil-tortas-with-ginger-spice-4-und\/","url":"https:\/\/inesrosales.com\/en\/producto\/oil-tortas-with-ginger-spice-4-und\/","name":"Ginger Spice Olive Oil Tortas (x4) - In\u00e9s Rosales","isPartOf":{"@id":"https:\/\/inesrosales.com\/en\/#website"},"primaryImageOfPage":{"@id":"https:\/\/inesrosales.com\/en\/producto\/oil-tortas-with-ginger-spice-4-und\/#primaryimage"},"image":{"@id":"https:\/\/inesrosales.com\/en\/producto\/oil-tortas-with-ginger-spice-4-und\/#primaryimage"},"thumbnailUrl":"https:\/\/inesrosales.com\/wp-content\/uploads\/2024\/12\/tortas-gengibre.png","datePublished":"2024-11-11T11:33:06+00:00","dateModified":"2026-01-30T12:49:09+00:00","breadcrumb":{"@id":"https:\/\/inesrosales.com\/en\/producto\/oil-tortas-with-ginger-spice-4-und\/#breadcrumb"},"inLanguage":"en-US","potentialAction":[{"@type":"ReadAction","target":["https:\/\/inesrosales.com\/en\/producto\/oil-tortas-with-ginger-spice-4-und\/"]}]},{"@type":"ImageObject","inLanguage":"en-US","@id":"https:\/\/inesrosales.com\/en\/producto\/oil-tortas-with-ginger-spice-4-und\/#primaryimage","url":"https:\/\/inesrosales.com\/wp-content\/uploads\/2024\/12\/tortas-gengibre.png","contentUrl":"https:\/\/inesrosales.com\/wp-content\/uploads\/2024\/12\/tortas-gengibre.png","width":1000,"height":1000},{"@type":"BreadcrumbList","@id":"https:\/\/inesrosales.com\/en\/producto\/oil-tortas-with-ginger-spice-4-und\/#breadcrumb","itemListElement":[{"@type":"ListItem","position":1,"name":"Portada","item":"https:\/\/inesrosales.com\/en\/"},{"@type":"ListItem","position":2,"name":"Shop","item":"https:\/\/inesrosales.com\/en\/shop\/"},{"@type":"ListItem","position":3,"name":"Ginger Spice Olive Oil Tortas (x4)"}]},{"@type":"WebSite","@id":"https:\/\/inesrosales.com\/en\/#website","url":"https:\/\/inesrosales.com\/en\/","name":"In\u00e9s Rosales","description":"Elaboramos las Leg\u00edtimas y Acreditadas Tortas de Aceite In\u00e9s Rosales. Elaboraci\u00f3n con productos 100% naturales y hechas con harina de Trigo, Aceite de Oliva Virgen Extra de Calidad Superior, az\u00facar y especias arom\u00e1ticas.  El mantenimiento de la elaboraci\u00f3n y acabado artesanal en su sentido m\u00e1s aut\u00e9ntico, junto a sus ingredientes naturales y la ausencia de aditivos, mejorantes y conservantes, le confieren un car\u00e1cter saludable.","publisher":{"@id":"https:\/\/inesrosales.com\/en\/#organization"},"alternateName":"In\u00e9s Rosales","potentialAction":[{"@type":"SearchAction","target":{"@type":"EntryPoint","urlTemplate":"https:\/\/inesrosales.com\/en\/?s={search_term_string}"},"query-input":{"@type":"PropertyValueSpecification","valueRequired":true,"valueName":"search_term_string"}}],"inLanguage":"en-US"},{"@type":"Organization","@id":"https:\/\/inesrosales.com\/en\/#organization","name":"In\u00e9s Rosales","url":"https:\/\/inesrosales.com\/en\/","logo":{"@type":"ImageObject","inLanguage":"en-US","@id":"https:\/\/inesrosales.com\/en\/#\/schema\/logo\/image\/","url":"https:\/\/inesrosales.com\/wp-content\/uploads\/2024\/12\/logo-ines-rosales.png","contentUrl":"https:\/\/inesrosales.com\/wp-content\/uploads\/2024\/12\/logo-ines-rosales.png","width":384,"height":200,"caption":"In\u00e9s Rosales"},"image":{"@id":"https:\/\/inesrosales.com\/en\/#\/schema\/logo\/image\/"}}]}},"_links":{"self":[{"href":"https:\/\/inesrosales.com\/en\/wp-json\/wp\/v2\/product\/1043172","targetHints":{"allow":["GET"]}}],"collection":[{"href":"https:\/\/inesrosales.com\/en\/wp-json\/wp\/v2\/product"}],"about":[{"href":"https:\/\/inesrosales.com\/en\/wp-json\/wp\/v2\/types\/product"}],"wp:featuredmedia":[{"embeddable":true,"href":"https:\/\/inesrosales.com\/en\/wp-json\/wp\/v2\/media\/1040937"}],"wp:attachment":[{"href":"https:\/\/inesrosales.com\/en\/wp-json\/wp\/v2\/media?parent=1043172"}],"wp:term":[{"taxonomy":"product_brand","embeddable":true,"href":"https:\/\/inesrosales.com\/en\/wp-json\/wp\/v2\/product_brand?post=1043172"},{"taxonomy":"product_cat","embeddable":true,"href":"https:\/\/inesrosales.com\/en\/wp-json\/wp\/v2\/product_cat?post=1043172"},{"taxonomy":"product_tag","embeddable":true,"href":"https:\/\/inesrosales.com\/en\/wp-json\/wp\/v2\/product_tag?post=1043172"}],"curies":[{"name":"wp","href":"https:\/\/api.w.org\/{rel}","templated":true}]}}