{"id":1054397,"date":"2025-11-07T13:11:15","date_gmt":"2025-11-07T12:11:15","guid":{"rendered":"https:\/\/inesrosales.com\/producto\/estuche-azulejo-sabores-con-tortas-de-aceite-con-naranja\/"},"modified":"2025-11-27T13:43:46","modified_gmt":"2025-11-27T12:43:46","slug":"tile-box-with-orange-sweet-tortas","status":"publish","type":"product","link":"https:\/\/inesrosales.com\/en\/producto\/tile-box-with-orange-sweet-tortas\/","title":{"rendered":"Tile box with Orange Sweet Tortas (x5)"},"content":{"rendered":"","protected":false},"excerpt":{"rendered":"<p>Their captivating and exquisite fragrance of\u00a0<strong>Seville orange<\/strong>\u00a0will transport you to the South of Spain in spring. Light citrus touches for a very original tasting. A secret?\u00a0<strong>Accompany it with a good cheese.<\/strong>\u00a0Made by hand, one by one, our Olive Oil Tortas contain only natural\u00a0<strong>Mediterranean ingredients, including extra virgin olive oil<\/strong>. Each torta is unique and one of a kind,\u00a0<strong>carefully crafted by our team of artisans before being baked. <\/strong>150 gr.<\/p>\n","protected":false},"featured_media":1054375,"template":"","meta":{"_joinchat":[]},"product_brand":[],"product_cat":[68],"product_tag":[104,107,108,106,94,96],"class_list":{"0":"post-1054397","1":"product","2":"type-product","3":"status-publish","4":"has-post-thumbnail","6":"product_cat-sweet-olive-oil-tortas","7":"product_tag-delicately-baked","8":"product_tag-egg-free","9":"product_tag-lactose-free","10":"product_tag-no-additives","11":"product_tag-olive-oil","12":"product_tag-vegan","14":"first","15":"instock","16":"purchasable","17":"product-type-simple"},"yoast_head":"<!-- This site is optimized with the Yoast SEO Premium plugin v25.3 (Yoast SEO v27.4) - https:\/\/yoast.com\/product\/yoast-seo-premium-wordpress\/ -->\n<title>Tile box with Orange Sweet Tortas (x5) - In\u00e9s Rosales<\/title>\n<meta name=\"robots\" content=\"index, follow, max-snippet:-1, max-image-preview:large, max-video-preview:-1\" \/>\n<link rel=\"canonical\" href=\"https:\/\/inesrosales.com\/en\/producto\/tile-box-with-orange-sweet-tortas\/\" \/>\n<meta property=\"og:locale\" content=\"en_US\" \/>\n<meta property=\"og:type\" content=\"article\" \/>\n<meta property=\"og:title\" content=\"Tile box with Orange Sweet Tortas (x5) - In\u00e9s Rosales\" \/>\n<meta property=\"og:description\" content=\"Their captivating and exquisite fragrance of\u00a0Seville orange\u00a0will transport you to the South of Spain in spring. Light citrus touches for a very original tasting. A secret?\u00a0Accompany it with a good cheese.\u00a0Made by hand, one by one, our Olive Oil Tortas contain only natural\u00a0Mediterranean ingredients, including extra virgin olive oil. Each torta is unique and one of a kind,\u00a0carefully crafted by our team of artisans before being baked. 150 gr.\" \/>\n<meta property=\"og:url\" content=\"https:\/\/inesrosales.com\/en\/producto\/tile-box-with-orange-sweet-tortas\/\" \/>\n<meta property=\"og:site_name\" content=\"In\u00e9s Rosales\" \/>\n<meta property=\"article:modified_time\" content=\"2025-11-27T12:43:46+00:00\" \/>\n<meta property=\"og:image\" content=\"https:\/\/inesrosales.com\/wp-content\/uploads\/2025\/11\/AZULEJO-OR-TORTAS-CON-NARANJA.png\" \/>\n\t<meta property=\"og:image:width\" content=\"1080\" \/>\n\t<meta property=\"og:image:height\" content=\"1080\" \/>\n\t<meta property=\"og:image:type\" content=\"image\/png\" \/>\n<meta name=\"twitter:card\" content=\"summary_large_image\" \/>\n<meta name=\"twitter:label1\" content=\"Est. reading time\" \/>\n\t<meta name=\"twitter:data1\" content=\"1 minute\" \/>\n<script type=\"application\/ld+json\" class=\"yoast-schema-graph\">{\"@context\":\"https:\\\/\\\/schema.org\",\"@graph\":[{\"@type\":\"WebPage\",\"@id\":\"https:\\\/\\\/inesrosales.com\\\/en\\\/producto\\\/tile-box-with-orange-sweet-tortas\\\/\",\"url\":\"https:\\\/\\\/inesrosales.com\\\/en\\\/producto\\\/tile-box-with-orange-sweet-tortas\\\/\",\"name\":\"Tile box with Orange Sweet Tortas (x5) - In\u00e9s Rosales\",\"isPartOf\":{\"@id\":\"https:\\\/\\\/inesrosales.com\\\/en\\\/#website\"},\"primaryImageOfPage\":{\"@id\":\"https:\\\/\\\/inesrosales.com\\\/en\\\/producto\\\/tile-box-with-orange-sweet-tortas\\\/#primaryimage\"},\"image\":{\"@id\":\"https:\\\/\\\/inesrosales.com\\\/en\\\/producto\\\/tile-box-with-orange-sweet-tortas\\\/#primaryimage\"},\"thumbnailUrl\":\"https:\\\/\\\/inesrosales.com\\\/wp-content\\\/uploads\\\/2024\\\/06\\\/AZULEJOR-TORTAS-CON-NARANJA.png\",\"datePublished\":\"2025-11-07T12:11:15+00:00\",\"dateModified\":\"2025-11-27T12:43:46+00:00\",\"breadcrumb\":{\"@id\":\"https:\\\/\\\/inesrosales.com\\\/en\\\/producto\\\/tile-box-with-orange-sweet-tortas\\\/#breadcrumb\"},\"inLanguage\":\"en-US\",\"potentialAction\":[{\"@type\":\"ReadAction\",\"target\":[\"https:\\\/\\\/inesrosales.com\\\/en\\\/producto\\\/tile-box-with-orange-sweet-tortas\\\/\"]}]},{\"@type\":\"ImageObject\",\"inLanguage\":\"en-US\",\"@id\":\"https:\\\/\\\/inesrosales.com\\\/en\\\/producto\\\/tile-box-with-orange-sweet-tortas\\\/#primaryimage\",\"url\":\"https:\\\/\\\/inesrosales.com\\\/wp-content\\\/uploads\\\/2024\\\/06\\\/AZULEJOR-TORTAS-CON-NARANJA.png\",\"contentUrl\":\"https:\\\/\\\/inesrosales.com\\\/wp-content\\\/uploads\\\/2024\\\/06\\\/AZULEJOR-TORTAS-CON-NARANJA.png\",\"width\":1080,\"height\":1080,\"caption\":\"estuche azulejo con tortas de aceite con naranja de In\u00e9s Rosales\"},{\"@type\":\"BreadcrumbList\",\"@id\":\"https:\\\/\\\/inesrosales.com\\\/en\\\/producto\\\/tile-box-with-orange-sweet-tortas\\\/#breadcrumb\",\"itemListElement\":[{\"@type\":\"ListItem\",\"position\":1,\"name\":\"Portada\",\"item\":\"https:\\\/\\\/inesrosales.com\\\/en\\\/\"},{\"@type\":\"ListItem\",\"position\":2,\"name\":\"Shop\",\"item\":\"https:\\\/\\\/inesrosales.com\\\/en\\\/shop\\\/\"},{\"@type\":\"ListItem\",\"position\":3,\"name\":\"Tile box with Orange Sweet Tortas (x5)\"}]},{\"@type\":\"WebSite\",\"@id\":\"https:\\\/\\\/inesrosales.com\\\/en\\\/#website\",\"url\":\"https:\\\/\\\/inesrosales.com\\\/en\\\/\",\"name\":\"In\u00e9s Rosales\",\"description\":\"Elaboramos las Leg\u00edtimas y Acreditadas Tortas de Aceite In\u00e9s Rosales. Elaboraci\u00f3n con productos 100% naturales y hechas con harina de Trigo, Aceite de Oliva Virgen Extra de Calidad Superior, az\u00facar y especias arom\u00e1ticas.  El mantenimiento de la elaboraci\u00f3n y acabado artesanal en su sentido m\u00e1s aut\u00e9ntico, junto a sus ingredientes naturales y la ausencia de aditivos, mejorantes y conservantes, le confieren un car\u00e1cter saludable.\",\"publisher\":{\"@id\":\"https:\\\/\\\/inesrosales.com\\\/en\\\/#organization\"},\"alternateName\":\"In\u00e9s Rosales\",\"potentialAction\":[{\"@type\":\"SearchAction\",\"target\":{\"@type\":\"EntryPoint\",\"urlTemplate\":\"https:\\\/\\\/inesrosales.com\\\/en\\\/?s={search_term_string}\"},\"query-input\":{\"@type\":\"PropertyValueSpecification\",\"valueRequired\":true,\"valueName\":\"search_term_string\"}}],\"inLanguage\":\"en-US\"},{\"@type\":\"Organization\",\"@id\":\"https:\\\/\\\/inesrosales.com\\\/en\\\/#organization\",\"name\":\"In\u00e9s Rosales\",\"url\":\"https:\\\/\\\/inesrosales.com\\\/en\\\/\",\"logo\":{\"@type\":\"ImageObject\",\"inLanguage\":\"en-US\",\"@id\":\"https:\\\/\\\/inesrosales.com\\\/en\\\/#\\\/schema\\\/logo\\\/image\\\/\",\"url\":\"https:\\\/\\\/inesrosales.com\\\/wp-content\\\/uploads\\\/2024\\\/12\\\/logo-ines-rosales.png\",\"contentUrl\":\"https:\\\/\\\/inesrosales.com\\\/wp-content\\\/uploads\\\/2024\\\/12\\\/logo-ines-rosales.png\",\"width\":384,\"height\":200,\"caption\":\"In\u00e9s Rosales\"},\"image\":{\"@id\":\"https:\\\/\\\/inesrosales.com\\\/en\\\/#\\\/schema\\\/logo\\\/image\\\/\"}}]}<\/script>\n<!-- \/ Yoast SEO Premium plugin. -->","yoast_head_json":{"title":"Tile box with Orange Sweet Tortas (x5) - In\u00e9s Rosales","robots":{"index":"index","follow":"follow","max-snippet":"max-snippet:-1","max-image-preview":"max-image-preview:large","max-video-preview":"max-video-preview:-1"},"canonical":"https:\/\/inesrosales.com\/en\/producto\/tile-box-with-orange-sweet-tortas\/","og_locale":"en_US","og_type":"article","og_title":"Tile box with Orange Sweet Tortas (x5) - In\u00e9s Rosales","og_description":"Their captivating and exquisite fragrance of\u00a0Seville orange\u00a0will transport you to the South of Spain in spring. Light citrus touches for a very original tasting. A secret?\u00a0Accompany it with a good cheese.\u00a0Made by hand, one by one, our Olive Oil Tortas contain only natural\u00a0Mediterranean ingredients, including extra virgin olive oil. Each torta is unique and one of a kind,\u00a0carefully crafted by our team of artisans before being baked. 150 gr.","og_url":"https:\/\/inesrosales.com\/en\/producto\/tile-box-with-orange-sweet-tortas\/","og_site_name":"In\u00e9s Rosales","article_modified_time":"2025-11-27T12:43:46+00:00","og_image":[{"width":1080,"height":1080,"url":"https:\/\/inesrosales.com\/wp-content\/uploads\/2025\/11\/AZULEJO-OR-TORTAS-CON-NARANJA.png","type":"image\/png"}],"twitter_card":"summary_large_image","twitter_misc":{"Est. reading time":"1 minute"},"schema":{"@context":"https:\/\/schema.org","@graph":[{"@type":"WebPage","@id":"https:\/\/inesrosales.com\/en\/producto\/tile-box-with-orange-sweet-tortas\/","url":"https:\/\/inesrosales.com\/en\/producto\/tile-box-with-orange-sweet-tortas\/","name":"Tile box with Orange Sweet Tortas (x5) - In\u00e9s Rosales","isPartOf":{"@id":"https:\/\/inesrosales.com\/en\/#website"},"primaryImageOfPage":{"@id":"https:\/\/inesrosales.com\/en\/producto\/tile-box-with-orange-sweet-tortas\/#primaryimage"},"image":{"@id":"https:\/\/inesrosales.com\/en\/producto\/tile-box-with-orange-sweet-tortas\/#primaryimage"},"thumbnailUrl":"https:\/\/inesrosales.com\/wp-content\/uploads\/2024\/06\/AZULEJOR-TORTAS-CON-NARANJA.png","datePublished":"2025-11-07T12:11:15+00:00","dateModified":"2025-11-27T12:43:46+00:00","breadcrumb":{"@id":"https:\/\/inesrosales.com\/en\/producto\/tile-box-with-orange-sweet-tortas\/#breadcrumb"},"inLanguage":"en-US","potentialAction":[{"@type":"ReadAction","target":["https:\/\/inesrosales.com\/en\/producto\/tile-box-with-orange-sweet-tortas\/"]}]},{"@type":"ImageObject","inLanguage":"en-US","@id":"https:\/\/inesrosales.com\/en\/producto\/tile-box-with-orange-sweet-tortas\/#primaryimage","url":"https:\/\/inesrosales.com\/wp-content\/uploads\/2024\/06\/AZULEJOR-TORTAS-CON-NARANJA.png","contentUrl":"https:\/\/inesrosales.com\/wp-content\/uploads\/2024\/06\/AZULEJOR-TORTAS-CON-NARANJA.png","width":1080,"height":1080,"caption":"estuche azulejo con tortas de aceite con naranja de In\u00e9s Rosales"},{"@type":"BreadcrumbList","@id":"https:\/\/inesrosales.com\/en\/producto\/tile-box-with-orange-sweet-tortas\/#breadcrumb","itemListElement":[{"@type":"ListItem","position":1,"name":"Portada","item":"https:\/\/inesrosales.com\/en\/"},{"@type":"ListItem","position":2,"name":"Shop","item":"https:\/\/inesrosales.com\/en\/shop\/"},{"@type":"ListItem","position":3,"name":"Tile box with Orange Sweet Tortas (x5)"}]},{"@type":"WebSite","@id":"https:\/\/inesrosales.com\/en\/#website","url":"https:\/\/inesrosales.com\/en\/","name":"In\u00e9s Rosales","description":"Elaboramos las Leg\u00edtimas y Acreditadas Tortas de Aceite In\u00e9s Rosales. Elaboraci\u00f3n con productos 100% naturales y hechas con harina de Trigo, Aceite de Oliva Virgen Extra de Calidad Superior, az\u00facar y especias arom\u00e1ticas.  El mantenimiento de la elaboraci\u00f3n y acabado artesanal en su sentido m\u00e1s aut\u00e9ntico, junto a sus ingredientes naturales y la ausencia de aditivos, mejorantes y conservantes, le confieren un car\u00e1cter saludable.","publisher":{"@id":"https:\/\/inesrosales.com\/en\/#organization"},"alternateName":"In\u00e9s Rosales","potentialAction":[{"@type":"SearchAction","target":{"@type":"EntryPoint","urlTemplate":"https:\/\/inesrosales.com\/en\/?s={search_term_string}"},"query-input":{"@type":"PropertyValueSpecification","valueRequired":true,"valueName":"search_term_string"}}],"inLanguage":"en-US"},{"@type":"Organization","@id":"https:\/\/inesrosales.com\/en\/#organization","name":"In\u00e9s Rosales","url":"https:\/\/inesrosales.com\/en\/","logo":{"@type":"ImageObject","inLanguage":"en-US","@id":"https:\/\/inesrosales.com\/en\/#\/schema\/logo\/image\/","url":"https:\/\/inesrosales.com\/wp-content\/uploads\/2024\/12\/logo-ines-rosales.png","contentUrl":"https:\/\/inesrosales.com\/wp-content\/uploads\/2024\/12\/logo-ines-rosales.png","width":384,"height":200,"caption":"In\u00e9s Rosales"},"image":{"@id":"https:\/\/inesrosales.com\/en\/#\/schema\/logo\/image\/"}}]}},"_links":{"self":[{"href":"https:\/\/inesrosales.com\/en\/wp-json\/wp\/v2\/product\/1054397","targetHints":{"allow":["GET"]}}],"collection":[{"href":"https:\/\/inesrosales.com\/en\/wp-json\/wp\/v2\/product"}],"about":[{"href":"https:\/\/inesrosales.com\/en\/wp-json\/wp\/v2\/types\/product"}],"wp:featuredmedia":[{"embeddable":true,"href":"https:\/\/inesrosales.com\/en\/wp-json\/wp\/v2\/media\/1054375"}],"wp:attachment":[{"href":"https:\/\/inesrosales.com\/en\/wp-json\/wp\/v2\/media?parent=1054397"}],"wp:term":[{"taxonomy":"product_brand","embeddable":true,"href":"https:\/\/inesrosales.com\/en\/wp-json\/wp\/v2\/product_brand?post=1054397"},{"taxonomy":"product_cat","embeddable":true,"href":"https:\/\/inesrosales.com\/en\/wp-json\/wp\/v2\/product_cat?post=1054397"},{"taxonomy":"product_tag","embeddable":true,"href":"https:\/\/inesrosales.com\/en\/wp-json\/wp\/v2\/product_tag?post=1054397"}],"curies":[{"name":"wp","href":"https:\/\/api.w.org\/{rel}","templated":true}]}}