{"id":1055318,"date":"2026-01-13T12:53:23","date_gmt":"2026-01-13T11:53:23","guid":{"rendered":"https:\/\/inesrosales.com\/?post_type=product&#038;p=1055318"},"modified":"2026-01-30T13:55:05","modified_gmt":"2026-01-30T12:55:05","slug":"sugar-free-original-olive-oil-tortas-x6-2","status":"publish","type":"product","link":"https:\/\/inesrosales.com\/en\/producto\/sugar-free-original-olive-oil-tortas-x6-2\/","title":{"rendered":"Sugar-Free Original Olive Oil Tortas (x6)"},"content":{"rendered":"","protected":false},"excerpt":{"rendered":"<p>In\u00e9s Rosales <strong>Sugar-Free Tortas<\/strong> are perfect for enjoying alone or with a good cheese or jam. The best choice for a <strong>healthy diet<\/strong>!<\/p>\n<p>Our Olive Oil Tortas contain only <strong>natural Mediterranean ingredients<\/strong>, including <strong>extra virgin olive oil<\/strong>.<\/p>\n<p>Each packet (150g) contains 6 sugar-free Tortas by In\u00e9s Rosales.<\/p>\n<p>&nbsp;<\/p>\n","protected":false},"featured_media":1045965,"template":"","meta":{"_joinchat":[]},"product_brand":[],"product_cat":[70],"product_tag":[104,107,108,106,94,96],"class_list":{"0":"post-1055318","1":"product","2":"type-product","3":"status-publish","4":"has-post-thumbnail","6":"product_cat-sugar-free","7":"product_tag-delicately-baked","8":"product_tag-egg-free","9":"product_tag-lactose-free","10":"product_tag-no-additives","11":"product_tag-olive-oil","12":"product_tag-vegan","14":"first","15":"instock","16":"purchasable","17":"product-type-simple"},"yoast_head":"<!-- This site is optimized with the Yoast SEO Premium plugin v25.3 (Yoast SEO v27.4) - https:\/\/yoast.com\/product\/yoast-seo-premium-wordpress\/ -->\n<title>Sugar-Free Original Olive Oil Tortas (x6) - In\u00e9s Rosales<\/title>\n<meta name=\"description\" content=\"With skill and patience, and helped by the latest technology, our team of artisan bakers have created the perfect sugar-free recipe. In fact, it\u2019s so good, you\u2019d never know the difference.\" \/>\n<meta name=\"robots\" content=\"index, follow, max-snippet:-1, max-image-preview:large, max-video-preview:-1\" \/>\n<link rel=\"canonical\" href=\"https:\/\/inesrosales.com\/en\/producto\/sugar-free-original-olive-oil-tortas-x6-2\/\" \/>\n<meta property=\"og:locale\" content=\"en_US\" \/>\n<meta property=\"og:type\" content=\"article\" \/>\n<meta property=\"og:title\" content=\"Sugar-Free Original Olive Oil Tortas (x6) - In\u00e9s Rosales\" \/>\n<meta property=\"og:description\" content=\"With skill and patience, and helped by the latest technology, our team of artisan bakers have created the perfect sugar-free recipe. In fact, it\u2019s so good, you\u2019d never know the difference.\" \/>\n<meta property=\"og:url\" content=\"https:\/\/inesrosales.com\/en\/producto\/sugar-free-original-olive-oil-tortas-x6-2\/\" \/>\n<meta property=\"og:site_name\" content=\"In\u00e9s Rosales\" \/>\n<meta property=\"article:modified_time\" content=\"2026-01-30T12:55:05+00:00\" \/>\n<meta property=\"og:image\" content=\"https:\/\/inesrosales.com\/wp-content\/uploads\/2024\/12\/tortas-de-aceite-sin-azucar-2-1.png\" \/>\n\t<meta property=\"og:image:width\" content=\"1128\" \/>\n\t<meta property=\"og:image:height\" content=\"1128\" \/>\n\t<meta property=\"og:image:type\" content=\"image\/png\" \/>\n<meta name=\"twitter:card\" content=\"summary_large_image\" \/>\n<meta name=\"twitter:label1\" content=\"Est. reading time\" \/>\n\t<meta name=\"twitter:data1\" content=\"1 minute\" \/>\n<script type=\"application\/ld+json\" class=\"yoast-schema-graph\">{\"@context\":\"https:\\\/\\\/schema.org\",\"@graph\":[{\"@type\":\"WebPage\",\"@id\":\"https:\\\/\\\/inesrosales.com\\\/en\\\/producto\\\/sugar-free-original-olive-oil-tortas-x6-2\\\/\",\"url\":\"https:\\\/\\\/inesrosales.com\\\/en\\\/producto\\\/sugar-free-original-olive-oil-tortas-x6-2\\\/\",\"name\":\"Sugar-Free Original Olive Oil Tortas (x6) - In\u00e9s Rosales\",\"isPartOf\":{\"@id\":\"https:\\\/\\\/inesrosales.com\\\/en\\\/#website\"},\"primaryImageOfPage\":{\"@id\":\"https:\\\/\\\/inesrosales.com\\\/en\\\/producto\\\/sugar-free-original-olive-oil-tortas-x6-2\\\/#primaryimage\"},\"image\":{\"@id\":\"https:\\\/\\\/inesrosales.com\\\/en\\\/producto\\\/sugar-free-original-olive-oil-tortas-x6-2\\\/#primaryimage\"},\"thumbnailUrl\":\"https:\\\/\\\/inesrosales.com\\\/wp-content\\\/uploads\\\/2024\\\/12\\\/tortas-de-aceite-sin-azucar-2-1.png\",\"datePublished\":\"2026-01-13T11:53:23+00:00\",\"dateModified\":\"2026-01-30T12:55:05+00:00\",\"description\":\"With skill and patience, and helped by the latest technology, our team of artisan bakers have created the perfect sugar-free recipe. In fact, it\u2019s so good, you\u2019d never know the difference.\",\"breadcrumb\":{\"@id\":\"https:\\\/\\\/inesrosales.com\\\/en\\\/producto\\\/sugar-free-original-olive-oil-tortas-x6-2\\\/#breadcrumb\"},\"inLanguage\":\"en-US\",\"potentialAction\":[{\"@type\":\"ReadAction\",\"target\":[\"https:\\\/\\\/inesrosales.com\\\/en\\\/producto\\\/sugar-free-original-olive-oil-tortas-x6-2\\\/\"]}]},{\"@type\":\"ImageObject\",\"inLanguage\":\"en-US\",\"@id\":\"https:\\\/\\\/inesrosales.com\\\/en\\\/producto\\\/sugar-free-original-olive-oil-tortas-x6-2\\\/#primaryimage\",\"url\":\"https:\\\/\\\/inesrosales.com\\\/wp-content\\\/uploads\\\/2024\\\/12\\\/tortas-de-aceite-sin-azucar-2-1.png\",\"contentUrl\":\"https:\\\/\\\/inesrosales.com\\\/wp-content\\\/uploads\\\/2024\\\/12\\\/tortas-de-aceite-sin-azucar-2-1.png\",\"width\":1128,\"height\":1128},{\"@type\":\"BreadcrumbList\",\"@id\":\"https:\\\/\\\/inesrosales.com\\\/en\\\/producto\\\/sugar-free-original-olive-oil-tortas-x6-2\\\/#breadcrumb\",\"itemListElement\":[{\"@type\":\"ListItem\",\"position\":1,\"name\":\"Portada\",\"item\":\"https:\\\/\\\/inesrosales.com\\\/en\\\/\"},{\"@type\":\"ListItem\",\"position\":2,\"name\":\"Shop\",\"item\":\"https:\\\/\\\/inesrosales.com\\\/en\\\/shop\\\/\"},{\"@type\":\"ListItem\",\"position\":3,\"name\":\"Sugar-Free Original Olive Oil Tortas (x6)\"}]},{\"@type\":\"WebSite\",\"@id\":\"https:\\\/\\\/inesrosales.com\\\/en\\\/#website\",\"url\":\"https:\\\/\\\/inesrosales.com\\\/en\\\/\",\"name\":\"In\u00e9s Rosales\",\"description\":\"Elaboramos las Leg\u00edtimas y Acreditadas Tortas de Aceite In\u00e9s Rosales. Elaboraci\u00f3n con productos 100% naturales y hechas con harina de Trigo, Aceite de Oliva Virgen Extra de Calidad Superior, az\u00facar y especias arom\u00e1ticas.  El mantenimiento de la elaboraci\u00f3n y acabado artesanal en su sentido m\u00e1s aut\u00e9ntico, junto a sus ingredientes naturales y la ausencia de aditivos, mejorantes y conservantes, le confieren un car\u00e1cter saludable.\",\"publisher\":{\"@id\":\"https:\\\/\\\/inesrosales.com\\\/en\\\/#organization\"},\"alternateName\":\"In\u00e9s Rosales\",\"potentialAction\":[{\"@type\":\"SearchAction\",\"target\":{\"@type\":\"EntryPoint\",\"urlTemplate\":\"https:\\\/\\\/inesrosales.com\\\/en\\\/?s={search_term_string}\"},\"query-input\":{\"@type\":\"PropertyValueSpecification\",\"valueRequired\":true,\"valueName\":\"search_term_string\"}}],\"inLanguage\":\"en-US\"},{\"@type\":\"Organization\",\"@id\":\"https:\\\/\\\/inesrosales.com\\\/en\\\/#organization\",\"name\":\"In\u00e9s Rosales\",\"url\":\"https:\\\/\\\/inesrosales.com\\\/en\\\/\",\"logo\":{\"@type\":\"ImageObject\",\"inLanguage\":\"en-US\",\"@id\":\"https:\\\/\\\/inesrosales.com\\\/en\\\/#\\\/schema\\\/logo\\\/image\\\/\",\"url\":\"https:\\\/\\\/inesrosales.com\\\/wp-content\\\/uploads\\\/2024\\\/12\\\/logo-ines-rosales.png\",\"contentUrl\":\"https:\\\/\\\/inesrosales.com\\\/wp-content\\\/uploads\\\/2024\\\/12\\\/logo-ines-rosales.png\",\"width\":384,\"height\":200,\"caption\":\"In\u00e9s Rosales\"},\"image\":{\"@id\":\"https:\\\/\\\/inesrosales.com\\\/en\\\/#\\\/schema\\\/logo\\\/image\\\/\"}}]}<\/script>\n<!-- \/ Yoast SEO Premium plugin. -->","yoast_head_json":{"title":"Sugar-Free Original Olive Oil Tortas (x6) - In\u00e9s Rosales","description":"With skill and patience, and helped by the latest technology, our team of artisan bakers have created the perfect sugar-free recipe. In fact, it\u2019s so good, you\u2019d never know the difference.","robots":{"index":"index","follow":"follow","max-snippet":"max-snippet:-1","max-image-preview":"max-image-preview:large","max-video-preview":"max-video-preview:-1"},"canonical":"https:\/\/inesrosales.com\/en\/producto\/sugar-free-original-olive-oil-tortas-x6-2\/","og_locale":"en_US","og_type":"article","og_title":"Sugar-Free Original Olive Oil Tortas (x6) - In\u00e9s Rosales","og_description":"With skill and patience, and helped by the latest technology, our team of artisan bakers have created the perfect sugar-free recipe. In fact, it\u2019s so good, you\u2019d never know the difference.","og_url":"https:\/\/inesrosales.com\/en\/producto\/sugar-free-original-olive-oil-tortas-x6-2\/","og_site_name":"In\u00e9s Rosales","article_modified_time":"2026-01-30T12:55:05+00:00","og_image":[{"width":1128,"height":1128,"url":"https:\/\/inesrosales.com\/wp-content\/uploads\/2024\/12\/tortas-de-aceite-sin-azucar-2-1.png","type":"image\/png"}],"twitter_card":"summary_large_image","twitter_misc":{"Est. reading time":"1 minute"},"schema":{"@context":"https:\/\/schema.org","@graph":[{"@type":"WebPage","@id":"https:\/\/inesrosales.com\/en\/producto\/sugar-free-original-olive-oil-tortas-x6-2\/","url":"https:\/\/inesrosales.com\/en\/producto\/sugar-free-original-olive-oil-tortas-x6-2\/","name":"Sugar-Free Original Olive Oil Tortas (x6) - In\u00e9s Rosales","isPartOf":{"@id":"https:\/\/inesrosales.com\/en\/#website"},"primaryImageOfPage":{"@id":"https:\/\/inesrosales.com\/en\/producto\/sugar-free-original-olive-oil-tortas-x6-2\/#primaryimage"},"image":{"@id":"https:\/\/inesrosales.com\/en\/producto\/sugar-free-original-olive-oil-tortas-x6-2\/#primaryimage"},"thumbnailUrl":"https:\/\/inesrosales.com\/wp-content\/uploads\/2024\/12\/tortas-de-aceite-sin-azucar-2-1.png","datePublished":"2026-01-13T11:53:23+00:00","dateModified":"2026-01-30T12:55:05+00:00","description":"With skill and patience, and helped by the latest technology, our team of artisan bakers have created the perfect sugar-free recipe. In fact, it\u2019s so good, you\u2019d never know the difference.","breadcrumb":{"@id":"https:\/\/inesrosales.com\/en\/producto\/sugar-free-original-olive-oil-tortas-x6-2\/#breadcrumb"},"inLanguage":"en-US","potentialAction":[{"@type":"ReadAction","target":["https:\/\/inesrosales.com\/en\/producto\/sugar-free-original-olive-oil-tortas-x6-2\/"]}]},{"@type":"ImageObject","inLanguage":"en-US","@id":"https:\/\/inesrosales.com\/en\/producto\/sugar-free-original-olive-oil-tortas-x6-2\/#primaryimage","url":"https:\/\/inesrosales.com\/wp-content\/uploads\/2024\/12\/tortas-de-aceite-sin-azucar-2-1.png","contentUrl":"https:\/\/inesrosales.com\/wp-content\/uploads\/2024\/12\/tortas-de-aceite-sin-azucar-2-1.png","width":1128,"height":1128},{"@type":"BreadcrumbList","@id":"https:\/\/inesrosales.com\/en\/producto\/sugar-free-original-olive-oil-tortas-x6-2\/#breadcrumb","itemListElement":[{"@type":"ListItem","position":1,"name":"Portada","item":"https:\/\/inesrosales.com\/en\/"},{"@type":"ListItem","position":2,"name":"Shop","item":"https:\/\/inesrosales.com\/en\/shop\/"},{"@type":"ListItem","position":3,"name":"Sugar-Free Original Olive Oil Tortas (x6)"}]},{"@type":"WebSite","@id":"https:\/\/inesrosales.com\/en\/#website","url":"https:\/\/inesrosales.com\/en\/","name":"In\u00e9s Rosales","description":"Elaboramos las Leg\u00edtimas y Acreditadas Tortas de Aceite In\u00e9s Rosales. Elaboraci\u00f3n con productos 100% naturales y hechas con harina de Trigo, Aceite de Oliva Virgen Extra de Calidad Superior, az\u00facar y especias arom\u00e1ticas.  El mantenimiento de la elaboraci\u00f3n y acabado artesanal en su sentido m\u00e1s aut\u00e9ntico, junto a sus ingredientes naturales y la ausencia de aditivos, mejorantes y conservantes, le confieren un car\u00e1cter saludable.","publisher":{"@id":"https:\/\/inesrosales.com\/en\/#organization"},"alternateName":"In\u00e9s Rosales","potentialAction":[{"@type":"SearchAction","target":{"@type":"EntryPoint","urlTemplate":"https:\/\/inesrosales.com\/en\/?s={search_term_string}"},"query-input":{"@type":"PropertyValueSpecification","valueRequired":true,"valueName":"search_term_string"}}],"inLanguage":"en-US"},{"@type":"Organization","@id":"https:\/\/inesrosales.com\/en\/#organization","name":"In\u00e9s Rosales","url":"https:\/\/inesrosales.com\/en\/","logo":{"@type":"ImageObject","inLanguage":"en-US","@id":"https:\/\/inesrosales.com\/en\/#\/schema\/logo\/image\/","url":"https:\/\/inesrosales.com\/wp-content\/uploads\/2024\/12\/logo-ines-rosales.png","contentUrl":"https:\/\/inesrosales.com\/wp-content\/uploads\/2024\/12\/logo-ines-rosales.png","width":384,"height":200,"caption":"In\u00e9s Rosales"},"image":{"@id":"https:\/\/inesrosales.com\/en\/#\/schema\/logo\/image\/"}}]}},"_links":{"self":[{"href":"https:\/\/inesrosales.com\/en\/wp-json\/wp\/v2\/product\/1055318","targetHints":{"allow":["GET"]}}],"collection":[{"href":"https:\/\/inesrosales.com\/en\/wp-json\/wp\/v2\/product"}],"about":[{"href":"https:\/\/inesrosales.com\/en\/wp-json\/wp\/v2\/types\/product"}],"wp:featuredmedia":[{"embeddable":true,"href":"https:\/\/inesrosales.com\/en\/wp-json\/wp\/v2\/media\/1045965"}],"wp:attachment":[{"href":"https:\/\/inesrosales.com\/en\/wp-json\/wp\/v2\/media?parent=1055318"}],"wp:term":[{"taxonomy":"product_brand","embeddable":true,"href":"https:\/\/inesrosales.com\/en\/wp-json\/wp\/v2\/product_brand?post=1055318"},{"taxonomy":"product_cat","embeddable":true,"href":"https:\/\/inesrosales.com\/en\/wp-json\/wp\/v2\/product_cat?post=1055318"},{"taxonomy":"product_tag","embeddable":true,"href":"https:\/\/inesrosales.com\/en\/wp-json\/wp\/v2\/product_tag?post=1055318"}],"curies":[{"name":"wp","href":"https:\/\/api.w.org\/{rel}","templated":true}]}}