{"id":1043768,"date":"2024-12-17T15:05:24","date_gmt":"2024-12-17T14:05:24","guid":{"rendered":"https:\/\/inesrosales.com\/chaine-ethique-et-conformite\/"},"modified":"2024-12-23T13:30:17","modified_gmt":"2024-12-23T12:30:17","slug":"chaine-ethique-et-conformite","status":"publish","type":"page","link":"https:\/\/inesrosales.com\/fr\/chaine-ethique-et-conformite\/","title":{"rendered":"Canal de \u00e9tica y Cumplimiento Normativo FR"},"content":{"rendered":"\t\t<div data-elementor-type=\"wp-page\" data-elementor-id=\"1043768\" class=\"elementor elementor-1043768 elementor-1043696\" data-elementor-post-type=\"page\">\n\t\t\t\t<div class=\"elementor-element elementor-element-8649f50 e-flex e-con-boxed e-con e-parent\" data-id=\"8649f50\" data-element_type=\"container\" data-e-type=\"container\">\n\t\t\t\t\t<div class=\"e-con-inner\">\n\t\t\t\t<div class=\"elementor-element elementor-element-c8ab254 elementor-widget elementor-widget-text-editor\" data-id=\"c8ab254\" data-element_type=\"widget\" data-e-type=\"widget\" data-widget_type=\"text-editor.default\">\n\t\t\t\t<div class=\"elementor-widget-container\">\n\t\t\t\t\t\t\t\t\t<h2>Cha\u00eene \u00e9thique et conformit\u00e9<\/h2>\n<p>INES ROSALES SAU dispose d&rsquo;un Syst\u00e8me d&rsquo;Information Interne accessible \u00e0 tous les employ\u00e9s, prestataires de services, fournisseurs, clients et\/ou tout tiers li\u00e9 aux entreprises qui composent le syst\u00e8me.<\/p>\n<p>Il s&rsquo;agit du moyen par lequel toute personne, dans un contexte de travail et\/ou professionnel, peut signaler ou informer, de mani\u00e8re confidentielle, des faits ou des comportements irr\u00e9guliers dans lesquels un employ\u00e9 d&rsquo;In\u00e9s Rosales a \u00e9t\u00e9 directement ou indirectement impliqu\u00e9 et qui peuvent constituer un d\u00e9lit et\/ou une infraction administrative grave ou tr\u00e8s grave, ou qui impliquent ou peuvent impliquer une violation du Code de conduite ou du r\u00e8glement interne d&rsquo;INES ROSALES.<\/p>\n<p>Utilisez ce canal de mani\u00e8re consciente et responsable et \u00e9vitez toute utilisation abusive ou de mauvaise foi. Il est donc important que vous ne transmettiez que des informations raisonnablement v\u00e9ridiques.<\/p>\n<p><b>Comment cela fonctionne-t-il ?<\/b><\/p>\n<ul>\n<li>Il existe un formulaire de d\u00e9p\u00f4t de plainte. Un accus\u00e9 de r\u00e9ception accompagn\u00e9 d&rsquo;un identifiant sera envoy\u00e9 dans les sept jours.<\/li>\n<li>Si vous le souhaitez, la plainte peut \u00eatre d\u00e9pos\u00e9e de mani\u00e8re anonyme. Ainsi, lorsque vous remplissez le formulaire, votre adresse \u00e9lectronique, votre num\u00e9ro de t\u00e9l\u00e9phone ou toute autre information permettant de vous identifier ne seront pas affich\u00e9s. Elle s&rsquo;effectue par le biais d&rsquo;un syst\u00e8me qui permet une confidentialit\u00e9 absolue.<\/li>\n<li>Toute preuve, image, vid\u00e9o ou document \u00e9tayant ou prouvant les faits all\u00e9gu\u00e9s peut \u00eatre joint.<\/li>\n<li>Les plaintes admises seront \u00e9tudi\u00e9es et instruites dans un d\u00e9lai de trois mois, prorogeable pour trois mois suppl\u00e9mentaires, par un comit\u00e9 compos\u00e9 de personnel interne qui effectuera l&rsquo;enqu\u00eate correspondante dans le but de clarifier la v\u00e9racit\u00e9 ou la fausset\u00e9 de la plainte.<\/li>\n<li>Le comit\u00e9 veille \u00e0 la protection des droits du plaignant (protection contre les repr\u00e9sailles, confidentialit\u00e9 et\/ou anonymat), de l&rsquo;accus\u00e9 (droit \u00e0 la d\u00e9fense, pr\u00e9somption d&rsquo;innocence et honneur) et des donn\u00e9es personnelles.<\/li>\n<\/ul>\n<p>Plus pr\u00e9cis\u00e9ment, il est annonc\u00e9 que la cha\u00eene <b>n&rsquo;est PAS destin\u00e9e aux cas suivants :<\/b><\/p>\n<\/p>\n<p> 1.- Plaintes ou r\u00e9clamations de clients ou de fournisseurs. Ces situations doivent \u00eatre trait\u00e9es par les canaux de service habituels du client ou du fournisseur.<\/p>\n<p> Conflits entre employ\u00e9s. Les conflits entre employ\u00e9s doivent \u00eatre r\u00e9solus par des proc\u00e9dures internes \u00e0 l&rsquo;entreprise, telles que des m\u00e9canismes de m\u00e9diation ou d&rsquo;arbitrage.<\/p>\n<p> 3. les affaires personnelles sans rapport avec l&rsquo;entreprise. Les affaires personnelles du personnel qui ne sont pas li\u00e9es \u00e0 l&rsquo;entreprise ne doivent pas \u00eatre trait\u00e9es par le biais de la proc\u00e9dure de d\u00e9nonciation.<\/p>\n<p> 4.- Les situations qui n&rsquo;impliquent pas de non-respect des r\u00e8glements, des codes d&rsquo;\u00e9thique ou des politiques. Le canal de d\u00e9nonciation doit \u00eatre utilis\u00e9 exclusivement pour signaler des comportements contraires \u00e0 la loi ou aux politiques internes de l&rsquo;entreprise.<\/p>\n<\/p>\n<p>Vous pouvez y acc\u00e9der en cliquant sur le lien suivant ou en scannant le code QR :<\/p>\n<p><a href=\"http:\/\/centinela.lefebvre.es\/public\/concept\/1977203?access=CaI1kfhitbd%2blnRn3NpmGiMx97tKyMs1HmDdJro8cZ4%3d\">http:\/\/centinela.lefebvre.es\/public\/concept\/1977203?access=CaI1kfhitbd%2blnRn3NpmGiMx97tKyMs1HmDdJro8cZ4%3d<\/a> <\/p>\n<p><img loading=\"lazy\" decoding=\"async\" class=\"size-full wp-image-1035702 aligncenter\" src=\"https:\/\/inesrosales.com\/wp-content\/uploads\/2024\/09\/qr-canal-interno-informacion.png\" alt=\"\" width=\"254\" height=\"244\"><\/p>\n\t\t\t\t\t\t\t\t<\/div>\n\t\t\t\t<\/div>\n\t\t\t\t\t<\/div>\n\t\t\t\t<\/div>\n\t\t\t\t<\/div>\n\t\t","protected":false},"excerpt":{"rendered":"<p>Cha\u00eene \u00e9thique et conformit\u00e9 INES ROSALES SAU dispose d&rsquo;un Syst\u00e8me d&rsquo;Information Interne accessible \u00e0 tous les employ\u00e9s, prestataires de services, fournisseurs, clients et\/ou tout tiers li\u00e9 aux entreprises qui composent le syst\u00e8me. Il s&rsquo;agit du moyen par lequel toute personne, dans un contexte de travail et\/ou professionnel, peut signaler ou informer, de mani\u00e8re confidentielle, des [&hellip;]<\/p>\n","protected":false},"author":3,"featured_media":0,"parent":0,"menu_order":0,"comment_status":"open","ping_status":"open","template":"","meta":{"_joinchat":[],"footnotes":""},"class_list":["post-1043768","page","type-page","status-publish","hentry"],"yoast_head":"<!-- This site is optimized with the Yoast SEO Premium plugin v25.3 (Yoast SEO v27.4) - https:\/\/yoast.com\/product\/yoast-seo-premium-wordpress\/ -->\n<title>Canal de \u00e9tica y Cumplimiento Normativo FR - In\u00e9s Rosales<\/title>\n<meta name=\"robots\" content=\"noindex, follow\" \/>\n<meta property=\"og:locale\" content=\"fr_FR\" \/>\n<meta property=\"og:type\" content=\"article\" \/>\n<meta property=\"og:title\" content=\"Canal de \u00e9tica y Cumplimiento Normativo FR\" \/>\n<meta property=\"og:description\" content=\"Cha\u00eene \u00e9thique et conformit\u00e9 INES ROSALES SAU dispose d&rsquo;un Syst\u00e8me d&rsquo;Information Interne accessible \u00e0 tous les employ\u00e9s, prestataires de services, fournisseurs, clients et\/ou tout tiers li\u00e9 aux entreprises qui composent le syst\u00e8me. Il s&rsquo;agit du moyen par lequel toute personne, dans un contexte de travail et\/ou professionnel, peut signaler ou informer, de mani\u00e8re confidentielle, des [&hellip;]\" \/>\n<meta property=\"og:url\" content=\"https:\/\/inesrosales.com\/fr\/chaine-ethique-et-conformite\/\" \/>\n<meta property=\"og:site_name\" content=\"In\u00e9s Rosales\" \/>\n<meta property=\"article:modified_time\" content=\"2024-12-23T12:30:17+00:00\" \/>\n<meta property=\"og:image\" content=\"https:\/\/inesrosales.com\/wp-content\/uploads\/2024\/09\/qr-canal-interno-informacion.png\" \/>\n<meta name=\"twitter:card\" content=\"summary_large_image\" \/>\n<meta name=\"twitter:label1\" content=\"Dur\u00e9e de lecture estim\u00e9e\" \/>\n\t<meta name=\"twitter:data1\" content=\"3 minutes\" \/>\n<script type=\"application\/ld+json\" class=\"yoast-schema-graph\">{\"@context\":\"https:\\\/\\\/schema.org\",\"@graph\":[{\"@type\":\"WebPage\",\"@id\":\"https:\\\/\\\/inesrosales.com\\\/fr\\\/chaine-ethique-et-conformite\\\/\",\"url\":\"https:\\\/\\\/inesrosales.com\\\/fr\\\/chaine-ethique-et-conformite\\\/\",\"name\":\"Canal de \u00e9tica y Cumplimiento Normativo FR - In\u00e9s Rosales\",\"isPartOf\":{\"@id\":\"https:\\\/\\\/inesrosales.com\\\/fr\\\/#website\"},\"primaryImageOfPage\":{\"@id\":\"https:\\\/\\\/inesrosales.com\\\/fr\\\/chaine-ethique-et-conformite\\\/#primaryimage\"},\"image\":{\"@id\":\"https:\\\/\\\/inesrosales.com\\\/fr\\\/chaine-ethique-et-conformite\\\/#primaryimage\"},\"thumbnailUrl\":\"https:\\\/\\\/inesrosales.com\\\/wp-content\\\/uploads\\\/2024\\\/09\\\/qr-canal-interno-informacion.png\",\"datePublished\":\"2024-12-17T14:05:24+00:00\",\"dateModified\":\"2024-12-23T12:30:17+00:00\",\"breadcrumb\":{\"@id\":\"https:\\\/\\\/inesrosales.com\\\/fr\\\/chaine-ethique-et-conformite\\\/#breadcrumb\"},\"inLanguage\":\"fr-FR\",\"potentialAction\":[{\"@type\":\"ReadAction\",\"target\":[\"https:\\\/\\\/inesrosales.com\\\/fr\\\/chaine-ethique-et-conformite\\\/\"]}]},{\"@type\":\"ImageObject\",\"inLanguage\":\"fr-FR\",\"@id\":\"https:\\\/\\\/inesrosales.com\\\/fr\\\/chaine-ethique-et-conformite\\\/#primaryimage\",\"url\":\"https:\\\/\\\/inesrosales.com\\\/wp-content\\\/uploads\\\/2024\\\/09\\\/qr-canal-interno-informacion.png\",\"contentUrl\":\"https:\\\/\\\/inesrosales.com\\\/wp-content\\\/uploads\\\/2024\\\/09\\\/qr-canal-interno-informacion.png\"},{\"@type\":\"BreadcrumbList\",\"@id\":\"https:\\\/\\\/inesrosales.com\\\/fr\\\/chaine-ethique-et-conformite\\\/#breadcrumb\",\"itemListElement\":[{\"@type\":\"ListItem\",\"position\":1,\"name\":\"Portada\",\"item\":\"https:\\\/\\\/inesrosales.com\\\/fr\\\/\"},{\"@type\":\"ListItem\",\"position\":2,\"name\":\"Canal de \u00e9tica y Cumplimiento Normativo FR\"}]},{\"@type\":\"WebSite\",\"@id\":\"https:\\\/\\\/inesrosales.com\\\/fr\\\/#website\",\"url\":\"https:\\\/\\\/inesrosales.com\\\/fr\\\/\",\"name\":\"In\u00e9s Rosales\",\"description\":\"Elaboramos las Leg\u00edtimas y Acreditadas Tortas de Aceite In\u00e9s Rosales. Elaboraci\u00f3n con productos 100% naturales y hechas con harina de Trigo, Aceite de Oliva Virgen Extra de Calidad Superior, az\u00facar y especias arom\u00e1ticas.  El mantenimiento de la elaboraci\u00f3n y acabado artesanal en su sentido m\u00e1s aut\u00e9ntico, junto a sus ingredientes naturales y la ausencia de aditivos, mejorantes y conservantes, le confieren un car\u00e1cter saludable.\",\"publisher\":{\"@id\":\"https:\\\/\\\/inesrosales.com\\\/fr\\\/#organization\"},\"alternateName\":\"In\u00e9s Rosales\",\"potentialAction\":[{\"@type\":\"SearchAction\",\"target\":{\"@type\":\"EntryPoint\",\"urlTemplate\":\"https:\\\/\\\/inesrosales.com\\\/fr\\\/?s={search_term_string}\"},\"query-input\":{\"@type\":\"PropertyValueSpecification\",\"valueRequired\":true,\"valueName\":\"search_term_string\"}}],\"inLanguage\":\"fr-FR\"},{\"@type\":\"Organization\",\"@id\":\"https:\\\/\\\/inesrosales.com\\\/fr\\\/#organization\",\"name\":\"In\u00e9s Rosales\",\"url\":\"https:\\\/\\\/inesrosales.com\\\/fr\\\/\",\"logo\":{\"@type\":\"ImageObject\",\"inLanguage\":\"fr-FR\",\"@id\":\"https:\\\/\\\/inesrosales.com\\\/fr\\\/#\\\/schema\\\/logo\\\/image\\\/\",\"url\":\"https:\\\/\\\/inesrosales.com\\\/wp-content\\\/uploads\\\/2024\\\/12\\\/logo-ines-rosales.png\",\"contentUrl\":\"https:\\\/\\\/inesrosales.com\\\/wp-content\\\/uploads\\\/2024\\\/12\\\/logo-ines-rosales.png\",\"width\":384,\"height\":200,\"caption\":\"In\u00e9s Rosales\"},\"image\":{\"@id\":\"https:\\\/\\\/inesrosales.com\\\/fr\\\/#\\\/schema\\\/logo\\\/image\\\/\"}}]}<\/script>\n<!-- \/ Yoast SEO Premium plugin. -->","yoast_head_json":{"title":"Canal de \u00e9tica y Cumplimiento Normativo FR - In\u00e9s Rosales","robots":{"index":"noindex","follow":"follow"},"og_locale":"fr_FR","og_type":"article","og_title":"Canal de \u00e9tica y Cumplimiento Normativo FR","og_description":"Cha\u00eene \u00e9thique et conformit\u00e9 INES ROSALES SAU dispose d&rsquo;un Syst\u00e8me d&rsquo;Information Interne accessible \u00e0 tous les employ\u00e9s, prestataires de services, fournisseurs, clients et\/ou tout tiers li\u00e9 aux entreprises qui composent le syst\u00e8me. Il s&rsquo;agit du moyen par lequel toute personne, dans un contexte de travail et\/ou professionnel, peut signaler ou informer, de mani\u00e8re confidentielle, des [&hellip;]","og_url":"https:\/\/inesrosales.com\/fr\/chaine-ethique-et-conformite\/","og_site_name":"In\u00e9s Rosales","article_modified_time":"2024-12-23T12:30:17+00:00","og_image":[{"url":"https:\/\/inesrosales.com\/wp-content\/uploads\/2024\/09\/qr-canal-interno-informacion.png","type":"","width":"","height":""}],"twitter_card":"summary_large_image","twitter_misc":{"Dur\u00e9e de lecture estim\u00e9e":"3 minutes"},"schema":{"@context":"https:\/\/schema.org","@graph":[{"@type":"WebPage","@id":"https:\/\/inesrosales.com\/fr\/chaine-ethique-et-conformite\/","url":"https:\/\/inesrosales.com\/fr\/chaine-ethique-et-conformite\/","name":"Canal de \u00e9tica y Cumplimiento Normativo FR - In\u00e9s Rosales","isPartOf":{"@id":"https:\/\/inesrosales.com\/fr\/#website"},"primaryImageOfPage":{"@id":"https:\/\/inesrosales.com\/fr\/chaine-ethique-et-conformite\/#primaryimage"},"image":{"@id":"https:\/\/inesrosales.com\/fr\/chaine-ethique-et-conformite\/#primaryimage"},"thumbnailUrl":"https:\/\/inesrosales.com\/wp-content\/uploads\/2024\/09\/qr-canal-interno-informacion.png","datePublished":"2024-12-17T14:05:24+00:00","dateModified":"2024-12-23T12:30:17+00:00","breadcrumb":{"@id":"https:\/\/inesrosales.com\/fr\/chaine-ethique-et-conformite\/#breadcrumb"},"inLanguage":"fr-FR","potentialAction":[{"@type":"ReadAction","target":["https:\/\/inesrosales.com\/fr\/chaine-ethique-et-conformite\/"]}]},{"@type":"ImageObject","inLanguage":"fr-FR","@id":"https:\/\/inesrosales.com\/fr\/chaine-ethique-et-conformite\/#primaryimage","url":"https:\/\/inesrosales.com\/wp-content\/uploads\/2024\/09\/qr-canal-interno-informacion.png","contentUrl":"https:\/\/inesrosales.com\/wp-content\/uploads\/2024\/09\/qr-canal-interno-informacion.png"},{"@type":"BreadcrumbList","@id":"https:\/\/inesrosales.com\/fr\/chaine-ethique-et-conformite\/#breadcrumb","itemListElement":[{"@type":"ListItem","position":1,"name":"Portada","item":"https:\/\/inesrosales.com\/fr\/"},{"@type":"ListItem","position":2,"name":"Canal de \u00e9tica y Cumplimiento Normativo FR"}]},{"@type":"WebSite","@id":"https:\/\/inesrosales.com\/fr\/#website","url":"https:\/\/inesrosales.com\/fr\/","name":"In\u00e9s Rosales","description":"Elaboramos las Leg\u00edtimas y Acreditadas Tortas de Aceite In\u00e9s Rosales. Elaboraci\u00f3n con productos 100% naturales y hechas con harina de Trigo, Aceite de Oliva Virgen Extra de Calidad Superior, az\u00facar y especias arom\u00e1ticas.  El mantenimiento de la elaboraci\u00f3n y acabado artesanal en su sentido m\u00e1s aut\u00e9ntico, junto a sus ingredientes naturales y la ausencia de aditivos, mejorantes y conservantes, le confieren un car\u00e1cter saludable.","publisher":{"@id":"https:\/\/inesrosales.com\/fr\/#organization"},"alternateName":"In\u00e9s Rosales","potentialAction":[{"@type":"SearchAction","target":{"@type":"EntryPoint","urlTemplate":"https:\/\/inesrosales.com\/fr\/?s={search_term_string}"},"query-input":{"@type":"PropertyValueSpecification","valueRequired":true,"valueName":"search_term_string"}}],"inLanguage":"fr-FR"},{"@type":"Organization","@id":"https:\/\/inesrosales.com\/fr\/#organization","name":"In\u00e9s Rosales","url":"https:\/\/inesrosales.com\/fr\/","logo":{"@type":"ImageObject","inLanguage":"fr-FR","@id":"https:\/\/inesrosales.com\/fr\/#\/schema\/logo\/image\/","url":"https:\/\/inesrosales.com\/wp-content\/uploads\/2024\/12\/logo-ines-rosales.png","contentUrl":"https:\/\/inesrosales.com\/wp-content\/uploads\/2024\/12\/logo-ines-rosales.png","width":384,"height":200,"caption":"In\u00e9s Rosales"},"image":{"@id":"https:\/\/inesrosales.com\/fr\/#\/schema\/logo\/image\/"}}]}},"_links":{"self":[{"href":"https:\/\/inesrosales.com\/fr\/wp-json\/wp\/v2\/pages\/1043768","targetHints":{"allow":["GET"]}}],"collection":[{"href":"https:\/\/inesrosales.com\/fr\/wp-json\/wp\/v2\/pages"}],"about":[{"href":"https:\/\/inesrosales.com\/fr\/wp-json\/wp\/v2\/types\/page"}],"author":[{"embeddable":true,"href":"https:\/\/inesrosales.com\/fr\/wp-json\/wp\/v2\/users\/3"}],"replies":[{"embeddable":true,"href":"https:\/\/inesrosales.com\/fr\/wp-json\/wp\/v2\/comments?post=1043768"}],"version-history":[{"count":4,"href":"https:\/\/inesrosales.com\/fr\/wp-json\/wp\/v2\/pages\/1043768\/revisions"}],"predecessor-version":[{"id":1045698,"href":"https:\/\/inesrosales.com\/fr\/wp-json\/wp\/v2\/pages\/1043768\/revisions\/1045698"}],"wp:attachment":[{"href":"https:\/\/inesrosales.com\/fr\/wp-json\/wp\/v2\/media?parent=1043768"}],"curies":[{"name":"wp","href":"https:\/\/api.w.org\/{rel}","templated":true}]}}