{"id":1043784,"date":"2024-12-17T15:05:15","date_gmt":"2024-12-17T14:05:15","guid":{"rendered":"https:\/\/inesrosales.com\/mon-compte-ines-rosales\/"},"modified":"2024-12-24T13:43:22","modified_gmt":"2024-12-24T12:43:22","slug":"mon-compte-ines-rosales","status":"publish","type":"page","link":"https:\/\/inesrosales.com\/fr\/mon-compte-ines-rosales\/","title":{"rendered":"Mon compte Ines Rosales"},"content":{"rendered":"\t\t<div data-elementor-type=\"wp-page\" data-elementor-id=\"1043784\" class=\"elementor elementor-1043784 elementor-1043267\" data-elementor-post-type=\"page\">\n\t\t\t\t<div class=\"elementor-element elementor-element-2de642b e-flex e-con-boxed e-con e-parent\" data-id=\"2de642b\" data-element_type=\"container\" data-e-type=\"container\">\n\t\t\t\t\t<div class=\"e-con-inner\">\n\t\t\t\t<div class=\"elementor-element elementor-element-affc834 elementor-widget elementor-widget-heading\" data-id=\"affc834\" data-element_type=\"widget\" data-e-type=\"widget\" data-widget_type=\"heading.default\">\n\t\t\t\t<div class=\"elementor-widget-container\">\n\t\t\t\t\t<h1 class=\"elementor-heading-title elementor-size-default\">Mon compte<\/h1>\t\t\t\t<\/div>\n\t\t\t\t<\/div>\n\t\t\t\t<div class=\"elementor-element elementor-element-cacc0c9 e-my-account-tabs-vertical elementor-widget elementor-widget-woocommerce-my-account\" data-id=\"cacc0c9\" data-element_type=\"widget\" data-e-type=\"widget\" data-widget_type=\"woocommerce-my-account.default\">\n\t\t\t\t<div class=\"elementor-widget-container\">\n\t\t\t\t\t<div class=\"e-my-account-tab e-my-account-tab__ \">\t\t\t<div class=\"woocommerce\"><\/div>\t\t<\/div>\n\t\t\t\t\t\t<\/div>\n\t\t\t\t<\/div>\n\t\t\t\t\t<\/div>\n\t\t\t\t<\/div>\n\t\t\t\t<\/div>\n\t\t","protected":false},"excerpt":{"rendered":"<p>Mon compte<\/p>\n","protected":false},"author":3,"featured_media":1043269,"parent":0,"menu_order":0,"comment_status":"open","ping_status":"open","template":"","meta":{"_joinchat":[],"footnotes":""},"class_list":["post-1043784","page","type-page","status-publish","has-post-thumbnail","hentry"],"yoast_head":"<!-- This site is optimized with the Yoast SEO Premium plugin v25.3 (Yoast SEO v27.4) - https:\/\/yoast.com\/product\/yoast-seo-premium-wordpress\/ -->\n<title>Mon compte Ines Rosales - In\u00e9s Rosales<\/title>\n<meta name=\"robots\" content=\"noindex, follow\" \/>\n<meta property=\"og:locale\" content=\"fr_FR\" \/>\n<meta property=\"og:type\" content=\"article\" \/>\n<meta property=\"og:title\" content=\"Mon compte Ines Rosales\" \/>\n<meta property=\"og:description\" content=\"Mon compte\" \/>\n<meta property=\"og:url\" content=\"https:\/\/inesrosales.com\/fr\/mon-compte-ines-rosales\/\" \/>\n<meta property=\"og:site_name\" content=\"In\u00e9s Rosales\" \/>\n<meta property=\"article:modified_time\" content=\"2024-12-24T12:43:22+00:00\" \/>\n<meta property=\"og:image\" content=\"https:\/\/inesrosales.com\/wp-content\/uploads\/2024\/12\/labrado.png\" \/>\n\t<meta property=\"og:image:width\" content=\"1096\" \/>\n\t<meta property=\"og:image:height\" content=\"668\" \/>\n\t<meta property=\"og:image:type\" content=\"image\/png\" \/>\n<meta name=\"twitter:card\" content=\"summary_large_image\" \/>\n<script type=\"application\/ld+json\" class=\"yoast-schema-graph\">{\"@context\":\"https:\\\/\\\/schema.org\",\"@graph\":[{\"@type\":\"WebPage\",\"@id\":\"https:\\\/\\\/inesrosales.com\\\/fr\\\/mon-compte-ines-rosales\\\/\",\"url\":\"https:\\\/\\\/inesrosales.com\\\/fr\\\/mon-compte-ines-rosales\\\/\",\"name\":\"Mon compte Ines Rosales - In\u00e9s Rosales\",\"isPartOf\":{\"@id\":\"https:\\\/\\\/inesrosales.com\\\/fr\\\/#website\"},\"primaryImageOfPage\":{\"@id\":\"https:\\\/\\\/inesrosales.com\\\/fr\\\/mon-compte-ines-rosales\\\/#primaryimage\"},\"image\":{\"@id\":\"https:\\\/\\\/inesrosales.com\\\/fr\\\/mon-compte-ines-rosales\\\/#primaryimage\"},\"thumbnailUrl\":\"https:\\\/\\\/inesrosales.com\\\/wp-content\\\/uploads\\\/2024\\\/12\\\/labrado.png\",\"datePublished\":\"2024-12-17T14:05:15+00:00\",\"dateModified\":\"2024-12-24T12:43:22+00:00\",\"breadcrumb\":{\"@id\":\"https:\\\/\\\/inesrosales.com\\\/fr\\\/mon-compte-ines-rosales\\\/#breadcrumb\"},\"inLanguage\":\"fr-FR\",\"potentialAction\":[{\"@type\":\"ReadAction\",\"target\":[\"https:\\\/\\\/inesrosales.com\\\/fr\\\/mon-compte-ines-rosales\\\/\"]}]},{\"@type\":\"ImageObject\",\"inLanguage\":\"fr-FR\",\"@id\":\"https:\\\/\\\/inesrosales.com\\\/fr\\\/mon-compte-ines-rosales\\\/#primaryimage\",\"url\":\"https:\\\/\\\/inesrosales.com\\\/wp-content\\\/uploads\\\/2024\\\/12\\\/labrado.png\",\"contentUrl\":\"https:\\\/\\\/inesrosales.com\\\/wp-content\\\/uploads\\\/2024\\\/12\\\/labrado.png\",\"width\":1096,\"height\":668},{\"@type\":\"BreadcrumbList\",\"@id\":\"https:\\\/\\\/inesrosales.com\\\/fr\\\/mon-compte-ines-rosales\\\/#breadcrumb\",\"itemListElement\":[{\"@type\":\"ListItem\",\"position\":1,\"name\":\"Portada\",\"item\":\"https:\\\/\\\/inesrosales.com\\\/fr\\\/\"},{\"@type\":\"ListItem\",\"position\":2,\"name\":\"Mon compte Ines Rosales\"}]},{\"@type\":\"WebSite\",\"@id\":\"https:\\\/\\\/inesrosales.com\\\/fr\\\/#website\",\"url\":\"https:\\\/\\\/inesrosales.com\\\/fr\\\/\",\"name\":\"In\u00e9s Rosales\",\"description\":\"Elaboramos las Leg\u00edtimas y Acreditadas Tortas de Aceite In\u00e9s Rosales. Elaboraci\u00f3n con productos 100% naturales y hechas con harina de Trigo, Aceite de Oliva Virgen Extra de Calidad Superior, az\u00facar y especias arom\u00e1ticas.  El mantenimiento de la elaboraci\u00f3n y acabado artesanal en su sentido m\u00e1s aut\u00e9ntico, junto a sus ingredientes naturales y la ausencia de aditivos, mejorantes y conservantes, le confieren un car\u00e1cter saludable.\",\"publisher\":{\"@id\":\"https:\\\/\\\/inesrosales.com\\\/fr\\\/#organization\"},\"alternateName\":\"In\u00e9s Rosales\",\"potentialAction\":[{\"@type\":\"SearchAction\",\"target\":{\"@type\":\"EntryPoint\",\"urlTemplate\":\"https:\\\/\\\/inesrosales.com\\\/fr\\\/?s={search_term_string}\"},\"query-input\":{\"@type\":\"PropertyValueSpecification\",\"valueRequired\":true,\"valueName\":\"search_term_string\"}}],\"inLanguage\":\"fr-FR\"},{\"@type\":\"Organization\",\"@id\":\"https:\\\/\\\/inesrosales.com\\\/fr\\\/#organization\",\"name\":\"In\u00e9s Rosales\",\"url\":\"https:\\\/\\\/inesrosales.com\\\/fr\\\/\",\"logo\":{\"@type\":\"ImageObject\",\"inLanguage\":\"fr-FR\",\"@id\":\"https:\\\/\\\/inesrosales.com\\\/fr\\\/#\\\/schema\\\/logo\\\/image\\\/\",\"url\":\"https:\\\/\\\/inesrosales.com\\\/wp-content\\\/uploads\\\/2024\\\/12\\\/logo-ines-rosales.png\",\"contentUrl\":\"https:\\\/\\\/inesrosales.com\\\/wp-content\\\/uploads\\\/2024\\\/12\\\/logo-ines-rosales.png\",\"width\":384,\"height\":200,\"caption\":\"In\u00e9s Rosales\"},\"image\":{\"@id\":\"https:\\\/\\\/inesrosales.com\\\/fr\\\/#\\\/schema\\\/logo\\\/image\\\/\"}}]}<\/script>\n<!-- \/ Yoast SEO Premium plugin. -->","yoast_head_json":{"title":"Mon compte Ines Rosales - In\u00e9s Rosales","robots":{"index":"noindex","follow":"follow"},"og_locale":"fr_FR","og_type":"article","og_title":"Mon compte Ines Rosales","og_description":"Mon compte","og_url":"https:\/\/inesrosales.com\/fr\/mon-compte-ines-rosales\/","og_site_name":"In\u00e9s Rosales","article_modified_time":"2024-12-24T12:43:22+00:00","og_image":[{"width":1096,"height":668,"url":"https:\/\/inesrosales.com\/wp-content\/uploads\/2024\/12\/labrado.png","type":"image\/png"}],"twitter_card":"summary_large_image","schema":{"@context":"https:\/\/schema.org","@graph":[{"@type":"WebPage","@id":"https:\/\/inesrosales.com\/fr\/mon-compte-ines-rosales\/","url":"https:\/\/inesrosales.com\/fr\/mon-compte-ines-rosales\/","name":"Mon compte Ines Rosales - In\u00e9s Rosales","isPartOf":{"@id":"https:\/\/inesrosales.com\/fr\/#website"},"primaryImageOfPage":{"@id":"https:\/\/inesrosales.com\/fr\/mon-compte-ines-rosales\/#primaryimage"},"image":{"@id":"https:\/\/inesrosales.com\/fr\/mon-compte-ines-rosales\/#primaryimage"},"thumbnailUrl":"https:\/\/inesrosales.com\/wp-content\/uploads\/2024\/12\/labrado.png","datePublished":"2024-12-17T14:05:15+00:00","dateModified":"2024-12-24T12:43:22+00:00","breadcrumb":{"@id":"https:\/\/inesrosales.com\/fr\/mon-compte-ines-rosales\/#breadcrumb"},"inLanguage":"fr-FR","potentialAction":[{"@type":"ReadAction","target":["https:\/\/inesrosales.com\/fr\/mon-compte-ines-rosales\/"]}]},{"@type":"ImageObject","inLanguage":"fr-FR","@id":"https:\/\/inesrosales.com\/fr\/mon-compte-ines-rosales\/#primaryimage","url":"https:\/\/inesrosales.com\/wp-content\/uploads\/2024\/12\/labrado.png","contentUrl":"https:\/\/inesrosales.com\/wp-content\/uploads\/2024\/12\/labrado.png","width":1096,"height":668},{"@type":"BreadcrumbList","@id":"https:\/\/inesrosales.com\/fr\/mon-compte-ines-rosales\/#breadcrumb","itemListElement":[{"@type":"ListItem","position":1,"name":"Portada","item":"https:\/\/inesrosales.com\/fr\/"},{"@type":"ListItem","position":2,"name":"Mon compte Ines Rosales"}]},{"@type":"WebSite","@id":"https:\/\/inesrosales.com\/fr\/#website","url":"https:\/\/inesrosales.com\/fr\/","name":"In\u00e9s Rosales","description":"Elaboramos las Leg\u00edtimas y Acreditadas Tortas de Aceite In\u00e9s Rosales. Elaboraci\u00f3n con productos 100% naturales y hechas con harina de Trigo, Aceite de Oliva Virgen Extra de Calidad Superior, az\u00facar y especias arom\u00e1ticas.  El mantenimiento de la elaboraci\u00f3n y acabado artesanal en su sentido m\u00e1s aut\u00e9ntico, junto a sus ingredientes naturales y la ausencia de aditivos, mejorantes y conservantes, le confieren un car\u00e1cter saludable.","publisher":{"@id":"https:\/\/inesrosales.com\/fr\/#organization"},"alternateName":"In\u00e9s Rosales","potentialAction":[{"@type":"SearchAction","target":{"@type":"EntryPoint","urlTemplate":"https:\/\/inesrosales.com\/fr\/?s={search_term_string}"},"query-input":{"@type":"PropertyValueSpecification","valueRequired":true,"valueName":"search_term_string"}}],"inLanguage":"fr-FR"},{"@type":"Organization","@id":"https:\/\/inesrosales.com\/fr\/#organization","name":"In\u00e9s Rosales","url":"https:\/\/inesrosales.com\/fr\/","logo":{"@type":"ImageObject","inLanguage":"fr-FR","@id":"https:\/\/inesrosales.com\/fr\/#\/schema\/logo\/image\/","url":"https:\/\/inesrosales.com\/wp-content\/uploads\/2024\/12\/logo-ines-rosales.png","contentUrl":"https:\/\/inesrosales.com\/wp-content\/uploads\/2024\/12\/logo-ines-rosales.png","width":384,"height":200,"caption":"In\u00e9s Rosales"},"image":{"@id":"https:\/\/inesrosales.com\/fr\/#\/schema\/logo\/image\/"}}]}},"_links":{"self":[{"href":"https:\/\/inesrosales.com\/fr\/wp-json\/wp\/v2\/pages\/1043784","targetHints":{"allow":["GET"]}}],"collection":[{"href":"https:\/\/inesrosales.com\/fr\/wp-json\/wp\/v2\/pages"}],"about":[{"href":"https:\/\/inesrosales.com\/fr\/wp-json\/wp\/v2\/types\/page"}],"author":[{"embeddable":true,"href":"https:\/\/inesrosales.com\/fr\/wp-json\/wp\/v2\/users\/3"}],"replies":[{"embeddable":true,"href":"https:\/\/inesrosales.com\/fr\/wp-json\/wp\/v2\/comments?post=1043784"}],"version-history":[{"count":3,"href":"https:\/\/inesrosales.com\/fr\/wp-json\/wp\/v2\/pages\/1043784\/revisions"}],"predecessor-version":[{"id":1045715,"href":"https:\/\/inesrosales.com\/fr\/wp-json\/wp\/v2\/pages\/1043784\/revisions\/1045715"}],"wp:featuredmedia":[{"embeddable":true,"href":"https:\/\/inesrosales.com\/fr\/wp-json\/wp\/v2\/media\/1043269"}],"wp:attachment":[{"href":"https:\/\/inesrosales.com\/fr\/wp-json\/wp\/v2\/media?parent=1043784"}],"curies":[{"name":"wp","href":"https:\/\/api.w.org\/{rel}","templated":true}]}}