{"id":1045769,"date":"2024-12-17T15:05:15","date_gmt":"2024-12-17T14:05:15","guid":{"rendered":"https:\/\/inesrosales.com\/vos-donnees-securisees\/"},"modified":"2024-12-30T12:37:01","modified_gmt":"2024-12-30T11:37:01","slug":"vos-donnees-securisees","status":"publish","type":"page","link":"https:\/\/inesrosales.com\/fr\/vos-donnees-securisees\/","title":{"rendered":"Vos donn\u00e9es s\u00e9curis\u00e9es"},"content":{"rendered":"\t\t<div data-elementor-type=\"wp-page\" data-elementor-id=\"1045769\" class=\"elementor elementor-1045769 elementor-1043336\" data-elementor-post-type=\"page\">\n\t\t\t\t<div class=\"elementor-element elementor-element-99e407f e-flex e-con-boxed e-con e-parent\" data-id=\"99e407f\" data-element_type=\"container\" data-e-type=\"container\">\n\t\t\t\t\t<div class=\"e-con-inner\">\n\t\t\t\t<div class=\"elementor-element elementor-element-a7b2e31 elementor-widget elementor-widget-text-editor\" data-id=\"a7b2e31\" data-element_type=\"widget\" data-e-type=\"widget\" data-widget_type=\"text-editor.default\">\n\t\t\t\t<div class=\"elementor-widget-container\">\n\t\t\t\t\t\t\t\t\t<h2 class=\"\\\" titulo-seccion=\"\">Vos donn\u00e9es s\u00e9curis\u00e9es<\/h2>\n<p><strong>Informations conformes aux r\u00e9glementations en mati\u00e8re de protection des donn\u00e9es personnelles.<\/strong><\/p>\n<p>En Europe et en Espagne, il existe des r\u00e9glementations en mati\u00e8re de protection des donn\u00e9es con\u00e7ues pour prot\u00e9ger vos informations personnelles et qui sont obligatoires pour notre entreprise.<\/p>\n<p>Il est donc tr\u00e8s important pour nous que vous compreniez parfaitement ce que nous allons faire des donn\u00e9es personnelles que nous vous demandons.<\/p>\n<p>Nous serons transparents et vous donnerons le contr\u00f4le de vos donn\u00e9es, avec un langage simple et des choix clairs qui vous permettront de d\u00e9cider de ce que nous faisons de vos informations personnelles.<\/p>\n<p>N&rsquo;h\u00e9sitez pas \u00e0 nous contacter si vous avez des questions apr\u00e8s avoir lu ces informations.<\/p>\n<p>Merci beaucoup pour votre coop\u00e9ration.<\/p>\n<ul>\n<li>INES ROSALES, S.A.U.<\/li>\n<li>A-41096520<\/li>\n<li>Traitement des p\u00e2tisseries<\/li>\n<li>P.E. Vereda de la Herrer\u00eda, s\/n 41830 Hu\u00e9var del Aljarafe (Sevilla) (SPAIN)<\/li>\n<li>954 75 64 27<\/li>\n<li>telefono30@inesrosales.com<\/li>\n<li>www.inesrosales.com<\/li>\n<li>Pour votre confiance et votre s\u00e9curit\u00e9, nous vous informons que nous sommes une entit\u00e9 inscrite au Registre du Commerce de S\u00e9ville, au Tome 530, Folio 90, Livre 238 de la 3\u00e8me section des Soci\u00e9t\u00e9s, Page 9.400, 1\u00e8re Inscription.<\/li>\n<li>Notre activit\u00e9 principale est soumise \u00e0 un r\u00e9gime d&rsquo;autorisation administrative pr\u00e9alable. Pour votre confiance et votre s\u00e9curit\u00e9, nous vous fournissons les d\u00e9tails de cette autorisation et les donn\u00e9es d&rsquo;identification de l&rsquo;organe de contr\u00f4le comp\u00e9tent : <\/li>\n<\/ul>\n<p><strong>\u00c0 quelles fins allons-nous utiliser vos donn\u00e9es ?<\/strong><\/p>\n<p>En g\u00e9n\u00e9ral, vos donn\u00e9es personnelles seront utilis\u00e9es pour vous contacter et vous fournir nos services.<\/p>\n<p><strong>Pourquoi avons-nous besoin d&rsquo;utiliser vos donn\u00e9es ?<\/strong><\/p>\n<p>Vos donn\u00e9es personnelles sont n\u00e9cessaires pour les activit\u00e9s suivantes :<\/p>\n<ul>\n<li>Gestion des visites de nos installations<\/li>\n<li>Gestion des candidatures<\/li>\n<li>Gestion des commandes de la boutique en ligne<\/li>\n<li>Attention aux demandes, suggestions, plaintes ou r\u00e9clamations<\/li>\n<li>Gestion des tirages au sort, des concours et des campagnes promotionnelles<\/li>\n<li>Attention aux demandes de dons, de collaboration, de parrainage, etc.<\/li>\n<\/ul>\n<p>De m\u00eame, ils pourront \u00eatre utilis\u00e9s \u00e0 des fins promotionnelles avec votre autorisation explicite et pr\u00e9alable.<\/p>\n<p><strong>Qui conna\u00eetra les informations que nous demandons ?<\/strong><\/p>\n<p>De mani\u00e8re g\u00e9n\u00e9rale, seul le personnel d\u00fbment autoris\u00e9 de notre entit\u00e9 peut avoir connaissance des informations que nous demandons.<\/p>\n<p>De m\u00eame, les entit\u00e9s qui doivent y avoir acc\u00e8s pour que nous puissions fournir nos services peuvent avoir connaissance de vos informations personnelles. Par exemple, notre banque conna\u00eetra vos donn\u00e9es si le paiement de nos services s&rsquo;effectue par carte ou par virement bancaire. <\/p>\n<p>De m\u00eame, les entit\u00e9s publiques ou priv\u00e9es auxquelles nous sommes oblig\u00e9s de fournir vos donn\u00e9es personnelles afin de se conformer \u00e0 toute loi auront connaissance de vos informations. Pour vous donner un exemple, la loi fiscale exige que l&rsquo;administration fiscale re\u00e7oive certaines informations sur les op\u00e9rations \u00e9conomiques qui d\u00e9passent un certain montant. <\/p>\n<p>Dans le cas o\u00f9, outre les hypoth\u00e8ses susmentionn\u00e9es, nous devions divulguer vos informations personnelles \u00e0 d&rsquo;autres entit\u00e9s, nous demanderons au pr\u00e9alable votre autorisation au moyen d&rsquo;options claires qui vous permettront de prendre une d\u00e9cision \u00e0 cet \u00e9gard.<\/p>\n<p><strong>Comment allons-nous prot\u00e9ger vos donn\u00e9es ?<\/strong><\/p>\n<p>Nous prot\u00e9gerons vos donn\u00e9es avec des mesures de s\u00e9curit\u00e9 efficaces bas\u00e9es sur les risques li\u00e9s \u00e0 l&rsquo;utilisation de vos informations.<\/p>\n<p>\u00c0 cette fin, notre entit\u00e9 a approuv\u00e9 une politique de protection des donn\u00e9es et des contr\u00f4les et audits annuels sont effectu\u00e9s pour v\u00e9rifier que vos donn\u00e9es personnelles sont en s\u00e9curit\u00e9 \u00e0 tout moment.<\/p>\n<p><strong>Allons-nous envoyer vos donn\u00e9es vers d\u2019autres pays ?<\/strong><\/p>\n<p>Dans le monde, il existe des pays qui garantissent la s\u00e9curit\u00e9 de leurs donn\u00e9es et d\u2019autres qui ne le sont pas. Par exemple, l\u2019Union europ\u00e9enne est un environnement s\u00fbr pour vos donn\u00e9es. Notre politique est de ne pas envoyer vos informations personnelles vers un pays qui n&rsquo;est pas s\u00fbr du point de vue de la protection des donn\u00e9es.  <\/p>\n<p>Dans le cas o\u00f9, pour vous fournir le service, il est essentiel d&rsquo;envoyer vos donn\u00e9es vers un pays qui n&rsquo;est pas aussi s\u00fbr que l&rsquo;Espagne, nous demanderons toujours votre autorisation au pr\u00e9alable et appliquerons des mesures de s\u00e9curit\u00e9 efficaces qui r\u00e9duisent les risques de envoyer vos informations \u00e0 un autre pays.<\/p>\n<p><strong>Combien de temps conserverons-nous vos donn\u00e9es ?<\/strong><\/p>\n<p>Nous conserverons vos donn\u00e9es pendant toute la dur\u00e9e de notre relation et aussi longtemps que la loi nous y oblige. Une fois les d\u00e9lais l\u00e9gaux applicables expir\u00e9s, nous proc\u00e9derons \u00e0 leur \u00e9limination de mani\u00e8re s\u00fbre et respectueuse de l&rsquo;environnement. <\/p>\n<p><strong>Quels sont vos droits en mati\u00e8re de protection des donn\u00e9es ?<\/strong><\/p>\n<p>Vous pouvez \u00e0 tout moment nous contacter pour conna\u00eetre les informations que nous d\u00e9tenons sur vous, les rectifier si elles sont incorrectes et les supprimer une fois notre relation termin\u00e9e, si cela est l\u00e9galement possible.<\/p>\n<p>Vous avez \u00e9galement le droit de demander le transfert de vos informations vers une autre entit\u00e9. Ce droit est appel\u00e9 \u00ab portabilit\u00e9 \u00bb et peut \u00eatre utile dans certaines situations. <\/p>\n<p>Pour exercer l&rsquo;un de ces droits, vous devez faire une demande \u00e9crite \u00e0 notre adresse, accompagn\u00e9e d&rsquo;une photocopie de votre pi\u00e8ce d&rsquo;identit\u00e9, afin de pouvoir vous identifier.<\/p>\n<p>Dans les bureaux de notre entit\u00e9, nous disposons de formulaires sp\u00e9cifiques pour demander ces droits et nous proposons notre aide pour les remplir.<\/p>\n<p>Pour en savoir plus sur vos droits en mati\u00e8re de protection des donn\u00e9es, vous pouvez consulter le site Web de l&rsquo;Agence espagnole de protection des donn\u00e9es <a href=\"http:\/\/www.agpd.es\/\">(www.agpd.es).<\/a><\/p>\n<p><strong>Pouvez-vous retirer votre consentement si vous changez d\u2019avis ult\u00e9rieurement ?<\/strong><\/p>\n<p>Vous pouvez \u00e0 tout moment retirer votre consentement si vous changez d\u2019avis sur l\u2019utilisation de vos donn\u00e9es.<\/p>\n<p>Par exemple, si vous \u00e9tiez autrefois int\u00e9ress\u00e9 \u00e0 recevoir de la publicit\u00e9 pour nos produits ou services, mais que vous ne souhaitez plus recevoir de publicit\u00e9, vous pouvez nous le faire savoir en utilisant le formulaire d&rsquo;opposition au traitement disponible dans les bureaux de notre entit\u00e9.<\/p>\n<p><strong>Si vous estimez que vos droits ont \u00e9t\u00e9 bafou\u00e9s, o\u00f9 pouvez-vous d\u00e9poser une plainte ?<\/strong><\/p>\n<p>Si vous comprenez que vos droits ont \u00e9t\u00e9 n\u00e9glig\u00e9s par notre entit\u00e9, vous pouvez d\u00e9poser une r\u00e9clamation aupr\u00e8s de l&rsquo;Agence espagnole de protection des donn\u00e9es, par l&rsquo;un des moyens suivants :<\/p>\n<ul>\n<li>Bureau \u00e9lectronique: www.agpd.es<\/li>\n<li>Direcci\u00f3n postal: Agencia Espa\u00f1ola de Protecci\u00f3n de Datos. C\/ Jorge Juan, 6 28001-Madrid <\/li>\n<li>V\u00eda telef\u00f3nica: Telf. 901 100 099 \u00f3 91 266 35 17 <\/li>\n<\/ul>\n<p>Le d\u00e9p\u00f4t d&rsquo;une r\u00e9clamation aupr\u00e8s de l&rsquo;Agence espagnole de protection des donn\u00e9es n&rsquo;entra\u00eene aucun frais et l&rsquo;assistance d&rsquo;un avocat n&rsquo;est pas n\u00e9cessaire.<\/p>\n<p><strong>Allons-nous vous profiler ?<\/strong><\/p>\n<p>Notre politique est de ne pas cr\u00e9er de profils sur les utilisateurs de nos services.<\/p>\n<p>Cependant, il peut y avoir des situations o\u00f9, \u00e0 des fins de prestation de services, commerciales ou autres, nous devons profiler des informations vous concernant. Un exemple pourrait \u00eatre l\u2019utilisation de votre historique d\u2019achats ou de services pour pouvoir vous proposer des produits ou services adapt\u00e9s \u00e0 vos go\u00fbts ou besoins. <\/p>\n<p>Dans ce cas, nous appliquerons des mesures de s\u00e9curit\u00e9 efficaces qui prot\u00e8gent \u00e0 tout moment vos informations contre les personnes non autoris\u00e9es qui cherchent \u00e0 les utiliser \u00e0 leur propre b\u00e9n\u00e9fice.<\/p>\n<p><strong>Allons-nous utiliser vos donn\u00e9es \u00e0 d\u2019autres fins ?<\/strong><\/p>\n<p>Notre politique est de ne pas utiliser vos donn\u00e9es \u00e0 des fins autres que celles que nous vous avons expliqu\u00e9es. Si, toutefois, nous devons utiliser vos donn\u00e9es pour diff\u00e9rentes activit\u00e9s, nous demanderons toujours votre autorisation au pr\u00e9alable via des options claires qui vous permettront de d\u00e9cider \u00e0 cet \u00e9gard. <\/p>\n\t\t\t\t\t\t\t\t<\/div>\n\t\t\t\t<\/div>\n\t\t\t\t\t<\/div>\n\t\t\t\t<\/div>\n\t\t\t\t<\/div>\n\t\t","protected":false},"excerpt":{"rendered":"<p>Vos donn\u00e9es s\u00e9curis\u00e9es Informations conformes aux r\u00e9glementations en mati\u00e8re de protection des donn\u00e9es personnelles. En Europe et en Espagne, il existe des r\u00e9glementations en mati\u00e8re de protection des donn\u00e9es con\u00e7ues pour prot\u00e9ger vos informations personnelles et qui sont obligatoires pour notre entreprise. Il est donc tr\u00e8s important pour nous que vous compreniez parfaitement ce que [&hellip;]<\/p>\n","protected":false},"author":3,"featured_media":0,"parent":0,"menu_order":0,"comment_status":"open","ping_status":"open","template":"","meta":{"_joinchat":[],"footnotes":""},"class_list":["post-1045769","page","type-page","status-publish","hentry"],"yoast_head":"<!-- This site is optimized with the Yoast SEO Premium plugin v25.3 (Yoast SEO v27.5) - https:\/\/yoast.com\/product\/yoast-seo-premium-wordpress\/ -->\n<title>Vos donn\u00e9es s\u00e9curis\u00e9es - In\u00e9s Rosales<\/title>\n<meta name=\"robots\" content=\"noindex, nofollow\" \/>\n<meta property=\"og:locale\" content=\"fr_FR\" \/>\n<meta property=\"og:type\" content=\"article\" \/>\n<meta property=\"og:title\" content=\"Vos donn\u00e9es s\u00e9curis\u00e9es\" \/>\n<meta property=\"og:description\" content=\"Vos donn\u00e9es s\u00e9curis\u00e9es Informations conformes aux r\u00e9glementations en mati\u00e8re de protection des donn\u00e9es personnelles. En Europe et en Espagne, il existe des r\u00e9glementations en mati\u00e8re de protection des donn\u00e9es con\u00e7ues pour prot\u00e9ger vos informations personnelles et qui sont obligatoires pour notre entreprise. Il est donc tr\u00e8s important pour nous que vous compreniez parfaitement ce que [&hellip;]\" \/>\n<meta property=\"og:url\" content=\"https:\/\/inesrosales.com\/fr\/vos-donnees-securisees\/\" \/>\n<meta property=\"og:site_name\" content=\"In\u00e9s Rosales\" \/>\n<meta property=\"article:modified_time\" content=\"2024-12-30T11:37:01+00:00\" \/>\n<meta name=\"twitter:card\" content=\"summary_large_image\" \/>\n<meta name=\"twitter:label1\" content=\"Dur\u00e9e de lecture estim\u00e9e\" \/>\n\t<meta name=\"twitter:data1\" content=\"6 minutes\" \/>\n<script type=\"application\/ld+json\" class=\"yoast-schema-graph\">{\"@context\":\"https:\\\/\\\/schema.org\",\"@graph\":[{\"@type\":\"WebPage\",\"@id\":\"https:\\\/\\\/inesrosales.com\\\/fr\\\/vos-donnees-securisees\\\/\",\"url\":\"https:\\\/\\\/inesrosales.com\\\/fr\\\/vos-donnees-securisees\\\/\",\"name\":\"Vos donn\u00e9es s\u00e9curis\u00e9es - In\u00e9s Rosales\",\"isPartOf\":{\"@id\":\"https:\\\/\\\/inesrosales.com\\\/fr\\\/#website\"},\"datePublished\":\"2024-12-17T14:05:15+00:00\",\"dateModified\":\"2024-12-30T11:37:01+00:00\",\"breadcrumb\":{\"@id\":\"https:\\\/\\\/inesrosales.com\\\/fr\\\/vos-donnees-securisees\\\/#breadcrumb\"},\"inLanguage\":\"fr-FR\",\"potentialAction\":[{\"@type\":\"ReadAction\",\"target\":[\"https:\\\/\\\/inesrosales.com\\\/fr\\\/vos-donnees-securisees\\\/\"]}]},{\"@type\":\"BreadcrumbList\",\"@id\":\"https:\\\/\\\/inesrosales.com\\\/fr\\\/vos-donnees-securisees\\\/#breadcrumb\",\"itemListElement\":[{\"@type\":\"ListItem\",\"position\":1,\"name\":\"Portada\",\"item\":\"https:\\\/\\\/inesrosales.com\\\/fr\\\/\"},{\"@type\":\"ListItem\",\"position\":2,\"name\":\"Vos donn\u00e9es s\u00e9curis\u00e9es\"}]},{\"@type\":\"WebSite\",\"@id\":\"https:\\\/\\\/inesrosales.com\\\/fr\\\/#website\",\"url\":\"https:\\\/\\\/inesrosales.com\\\/fr\\\/\",\"name\":\"In\u00e9s Rosales\",\"description\":\"Elaboramos las Leg\u00edtimas y Acreditadas Tortas de Aceite In\u00e9s Rosales. Elaboraci\u00f3n con productos 100% naturales y hechas con harina de Trigo, Aceite de Oliva Virgen Extra de Calidad Superior, az\u00facar y especias arom\u00e1ticas.  El mantenimiento de la elaboraci\u00f3n y acabado artesanal en su sentido m\u00e1s aut\u00e9ntico, junto a sus ingredientes naturales y la ausencia de aditivos, mejorantes y conservantes, le confieren un car\u00e1cter saludable.\",\"publisher\":{\"@id\":\"https:\\\/\\\/inesrosales.com\\\/fr\\\/#organization\"},\"alternateName\":\"In\u00e9s Rosales\",\"potentialAction\":[{\"@type\":\"SearchAction\",\"target\":{\"@type\":\"EntryPoint\",\"urlTemplate\":\"https:\\\/\\\/inesrosales.com\\\/fr\\\/?s={search_term_string}\"},\"query-input\":{\"@type\":\"PropertyValueSpecification\",\"valueRequired\":true,\"valueName\":\"search_term_string\"}}],\"inLanguage\":\"fr-FR\"},{\"@type\":\"Organization\",\"@id\":\"https:\\\/\\\/inesrosales.com\\\/fr\\\/#organization\",\"name\":\"In\u00e9s Rosales\",\"url\":\"https:\\\/\\\/inesrosales.com\\\/fr\\\/\",\"logo\":{\"@type\":\"ImageObject\",\"inLanguage\":\"fr-FR\",\"@id\":\"https:\\\/\\\/inesrosales.com\\\/fr\\\/#\\\/schema\\\/logo\\\/image\\\/\",\"url\":\"https:\\\/\\\/inesrosales.com\\\/wp-content\\\/uploads\\\/2024\\\/12\\\/logo-ines-rosales.png\",\"contentUrl\":\"https:\\\/\\\/inesrosales.com\\\/wp-content\\\/uploads\\\/2024\\\/12\\\/logo-ines-rosales.png\",\"width\":384,\"height\":200,\"caption\":\"In\u00e9s Rosales\"},\"image\":{\"@id\":\"https:\\\/\\\/inesrosales.com\\\/fr\\\/#\\\/schema\\\/logo\\\/image\\\/\"}}]}<\/script>\n<!-- \/ Yoast SEO Premium plugin. -->","yoast_head_json":{"title":"Vos donn\u00e9es s\u00e9curis\u00e9es - In\u00e9s Rosales","robots":{"index":"noindex","follow":"nofollow"},"og_locale":"fr_FR","og_type":"article","og_title":"Vos donn\u00e9es s\u00e9curis\u00e9es","og_description":"Vos donn\u00e9es s\u00e9curis\u00e9es Informations conformes aux r\u00e9glementations en mati\u00e8re de protection des donn\u00e9es personnelles. En Europe et en Espagne, il existe des r\u00e9glementations en mati\u00e8re de protection des donn\u00e9es con\u00e7ues pour prot\u00e9ger vos informations personnelles et qui sont obligatoires pour notre entreprise. Il est donc tr\u00e8s important pour nous que vous compreniez parfaitement ce que [&hellip;]","og_url":"https:\/\/inesrosales.com\/fr\/vos-donnees-securisees\/","og_site_name":"In\u00e9s Rosales","article_modified_time":"2024-12-30T11:37:01+00:00","twitter_card":"summary_large_image","twitter_misc":{"Dur\u00e9e de lecture estim\u00e9e":"6 minutes"},"schema":{"@context":"https:\/\/schema.org","@graph":[{"@type":"WebPage","@id":"https:\/\/inesrosales.com\/fr\/vos-donnees-securisees\/","url":"https:\/\/inesrosales.com\/fr\/vos-donnees-securisees\/","name":"Vos donn\u00e9es s\u00e9curis\u00e9es - In\u00e9s Rosales","isPartOf":{"@id":"https:\/\/inesrosales.com\/fr\/#website"},"datePublished":"2024-12-17T14:05:15+00:00","dateModified":"2024-12-30T11:37:01+00:00","breadcrumb":{"@id":"https:\/\/inesrosales.com\/fr\/vos-donnees-securisees\/#breadcrumb"},"inLanguage":"fr-FR","potentialAction":[{"@type":"ReadAction","target":["https:\/\/inesrosales.com\/fr\/vos-donnees-securisees\/"]}]},{"@type":"BreadcrumbList","@id":"https:\/\/inesrosales.com\/fr\/vos-donnees-securisees\/#breadcrumb","itemListElement":[{"@type":"ListItem","position":1,"name":"Portada","item":"https:\/\/inesrosales.com\/fr\/"},{"@type":"ListItem","position":2,"name":"Vos donn\u00e9es s\u00e9curis\u00e9es"}]},{"@type":"WebSite","@id":"https:\/\/inesrosales.com\/fr\/#website","url":"https:\/\/inesrosales.com\/fr\/","name":"In\u00e9s Rosales","description":"Elaboramos las Leg\u00edtimas y Acreditadas Tortas de Aceite In\u00e9s Rosales. Elaboraci\u00f3n con productos 100% naturales y hechas con harina de Trigo, Aceite de Oliva Virgen Extra de Calidad Superior, az\u00facar y especias arom\u00e1ticas.  El mantenimiento de la elaboraci\u00f3n y acabado artesanal en su sentido m\u00e1s aut\u00e9ntico, junto a sus ingredientes naturales y la ausencia de aditivos, mejorantes y conservantes, le confieren un car\u00e1cter saludable.","publisher":{"@id":"https:\/\/inesrosales.com\/fr\/#organization"},"alternateName":"In\u00e9s Rosales","potentialAction":[{"@type":"SearchAction","target":{"@type":"EntryPoint","urlTemplate":"https:\/\/inesrosales.com\/fr\/?s={search_term_string}"},"query-input":{"@type":"PropertyValueSpecification","valueRequired":true,"valueName":"search_term_string"}}],"inLanguage":"fr-FR"},{"@type":"Organization","@id":"https:\/\/inesrosales.com\/fr\/#organization","name":"In\u00e9s Rosales","url":"https:\/\/inesrosales.com\/fr\/","logo":{"@type":"ImageObject","inLanguage":"fr-FR","@id":"https:\/\/inesrosales.com\/fr\/#\/schema\/logo\/image\/","url":"https:\/\/inesrosales.com\/wp-content\/uploads\/2024\/12\/logo-ines-rosales.png","contentUrl":"https:\/\/inesrosales.com\/wp-content\/uploads\/2024\/12\/logo-ines-rosales.png","width":384,"height":200,"caption":"In\u00e9s Rosales"},"image":{"@id":"https:\/\/inesrosales.com\/fr\/#\/schema\/logo\/image\/"}}]}},"_links":{"self":[{"href":"https:\/\/inesrosales.com\/fr\/wp-json\/wp\/v2\/pages\/1045769","targetHints":{"allow":["GET"]}}],"collection":[{"href":"https:\/\/inesrosales.com\/fr\/wp-json\/wp\/v2\/pages"}],"about":[{"href":"https:\/\/inesrosales.com\/fr\/wp-json\/wp\/v2\/types\/page"}],"author":[{"embeddable":true,"href":"https:\/\/inesrosales.com\/fr\/wp-json\/wp\/v2\/users\/3"}],"replies":[{"embeddable":true,"href":"https:\/\/inesrosales.com\/fr\/wp-json\/wp\/v2\/comments?post=1045769"}],"version-history":[{"count":1,"href":"https:\/\/inesrosales.com\/fr\/wp-json\/wp\/v2\/pages\/1045769\/revisions"}],"predecessor-version":[{"id":1045770,"href":"https:\/\/inesrosales.com\/fr\/wp-json\/wp\/v2\/pages\/1045769\/revisions\/1045770"}],"wp:attachment":[{"href":"https:\/\/inesrosales.com\/fr\/wp-json\/wp\/v2\/media?parent=1045769"}],"curies":[{"name":"wp","href":"https:\/\/api.w.org\/{rel}","templated":true}]}}