{"id":1045775,"date":"2024-12-17T15:05:15","date_gmt":"2024-12-17T14:05:15","guid":{"rendered":"https:\/\/inesrosales.com\/politique-integree\/"},"modified":"2024-12-31T09:00:33","modified_gmt":"2024-12-31T08:00:33","slug":"politique-integree","status":"publish","type":"page","link":"https:\/\/inesrosales.com\/fr\/politique-integree\/","title":{"rendered":"Politique Int\u00e9gr\u00e9e"},"content":{"rendered":"\t\t<div data-elementor-type=\"wp-page\" data-elementor-id=\"1045775\" class=\"elementor elementor-1045775 elementor-1043272\" data-elementor-post-type=\"page\">\n\t\t\t\t<div class=\"elementor-element elementor-element-f01cc64 e-flex e-con-boxed e-con e-parent\" data-id=\"f01cc64\" data-element_type=\"container\" data-e-type=\"container\">\n\t\t\t\t\t<div class=\"e-con-inner\">\n\t\t\t\t<div class=\"elementor-element elementor-element-cacfd85 elementor-widget elementor-widget-text-editor\" data-id=\"cacfd85\" data-element_type=\"widget\" data-e-type=\"widget\" data-widget_type=\"text-editor.default\">\n\t\t\t\t<div class=\"elementor-widget-container\">\n\t\t\t\t\t\t\t\t\t<h2>Politique Int\u00e9gr\u00e9e<\/h2>\n<p>Chez IN\u00c9S ROSALES, sp\u00e9cialis\u00e9s dans la fabrication et la commercialisation de produits de p\u00e2tisserie traditionnelle depuis 1910, nous consid\u00e9rons la s\u00e9curit\u00e9 alimentaire comme un pilier fondamental pour produire des aliments s\u00fbrs. Cela inclut \u00e9galement les activit\u00e9s de pr\u00e9vention de la fraude alimentaire, les mesures de d\u00e9fense alimentaire, la protection de l\u2019environnement et la pr\u00e9vention des risques professionnels, le tout dans le but de produire un produit de la plus haute qualit\u00e9. En respectant les exigences l\u00e9gales applicables, nous aspirons \u00e0 garantir la satisfaction de nos clients.<\/p>\n<p>L&rsquo;engagement en faveur de l&rsquo;am\u00e9lioration continue en mati\u00e8re de culture de la s\u00e9curit\u00e9 alimentaire et de la qualit\u00e9 des aliments constitue un objectif permanent de l&rsquo;organisation. Cet engagement concerne tous les niveaux, depuis la Direction, pleinement impliqu\u00e9e dans ce domaine et d\u00e9di\u00e9e \u00e0 la satisfaction du consommateur, jusqu&rsquo;aux diff\u00e9rents d\u00e9partements op\u00e9rationnels et administratifs, qui respectent les mesures \u00e9tablies pour son d\u00e9veloppement.<\/p>\n<p>Nous comprenons cette am\u00e9lioration comme une \u00e9valuation continue des mesures \u00e9tablies dans le syst\u00e8me de gestion, ainsi qu&rsquo;une analyse des \u00e9carts et une planification de nouvelles activit\u00e9s, dans le but de comparer les r\u00e9sultats obtenus avec les r\u00e9sultats attendus, tout en relan\u00e7ant le cycle d&rsquo;am\u00e9lioration continue.<\/p>\n<p>En plus des aspects pertinents en mati\u00e8re de qualit\u00e9 et de s\u00e9curit\u00e9 alimentaire, notre activit\u00e9 inclut l&rsquo;engagement de l&rsquo;entreprise \u00e0 maintenir un d\u00e9veloppement durable. Cela signifie s&rsquo;efforcer de garantir, gr\u00e2ce \u00e0 l&rsquo;am\u00e9lioration continue, le maintien et l&rsquo;avancement des piliers \u00e9conomiques, sociaux et environnementaux. Dans le domaine de la durabilit\u00e9 environnementale, nous menons des actions visant \u00e0 conna\u00eetre notre impact environnemental et notre empreinte carbone, \u00e0 former et sensibiliser nos employ\u00e9s au changement climatique, \u00e0 mettre en \u0153uvre des initiatives d&rsquo;\u00e9conomie circulaire au sein de l&rsquo;organisation, \u00e0 promouvoir les \u00e9nergies renouvelables et \u00e0 am\u00e9liorer la gestion des d\u00e9chets. <\/p>\n<p>Les principes suivants sont formul\u00e9s comme objectifs de cette Politique :<\/p>\n<p><strong>Production de produits s\u00fbrs et de qualit\u00e9.<\/strong><\/p>\n<ul>\n<li>Fournir des produits s\u00fbrs et de qualit\u00e9 r\u00e9pondant \u00e0 toutes les exigences l\u00e9gales applicables ainsi qu&rsquo;aux normes reconnues internationalement. \u00c0 cette fin, nous appliquons un strict syst\u00e8me HACCP, bas\u00e9 sur un contr\u00f4le hygi\u00e9nique et sanitaire rigoureux et permanent, ainsi que sur le contr\u00f4le de la qualit\u00e9 du produit et de toutes les \u00e9tapes du processus de production. Nous assurons \u00e9galement une tra\u00e7abilit\u00e9 efficace tout au long du parcours du produit jusqu\u2019\u00e0 sa livraison au client. <\/li>\n<li>Par l&rsquo;\u00e9tablissement d&rsquo;une culture de la s\u00e9curit\u00e9 alimentaire, dans laquelle la formation et le suivi de nos employ\u00e9s en mati\u00e8re de s\u00e9curit\u00e9 alimentaire constituent le pilier fondamental pour produire des produits s\u00fbrs. La motivation des personnes impliqu\u00e9es dans le d\u00e9veloppement de ces produits est \u00e9galement une technique efficace pour assurer le succ\u00e8s de l&rsquo;organisation. La Direction s&rsquo;engage \u00e0 fournir les outils et les ressources n\u00e9cessaires pour d\u00e9velopper les activit\u00e9s \u00e9tablies dans cette culture, ainsi qu&rsquo;\u00e0 maintenir une bonne communication \u00e0 tous les niveaux organisationnels, dans le but unique de produire des aliments s\u00fbrs et de d\u00e9tecter des am\u00e9liorations dans les processus.  <\/li>\n<li>Engag\u00e9s en faveur de la protection et de l&rsquo;authenticit\u00e9 des produits, par une \u00e9valuation continue en mati\u00e8re de fraude alimentaire, appliqu\u00e9e au maintien de la qualit\u00e9 de nos produits ainsi qu&rsquo;\u00e0 leur s\u00e9curit\u00e9 alimentaire. L&rsquo;ensemble de la cha\u00eene de production est impliqu\u00e9e, depuis le choix des fournisseurs, en fournissant des informations suffisantes et appropri\u00e9es, l&rsquo;organisation, en allouant des ressources \u00e0 l&rsquo;\u00e9valuation de l&rsquo;authenticit\u00e9, les distributeurs, en maintenant la tra\u00e7abilit\u00e9 des produits qu&rsquo;ils re\u00e7oivent et g\u00e8rent, jusqu&rsquo;\u00e0 notre Administration, qui doit prot\u00e9ger les affaires l\u00e9gitimes et r\u00e9duire le nombre d&rsquo;op\u00e9rations ill\u00e9gales. <\/li>\n<li>En adoptant des mesures visant \u00e0 la d\u00e9fense alimentaire, par l&rsquo;\u00e9tablissement de mesures physiques et la formation du personnel pour \u00e9viter que les produits ne soient contamin\u00e9s intentionnellement de mani\u00e8re externe ou interne. Il s&rsquo;agit d&rsquo;un syst\u00e8me en constante \u00e9volution, visant \u00e0 am\u00e9liorer continuellement les processus. <\/li>\n<\/ul>\n<p><strong>Recherche de la satisfaction du client.<\/strong><\/p>\n<ul>\n<li>Par une attention personnalis\u00e9e et professionnelle, avec un conseil sur mesure afin que le produit choisi corresponde \u00e0 leurs besoins. L&rsquo;objectif est d&rsquo;obtenir des clients satisfaits qui reviennent pour leurs achats. <\/li>\n<li>Qualit\u00e9 optimale au meilleur prix, en utilisant la standardisation de la qualit\u00e9 \u00e0 travers le contr\u00f4le des processus et des produits, l&rsquo;utilisation de mati\u00e8res premi\u00e8res de premier choix et d&rsquo;\u00e9quipements de pointe, ainsi qu&rsquo;une am\u00e9lioration continue des processus et des co\u00fbts li\u00e9s \u00e0 la non-qualit\u00e9.<\/li>\n<li>En fournissant la garantie maximale au consommateur en mati\u00e8re de s\u00e9curit\u00e9 alimentaire, renfor\u00e7ant ainsi leur confiance.<\/li>\n<li>En assumant la responsabilit\u00e9 de l&rsquo;organisation dans le respect des sp\u00e9cifications des commandes des clients.<\/li>\n<li>Par le biais de l&rsquo;attention port\u00e9e aux suggestions et r\u00e9clamations des clients et consommateurs, et en \u00e9valuant leur tendance, afin d&rsquo;am\u00e9liorer en permanence notre syst\u00e8me de service \u00e0 la client\u00e8le et d&rsquo;\u00e9tablir des am\u00e9liorations dans les processus.<\/li>\n<\/ul>\n<p><strong>Mesures de pr\u00e9vention des risques professionnels.<\/strong><\/p>\n<p>La Direction de l&rsquo;entreprise, consciente que son activit\u00e9 peut entra\u00eener des risques pour la s\u00e9curit\u00e9 et la sant\u00e9 des travailleurs ainsi que des tiers pouvant se trouver dans les locaux, a d\u00e9cid\u00e9 de mettre en place un syst\u00e8me de gestion de la pr\u00e9vention des risques professionnels int\u00e9gr\u00e9 \u00e0 ses activit\u00e9s.<\/p>\n<p>\u00c0 cet \u00e9gard, nous nous engageons \u00e0 respecter la l\u00e9gislation applicable, tant en mati\u00e8re de pr\u00e9vention des dommages et de la d\u00e9t\u00e9rioration de la sant\u00e9 qu&rsquo;en ce qui concerne l&rsquo;am\u00e9lioration continue de la gestion de la s\u00e9curit\u00e9 et de la sant\u00e9 au travail.<\/p>\n<p>L&rsquo;activit\u00e9 pr\u00e9ventive sera orient\u00e9e vers l&rsquo;\u00e9vitement des risques et l&rsquo;\u00e9valuation de ceux qui n&rsquo;ont pas pu \u00eatre \u00e9limin\u00e9s. \u00c0 cette fin, le choix des \u00e9quipements et des m\u00e9thodes de travail et de production sera effectu\u00e9 en particulier pour att\u00e9nuer le travail monotone et r\u00e9p\u00e9titif et r\u00e9duire ses effets sur la sant\u00e9 des travailleurs. <\/p>\n<p>Toute l&rsquo;organisation est consciente des activit\u00e9s et principes en mati\u00e8re de pr\u00e9vention des risques professionnels li\u00e9s \u00e0 l&rsquo;exercice de ses fonctions. Ces principes serviront de guide pour la d\u00e9termination des objectifs, qui seront fix\u00e9s annuellement selon des crit\u00e8res d&rsquo;am\u00e9lioration continue, afin de garantir le respect de la politique de l&rsquo;entit\u00e9, gr\u00e2ce aux efforts et \u00e0 la collaboration de tous les employ\u00e9s et responsables, ainsi qu&rsquo;au soutien de l&rsquo;\u00e9quipe de direction de l&rsquo;entit\u00e9.<\/p>\n<p><img loading=\"lazy\" decoding=\"async\" class=\"wp-image-1029922 size-full aligncenter\" src=\"https:\/\/inesrosales.com\/wp-content\/uploads\/2024\/01\/firma.png\" alt=\"\" width=\"901\" height=\"220\" srcset=\"https:\/\/inesrosales.com\/wp-content\/uploads\/2024\/01\/firma.png 901w, https:\/\/inesrosales.com\/wp-content\/uploads\/2024\/01\/firma-768x188.png 768w, https:\/\/inesrosales.com\/wp-content\/uploads\/2024\/01\/firma-600x147.png 600w\" sizes=\"auto, (max-width: 901px) 100vw, 901px\" \/><\/p>\n\t\t\t\t\t\t\t\t<\/div>\n\t\t\t\t<\/div>\n\t\t\t\t\t<\/div>\n\t\t\t\t<\/div>\n\t\t\t\t<\/div>\n\t\t","protected":false},"excerpt":{"rendered":"<p>Politique Int\u00e9gr\u00e9e Chez IN\u00c9S ROSALES, sp\u00e9cialis\u00e9s dans la fabrication et la commercialisation de produits de p\u00e2tisserie traditionnelle depuis 1910, nous consid\u00e9rons la s\u00e9curit\u00e9 alimentaire comme un pilier fondamental pour produire des aliments s\u00fbrs. Cela inclut \u00e9galement les activit\u00e9s de pr\u00e9vention de la fraude alimentaire, les mesures de d\u00e9fense alimentaire, la protection de l\u2019environnement et la [&hellip;]<\/p>\n","protected":false},"author":3,"featured_media":1043275,"parent":0,"menu_order":0,"comment_status":"open","ping_status":"open","template":"","meta":{"_joinchat":[],"footnotes":""},"class_list":["post-1045775","page","type-page","status-publish","has-post-thumbnail","hentry"],"yoast_head":"<!-- This site is optimized with the Yoast SEO Premium plugin v25.3 (Yoast SEO v27.4) - https:\/\/yoast.com\/product\/yoast-seo-premium-wordpress\/ -->\n<title>Politique Int\u00e9gr\u00e9e - In\u00e9s Rosales<\/title>\n<meta name=\"robots\" content=\"noindex, follow\" \/>\n<meta property=\"og:locale\" content=\"fr_FR\" \/>\n<meta property=\"og:type\" content=\"article\" \/>\n<meta property=\"og:title\" content=\"Politique Int\u00e9gr\u00e9e\" \/>\n<meta property=\"og:description\" content=\"Politique Int\u00e9gr\u00e9e Chez IN\u00c9S ROSALES, sp\u00e9cialis\u00e9s dans la fabrication et la commercialisation de produits de p\u00e2tisserie traditionnelle depuis 1910, nous consid\u00e9rons la s\u00e9curit\u00e9 alimentaire comme un pilier fondamental pour produire des aliments s\u00fbrs. Cela inclut \u00e9galement les activit\u00e9s de pr\u00e9vention de la fraude alimentaire, les mesures de d\u00e9fense alimentaire, la protection de l\u2019environnement et la [&hellip;]\" \/>\n<meta property=\"og:url\" content=\"https:\/\/inesrosales.com\/fr\/politique-integree\/\" \/>\n<meta property=\"og:site_name\" content=\"In\u00e9s Rosales\" \/>\n<meta property=\"article:modified_time\" content=\"2024-12-31T08:00:33+00:00\" \/>\n<meta property=\"og:image\" content=\"https:\/\/inesrosales.com\/wp-content\/uploads\/2024\/12\/Captura.png\" \/>\n\t<meta property=\"og:image:width\" content=\"627\" \/>\n\t<meta property=\"og:image:height\" content=\"257\" \/>\n\t<meta property=\"og:image:type\" content=\"image\/png\" \/>\n<meta name=\"twitter:card\" content=\"summary_large_image\" \/>\n<meta name=\"twitter:label1\" content=\"Dur\u00e9e de lecture estim\u00e9e\" \/>\n\t<meta name=\"twitter:data1\" content=\"6 minutes\" \/>\n<script type=\"application\/ld+json\" class=\"yoast-schema-graph\">{\"@context\":\"https:\\\/\\\/schema.org\",\"@graph\":[{\"@type\":\"WebPage\",\"@id\":\"https:\\\/\\\/inesrosales.com\\\/fr\\\/politique-integree\\\/\",\"url\":\"https:\\\/\\\/inesrosales.com\\\/fr\\\/politique-integree\\\/\",\"name\":\"Politique Int\u00e9gr\u00e9e - In\u00e9s Rosales\",\"isPartOf\":{\"@id\":\"https:\\\/\\\/inesrosales.com\\\/fr\\\/#website\"},\"primaryImageOfPage\":{\"@id\":\"https:\\\/\\\/inesrosales.com\\\/fr\\\/politique-integree\\\/#primaryimage\"},\"image\":{\"@id\":\"https:\\\/\\\/inesrosales.com\\\/fr\\\/politique-integree\\\/#primaryimage\"},\"thumbnailUrl\":\"https:\\\/\\\/inesrosales.com\\\/wp-content\\\/uploads\\\/2024\\\/12\\\/Captura.png\",\"datePublished\":\"2024-12-17T14:05:15+00:00\",\"dateModified\":\"2024-12-31T08:00:33+00:00\",\"breadcrumb\":{\"@id\":\"https:\\\/\\\/inesrosales.com\\\/fr\\\/politique-integree\\\/#breadcrumb\"},\"inLanguage\":\"fr-FR\",\"potentialAction\":[{\"@type\":\"ReadAction\",\"target\":[\"https:\\\/\\\/inesrosales.com\\\/fr\\\/politique-integree\\\/\"]}]},{\"@type\":\"ImageObject\",\"inLanguage\":\"fr-FR\",\"@id\":\"https:\\\/\\\/inesrosales.com\\\/fr\\\/politique-integree\\\/#primaryimage\",\"url\":\"https:\\\/\\\/inesrosales.com\\\/wp-content\\\/uploads\\\/2024\\\/12\\\/Captura.png\",\"contentUrl\":\"https:\\\/\\\/inesrosales.com\\\/wp-content\\\/uploads\\\/2024\\\/12\\\/Captura.png\",\"width\":627,\"height\":257},{\"@type\":\"BreadcrumbList\",\"@id\":\"https:\\\/\\\/inesrosales.com\\\/fr\\\/politique-integree\\\/#breadcrumb\",\"itemListElement\":[{\"@type\":\"ListItem\",\"position\":1,\"name\":\"Portada\",\"item\":\"https:\\\/\\\/inesrosales.com\\\/fr\\\/\"},{\"@type\":\"ListItem\",\"position\":2,\"name\":\"Politique Int\u00e9gr\u00e9e\"}]},{\"@type\":\"WebSite\",\"@id\":\"https:\\\/\\\/inesrosales.com\\\/fr\\\/#website\",\"url\":\"https:\\\/\\\/inesrosales.com\\\/fr\\\/\",\"name\":\"In\u00e9s Rosales\",\"description\":\"Elaboramos las Leg\u00edtimas y Acreditadas Tortas de Aceite In\u00e9s Rosales. Elaboraci\u00f3n con productos 100% naturales y hechas con harina de Trigo, Aceite de Oliva Virgen Extra de Calidad Superior, az\u00facar y especias arom\u00e1ticas.  El mantenimiento de la elaboraci\u00f3n y acabado artesanal en su sentido m\u00e1s aut\u00e9ntico, junto a sus ingredientes naturales y la ausencia de aditivos, mejorantes y conservantes, le confieren un car\u00e1cter saludable.\",\"publisher\":{\"@id\":\"https:\\\/\\\/inesrosales.com\\\/fr\\\/#organization\"},\"alternateName\":\"In\u00e9s Rosales\",\"potentialAction\":[{\"@type\":\"SearchAction\",\"target\":{\"@type\":\"EntryPoint\",\"urlTemplate\":\"https:\\\/\\\/inesrosales.com\\\/fr\\\/?s={search_term_string}\"},\"query-input\":{\"@type\":\"PropertyValueSpecification\",\"valueRequired\":true,\"valueName\":\"search_term_string\"}}],\"inLanguage\":\"fr-FR\"},{\"@type\":\"Organization\",\"@id\":\"https:\\\/\\\/inesrosales.com\\\/fr\\\/#organization\",\"name\":\"In\u00e9s Rosales\",\"url\":\"https:\\\/\\\/inesrosales.com\\\/fr\\\/\",\"logo\":{\"@type\":\"ImageObject\",\"inLanguage\":\"fr-FR\",\"@id\":\"https:\\\/\\\/inesrosales.com\\\/fr\\\/#\\\/schema\\\/logo\\\/image\\\/\",\"url\":\"https:\\\/\\\/inesrosales.com\\\/wp-content\\\/uploads\\\/2024\\\/12\\\/logo-ines-rosales.png\",\"contentUrl\":\"https:\\\/\\\/inesrosales.com\\\/wp-content\\\/uploads\\\/2024\\\/12\\\/logo-ines-rosales.png\",\"width\":384,\"height\":200,\"caption\":\"In\u00e9s Rosales\"},\"image\":{\"@id\":\"https:\\\/\\\/inesrosales.com\\\/fr\\\/#\\\/schema\\\/logo\\\/image\\\/\"}}]}<\/script>\n<!-- \/ Yoast SEO Premium plugin. -->","yoast_head_json":{"title":"Politique Int\u00e9gr\u00e9e - In\u00e9s Rosales","robots":{"index":"noindex","follow":"follow"},"og_locale":"fr_FR","og_type":"article","og_title":"Politique Int\u00e9gr\u00e9e","og_description":"Politique Int\u00e9gr\u00e9e Chez IN\u00c9S ROSALES, sp\u00e9cialis\u00e9s dans la fabrication et la commercialisation de produits de p\u00e2tisserie traditionnelle depuis 1910, nous consid\u00e9rons la s\u00e9curit\u00e9 alimentaire comme un pilier fondamental pour produire des aliments s\u00fbrs. Cela inclut \u00e9galement les activit\u00e9s de pr\u00e9vention de la fraude alimentaire, les mesures de d\u00e9fense alimentaire, la protection de l\u2019environnement et la [&hellip;]","og_url":"https:\/\/inesrosales.com\/fr\/politique-integree\/","og_site_name":"In\u00e9s Rosales","article_modified_time":"2024-12-31T08:00:33+00:00","og_image":[{"width":627,"height":257,"url":"https:\/\/inesrosales.com\/wp-content\/uploads\/2024\/12\/Captura.png","type":"image\/png"}],"twitter_card":"summary_large_image","twitter_misc":{"Dur\u00e9e de lecture estim\u00e9e":"6 minutes"},"schema":{"@context":"https:\/\/schema.org","@graph":[{"@type":"WebPage","@id":"https:\/\/inesrosales.com\/fr\/politique-integree\/","url":"https:\/\/inesrosales.com\/fr\/politique-integree\/","name":"Politique Int\u00e9gr\u00e9e - In\u00e9s Rosales","isPartOf":{"@id":"https:\/\/inesrosales.com\/fr\/#website"},"primaryImageOfPage":{"@id":"https:\/\/inesrosales.com\/fr\/politique-integree\/#primaryimage"},"image":{"@id":"https:\/\/inesrosales.com\/fr\/politique-integree\/#primaryimage"},"thumbnailUrl":"https:\/\/inesrosales.com\/wp-content\/uploads\/2024\/12\/Captura.png","datePublished":"2024-12-17T14:05:15+00:00","dateModified":"2024-12-31T08:00:33+00:00","breadcrumb":{"@id":"https:\/\/inesrosales.com\/fr\/politique-integree\/#breadcrumb"},"inLanguage":"fr-FR","potentialAction":[{"@type":"ReadAction","target":["https:\/\/inesrosales.com\/fr\/politique-integree\/"]}]},{"@type":"ImageObject","inLanguage":"fr-FR","@id":"https:\/\/inesrosales.com\/fr\/politique-integree\/#primaryimage","url":"https:\/\/inesrosales.com\/wp-content\/uploads\/2024\/12\/Captura.png","contentUrl":"https:\/\/inesrosales.com\/wp-content\/uploads\/2024\/12\/Captura.png","width":627,"height":257},{"@type":"BreadcrumbList","@id":"https:\/\/inesrosales.com\/fr\/politique-integree\/#breadcrumb","itemListElement":[{"@type":"ListItem","position":1,"name":"Portada","item":"https:\/\/inesrosales.com\/fr\/"},{"@type":"ListItem","position":2,"name":"Politique Int\u00e9gr\u00e9e"}]},{"@type":"WebSite","@id":"https:\/\/inesrosales.com\/fr\/#website","url":"https:\/\/inesrosales.com\/fr\/","name":"In\u00e9s Rosales","description":"Elaboramos las Leg\u00edtimas y Acreditadas Tortas de Aceite In\u00e9s Rosales. Elaboraci\u00f3n con productos 100% naturales y hechas con harina de Trigo, Aceite de Oliva Virgen Extra de Calidad Superior, az\u00facar y especias arom\u00e1ticas.  El mantenimiento de la elaboraci\u00f3n y acabado artesanal en su sentido m\u00e1s aut\u00e9ntico, junto a sus ingredientes naturales y la ausencia de aditivos, mejorantes y conservantes, le confieren un car\u00e1cter saludable.","publisher":{"@id":"https:\/\/inesrosales.com\/fr\/#organization"},"alternateName":"In\u00e9s Rosales","potentialAction":[{"@type":"SearchAction","target":{"@type":"EntryPoint","urlTemplate":"https:\/\/inesrosales.com\/fr\/?s={search_term_string}"},"query-input":{"@type":"PropertyValueSpecification","valueRequired":true,"valueName":"search_term_string"}}],"inLanguage":"fr-FR"},{"@type":"Organization","@id":"https:\/\/inesrosales.com\/fr\/#organization","name":"In\u00e9s Rosales","url":"https:\/\/inesrosales.com\/fr\/","logo":{"@type":"ImageObject","inLanguage":"fr-FR","@id":"https:\/\/inesrosales.com\/fr\/#\/schema\/logo\/image\/","url":"https:\/\/inesrosales.com\/wp-content\/uploads\/2024\/12\/logo-ines-rosales.png","contentUrl":"https:\/\/inesrosales.com\/wp-content\/uploads\/2024\/12\/logo-ines-rosales.png","width":384,"height":200,"caption":"In\u00e9s Rosales"},"image":{"@id":"https:\/\/inesrosales.com\/fr\/#\/schema\/logo\/image\/"}}]}},"_links":{"self":[{"href":"https:\/\/inesrosales.com\/fr\/wp-json\/wp\/v2\/pages\/1045775","targetHints":{"allow":["GET"]}}],"collection":[{"href":"https:\/\/inesrosales.com\/fr\/wp-json\/wp\/v2\/pages"}],"about":[{"href":"https:\/\/inesrosales.com\/fr\/wp-json\/wp\/v2\/types\/page"}],"author":[{"embeddable":true,"href":"https:\/\/inesrosales.com\/fr\/wp-json\/wp\/v2\/users\/3"}],"replies":[{"embeddable":true,"href":"https:\/\/inesrosales.com\/fr\/wp-json\/wp\/v2\/comments?post=1045775"}],"version-history":[{"count":1,"href":"https:\/\/inesrosales.com\/fr\/wp-json\/wp\/v2\/pages\/1045775\/revisions"}],"predecessor-version":[{"id":1045776,"href":"https:\/\/inesrosales.com\/fr\/wp-json\/wp\/v2\/pages\/1045775\/revisions\/1045776"}],"wp:featuredmedia":[{"embeddable":true,"href":"https:\/\/inesrosales.com\/fr\/wp-json\/wp\/v2\/media\/1043275"}],"wp:attachment":[{"href":"https:\/\/inesrosales.com\/fr\/wp-json\/wp\/v2\/media?parent=1045775"}],"curies":[{"name":"wp","href":"https:\/\/api.w.org\/{rel}","templated":true}]}}