{"id":1045793,"date":"2024-12-17T15:05:15","date_gmt":"2024-12-17T14:05:15","guid":{"rendered":"https:\/\/inesrosales.com\/politique-de-protection-des-donnees\/"},"modified":"2024-12-31T10:01:12","modified_gmt":"2024-12-31T09:01:12","slug":"politique-de-protection-des-donnees","status":"publish","type":"page","link":"https:\/\/inesrosales.com\/fr\/politique-de-protection-des-donnees\/","title":{"rendered":"Politique de protection des donn\u00e9es"},"content":{"rendered":"\t\t<div data-elementor-type=\"wp-page\" data-elementor-id=\"1045793\" class=\"elementor elementor-1045793 elementor-1043340\" data-elementor-post-type=\"page\">\n\t\t\t\t<div class=\"elementor-element elementor-element-a17c800 e-flex e-con-boxed e-con e-parent\" data-id=\"a17c800\" data-element_type=\"container\" data-e-type=\"container\">\n\t\t\t\t\t<div class=\"e-con-inner\">\n\t\t\t\t<div class=\"elementor-element elementor-element-2342d1f elementor-widget elementor-widget-text-editor\" data-id=\"2342d1f\" data-element_type=\"widget\" data-e-type=\"widget\" data-widget_type=\"text-editor.default\">\n\t\t\t\t<div class=\"elementor-widget-container\">\n\t\t\t\t\t\t\t\t\t<h2 class=\"\\\" titulo-seccion=\"\">Politique de protection des donn\u00e9es<\/h2>\n<p>La direction \/ organe de gouvernance de IN\u00e9s Rosales S.A.U, ci-apr\u00e8s d\u00e9nomm\u00e9e l&rsquo;ENTIT\u00c9 (ci-apr\u00e8s, le responsable du traitement), assume la plus grande responsabilit\u00e9 et engagement pour l&rsquo;\u00e9tablissement, la mise en \u0153uvre et le maintien de la pr\u00e9sente politique de protection des donn\u00e9es, garantissant l&rsquo;am\u00e9lioration continue du responsable du traitement dans le but d&rsquo;atteindre l&rsquo;excellence en mati\u00e8re de conformit\u00e9 au r\u00e8glement (UE) 2016\/679 du Parlement europ\u00e9en et du Conseil du 27 avril 2016, relatif \u00e0 la protection des personnes physiques \u00e0 l&rsquo;\u00e9gard du traitement des donn\u00e9es \u00e0 caract\u00e8re personnel et \u00e0 la libre circulation de ces donn\u00e9es, abrogeant la directive 95\/46\/CE (r\u00e8glement g\u00e9n\u00e9ral sur la protection des donn\u00e9es) (DOUE L 119\/1, 04-05-2016), ainsi qu\u2019\u00e0 la l\u00e9gislation espagnole sur la protection des donn\u00e9es \u00e0 caract\u00e8re personnel (loi organique, l\u00e9gislation sectorielle sp\u00e9cifique et ses normes de d\u00e9veloppement).<\/p>\n<p>La politique de protection des donn\u00e9es de l&rsquo;ENTIT\u00c9 repose sur le <u>principe de la responsabilit\u00e9 proactive, <\/u>selon lequel le responsable du traitement est responsable du respect du cadre normatif et jurisprudentiel r\u00e9gissant cette politique et doit \u00eatre capable de le d\u00e9montrer aupr\u00e8s des autorit\u00e9s de contr\u00f4le comp\u00e9tentes.<\/p>\n<p>Dans ce cadre, le responsable du traitement sera guid\u00e9 par les principes suivants, qui doivent servir de r\u00e9f\u00e9rence et de cadre \u00e0 tout le personnel dans le traitement des donn\u00e9es \u00e0 caract\u00e8re personnel :<\/p>\n<ol>\n<li><u>Protection des donn\u00e9es d\u00e8s la conception :<\/u> Le responsable du traitement appliquera, tant au moment de d\u00e9terminer les moyens de traitement qu&rsquo;au moment du traitement lui-m\u00eame, des mesures techniques et organisationnelles appropri\u00e9es, telles que la pseudonymisation, con\u00e7ues pour appliquer efficacement les principes de protection des donn\u00e9es, tels que la minimisation des donn\u00e9es, et int\u00e9grer les garanties n\u00e9cessaires dans le traitement.<\/li>\n<\/ol>\n<ol start=\"2\">\n<li><u>Protection des donn\u00e9es par d\u00e9faut : <\/u>Le responsable du traitement appliquera les mesures techniques et organisationnelles appropri\u00e9es afin de garantir que, par d\u00e9faut, seules les donn\u00e9es personnelles n\u00e9cessaires \u00e0 chaque objectif sp\u00e9cifique du traitement sont trait\u00e9es.<\/li>\n<\/ol>\n<ol start=\"3\">\n<li><u>Protection des donn\u00e9es tout au long du cycle de vie de l&rsquo;information : <\/u>Les mesures garantissant la protection des donn\u00e9es personnelles seront applicables pendant tout le cycle de vie de l&rsquo;information.<\/li>\n<\/ol>\n<ol start=\"4\">\n<li><u>Lic\u00e9it\u00e9, loyaut\u00e9 et transparence : <\/u>Les donn\u00e9es personnelles seront trait\u00e9es de mani\u00e8re licite, loyale et transparente vis-\u00e0-vis de la personne concern\u00e9e.<\/li>\n<\/ol>\n<ol start=\"5\">\n<li><u>Limitation de la finalit\u00e9 : <\/u>Les donn\u00e9es personnelles seront collect\u00e9es pour des finalit\u00e9s d\u00e9termin\u00e9es, explicites et l\u00e9gitimes, et ne seront pas trait\u00e9es ult\u00e9rieurement d&rsquo;une mani\u00e8re incompatible avec ces finalit\u00e9s.<\/li>\n<\/ol>\n<ol start=\"6\">\n<li><u>Minimisation des donn\u00e9es :<\/u> Les donn\u00e9es personnelles seront ad\u00e9quates, pertinentes et limit\u00e9es \u00e0 ce qui est n\u00e9cessaire au regard des finalit\u00e9s pour lesquelles elles sont trait\u00e9es.<\/li>\n<\/ol>\n<ol start=\"7\">\n<li><u>Exactitude : <\/u>Les donn\u00e9es personnelles seront exactes et, si n\u00e9cessaire, mises \u00e0 jour ; toutes les mesures raisonnables seront prises pour que les donn\u00e9es personnelles inexactes au regard des finalit\u00e9s pour lesquelles elles sont trait\u00e9es soient supprim\u00e9es ou rectifi\u00e9es sans d\u00e9lai.<\/li>\n<\/ol>\n<ol start=\"8\">\n<li><u>Limitation de la dur\u00e9e de conservation : <\/u>Les donn\u00e9es personnelles seront conserv\u00e9es de mani\u00e8re \u00e0 permettre l&rsquo;identification des personnes concern\u00e9es pendant une p\u00e9riode ne d\u00e9passant pas celle n\u00e9cessaire aux fins du traitement des donn\u00e9es personnelles.<\/li>\n<\/ol>\n<ol start=\"9\">\n<li><u>Int\u00e9grit\u00e9 et confidentialit\u00e9 : <\/u>Les donn\u00e9es personnelles seront trait\u00e9es de mani\u00e8re \u00e0 garantir une s\u00e9curit\u00e9 ad\u00e9quate des donn\u00e9es personnelles, y compris la protection contre le traitement non autoris\u00e9 ou ill\u00e9gal et contre leur perte, destruction ou dommage accidentel, au moyen de mesures techniques et organisationnelles appropri\u00e9es.<\/li>\n<\/ol>\n<ol start=\"10\">\n<li><u>Information et formation :<\/u> L&rsquo;un des \u00e9l\u00e9ments cl\u00e9s pour garantir la protection des donn\u00e9es personnelles est la formation et l&rsquo;information fournies au personnel impliqu\u00e9 dans le traitement de ces donn\u00e9es. Tout au long du cycle de vie de l&rsquo;information, tout le personnel ayant acc\u00e8s aux donn\u00e9es sera correctement form\u00e9 et inform\u00e9 de ses obligations en mati\u00e8re de conformit\u00e9 \u00e0 la l\u00e9gislation sur la protection des donn\u00e9es. <\/li>\n<\/ol>\n<p>La politique de protection des donn\u00e9es de l&rsquo;ENTIT\u00c9 est communiqu\u00e9e \u00e0 tout le personnel du responsable du traitement et mise \u00e0 la disposition de toutes les parties int\u00e9ress\u00e9es.<\/p>\n<p>En cons\u00e9quence, la pr\u00e9sente politique de protection des donn\u00e9es implique l&rsquo;ensemble du personnel du responsable du traitement, qui doit la conna\u00eetre et l&rsquo;adopter comme la sienne. Chaque membre est responsable de son application et de la v\u00e9rification des r\u00e8gles de protection des donn\u00e9es applicables \u00e0 son activit\u00e9, ainsi que de l&rsquo;identification et de la proposition d&rsquo;opportunit\u00e9s d&rsquo;am\u00e9lioration jug\u00e9es appropri\u00e9es dans le but d&rsquo;atteindre l&rsquo;excellence en mati\u00e8re de conformit\u00e9.<\/p>\n<p>Cette politique sera r\u00e9vis\u00e9e par la direction \/ l&rsquo;organe de gouvernance de l&rsquo;ENTIT\u00c9, autant de fois que n\u00e9cessaire, afin de s&rsquo;adapter en permanence aux dispositions en vigueur en mati\u00e8re de protection des donn\u00e9es personnelles.<\/p>\n\t\t\t\t\t\t\t\t<\/div>\n\t\t\t\t<\/div>\n\t\t\t\t\t<\/div>\n\t\t\t\t<\/div>\n\t\t\t\t<\/div>\n\t\t","protected":false},"excerpt":{"rendered":"<p>Politique de protection des donn\u00e9es La direction \/ organe de gouvernance de IN\u00e9s Rosales S.A.U, ci-apr\u00e8s d\u00e9nomm\u00e9e l&rsquo;ENTIT\u00c9 (ci-apr\u00e8s, le responsable du traitement), assume la plus grande responsabilit\u00e9 et engagement pour l&rsquo;\u00e9tablissement, la mise en \u0153uvre et le maintien de la pr\u00e9sente politique de protection des donn\u00e9es, garantissant l&rsquo;am\u00e9lioration continue du responsable du traitement dans [&hellip;]<\/p>\n","protected":false},"author":3,"featured_media":0,"parent":0,"menu_order":0,"comment_status":"open","ping_status":"open","template":"","meta":{"_joinchat":[],"footnotes":""},"class_list":["post-1045793","page","type-page","status-publish","hentry"],"yoast_head":"<!-- This site is optimized with the Yoast SEO Premium plugin v25.3 (Yoast SEO v27.4) - https:\/\/yoast.com\/product\/yoast-seo-premium-wordpress\/ -->\n<title>Politique de protection des donn\u00e9es - In\u00e9s Rosales<\/title>\n<meta name=\"robots\" content=\"noindex, nofollow\" \/>\n<meta property=\"og:locale\" content=\"fr_FR\" \/>\n<meta property=\"og:type\" content=\"article\" \/>\n<meta property=\"og:title\" content=\"Politique de protection des donn\u00e9es\" \/>\n<meta property=\"og:description\" content=\"Politique de protection des donn\u00e9es La direction \/ organe de gouvernance de IN\u00e9s Rosales S.A.U, ci-apr\u00e8s d\u00e9nomm\u00e9e l&rsquo;ENTIT\u00c9 (ci-apr\u00e8s, le responsable du traitement), assume la plus grande responsabilit\u00e9 et engagement pour l&rsquo;\u00e9tablissement, la mise en \u0153uvre et le maintien de la pr\u00e9sente politique de protection des donn\u00e9es, garantissant l&rsquo;am\u00e9lioration continue du responsable du traitement dans [&hellip;]\" \/>\n<meta property=\"og:url\" content=\"https:\/\/inesrosales.com\/fr\/politique-de-protection-des-donnees\/\" \/>\n<meta property=\"og:site_name\" content=\"In\u00e9s Rosales\" \/>\n<meta property=\"article:modified_time\" content=\"2024-12-31T09:01:12+00:00\" \/>\n<meta name=\"twitter:card\" content=\"summary_large_image\" \/>\n<meta name=\"twitter:label1\" content=\"Dur\u00e9e de lecture estim\u00e9e\" \/>\n\t<meta name=\"twitter:data1\" content=\"4 minutes\" \/>\n<script type=\"application\/ld+json\" class=\"yoast-schema-graph\">{\"@context\":\"https:\\\/\\\/schema.org\",\"@graph\":[{\"@type\":\"WebPage\",\"@id\":\"https:\\\/\\\/inesrosales.com\\\/fr\\\/politique-de-protection-des-donnees\\\/\",\"url\":\"https:\\\/\\\/inesrosales.com\\\/fr\\\/politique-de-protection-des-donnees\\\/\",\"name\":\"Politique de protection des donn\u00e9es - In\u00e9s Rosales\",\"isPartOf\":{\"@id\":\"https:\\\/\\\/inesrosales.com\\\/fr\\\/#website\"},\"datePublished\":\"2024-12-17T14:05:15+00:00\",\"dateModified\":\"2024-12-31T09:01:12+00:00\",\"breadcrumb\":{\"@id\":\"https:\\\/\\\/inesrosales.com\\\/fr\\\/politique-de-protection-des-donnees\\\/#breadcrumb\"},\"inLanguage\":\"fr-FR\",\"potentialAction\":[{\"@type\":\"ReadAction\",\"target\":[\"https:\\\/\\\/inesrosales.com\\\/fr\\\/politique-de-protection-des-donnees\\\/\"]}]},{\"@type\":\"BreadcrumbList\",\"@id\":\"https:\\\/\\\/inesrosales.com\\\/fr\\\/politique-de-protection-des-donnees\\\/#breadcrumb\",\"itemListElement\":[{\"@type\":\"ListItem\",\"position\":1,\"name\":\"Portada\",\"item\":\"https:\\\/\\\/inesrosales.com\\\/fr\\\/\"},{\"@type\":\"ListItem\",\"position\":2,\"name\":\"Politique de protection des donn\u00e9es\"}]},{\"@type\":\"WebSite\",\"@id\":\"https:\\\/\\\/inesrosales.com\\\/fr\\\/#website\",\"url\":\"https:\\\/\\\/inesrosales.com\\\/fr\\\/\",\"name\":\"In\u00e9s Rosales\",\"description\":\"Elaboramos las Leg\u00edtimas y Acreditadas Tortas de Aceite In\u00e9s Rosales. Elaboraci\u00f3n con productos 100% naturales y hechas con harina de Trigo, Aceite de Oliva Virgen Extra de Calidad Superior, az\u00facar y especias arom\u00e1ticas.  El mantenimiento de la elaboraci\u00f3n y acabado artesanal en su sentido m\u00e1s aut\u00e9ntico, junto a sus ingredientes naturales y la ausencia de aditivos, mejorantes y conservantes, le confieren un car\u00e1cter saludable.\",\"publisher\":{\"@id\":\"https:\\\/\\\/inesrosales.com\\\/fr\\\/#organization\"},\"alternateName\":\"In\u00e9s Rosales\",\"potentialAction\":[{\"@type\":\"SearchAction\",\"target\":{\"@type\":\"EntryPoint\",\"urlTemplate\":\"https:\\\/\\\/inesrosales.com\\\/fr\\\/?s={search_term_string}\"},\"query-input\":{\"@type\":\"PropertyValueSpecification\",\"valueRequired\":true,\"valueName\":\"search_term_string\"}}],\"inLanguage\":\"fr-FR\"},{\"@type\":\"Organization\",\"@id\":\"https:\\\/\\\/inesrosales.com\\\/fr\\\/#organization\",\"name\":\"In\u00e9s Rosales\",\"url\":\"https:\\\/\\\/inesrosales.com\\\/fr\\\/\",\"logo\":{\"@type\":\"ImageObject\",\"inLanguage\":\"fr-FR\",\"@id\":\"https:\\\/\\\/inesrosales.com\\\/fr\\\/#\\\/schema\\\/logo\\\/image\\\/\",\"url\":\"https:\\\/\\\/inesrosales.com\\\/wp-content\\\/uploads\\\/2024\\\/12\\\/logo-ines-rosales.png\",\"contentUrl\":\"https:\\\/\\\/inesrosales.com\\\/wp-content\\\/uploads\\\/2024\\\/12\\\/logo-ines-rosales.png\",\"width\":384,\"height\":200,\"caption\":\"In\u00e9s Rosales\"},\"image\":{\"@id\":\"https:\\\/\\\/inesrosales.com\\\/fr\\\/#\\\/schema\\\/logo\\\/image\\\/\"}}]}<\/script>\n<!-- \/ Yoast SEO Premium plugin. -->","yoast_head_json":{"title":"Politique de protection des donn\u00e9es - In\u00e9s Rosales","robots":{"index":"noindex","follow":"nofollow"},"og_locale":"fr_FR","og_type":"article","og_title":"Politique de protection des donn\u00e9es","og_description":"Politique de protection des donn\u00e9es La direction \/ organe de gouvernance de IN\u00e9s Rosales S.A.U, ci-apr\u00e8s d\u00e9nomm\u00e9e l&rsquo;ENTIT\u00c9 (ci-apr\u00e8s, le responsable du traitement), assume la plus grande responsabilit\u00e9 et engagement pour l&rsquo;\u00e9tablissement, la mise en \u0153uvre et le maintien de la pr\u00e9sente politique de protection des donn\u00e9es, garantissant l&rsquo;am\u00e9lioration continue du responsable du traitement dans [&hellip;]","og_url":"https:\/\/inesrosales.com\/fr\/politique-de-protection-des-donnees\/","og_site_name":"In\u00e9s Rosales","article_modified_time":"2024-12-31T09:01:12+00:00","twitter_card":"summary_large_image","twitter_misc":{"Dur\u00e9e de lecture estim\u00e9e":"4 minutes"},"schema":{"@context":"https:\/\/schema.org","@graph":[{"@type":"WebPage","@id":"https:\/\/inesrosales.com\/fr\/politique-de-protection-des-donnees\/","url":"https:\/\/inesrosales.com\/fr\/politique-de-protection-des-donnees\/","name":"Politique de protection des donn\u00e9es - In\u00e9s Rosales","isPartOf":{"@id":"https:\/\/inesrosales.com\/fr\/#website"},"datePublished":"2024-12-17T14:05:15+00:00","dateModified":"2024-12-31T09:01:12+00:00","breadcrumb":{"@id":"https:\/\/inesrosales.com\/fr\/politique-de-protection-des-donnees\/#breadcrumb"},"inLanguage":"fr-FR","potentialAction":[{"@type":"ReadAction","target":["https:\/\/inesrosales.com\/fr\/politique-de-protection-des-donnees\/"]}]},{"@type":"BreadcrumbList","@id":"https:\/\/inesrosales.com\/fr\/politique-de-protection-des-donnees\/#breadcrumb","itemListElement":[{"@type":"ListItem","position":1,"name":"Portada","item":"https:\/\/inesrosales.com\/fr\/"},{"@type":"ListItem","position":2,"name":"Politique de protection des donn\u00e9es"}]},{"@type":"WebSite","@id":"https:\/\/inesrosales.com\/fr\/#website","url":"https:\/\/inesrosales.com\/fr\/","name":"In\u00e9s Rosales","description":"Elaboramos las Leg\u00edtimas y Acreditadas Tortas de Aceite In\u00e9s Rosales. Elaboraci\u00f3n con productos 100% naturales y hechas con harina de Trigo, Aceite de Oliva Virgen Extra de Calidad Superior, az\u00facar y especias arom\u00e1ticas.  El mantenimiento de la elaboraci\u00f3n y acabado artesanal en su sentido m\u00e1s aut\u00e9ntico, junto a sus ingredientes naturales y la ausencia de aditivos, mejorantes y conservantes, le confieren un car\u00e1cter saludable.","publisher":{"@id":"https:\/\/inesrosales.com\/fr\/#organization"},"alternateName":"In\u00e9s Rosales","potentialAction":[{"@type":"SearchAction","target":{"@type":"EntryPoint","urlTemplate":"https:\/\/inesrosales.com\/fr\/?s={search_term_string}"},"query-input":{"@type":"PropertyValueSpecification","valueRequired":true,"valueName":"search_term_string"}}],"inLanguage":"fr-FR"},{"@type":"Organization","@id":"https:\/\/inesrosales.com\/fr\/#organization","name":"In\u00e9s Rosales","url":"https:\/\/inesrosales.com\/fr\/","logo":{"@type":"ImageObject","inLanguage":"fr-FR","@id":"https:\/\/inesrosales.com\/fr\/#\/schema\/logo\/image\/","url":"https:\/\/inesrosales.com\/wp-content\/uploads\/2024\/12\/logo-ines-rosales.png","contentUrl":"https:\/\/inesrosales.com\/wp-content\/uploads\/2024\/12\/logo-ines-rosales.png","width":384,"height":200,"caption":"In\u00e9s Rosales"},"image":{"@id":"https:\/\/inesrosales.com\/fr\/#\/schema\/logo\/image\/"}}]}},"_links":{"self":[{"href":"https:\/\/inesrosales.com\/fr\/wp-json\/wp\/v2\/pages\/1045793","targetHints":{"allow":["GET"]}}],"collection":[{"href":"https:\/\/inesrosales.com\/fr\/wp-json\/wp\/v2\/pages"}],"about":[{"href":"https:\/\/inesrosales.com\/fr\/wp-json\/wp\/v2\/types\/page"}],"author":[{"embeddable":true,"href":"https:\/\/inesrosales.com\/fr\/wp-json\/wp\/v2\/users\/3"}],"replies":[{"embeddable":true,"href":"https:\/\/inesrosales.com\/fr\/wp-json\/wp\/v2\/comments?post=1045793"}],"version-history":[{"count":1,"href":"https:\/\/inesrosales.com\/fr\/wp-json\/wp\/v2\/pages\/1045793\/revisions"}],"predecessor-version":[{"id":1045794,"href":"https:\/\/inesrosales.com\/fr\/wp-json\/wp\/v2\/pages\/1045793\/revisions\/1045794"}],"wp:attachment":[{"href":"https:\/\/inesrosales.com\/fr\/wp-json\/wp\/v2\/media?parent=1045793"}],"curies":[{"name":"wp","href":"https:\/\/api.w.org\/{rel}","templated":true}]}}