{"id":1043176,"date":"2024-11-06T12:10:10","date_gmt":"2024-11-06T11:10:10","guid":{"rendered":"https:\/\/inesrosales.com\/producto\/boite-a-chale-originale-pour-gateaux-a-lhuile\/"},"modified":"2025-11-04T14:00:18","modified_gmt":"2025-11-04T13:00:18","slug":"boite-en-fer-chale-avec-tortas-lhuile-dolive-originaux","status":"publish","type":"product","link":"https:\/\/inesrosales.com\/fr\/producto\/boite-en-fer-chale-avec-tortas-lhuile-dolive-originaux\/","title":{"rendered":"Bo\u00eete en fer Ch\u00e2le avec Tortas \u00e0 l\u2019huile d\u00b4olive Originaux"},"content":{"rendered":"","protected":false},"excerpt":{"rendered":"<p>Ch\u00e2le de Manille en \u00e9tain d&rsquo;In\u00e9s Rosales. Contient 5 Tortas \u00e0 l&rsquo;huile d\u00b4Olive Originaux \u00e0 l&rsquo;int\u00e9rieur. Un cadeau sp\u00e9cial pour les f\u00eates de fin d&rsquo;ann\u00e9e.<\/p>\n","protected":false},"featured_media":1040934,"template":"","meta":{"_joinchat":[]},"product_brand":[],"product_cat":[186,81],"product_tag":[111,112,109,113,114,116,115,117],"class_list":{"0":"post-1043176","1":"product","2":"type-product","3":"status-publish","4":"has-post-thumbnail","6":"product_cat-surtidos-fr","7":"product_cat-tortas-a-lhuile-sucres","8":"product_tag-a-la-main","9":"product_tag-cuit-au-four","10":"product_tag-huile-dolive","11":"product_tag-recette-originale","12":"product_tag-sans-additifs","13":"product_tag-sans-lactose","14":"product_tag-sans-oeufs","15":"product_tag-vegetalien","17":"first","18":"instock","19":"purchasable","20":"product-type-simple"},"yoast_head":"<!-- This site is optimized with the Yoast SEO Premium plugin v25.3 (Yoast SEO v27.4) - https:\/\/yoast.com\/product\/yoast-seo-premium-wordpress\/ -->\n<title>Bo\u00eete en fer Ch\u00e2le avec Tortas \u00e0 l\u2019huile d\u00b4olive Originaux - In\u00e9s Rosales<\/title>\n<meta name=\"robots\" content=\"index, follow, max-snippet:-1, max-image-preview:large, max-video-preview:-1\" \/>\n<link rel=\"canonical\" href=\"https:\/\/inesrosales.com\/fr\/producto\/boite-en-fer-chale-avec-tortas-lhuile-dolive-originaux\/\" \/>\n<meta property=\"og:locale\" content=\"fr_FR\" \/>\n<meta property=\"og:type\" content=\"article\" \/>\n<meta property=\"og:title\" content=\"Bo\u00eete en fer Ch\u00e2le avec Tortas \u00e0 l\u2019huile d\u00b4olive Originaux - In\u00e9s Rosales\" \/>\n<meta property=\"og:description\" content=\"Ch\u00e2le de Manille en \u00e9tain d&#039;In\u00e9s Rosales. Contient 5 Tortas \u00e0 l&#039;huile d\u00b4Olive Originaux \u00e0 l&#039;int\u00e9rieur. Un cadeau sp\u00e9cial pour les f\u00eates de fin d&#039;ann\u00e9e.\" \/>\n<meta property=\"og:url\" content=\"https:\/\/inesrosales.com\/fr\/producto\/boite-en-fer-chale-avec-tortas-lhuile-dolive-originaux\/\" \/>\n<meta property=\"og:site_name\" content=\"In\u00e9s Rosales\" \/>\n<meta property=\"article:modified_time\" content=\"2025-11-04T13:00:18+00:00\" \/>\n<meta property=\"og:image\" content=\"https:\/\/inesrosales.com\/wp-content\/uploads\/2024\/12\/Lata-Manton-TAO.png\" \/>\n\t<meta property=\"og:image:width\" content=\"1080\" \/>\n\t<meta property=\"og:image:height\" content=\"1080\" \/>\n\t<meta property=\"og:image:type\" content=\"image\/png\" \/>\n<meta name=\"twitter:card\" content=\"summary_large_image\" \/>\n<meta name=\"twitter:label1\" content=\"Dur\u00e9e de lecture estim\u00e9e\" \/>\n\t<meta name=\"twitter:data1\" content=\"1 minute\" \/>\n<script type=\"application\/ld+json\" class=\"yoast-schema-graph\">{\"@context\":\"https:\\\/\\\/schema.org\",\"@graph\":[{\"@type\":\"WebPage\",\"@id\":\"https:\\\/\\\/inesrosales.com\\\/fr\\\/producto\\\/boite-en-fer-chale-avec-tortas-lhuile-dolive-originaux\\\/\",\"url\":\"https:\\\/\\\/inesrosales.com\\\/fr\\\/producto\\\/boite-en-fer-chale-avec-tortas-lhuile-dolive-originaux\\\/\",\"name\":\"Bo\u00eete en fer Ch\u00e2le avec Tortas \u00e0 l\u2019huile d\u00b4olive Originaux - In\u00e9s Rosales\",\"isPartOf\":{\"@id\":\"https:\\\/\\\/inesrosales.com\\\/fr\\\/#website\"},\"primaryImageOfPage\":{\"@id\":\"https:\\\/\\\/inesrosales.com\\\/fr\\\/producto\\\/boite-en-fer-chale-avec-tortas-lhuile-dolive-originaux\\\/#primaryimage\"},\"image\":{\"@id\":\"https:\\\/\\\/inesrosales.com\\\/fr\\\/producto\\\/boite-en-fer-chale-avec-tortas-lhuile-dolive-originaux\\\/#primaryimage\"},\"thumbnailUrl\":\"https:\\\/\\\/inesrosales.com\\\/wp-content\\\/uploads\\\/2024\\\/12\\\/Lata-Manton-TAO.png\",\"datePublished\":\"2024-11-06T11:10:10+00:00\",\"dateModified\":\"2025-11-04T13:00:18+00:00\",\"breadcrumb\":{\"@id\":\"https:\\\/\\\/inesrosales.com\\\/fr\\\/producto\\\/boite-en-fer-chale-avec-tortas-lhuile-dolive-originaux\\\/#breadcrumb\"},\"inLanguage\":\"fr-FR\",\"potentialAction\":[{\"@type\":\"ReadAction\",\"target\":[\"https:\\\/\\\/inesrosales.com\\\/fr\\\/producto\\\/boite-en-fer-chale-avec-tortas-lhuile-dolive-originaux\\\/\"]}]},{\"@type\":\"ImageObject\",\"inLanguage\":\"fr-FR\",\"@id\":\"https:\\\/\\\/inesrosales.com\\\/fr\\\/producto\\\/boite-en-fer-chale-avec-tortas-lhuile-dolive-originaux\\\/#primaryimage\",\"url\":\"https:\\\/\\\/inesrosales.com\\\/wp-content\\\/uploads\\\/2024\\\/12\\\/Lata-Manton-TAO.png\",\"contentUrl\":\"https:\\\/\\\/inesrosales.com\\\/wp-content\\\/uploads\\\/2024\\\/12\\\/Lata-Manton-TAO.png\",\"width\":1080,\"height\":1080},{\"@type\":\"BreadcrumbList\",\"@id\":\"https:\\\/\\\/inesrosales.com\\\/fr\\\/producto\\\/boite-en-fer-chale-avec-tortas-lhuile-dolive-originaux\\\/#breadcrumb\",\"itemListElement\":[{\"@type\":\"ListItem\",\"position\":1,\"name\":\"Portada\",\"item\":\"https:\\\/\\\/inesrosales.com\\\/fr\\\/\"},{\"@type\":\"ListItem\",\"position\":2,\"name\":\"Boutique\",\"item\":\"https:\\\/\\\/inesrosales.com\\\/fr\\\/boutique\\\/\"},{\"@type\":\"ListItem\",\"position\":3,\"name\":\"Bo\u00eete en fer Ch\u00e2le avec Tortas \u00e0 l\u2019huile d\u00b4olive Originaux\"}]},{\"@type\":\"WebSite\",\"@id\":\"https:\\\/\\\/inesrosales.com\\\/fr\\\/#website\",\"url\":\"https:\\\/\\\/inesrosales.com\\\/fr\\\/\",\"name\":\"In\u00e9s Rosales\",\"description\":\"Elaboramos las Leg\u00edtimas y Acreditadas Tortas de Aceite In\u00e9s Rosales. Elaboraci\u00f3n con productos 100% naturales y hechas con harina de Trigo, Aceite de Oliva Virgen Extra de Calidad Superior, az\u00facar y especias arom\u00e1ticas.  El mantenimiento de la elaboraci\u00f3n y acabado artesanal en su sentido m\u00e1s aut\u00e9ntico, junto a sus ingredientes naturales y la ausencia de aditivos, mejorantes y conservantes, le confieren un car\u00e1cter saludable.\",\"publisher\":{\"@id\":\"https:\\\/\\\/inesrosales.com\\\/fr\\\/#organization\"},\"alternateName\":\"In\u00e9s Rosales\",\"potentialAction\":[{\"@type\":\"SearchAction\",\"target\":{\"@type\":\"EntryPoint\",\"urlTemplate\":\"https:\\\/\\\/inesrosales.com\\\/fr\\\/?s={search_term_string}\"},\"query-input\":{\"@type\":\"PropertyValueSpecification\",\"valueRequired\":true,\"valueName\":\"search_term_string\"}}],\"inLanguage\":\"fr-FR\"},{\"@type\":\"Organization\",\"@id\":\"https:\\\/\\\/inesrosales.com\\\/fr\\\/#organization\",\"name\":\"In\u00e9s Rosales\",\"url\":\"https:\\\/\\\/inesrosales.com\\\/fr\\\/\",\"logo\":{\"@type\":\"ImageObject\",\"inLanguage\":\"fr-FR\",\"@id\":\"https:\\\/\\\/inesrosales.com\\\/fr\\\/#\\\/schema\\\/logo\\\/image\\\/\",\"url\":\"https:\\\/\\\/inesrosales.com\\\/wp-content\\\/uploads\\\/2024\\\/12\\\/logo-ines-rosales.png\",\"contentUrl\":\"https:\\\/\\\/inesrosales.com\\\/wp-content\\\/uploads\\\/2024\\\/12\\\/logo-ines-rosales.png\",\"width\":384,\"height\":200,\"caption\":\"In\u00e9s Rosales\"},\"image\":{\"@id\":\"https:\\\/\\\/inesrosales.com\\\/fr\\\/#\\\/schema\\\/logo\\\/image\\\/\"}}]}<\/script>\n<!-- \/ Yoast SEO Premium plugin. -->","yoast_head_json":{"title":"Bo\u00eete en fer Ch\u00e2le avec Tortas \u00e0 l\u2019huile d\u00b4olive Originaux - In\u00e9s Rosales","robots":{"index":"index","follow":"follow","max-snippet":"max-snippet:-1","max-image-preview":"max-image-preview:large","max-video-preview":"max-video-preview:-1"},"canonical":"https:\/\/inesrosales.com\/fr\/producto\/boite-en-fer-chale-avec-tortas-lhuile-dolive-originaux\/","og_locale":"fr_FR","og_type":"article","og_title":"Bo\u00eete en fer Ch\u00e2le avec Tortas \u00e0 l\u2019huile d\u00b4olive Originaux - In\u00e9s Rosales","og_description":"Ch\u00e2le de Manille en \u00e9tain d'In\u00e9s Rosales. Contient 5 Tortas \u00e0 l'huile d\u00b4Olive Originaux \u00e0 l'int\u00e9rieur. Un cadeau sp\u00e9cial pour les f\u00eates de fin d'ann\u00e9e.","og_url":"https:\/\/inesrosales.com\/fr\/producto\/boite-en-fer-chale-avec-tortas-lhuile-dolive-originaux\/","og_site_name":"In\u00e9s Rosales","article_modified_time":"2025-11-04T13:00:18+00:00","og_image":[{"width":1080,"height":1080,"url":"https:\/\/inesrosales.com\/wp-content\/uploads\/2024\/12\/Lata-Manton-TAO.png","type":"image\/png"}],"twitter_card":"summary_large_image","twitter_misc":{"Dur\u00e9e de lecture estim\u00e9e":"1 minute"},"schema":{"@context":"https:\/\/schema.org","@graph":[{"@type":"WebPage","@id":"https:\/\/inesrosales.com\/fr\/producto\/boite-en-fer-chale-avec-tortas-lhuile-dolive-originaux\/","url":"https:\/\/inesrosales.com\/fr\/producto\/boite-en-fer-chale-avec-tortas-lhuile-dolive-originaux\/","name":"Bo\u00eete en fer Ch\u00e2le avec Tortas \u00e0 l\u2019huile d\u00b4olive Originaux - In\u00e9s Rosales","isPartOf":{"@id":"https:\/\/inesrosales.com\/fr\/#website"},"primaryImageOfPage":{"@id":"https:\/\/inesrosales.com\/fr\/producto\/boite-en-fer-chale-avec-tortas-lhuile-dolive-originaux\/#primaryimage"},"image":{"@id":"https:\/\/inesrosales.com\/fr\/producto\/boite-en-fer-chale-avec-tortas-lhuile-dolive-originaux\/#primaryimage"},"thumbnailUrl":"https:\/\/inesrosales.com\/wp-content\/uploads\/2024\/12\/Lata-Manton-TAO.png","datePublished":"2024-11-06T11:10:10+00:00","dateModified":"2025-11-04T13:00:18+00:00","breadcrumb":{"@id":"https:\/\/inesrosales.com\/fr\/producto\/boite-en-fer-chale-avec-tortas-lhuile-dolive-originaux\/#breadcrumb"},"inLanguage":"fr-FR","potentialAction":[{"@type":"ReadAction","target":["https:\/\/inesrosales.com\/fr\/producto\/boite-en-fer-chale-avec-tortas-lhuile-dolive-originaux\/"]}]},{"@type":"ImageObject","inLanguage":"fr-FR","@id":"https:\/\/inesrosales.com\/fr\/producto\/boite-en-fer-chale-avec-tortas-lhuile-dolive-originaux\/#primaryimage","url":"https:\/\/inesrosales.com\/wp-content\/uploads\/2024\/12\/Lata-Manton-TAO.png","contentUrl":"https:\/\/inesrosales.com\/wp-content\/uploads\/2024\/12\/Lata-Manton-TAO.png","width":1080,"height":1080},{"@type":"BreadcrumbList","@id":"https:\/\/inesrosales.com\/fr\/producto\/boite-en-fer-chale-avec-tortas-lhuile-dolive-originaux\/#breadcrumb","itemListElement":[{"@type":"ListItem","position":1,"name":"Portada","item":"https:\/\/inesrosales.com\/fr\/"},{"@type":"ListItem","position":2,"name":"Boutique","item":"https:\/\/inesrosales.com\/fr\/boutique\/"},{"@type":"ListItem","position":3,"name":"Bo\u00eete en fer Ch\u00e2le avec Tortas \u00e0 l\u2019huile d\u00b4olive Originaux"}]},{"@type":"WebSite","@id":"https:\/\/inesrosales.com\/fr\/#website","url":"https:\/\/inesrosales.com\/fr\/","name":"In\u00e9s Rosales","description":"Elaboramos las Leg\u00edtimas y Acreditadas Tortas de Aceite In\u00e9s Rosales. Elaboraci\u00f3n con productos 100% naturales y hechas con harina de Trigo, Aceite de Oliva Virgen Extra de Calidad Superior, az\u00facar y especias arom\u00e1ticas.  El mantenimiento de la elaboraci\u00f3n y acabado artesanal en su sentido m\u00e1s aut\u00e9ntico, junto a sus ingredientes naturales y la ausencia de aditivos, mejorantes y conservantes, le confieren un car\u00e1cter saludable.","publisher":{"@id":"https:\/\/inesrosales.com\/fr\/#organization"},"alternateName":"In\u00e9s Rosales","potentialAction":[{"@type":"SearchAction","target":{"@type":"EntryPoint","urlTemplate":"https:\/\/inesrosales.com\/fr\/?s={search_term_string}"},"query-input":{"@type":"PropertyValueSpecification","valueRequired":true,"valueName":"search_term_string"}}],"inLanguage":"fr-FR"},{"@type":"Organization","@id":"https:\/\/inesrosales.com\/fr\/#organization","name":"In\u00e9s Rosales","url":"https:\/\/inesrosales.com\/fr\/","logo":{"@type":"ImageObject","inLanguage":"fr-FR","@id":"https:\/\/inesrosales.com\/fr\/#\/schema\/logo\/image\/","url":"https:\/\/inesrosales.com\/wp-content\/uploads\/2024\/12\/logo-ines-rosales.png","contentUrl":"https:\/\/inesrosales.com\/wp-content\/uploads\/2024\/12\/logo-ines-rosales.png","width":384,"height":200,"caption":"In\u00e9s Rosales"},"image":{"@id":"https:\/\/inesrosales.com\/fr\/#\/schema\/logo\/image\/"}}]}},"_links":{"self":[{"href":"https:\/\/inesrosales.com\/fr\/wp-json\/wp\/v2\/product\/1043176","targetHints":{"allow":["GET"]}}],"collection":[{"href":"https:\/\/inesrosales.com\/fr\/wp-json\/wp\/v2\/product"}],"about":[{"href":"https:\/\/inesrosales.com\/fr\/wp-json\/wp\/v2\/types\/product"}],"wp:featuredmedia":[{"embeddable":true,"href":"https:\/\/inesrosales.com\/fr\/wp-json\/wp\/v2\/media\/1040934"}],"wp:attachment":[{"href":"https:\/\/inesrosales.com\/fr\/wp-json\/wp\/v2\/media?parent=1043176"}],"wp:term":[{"taxonomy":"product_brand","embeddable":true,"href":"https:\/\/inesrosales.com\/fr\/wp-json\/wp\/v2\/product_brand?post=1043176"},{"taxonomy":"product_cat","embeddable":true,"href":"https:\/\/inesrosales.com\/fr\/wp-json\/wp\/v2\/product_cat?post=1043176"},{"taxonomy":"product_tag","embeddable":true,"href":"https:\/\/inesrosales.com\/fr\/wp-json\/wp\/v2\/product_tag?post=1043176"}],"curies":[{"name":"wp","href":"https:\/\/api.w.org\/{rel}","templated":true}]}}