{"id":1043179,"date":"2018-02-13T12:21:53","date_gmt":"2018-02-13T11:21:53","guid":{"rendered":"https:\/\/inesrosales.com\/producto\/biscuits-a-lhuile-dorange-6-un\/"},"modified":"2025-11-04T12:46:13","modified_gmt":"2025-11-04T11:46:13","slug":"tortas-a-lhuile-olive-orange-6-un","status":"publish","type":"product","link":"https:\/\/inesrosales.com\/fr\/producto\/tortas-a-lhuile-olive-orange-6-un\/","title":{"rendered":"Tortas \u00e0 l\u2019huile d\u2019olive au Orange (6 un)"},"content":{"rendered":"","protected":false},"excerpt":{"rendered":"<p>L\u2019exquis ar\u00f4me \u00e9vocateur de <strong>l\u2019orange de S\u00e9ville<\/strong> vous plongera dans la magie du Sud au printemps. L\u00e9g\u00e8res touches d&rsquo;agrumes pour une d\u00e9gustation tr\u00e8s originale. Le secret ? <strong>Accompagnez-les d\u2019un bon fromage.<\/strong><\/p>\n<p>Confectionn\u00e9s \u00e0 la main et de mani\u00e8re individuelle, nos Tortas \u00e0 l\u2019huile sont fabriqu\u00e9s \u00e0 base <strong>d\u2019huile d\u2019olive vierge extra et d\u2019ingr\u00e9dients naturels s\u00e9lectionn\u00e9s<\/strong> issus du r\u00e9gime m\u00e9diterran\u00e9en. <strong>Chaque Torta est unique et inimitable gr\u00e2ce aux mains d\u00e9licates qui le fa\u00e7onnent avant sa cuisson.<\/strong><\/p>\n","protected":false},"featured_media":1039637,"template":"","meta":{"_joinchat":[]},"product_brand":[],"product_cat":[81],"product_tag":[112,109,114,116,115,117],"class_list":{"0":"post-1043179","1":"product","2":"type-product","3":"status-publish","4":"has-post-thumbnail","6":"product_cat-tortas-a-lhuile-sucres","7":"product_tag-cuit-au-four","8":"product_tag-huile-dolive","9":"product_tag-sans-additifs","10":"product_tag-sans-lactose","11":"product_tag-sans-oeufs","12":"product_tag-vegetalien","14":"first","15":"instock","16":"purchasable","17":"product-type-simple"},"yoast_head":"<!-- This site is optimized with the Yoast SEO Premium plugin v25.3 (Yoast SEO v27.4) - https:\/\/yoast.com\/product\/yoast-seo-premium-wordpress\/ -->\n<title>Tortas \u00e0 l\u2019huile d\u2019olive au Orange (6 un) - In\u00e9s Rosales<\/title>\n<meta name=\"robots\" content=\"index, follow, max-snippet:-1, max-image-preview:large, max-video-preview:-1\" \/>\n<link rel=\"canonical\" href=\"https:\/\/inesrosales.com\/fr\/producto\/tortas-a-lhuile-olive-orange-6-un\/\" \/>\n<meta property=\"og:locale\" content=\"fr_FR\" \/>\n<meta property=\"og:type\" content=\"article\" \/>\n<meta property=\"og:title\" content=\"Tortas \u00e0 l\u2019huile d\u2019olive au Orange (6 un) - In\u00e9s Rosales\" \/>\n<meta property=\"og:description\" content=\"L\u2019exquis ar\u00f4me \u00e9vocateur de l\u2019orange de S\u00e9ville vous plongera dans la magie du Sud au printemps. L\u00e9g\u00e8res touches d&#039;agrumes pour une d\u00e9gustation tr\u00e8s originale. Le secret ? Accompagnez-les d\u2019un bon fromage.  Confectionn\u00e9s \u00e0 la main et de mani\u00e8re individuelle, nos Tortas \u00e0 l\u2019huile sont fabriqu\u00e9s \u00e0 base d\u2019huile d\u2019olive vierge extra et d\u2019ingr\u00e9dients naturels s\u00e9lectionn\u00e9s issus du r\u00e9gime m\u00e9diterran\u00e9en. Chaque Torta est unique et inimitable gr\u00e2ce aux mains d\u00e9licates qui le fa\u00e7onnent avant sa cuisson.\" \/>\n<meta property=\"og:url\" content=\"https:\/\/inesrosales.com\/fr\/producto\/tortas-a-lhuile-olive-orange-6-un\/\" \/>\n<meta property=\"og:site_name\" content=\"In\u00e9s Rosales\" \/>\n<meta property=\"article:modified_time\" content=\"2025-11-04T11:46:13+00:00\" \/>\n<meta property=\"og:image\" content=\"https:\/\/inesrosales.com\/wp-content\/uploads\/2024\/12\/tortas-de-aceite-naranja.png\" \/>\n\t<meta property=\"og:image:width\" content=\"1128\" \/>\n\t<meta property=\"og:image:height\" content=\"1128\" \/>\n\t<meta property=\"og:image:type\" content=\"image\/png\" \/>\n<meta name=\"twitter:card\" content=\"summary_large_image\" \/>\n<meta name=\"twitter:label1\" content=\"Dur\u00e9e de lecture estim\u00e9e\" \/>\n\t<meta name=\"twitter:data1\" content=\"1 minute\" \/>\n<script type=\"application\/ld+json\" class=\"yoast-schema-graph\">{\"@context\":\"https:\\\/\\\/schema.org\",\"@graph\":[{\"@type\":\"WebPage\",\"@id\":\"https:\\\/\\\/inesrosales.com\\\/fr\\\/producto\\\/tortas-a-lhuile-olive-orange-6-un\\\/\",\"url\":\"https:\\\/\\\/inesrosales.com\\\/fr\\\/producto\\\/tortas-a-lhuile-olive-orange-6-un\\\/\",\"name\":\"Tortas \u00e0 l\u2019huile d\u2019olive au Orange (6 un) - In\u00e9s Rosales\",\"isPartOf\":{\"@id\":\"https:\\\/\\\/inesrosales.com\\\/fr\\\/#website\"},\"primaryImageOfPage\":{\"@id\":\"https:\\\/\\\/inesrosales.com\\\/fr\\\/producto\\\/tortas-a-lhuile-olive-orange-6-un\\\/#primaryimage\"},\"image\":{\"@id\":\"https:\\\/\\\/inesrosales.com\\\/fr\\\/producto\\\/tortas-a-lhuile-olive-orange-6-un\\\/#primaryimage\"},\"thumbnailUrl\":\"https:\\\/\\\/inesrosales.com\\\/wp-content\\\/uploads\\\/2024\\\/12\\\/tortas-de-aceite-naranja.png\",\"datePublished\":\"2018-02-13T11:21:53+00:00\",\"dateModified\":\"2025-11-04T11:46:13+00:00\",\"breadcrumb\":{\"@id\":\"https:\\\/\\\/inesrosales.com\\\/fr\\\/producto\\\/tortas-a-lhuile-olive-orange-6-un\\\/#breadcrumb\"},\"inLanguage\":\"fr-FR\",\"potentialAction\":[{\"@type\":\"ReadAction\",\"target\":[\"https:\\\/\\\/inesrosales.com\\\/fr\\\/producto\\\/tortas-a-lhuile-olive-orange-6-un\\\/\"]}]},{\"@type\":\"ImageObject\",\"inLanguage\":\"fr-FR\",\"@id\":\"https:\\\/\\\/inesrosales.com\\\/fr\\\/producto\\\/tortas-a-lhuile-olive-orange-6-un\\\/#primaryimage\",\"url\":\"https:\\\/\\\/inesrosales.com\\\/wp-content\\\/uploads\\\/2024\\\/12\\\/tortas-de-aceite-naranja.png\",\"contentUrl\":\"https:\\\/\\\/inesrosales.com\\\/wp-content\\\/uploads\\\/2024\\\/12\\\/tortas-de-aceite-naranja.png\",\"width\":1128,\"height\":1128},{\"@type\":\"BreadcrumbList\",\"@id\":\"https:\\\/\\\/inesrosales.com\\\/fr\\\/producto\\\/tortas-a-lhuile-olive-orange-6-un\\\/#breadcrumb\",\"itemListElement\":[{\"@type\":\"ListItem\",\"position\":1,\"name\":\"Portada\",\"item\":\"https:\\\/\\\/inesrosales.com\\\/fr\\\/\"},{\"@type\":\"ListItem\",\"position\":2,\"name\":\"Boutique\",\"item\":\"https:\\\/\\\/inesrosales.com\\\/fr\\\/boutique\\\/\"},{\"@type\":\"ListItem\",\"position\":3,\"name\":\"Tortas \u00e0 l\u2019huile d\u2019olive au Orange (6 un)\"}]},{\"@type\":\"WebSite\",\"@id\":\"https:\\\/\\\/inesrosales.com\\\/fr\\\/#website\",\"url\":\"https:\\\/\\\/inesrosales.com\\\/fr\\\/\",\"name\":\"In\u00e9s Rosales\",\"description\":\"Elaboramos las Leg\u00edtimas y Acreditadas Tortas de Aceite In\u00e9s Rosales. Elaboraci\u00f3n con productos 100% naturales y hechas con harina de Trigo, Aceite de Oliva Virgen Extra de Calidad Superior, az\u00facar y especias arom\u00e1ticas.  El mantenimiento de la elaboraci\u00f3n y acabado artesanal en su sentido m\u00e1s aut\u00e9ntico, junto a sus ingredientes naturales y la ausencia de aditivos, mejorantes y conservantes, le confieren un car\u00e1cter saludable.\",\"publisher\":{\"@id\":\"https:\\\/\\\/inesrosales.com\\\/fr\\\/#organization\"},\"alternateName\":\"In\u00e9s Rosales\",\"potentialAction\":[{\"@type\":\"SearchAction\",\"target\":{\"@type\":\"EntryPoint\",\"urlTemplate\":\"https:\\\/\\\/inesrosales.com\\\/fr\\\/?s={search_term_string}\"},\"query-input\":{\"@type\":\"PropertyValueSpecification\",\"valueRequired\":true,\"valueName\":\"search_term_string\"}}],\"inLanguage\":\"fr-FR\"},{\"@type\":\"Organization\",\"@id\":\"https:\\\/\\\/inesrosales.com\\\/fr\\\/#organization\",\"name\":\"In\u00e9s Rosales\",\"url\":\"https:\\\/\\\/inesrosales.com\\\/fr\\\/\",\"logo\":{\"@type\":\"ImageObject\",\"inLanguage\":\"fr-FR\",\"@id\":\"https:\\\/\\\/inesrosales.com\\\/fr\\\/#\\\/schema\\\/logo\\\/image\\\/\",\"url\":\"https:\\\/\\\/inesrosales.com\\\/wp-content\\\/uploads\\\/2024\\\/12\\\/logo-ines-rosales.png\",\"contentUrl\":\"https:\\\/\\\/inesrosales.com\\\/wp-content\\\/uploads\\\/2024\\\/12\\\/logo-ines-rosales.png\",\"width\":384,\"height\":200,\"caption\":\"In\u00e9s Rosales\"},\"image\":{\"@id\":\"https:\\\/\\\/inesrosales.com\\\/fr\\\/#\\\/schema\\\/logo\\\/image\\\/\"}}]}<\/script>\n<!-- \/ Yoast SEO Premium plugin. -->","yoast_head_json":{"title":"Tortas \u00e0 l\u2019huile d\u2019olive au Orange (6 un) - In\u00e9s Rosales","robots":{"index":"index","follow":"follow","max-snippet":"max-snippet:-1","max-image-preview":"max-image-preview:large","max-video-preview":"max-video-preview:-1"},"canonical":"https:\/\/inesrosales.com\/fr\/producto\/tortas-a-lhuile-olive-orange-6-un\/","og_locale":"fr_FR","og_type":"article","og_title":"Tortas \u00e0 l\u2019huile d\u2019olive au Orange (6 un) - In\u00e9s Rosales","og_description":"L\u2019exquis ar\u00f4me \u00e9vocateur de l\u2019orange de S\u00e9ville vous plongera dans la magie du Sud au printemps. L\u00e9g\u00e8res touches d'agrumes pour une d\u00e9gustation tr\u00e8s originale. Le secret ? Accompagnez-les d\u2019un bon fromage.  Confectionn\u00e9s \u00e0 la main et de mani\u00e8re individuelle, nos Tortas \u00e0 l\u2019huile sont fabriqu\u00e9s \u00e0 base d\u2019huile d\u2019olive vierge extra et d\u2019ingr\u00e9dients naturels s\u00e9lectionn\u00e9s issus du r\u00e9gime m\u00e9diterran\u00e9en. Chaque Torta est unique et inimitable gr\u00e2ce aux mains d\u00e9licates qui le fa\u00e7onnent avant sa cuisson.","og_url":"https:\/\/inesrosales.com\/fr\/producto\/tortas-a-lhuile-olive-orange-6-un\/","og_site_name":"In\u00e9s Rosales","article_modified_time":"2025-11-04T11:46:13+00:00","og_image":[{"width":1128,"height":1128,"url":"https:\/\/inesrosales.com\/wp-content\/uploads\/2024\/12\/tortas-de-aceite-naranja.png","type":"image\/png"}],"twitter_card":"summary_large_image","twitter_misc":{"Dur\u00e9e de lecture estim\u00e9e":"1 minute"},"schema":{"@context":"https:\/\/schema.org","@graph":[{"@type":"WebPage","@id":"https:\/\/inesrosales.com\/fr\/producto\/tortas-a-lhuile-olive-orange-6-un\/","url":"https:\/\/inesrosales.com\/fr\/producto\/tortas-a-lhuile-olive-orange-6-un\/","name":"Tortas \u00e0 l\u2019huile d\u2019olive au Orange (6 un) - In\u00e9s Rosales","isPartOf":{"@id":"https:\/\/inesrosales.com\/fr\/#website"},"primaryImageOfPage":{"@id":"https:\/\/inesrosales.com\/fr\/producto\/tortas-a-lhuile-olive-orange-6-un\/#primaryimage"},"image":{"@id":"https:\/\/inesrosales.com\/fr\/producto\/tortas-a-lhuile-olive-orange-6-un\/#primaryimage"},"thumbnailUrl":"https:\/\/inesrosales.com\/wp-content\/uploads\/2024\/12\/tortas-de-aceite-naranja.png","datePublished":"2018-02-13T11:21:53+00:00","dateModified":"2025-11-04T11:46:13+00:00","breadcrumb":{"@id":"https:\/\/inesrosales.com\/fr\/producto\/tortas-a-lhuile-olive-orange-6-un\/#breadcrumb"},"inLanguage":"fr-FR","potentialAction":[{"@type":"ReadAction","target":["https:\/\/inesrosales.com\/fr\/producto\/tortas-a-lhuile-olive-orange-6-un\/"]}]},{"@type":"ImageObject","inLanguage":"fr-FR","@id":"https:\/\/inesrosales.com\/fr\/producto\/tortas-a-lhuile-olive-orange-6-un\/#primaryimage","url":"https:\/\/inesrosales.com\/wp-content\/uploads\/2024\/12\/tortas-de-aceite-naranja.png","contentUrl":"https:\/\/inesrosales.com\/wp-content\/uploads\/2024\/12\/tortas-de-aceite-naranja.png","width":1128,"height":1128},{"@type":"BreadcrumbList","@id":"https:\/\/inesrosales.com\/fr\/producto\/tortas-a-lhuile-olive-orange-6-un\/#breadcrumb","itemListElement":[{"@type":"ListItem","position":1,"name":"Portada","item":"https:\/\/inesrosales.com\/fr\/"},{"@type":"ListItem","position":2,"name":"Boutique","item":"https:\/\/inesrosales.com\/fr\/boutique\/"},{"@type":"ListItem","position":3,"name":"Tortas \u00e0 l\u2019huile d\u2019olive au Orange (6 un)"}]},{"@type":"WebSite","@id":"https:\/\/inesrosales.com\/fr\/#website","url":"https:\/\/inesrosales.com\/fr\/","name":"In\u00e9s Rosales","description":"Elaboramos las Leg\u00edtimas y Acreditadas Tortas de Aceite In\u00e9s Rosales. Elaboraci\u00f3n con productos 100% naturales y hechas con harina de Trigo, Aceite de Oliva Virgen Extra de Calidad Superior, az\u00facar y especias arom\u00e1ticas.  El mantenimiento de la elaboraci\u00f3n y acabado artesanal en su sentido m\u00e1s aut\u00e9ntico, junto a sus ingredientes naturales y la ausencia de aditivos, mejorantes y conservantes, le confieren un car\u00e1cter saludable.","publisher":{"@id":"https:\/\/inesrosales.com\/fr\/#organization"},"alternateName":"In\u00e9s Rosales","potentialAction":[{"@type":"SearchAction","target":{"@type":"EntryPoint","urlTemplate":"https:\/\/inesrosales.com\/fr\/?s={search_term_string}"},"query-input":{"@type":"PropertyValueSpecification","valueRequired":true,"valueName":"search_term_string"}}],"inLanguage":"fr-FR"},{"@type":"Organization","@id":"https:\/\/inesrosales.com\/fr\/#organization","name":"In\u00e9s Rosales","url":"https:\/\/inesrosales.com\/fr\/","logo":{"@type":"ImageObject","inLanguage":"fr-FR","@id":"https:\/\/inesrosales.com\/fr\/#\/schema\/logo\/image\/","url":"https:\/\/inesrosales.com\/wp-content\/uploads\/2024\/12\/logo-ines-rosales.png","contentUrl":"https:\/\/inesrosales.com\/wp-content\/uploads\/2024\/12\/logo-ines-rosales.png","width":384,"height":200,"caption":"In\u00e9s Rosales"},"image":{"@id":"https:\/\/inesrosales.com\/fr\/#\/schema\/logo\/image\/"}}]}},"_links":{"self":[{"href":"https:\/\/inesrosales.com\/fr\/wp-json\/wp\/v2\/product\/1043179","targetHints":{"allow":["GET"]}}],"collection":[{"href":"https:\/\/inesrosales.com\/fr\/wp-json\/wp\/v2\/product"}],"about":[{"href":"https:\/\/inesrosales.com\/fr\/wp-json\/wp\/v2\/types\/product"}],"wp:featuredmedia":[{"embeddable":true,"href":"https:\/\/inesrosales.com\/fr\/wp-json\/wp\/v2\/media\/1039637"}],"wp:attachment":[{"href":"https:\/\/inesrosales.com\/fr\/wp-json\/wp\/v2\/media?parent=1043179"}],"wp:term":[{"taxonomy":"product_brand","embeddable":true,"href":"https:\/\/inesrosales.com\/fr\/wp-json\/wp\/v2\/product_brand?post=1043179"},{"taxonomy":"product_cat","embeddable":true,"href":"https:\/\/inesrosales.com\/fr\/wp-json\/wp\/v2\/product_cat?post=1043179"},{"taxonomy":"product_tag","embeddable":true,"href":"https:\/\/inesrosales.com\/fr\/wp-json\/wp\/v2\/product_tag?post=1043179"}],"curies":[{"name":"wp","href":"https:\/\/api.w.org\/{rel}","templated":true}]}}