{"id":1043186,"date":"2024-11-11T12:33:06","date_gmt":"2024-11-11T11:33:06","guid":{"rendered":"https:\/\/inesrosales.com\/producto\/gateaux-a-lhuile-au-gingembre-edition-limitee-%c2%b7-4-un\/"},"modified":"2025-11-04T12:30:01","modified_gmt":"2025-11-04T11:30:01","slug":"biscuits-a-lhuile-au-gingembre","status":"publish","type":"product","link":"https:\/\/inesrosales.com\/fr\/producto\/biscuits-a-lhuile-au-gingembre\/","title":{"rendered":"Tortas \u00e0 l\u2019huile d\u2019olive au Gingembre (4 un)"},"content":{"rendered":"","protected":false},"excerpt":{"rendered":"<p>\u00c9dition limit\u00e9e<\/p>\n<p>Pour No\u00ebl, d\u00e9couvrez la nouvelle vari\u00e9t\u00e9 de Tortas \u00e0 l&rsquo;huile au gingembre. Apporte du bien-\u00eatre et agit comme un antioxydant. Id\u00e9al pour profiter de la saison. Une \u00e9dition limit\u00e9e, disponible uniquement en ligne. Ne manquez pas cette d\u00e9licieuse vari\u00e9t\u00e9 !<\/p>\n","protected":false},"featured_media":1040938,"template":"","meta":{"_joinchat":[]},"product_brand":[],"product_cat":[79,81],"product_tag":[112,109,114,116,115,117],"class_list":{"0":"post-1043186","1":"product","2":"type-product","3":"status-publish","4":"has-post-thumbnail","6":"product_cat-gingembre","7":"product_cat-tortas-a-lhuile-sucres","8":"product_tag-cuit-au-four","9":"product_tag-huile-dolive","10":"product_tag-sans-additifs","11":"product_tag-sans-lactose","12":"product_tag-sans-oeufs","13":"product_tag-vegetalien","15":"first","16":"outofstock","17":"purchasable","18":"product-type-simple"},"yoast_head":"<!-- This site is optimized with the Yoast SEO Premium plugin v25.3 (Yoast SEO v27.4) - https:\/\/yoast.com\/product\/yoast-seo-premium-wordpress\/ -->\n<title>Tortas \u00e0 l\u2019huile d\u2019olive au Gingembre (4 un) - In\u00e9s Rosales<\/title>\n<meta name=\"robots\" content=\"index, follow, max-snippet:-1, max-image-preview:large, max-video-preview:-1\" \/>\n<link rel=\"canonical\" href=\"https:\/\/inesrosales.com\/fr\/producto\/biscuits-a-lhuile-au-gingembre\/\" \/>\n<meta property=\"og:locale\" content=\"fr_FR\" \/>\n<meta property=\"og:type\" content=\"article\" \/>\n<meta property=\"og:title\" content=\"Tortas \u00e0 l\u2019huile d\u2019olive au Gingembre (4 un) - In\u00e9s Rosales\" \/>\n<meta property=\"og:description\" content=\"\u00c9dition limit\u00e9e  Pour No\u00ebl, d\u00e9couvrez la nouvelle vari\u00e9t\u00e9 de Tortas \u00e0 l&#039;huile au gingembre. Apporte du bien-\u00eatre et agit comme un antioxydant. Id\u00e9al pour profiter de la saison. Une \u00e9dition limit\u00e9e, disponible uniquement en ligne. Ne manquez pas cette d\u00e9licieuse vari\u00e9t\u00e9 !\" \/>\n<meta property=\"og:url\" content=\"https:\/\/inesrosales.com\/fr\/producto\/biscuits-a-lhuile-au-gingembre\/\" \/>\n<meta property=\"og:site_name\" content=\"In\u00e9s Rosales\" \/>\n<meta property=\"article:modified_time\" content=\"2025-11-04T11:30:01+00:00\" \/>\n<meta property=\"og:image\" content=\"https:\/\/inesrosales.com\/wp-content\/uploads\/2024\/12\/tortas-gengibre.png\" \/>\n\t<meta property=\"og:image:width\" content=\"1000\" \/>\n\t<meta property=\"og:image:height\" content=\"1000\" \/>\n\t<meta property=\"og:image:type\" content=\"image\/png\" \/>\n<meta name=\"twitter:card\" content=\"summary_large_image\" \/>\n<meta name=\"twitter:label1\" content=\"Dur\u00e9e de lecture estim\u00e9e\" \/>\n\t<meta name=\"twitter:data1\" content=\"1 minute\" \/>\n<script type=\"application\/ld+json\" class=\"yoast-schema-graph\">{\"@context\":\"https:\\\/\\\/schema.org\",\"@graph\":[{\"@type\":\"WebPage\",\"@id\":\"https:\\\/\\\/inesrosales.com\\\/fr\\\/producto\\\/biscuits-a-lhuile-au-gingembre\\\/\",\"url\":\"https:\\\/\\\/inesrosales.com\\\/fr\\\/producto\\\/biscuits-a-lhuile-au-gingembre\\\/\",\"name\":\"Tortas \u00e0 l\u2019huile d\u2019olive au Gingembre (4 un) - In\u00e9s Rosales\",\"isPartOf\":{\"@id\":\"https:\\\/\\\/inesrosales.com\\\/fr\\\/#website\"},\"primaryImageOfPage\":{\"@id\":\"https:\\\/\\\/inesrosales.com\\\/fr\\\/producto\\\/biscuits-a-lhuile-au-gingembre\\\/#primaryimage\"},\"image\":{\"@id\":\"https:\\\/\\\/inesrosales.com\\\/fr\\\/producto\\\/biscuits-a-lhuile-au-gingembre\\\/#primaryimage\"},\"thumbnailUrl\":\"https:\\\/\\\/inesrosales.com\\\/wp-content\\\/uploads\\\/2024\\\/12\\\/tortas-gengibre.png\",\"datePublished\":\"2024-11-11T11:33:06+00:00\",\"dateModified\":\"2025-11-04T11:30:01+00:00\",\"breadcrumb\":{\"@id\":\"https:\\\/\\\/inesrosales.com\\\/fr\\\/producto\\\/biscuits-a-lhuile-au-gingembre\\\/#breadcrumb\"},\"inLanguage\":\"fr-FR\",\"potentialAction\":[{\"@type\":\"ReadAction\",\"target\":[\"https:\\\/\\\/inesrosales.com\\\/fr\\\/producto\\\/biscuits-a-lhuile-au-gingembre\\\/\"]}]},{\"@type\":\"ImageObject\",\"inLanguage\":\"fr-FR\",\"@id\":\"https:\\\/\\\/inesrosales.com\\\/fr\\\/producto\\\/biscuits-a-lhuile-au-gingembre\\\/#primaryimage\",\"url\":\"https:\\\/\\\/inesrosales.com\\\/wp-content\\\/uploads\\\/2024\\\/12\\\/tortas-gengibre.png\",\"contentUrl\":\"https:\\\/\\\/inesrosales.com\\\/wp-content\\\/uploads\\\/2024\\\/12\\\/tortas-gengibre.png\",\"width\":1000,\"height\":1000},{\"@type\":\"BreadcrumbList\",\"@id\":\"https:\\\/\\\/inesrosales.com\\\/fr\\\/producto\\\/biscuits-a-lhuile-au-gingembre\\\/#breadcrumb\",\"itemListElement\":[{\"@type\":\"ListItem\",\"position\":1,\"name\":\"Portada\",\"item\":\"https:\\\/\\\/inesrosales.com\\\/fr\\\/\"},{\"@type\":\"ListItem\",\"position\":2,\"name\":\"Boutique\",\"item\":\"https:\\\/\\\/inesrosales.com\\\/fr\\\/boutique\\\/\"},{\"@type\":\"ListItem\",\"position\":3,\"name\":\"Tortas \u00e0 l\u2019huile d\u2019olive au Gingembre (4 un)\"}]},{\"@type\":\"WebSite\",\"@id\":\"https:\\\/\\\/inesrosales.com\\\/fr\\\/#website\",\"url\":\"https:\\\/\\\/inesrosales.com\\\/fr\\\/\",\"name\":\"In\u00e9s Rosales\",\"description\":\"Elaboramos las Leg\u00edtimas y Acreditadas Tortas de Aceite In\u00e9s Rosales. Elaboraci\u00f3n con productos 100% naturales y hechas con harina de Trigo, Aceite de Oliva Virgen Extra de Calidad Superior, az\u00facar y especias arom\u00e1ticas.  El mantenimiento de la elaboraci\u00f3n y acabado artesanal en su sentido m\u00e1s aut\u00e9ntico, junto a sus ingredientes naturales y la ausencia de aditivos, mejorantes y conservantes, le confieren un car\u00e1cter saludable.\",\"publisher\":{\"@id\":\"https:\\\/\\\/inesrosales.com\\\/fr\\\/#organization\"},\"alternateName\":\"In\u00e9s Rosales\",\"potentialAction\":[{\"@type\":\"SearchAction\",\"target\":{\"@type\":\"EntryPoint\",\"urlTemplate\":\"https:\\\/\\\/inesrosales.com\\\/fr\\\/?s={search_term_string}\"},\"query-input\":{\"@type\":\"PropertyValueSpecification\",\"valueRequired\":true,\"valueName\":\"search_term_string\"}}],\"inLanguage\":\"fr-FR\"},{\"@type\":\"Organization\",\"@id\":\"https:\\\/\\\/inesrosales.com\\\/fr\\\/#organization\",\"name\":\"In\u00e9s Rosales\",\"url\":\"https:\\\/\\\/inesrosales.com\\\/fr\\\/\",\"logo\":{\"@type\":\"ImageObject\",\"inLanguage\":\"fr-FR\",\"@id\":\"https:\\\/\\\/inesrosales.com\\\/fr\\\/#\\\/schema\\\/logo\\\/image\\\/\",\"url\":\"https:\\\/\\\/inesrosales.com\\\/wp-content\\\/uploads\\\/2024\\\/12\\\/logo-ines-rosales.png\",\"contentUrl\":\"https:\\\/\\\/inesrosales.com\\\/wp-content\\\/uploads\\\/2024\\\/12\\\/logo-ines-rosales.png\",\"width\":384,\"height\":200,\"caption\":\"In\u00e9s Rosales\"},\"image\":{\"@id\":\"https:\\\/\\\/inesrosales.com\\\/fr\\\/#\\\/schema\\\/logo\\\/image\\\/\"}}]}<\/script>\n<!-- \/ Yoast SEO Premium plugin. -->","yoast_head_json":{"title":"Tortas \u00e0 l\u2019huile d\u2019olive au Gingembre (4 un) - In\u00e9s Rosales","robots":{"index":"index","follow":"follow","max-snippet":"max-snippet:-1","max-image-preview":"max-image-preview:large","max-video-preview":"max-video-preview:-1"},"canonical":"https:\/\/inesrosales.com\/fr\/producto\/biscuits-a-lhuile-au-gingembre\/","og_locale":"fr_FR","og_type":"article","og_title":"Tortas \u00e0 l\u2019huile d\u2019olive au Gingembre (4 un) - In\u00e9s Rosales","og_description":"\u00c9dition limit\u00e9e  Pour No\u00ebl, d\u00e9couvrez la nouvelle vari\u00e9t\u00e9 de Tortas \u00e0 l'huile au gingembre. Apporte du bien-\u00eatre et agit comme un antioxydant. Id\u00e9al pour profiter de la saison. Une \u00e9dition limit\u00e9e, disponible uniquement en ligne. Ne manquez pas cette d\u00e9licieuse vari\u00e9t\u00e9 !","og_url":"https:\/\/inesrosales.com\/fr\/producto\/biscuits-a-lhuile-au-gingembre\/","og_site_name":"In\u00e9s Rosales","article_modified_time":"2025-11-04T11:30:01+00:00","og_image":[{"width":1000,"height":1000,"url":"https:\/\/inesrosales.com\/wp-content\/uploads\/2024\/12\/tortas-gengibre.png","type":"image\/png"}],"twitter_card":"summary_large_image","twitter_misc":{"Dur\u00e9e de lecture estim\u00e9e":"1 minute"},"schema":{"@context":"https:\/\/schema.org","@graph":[{"@type":"WebPage","@id":"https:\/\/inesrosales.com\/fr\/producto\/biscuits-a-lhuile-au-gingembre\/","url":"https:\/\/inesrosales.com\/fr\/producto\/biscuits-a-lhuile-au-gingembre\/","name":"Tortas \u00e0 l\u2019huile d\u2019olive au Gingembre (4 un) - In\u00e9s Rosales","isPartOf":{"@id":"https:\/\/inesrosales.com\/fr\/#website"},"primaryImageOfPage":{"@id":"https:\/\/inesrosales.com\/fr\/producto\/biscuits-a-lhuile-au-gingembre\/#primaryimage"},"image":{"@id":"https:\/\/inesrosales.com\/fr\/producto\/biscuits-a-lhuile-au-gingembre\/#primaryimage"},"thumbnailUrl":"https:\/\/inesrosales.com\/wp-content\/uploads\/2024\/12\/tortas-gengibre.png","datePublished":"2024-11-11T11:33:06+00:00","dateModified":"2025-11-04T11:30:01+00:00","breadcrumb":{"@id":"https:\/\/inesrosales.com\/fr\/producto\/biscuits-a-lhuile-au-gingembre\/#breadcrumb"},"inLanguage":"fr-FR","potentialAction":[{"@type":"ReadAction","target":["https:\/\/inesrosales.com\/fr\/producto\/biscuits-a-lhuile-au-gingembre\/"]}]},{"@type":"ImageObject","inLanguage":"fr-FR","@id":"https:\/\/inesrosales.com\/fr\/producto\/biscuits-a-lhuile-au-gingembre\/#primaryimage","url":"https:\/\/inesrosales.com\/wp-content\/uploads\/2024\/12\/tortas-gengibre.png","contentUrl":"https:\/\/inesrosales.com\/wp-content\/uploads\/2024\/12\/tortas-gengibre.png","width":1000,"height":1000},{"@type":"BreadcrumbList","@id":"https:\/\/inesrosales.com\/fr\/producto\/biscuits-a-lhuile-au-gingembre\/#breadcrumb","itemListElement":[{"@type":"ListItem","position":1,"name":"Portada","item":"https:\/\/inesrosales.com\/fr\/"},{"@type":"ListItem","position":2,"name":"Boutique","item":"https:\/\/inesrosales.com\/fr\/boutique\/"},{"@type":"ListItem","position":3,"name":"Tortas \u00e0 l\u2019huile d\u2019olive au Gingembre (4 un)"}]},{"@type":"WebSite","@id":"https:\/\/inesrosales.com\/fr\/#website","url":"https:\/\/inesrosales.com\/fr\/","name":"In\u00e9s Rosales","description":"Elaboramos las Leg\u00edtimas y Acreditadas Tortas de Aceite In\u00e9s Rosales. Elaboraci\u00f3n con productos 100% naturales y hechas con harina de Trigo, Aceite de Oliva Virgen Extra de Calidad Superior, az\u00facar y especias arom\u00e1ticas.  El mantenimiento de la elaboraci\u00f3n y acabado artesanal en su sentido m\u00e1s aut\u00e9ntico, junto a sus ingredientes naturales y la ausencia de aditivos, mejorantes y conservantes, le confieren un car\u00e1cter saludable.","publisher":{"@id":"https:\/\/inesrosales.com\/fr\/#organization"},"alternateName":"In\u00e9s Rosales","potentialAction":[{"@type":"SearchAction","target":{"@type":"EntryPoint","urlTemplate":"https:\/\/inesrosales.com\/fr\/?s={search_term_string}"},"query-input":{"@type":"PropertyValueSpecification","valueRequired":true,"valueName":"search_term_string"}}],"inLanguage":"fr-FR"},{"@type":"Organization","@id":"https:\/\/inesrosales.com\/fr\/#organization","name":"In\u00e9s Rosales","url":"https:\/\/inesrosales.com\/fr\/","logo":{"@type":"ImageObject","inLanguage":"fr-FR","@id":"https:\/\/inesrosales.com\/fr\/#\/schema\/logo\/image\/","url":"https:\/\/inesrosales.com\/wp-content\/uploads\/2024\/12\/logo-ines-rosales.png","contentUrl":"https:\/\/inesrosales.com\/wp-content\/uploads\/2024\/12\/logo-ines-rosales.png","width":384,"height":200,"caption":"In\u00e9s Rosales"},"image":{"@id":"https:\/\/inesrosales.com\/fr\/#\/schema\/logo\/image\/"}}]}},"_links":{"self":[{"href":"https:\/\/inesrosales.com\/fr\/wp-json\/wp\/v2\/product\/1043186","targetHints":{"allow":["GET"]}}],"collection":[{"href":"https:\/\/inesrosales.com\/fr\/wp-json\/wp\/v2\/product"}],"about":[{"href":"https:\/\/inesrosales.com\/fr\/wp-json\/wp\/v2\/types\/product"}],"wp:featuredmedia":[{"embeddable":true,"href":"https:\/\/inesrosales.com\/fr\/wp-json\/wp\/v2\/media\/1040938"}],"wp:attachment":[{"href":"https:\/\/inesrosales.com\/fr\/wp-json\/wp\/v2\/media?parent=1043186"}],"wp:term":[{"taxonomy":"product_brand","embeddable":true,"href":"https:\/\/inesrosales.com\/fr\/wp-json\/wp\/v2\/product_brand?post=1043186"},{"taxonomy":"product_cat","embeddable":true,"href":"https:\/\/inesrosales.com\/fr\/wp-json\/wp\/v2\/product_cat?post=1043186"},{"taxonomy":"product_tag","embeddable":true,"href":"https:\/\/inesrosales.com\/fr\/wp-json\/wp\/v2\/product_tag?post=1043186"}],"curies":[{"name":"wp","href":"https:\/\/api.w.org\/{rel}","templated":true}]}}