{"id":1043191,"date":"2019-03-27T08:54:01","date_gmt":"2019-03-27T07:54:01","guid":{"rendered":"https:\/\/inesrosales.com\/producto\/pestinos-atrisanaux-aun-miel\/"},"modified":"2025-06-02T17:07:29","modified_gmt":"2025-06-02T15:07:29","slug":"pestinos-atrisanaux-aun-miel","status":"publish","type":"product","link":"https:\/\/inesrosales.com\/fr\/producto\/pestinos-atrisanaux-aun-miel\/","title":{"rendered":"Pesti\u00f1os artisanaux au miel"},"content":{"rendered":"","protected":false},"excerpt":{"rendered":"<p>D\u00e9lectez-vous des pesti\u00f1os artisanaux au miel d\u2019In\u00e9s Rosales au go\u00fbt originel inchang\u00e9 Le pesti\u00f1o est un petit g\u00e2teau de p\u00e2te frite au s\u00e9same et \u00e0 la cannelle typique d\u2019Andalousie. Friandise confectionn\u00e9e de mani\u00e8re traditionnelle.<\/p>\n","protected":false},"featured_media":1050946,"template":"","meta":{"_joinchat":[]},"product_brand":[],"product_cat":[76],"product_tag":[110],"class_list":{"0":"post-1043191","1":"product","2":"type-product","3":"status-publish","4":"has-post-thumbnail","6":"product_cat-specialites-andalouses","7":"product_tag-acide-oleique","9":"first","10":"instock","11":"purchasable","12":"product-type-simple"},"yoast_head":"<!-- This site is optimized with the Yoast SEO Premium plugin v25.3 (Yoast SEO v27.4) - https:\/\/yoast.com\/product\/yoast-seo-premium-wordpress\/ -->\n<title>Pesti\u00f1os artisanaux au miel - In\u00e9s Rosales<\/title>\n<meta name=\"robots\" content=\"index, follow, max-snippet:-1, max-image-preview:large, max-video-preview:-1\" \/>\n<link rel=\"canonical\" href=\"https:\/\/inesrosales.com\/fr\/producto\/pestinos-atrisanaux-aun-miel\/\" \/>\n<meta property=\"og:locale\" content=\"fr_FR\" \/>\n<meta property=\"og:type\" content=\"article\" \/>\n<meta property=\"og:title\" content=\"Pesti\u00f1os artisanaux au miel - In\u00e9s Rosales\" \/>\n<meta property=\"og:description\" content=\"D\u00e9lectez-vous des pesti\u00f1os artisanaux au miel d\u2019In\u00e9s Rosales au go\u00fbt originel inchang\u00e9 Le pesti\u00f1o est un petit g\u00e2teau de p\u00e2te frite au s\u00e9same et \u00e0 la cannelle typique d\u2019Andalousie. Friandise confectionn\u00e9e de mani\u00e8re traditionnelle.\" \/>\n<meta property=\"og:url\" content=\"https:\/\/inesrosales.com\/fr\/producto\/pestinos-atrisanaux-aun-miel\/\" \/>\n<meta property=\"og:site_name\" content=\"In\u00e9s Rosales\" \/>\n<meta property=\"article:modified_time\" content=\"2025-06-02T15:07:29+00:00\" \/>\n<meta property=\"og:image\" content=\"https:\/\/inesrosales.com\/wp-content\/uploads\/2019\/03\/pestinos-de-miel-Ines-Rosales.png\" \/>\n\t<meta property=\"og:image:width\" content=\"1080\" \/>\n\t<meta property=\"og:image:height\" content=\"1350\" \/>\n\t<meta property=\"og:image:type\" content=\"image\/png\" \/>\n<meta name=\"twitter:card\" content=\"summary_large_image\" \/>\n<meta name=\"twitter:label1\" content=\"Dur\u00e9e de lecture estim\u00e9e\" \/>\n\t<meta name=\"twitter:data1\" content=\"1 minute\" \/>\n<script type=\"application\/ld+json\" class=\"yoast-schema-graph\">{\"@context\":\"https:\\\/\\\/schema.org\",\"@graph\":[{\"@type\":\"WebPage\",\"@id\":\"https:\\\/\\\/inesrosales.com\\\/fr\\\/producto\\\/pestinos-atrisanaux-aun-miel\\\/\",\"url\":\"https:\\\/\\\/inesrosales.com\\\/fr\\\/producto\\\/pestinos-atrisanaux-aun-miel\\\/\",\"name\":\"Pesti\u00f1os artisanaux au miel - In\u00e9s Rosales\",\"isPartOf\":{\"@id\":\"https:\\\/\\\/inesrosales.com\\\/fr\\\/#website\"},\"primaryImageOfPage\":{\"@id\":\"https:\\\/\\\/inesrosales.com\\\/fr\\\/producto\\\/pestinos-atrisanaux-aun-miel\\\/#primaryimage\"},\"image\":{\"@id\":\"https:\\\/\\\/inesrosales.com\\\/fr\\\/producto\\\/pestinos-atrisanaux-aun-miel\\\/#primaryimage\"},\"thumbnailUrl\":\"https:\\\/\\\/inesrosales.com\\\/wp-content\\\/uploads\\\/2019\\\/03\\\/pestinos-de-miel-Ines-Rosales.png\",\"datePublished\":\"2019-03-27T07:54:01+00:00\",\"dateModified\":\"2025-06-02T15:07:29+00:00\",\"breadcrumb\":{\"@id\":\"https:\\\/\\\/inesrosales.com\\\/fr\\\/producto\\\/pestinos-atrisanaux-aun-miel\\\/#breadcrumb\"},\"inLanguage\":\"fr-FR\",\"potentialAction\":[{\"@type\":\"ReadAction\",\"target\":[\"https:\\\/\\\/inesrosales.com\\\/fr\\\/producto\\\/pestinos-atrisanaux-aun-miel\\\/\"]}]},{\"@type\":\"ImageObject\",\"inLanguage\":\"fr-FR\",\"@id\":\"https:\\\/\\\/inesrosales.com\\\/fr\\\/producto\\\/pestinos-atrisanaux-aun-miel\\\/#primaryimage\",\"url\":\"https:\\\/\\\/inesrosales.com\\\/wp-content\\\/uploads\\\/2019\\\/03\\\/pestinos-de-miel-Ines-Rosales.png\",\"contentUrl\":\"https:\\\/\\\/inesrosales.com\\\/wp-content\\\/uploads\\\/2019\\\/03\\\/pestinos-de-miel-Ines-Rosales.png\",\"width\":1080,\"height\":1350},{\"@type\":\"BreadcrumbList\",\"@id\":\"https:\\\/\\\/inesrosales.com\\\/fr\\\/producto\\\/pestinos-atrisanaux-aun-miel\\\/#breadcrumb\",\"itemListElement\":[{\"@type\":\"ListItem\",\"position\":1,\"name\":\"Portada\",\"item\":\"https:\\\/\\\/inesrosales.com\\\/fr\\\/\"},{\"@type\":\"ListItem\",\"position\":2,\"name\":\"Boutique\",\"item\":\"https:\\\/\\\/inesrosales.com\\\/fr\\\/boutique\\\/\"},{\"@type\":\"ListItem\",\"position\":3,\"name\":\"Pesti\u00f1os artisanaux au miel\"}]},{\"@type\":\"WebSite\",\"@id\":\"https:\\\/\\\/inesrosales.com\\\/fr\\\/#website\",\"url\":\"https:\\\/\\\/inesrosales.com\\\/fr\\\/\",\"name\":\"In\u00e9s Rosales\",\"description\":\"Elaboramos las Leg\u00edtimas y Acreditadas Tortas de Aceite In\u00e9s Rosales. Elaboraci\u00f3n con productos 100% naturales y hechas con harina de Trigo, Aceite de Oliva Virgen Extra de Calidad Superior, az\u00facar y especias arom\u00e1ticas.  El mantenimiento de la elaboraci\u00f3n y acabado artesanal en su sentido m\u00e1s aut\u00e9ntico, junto a sus ingredientes naturales y la ausencia de aditivos, mejorantes y conservantes, le confieren un car\u00e1cter saludable.\",\"publisher\":{\"@id\":\"https:\\\/\\\/inesrosales.com\\\/fr\\\/#organization\"},\"alternateName\":\"In\u00e9s Rosales\",\"potentialAction\":[{\"@type\":\"SearchAction\",\"target\":{\"@type\":\"EntryPoint\",\"urlTemplate\":\"https:\\\/\\\/inesrosales.com\\\/fr\\\/?s={search_term_string}\"},\"query-input\":{\"@type\":\"PropertyValueSpecification\",\"valueRequired\":true,\"valueName\":\"search_term_string\"}}],\"inLanguage\":\"fr-FR\"},{\"@type\":\"Organization\",\"@id\":\"https:\\\/\\\/inesrosales.com\\\/fr\\\/#organization\",\"name\":\"In\u00e9s Rosales\",\"url\":\"https:\\\/\\\/inesrosales.com\\\/fr\\\/\",\"logo\":{\"@type\":\"ImageObject\",\"inLanguage\":\"fr-FR\",\"@id\":\"https:\\\/\\\/inesrosales.com\\\/fr\\\/#\\\/schema\\\/logo\\\/image\\\/\",\"url\":\"https:\\\/\\\/inesrosales.com\\\/wp-content\\\/uploads\\\/2024\\\/12\\\/logo-ines-rosales.png\",\"contentUrl\":\"https:\\\/\\\/inesrosales.com\\\/wp-content\\\/uploads\\\/2024\\\/12\\\/logo-ines-rosales.png\",\"width\":384,\"height\":200,\"caption\":\"In\u00e9s Rosales\"},\"image\":{\"@id\":\"https:\\\/\\\/inesrosales.com\\\/fr\\\/#\\\/schema\\\/logo\\\/image\\\/\"}}]}<\/script>\n<!-- \/ Yoast SEO Premium plugin. -->","yoast_head_json":{"title":"Pesti\u00f1os artisanaux au miel - In\u00e9s Rosales","robots":{"index":"index","follow":"follow","max-snippet":"max-snippet:-1","max-image-preview":"max-image-preview:large","max-video-preview":"max-video-preview:-1"},"canonical":"https:\/\/inesrosales.com\/fr\/producto\/pestinos-atrisanaux-aun-miel\/","og_locale":"fr_FR","og_type":"article","og_title":"Pesti\u00f1os artisanaux au miel - In\u00e9s Rosales","og_description":"D\u00e9lectez-vous des pesti\u00f1os artisanaux au miel d\u2019In\u00e9s Rosales au go\u00fbt originel inchang\u00e9 Le pesti\u00f1o est un petit g\u00e2teau de p\u00e2te frite au s\u00e9same et \u00e0 la cannelle typique d\u2019Andalousie. Friandise confectionn\u00e9e de mani\u00e8re traditionnelle.","og_url":"https:\/\/inesrosales.com\/fr\/producto\/pestinos-atrisanaux-aun-miel\/","og_site_name":"In\u00e9s Rosales","article_modified_time":"2025-06-02T15:07:29+00:00","og_image":[{"width":1080,"height":1350,"url":"https:\/\/inesrosales.com\/wp-content\/uploads\/2019\/03\/pestinos-de-miel-Ines-Rosales.png","type":"image\/png"}],"twitter_card":"summary_large_image","twitter_misc":{"Dur\u00e9e de lecture estim\u00e9e":"1 minute"},"schema":{"@context":"https:\/\/schema.org","@graph":[{"@type":"WebPage","@id":"https:\/\/inesrosales.com\/fr\/producto\/pestinos-atrisanaux-aun-miel\/","url":"https:\/\/inesrosales.com\/fr\/producto\/pestinos-atrisanaux-aun-miel\/","name":"Pesti\u00f1os artisanaux au miel - In\u00e9s Rosales","isPartOf":{"@id":"https:\/\/inesrosales.com\/fr\/#website"},"primaryImageOfPage":{"@id":"https:\/\/inesrosales.com\/fr\/producto\/pestinos-atrisanaux-aun-miel\/#primaryimage"},"image":{"@id":"https:\/\/inesrosales.com\/fr\/producto\/pestinos-atrisanaux-aun-miel\/#primaryimage"},"thumbnailUrl":"https:\/\/inesrosales.com\/wp-content\/uploads\/2019\/03\/pestinos-de-miel-Ines-Rosales.png","datePublished":"2019-03-27T07:54:01+00:00","dateModified":"2025-06-02T15:07:29+00:00","breadcrumb":{"@id":"https:\/\/inesrosales.com\/fr\/producto\/pestinos-atrisanaux-aun-miel\/#breadcrumb"},"inLanguage":"fr-FR","potentialAction":[{"@type":"ReadAction","target":["https:\/\/inesrosales.com\/fr\/producto\/pestinos-atrisanaux-aun-miel\/"]}]},{"@type":"ImageObject","inLanguage":"fr-FR","@id":"https:\/\/inesrosales.com\/fr\/producto\/pestinos-atrisanaux-aun-miel\/#primaryimage","url":"https:\/\/inesrosales.com\/wp-content\/uploads\/2019\/03\/pestinos-de-miel-Ines-Rosales.png","contentUrl":"https:\/\/inesrosales.com\/wp-content\/uploads\/2019\/03\/pestinos-de-miel-Ines-Rosales.png","width":1080,"height":1350},{"@type":"BreadcrumbList","@id":"https:\/\/inesrosales.com\/fr\/producto\/pestinos-atrisanaux-aun-miel\/#breadcrumb","itemListElement":[{"@type":"ListItem","position":1,"name":"Portada","item":"https:\/\/inesrosales.com\/fr\/"},{"@type":"ListItem","position":2,"name":"Boutique","item":"https:\/\/inesrosales.com\/fr\/boutique\/"},{"@type":"ListItem","position":3,"name":"Pesti\u00f1os artisanaux au miel"}]},{"@type":"WebSite","@id":"https:\/\/inesrosales.com\/fr\/#website","url":"https:\/\/inesrosales.com\/fr\/","name":"In\u00e9s Rosales","description":"Elaboramos las Leg\u00edtimas y Acreditadas Tortas de Aceite In\u00e9s Rosales. Elaboraci\u00f3n con productos 100% naturales y hechas con harina de Trigo, Aceite de Oliva Virgen Extra de Calidad Superior, az\u00facar y especias arom\u00e1ticas.  El mantenimiento de la elaboraci\u00f3n y acabado artesanal en su sentido m\u00e1s aut\u00e9ntico, junto a sus ingredientes naturales y la ausencia de aditivos, mejorantes y conservantes, le confieren un car\u00e1cter saludable.","publisher":{"@id":"https:\/\/inesrosales.com\/fr\/#organization"},"alternateName":"In\u00e9s Rosales","potentialAction":[{"@type":"SearchAction","target":{"@type":"EntryPoint","urlTemplate":"https:\/\/inesrosales.com\/fr\/?s={search_term_string}"},"query-input":{"@type":"PropertyValueSpecification","valueRequired":true,"valueName":"search_term_string"}}],"inLanguage":"fr-FR"},{"@type":"Organization","@id":"https:\/\/inesrosales.com\/fr\/#organization","name":"In\u00e9s Rosales","url":"https:\/\/inesrosales.com\/fr\/","logo":{"@type":"ImageObject","inLanguage":"fr-FR","@id":"https:\/\/inesrosales.com\/fr\/#\/schema\/logo\/image\/","url":"https:\/\/inesrosales.com\/wp-content\/uploads\/2024\/12\/logo-ines-rosales.png","contentUrl":"https:\/\/inesrosales.com\/wp-content\/uploads\/2024\/12\/logo-ines-rosales.png","width":384,"height":200,"caption":"In\u00e9s Rosales"},"image":{"@id":"https:\/\/inesrosales.com\/fr\/#\/schema\/logo\/image\/"}}]}},"_links":{"self":[{"href":"https:\/\/inesrosales.com\/fr\/wp-json\/wp\/v2\/product\/1043191","targetHints":{"allow":["GET"]}}],"collection":[{"href":"https:\/\/inesrosales.com\/fr\/wp-json\/wp\/v2\/product"}],"about":[{"href":"https:\/\/inesrosales.com\/fr\/wp-json\/wp\/v2\/types\/product"}],"wp:featuredmedia":[{"embeddable":true,"href":"https:\/\/inesrosales.com\/fr\/wp-json\/wp\/v2\/media\/1050946"}],"wp:attachment":[{"href":"https:\/\/inesrosales.com\/fr\/wp-json\/wp\/v2\/media?parent=1043191"}],"wp:term":[{"taxonomy":"product_brand","embeddable":true,"href":"https:\/\/inesrosales.com\/fr\/wp-json\/wp\/v2\/product_brand?post=1043191"},{"taxonomy":"product_cat","embeddable":true,"href":"https:\/\/inesrosales.com\/fr\/wp-json\/wp\/v2\/product_cat?post=1043191"},{"taxonomy":"product_tag","embeddable":true,"href":"https:\/\/inesrosales.com\/fr\/wp-json\/wp\/v2\/product_tag?post=1043191"}],"curies":[{"name":"wp","href":"https:\/\/api.w.org\/{rel}","templated":true}]}}