{"id":1043193,"date":"2018-02-01T15:28:26","date_gmt":"2018-02-01T14:28:26","guid":{"rendered":"https:\/\/inesrosales.com\/producto\/patisseries-aux-cheveux-dange-6-un\/"},"modified":"2025-02-12T14:07:00","modified_gmt":"2025-02-12T13:07:00","slug":"patisseries-aux-cheveux-dange-6-un","status":"publish","type":"product","link":"https:\/\/inesrosales.com\/fr\/producto\/patisseries-aux-cheveux-dange-6-un\/","title":{"rendered":"P\u00e2tisseries aux cheveux d\u2019ange (6 UN)"},"content":{"rendered":"","protected":false},"excerpt":{"rendered":"<p>Une friandise traditionnelle de S\u00e9ville caract\u00e9ris\u00e9e par son go\u00fbt de citron et de cheveux d\u2019ange, qui ravira toute la famille.<\/p>\n<p>\u00c9labor\u00e9s \u00e0 partir des meilleurs ingr\u00e9dients et en employant uniquement de l\u2019huile de tournesol \u00e0 haute teneur en acide ol\u00e9ique pour un plaisir plus sain. \u00c9labor\u00e9s \u00e0 partir des meilleurs ingr\u00e9dients et en employant uniquement de l\u2019huile de tournesol \u00e0 haute teneur en acide ol\u00e9ique pour un plaisir plus sain.<\/p>\n<p><img loading=\"lazy\" decoding=\"async\" class=\"wp-image-1012089 alignnone\" src=\"https:\/\/inesrosales.com\/wp-content\/uploads\/2018\/02\/ACEITE-GIRASOL-ALTO-OLEICO.jpg\" alt=\"\" width=\"107\" height=\"76\" \/><\/p>\n","protected":false},"featured_media":1039661,"template":"","meta":{"_joinchat":[]},"product_brand":[],"product_cat":[76],"product_tag":[110,112,114,117],"class_list":{"0":"post-1043193","1":"product","2":"type-product","3":"status-publish","4":"has-post-thumbnail","6":"product_cat-specialites-andalouses","7":"product_tag-acide-oleique","8":"product_tag-cuit-au-four","9":"product_tag-sans-additifs","10":"product_tag-vegetalien","12":"first","13":"instock","14":"purchasable","15":"product-type-simple"},"yoast_head":"<!-- This site is optimized with the Yoast SEO Premium plugin v25.3 (Yoast SEO v27.4) - https:\/\/yoast.com\/product\/yoast-seo-premium-wordpress\/ -->\n<title>P\u00e2tisseries aux cheveux d\u2019ange (6 UN) - In\u00e9s Rosales<\/title>\n<meta name=\"robots\" content=\"index, follow, max-snippet:-1, max-image-preview:large, max-video-preview:-1\" \/>\n<link rel=\"canonical\" href=\"https:\/\/inesrosales.com\/fr\/producto\/patisseries-aux-cheveux-dange-6-un\/\" \/>\n<meta property=\"og:locale\" content=\"fr_FR\" \/>\n<meta property=\"og:type\" content=\"article\" \/>\n<meta property=\"og:title\" content=\"P\u00e2tisseries aux cheveux d\u2019ange (6 UN) - In\u00e9s Rosales\" \/>\n<meta property=\"og:description\" content=\"Une friandise traditionnelle de S\u00e9ville caract\u00e9ris\u00e9e par son go\u00fbt de citron et de cheveux d\u2019ange, qui ravira toute la famille.  \u00c9labor\u00e9s \u00e0 partir des meilleurs ingr\u00e9dients et en employant uniquement de l\u2019huile de tournesol \u00e0 haute teneur en acide ol\u00e9ique pour un plaisir plus sain. \u00c9labor\u00e9s \u00e0 partir des meilleurs ingr\u00e9dients et en employant uniquement de l\u2019huile de tournesol \u00e0 haute teneur en acide ol\u00e9ique pour un plaisir plus sain.\" \/>\n<meta property=\"og:url\" content=\"https:\/\/inesrosales.com\/fr\/producto\/patisseries-aux-cheveux-dange-6-un\/\" \/>\n<meta property=\"og:site_name\" content=\"In\u00e9s Rosales\" \/>\n<meta property=\"article:modified_time\" content=\"2025-02-12T13:07:00+00:00\" \/>\n<meta property=\"og:image\" content=\"https:\/\/inesrosales.com\/wp-content\/uploads\/2024\/12\/cortadillos-cidra.png\" \/>\n\t<meta property=\"og:image:width\" content=\"1128\" \/>\n\t<meta property=\"og:image:height\" content=\"1128\" \/>\n\t<meta property=\"og:image:type\" content=\"image\/png\" \/>\n<meta name=\"twitter:card\" content=\"summary_large_image\" \/>\n<script type=\"application\/ld+json\" class=\"yoast-schema-graph\">{\"@context\":\"https:\\\/\\\/schema.org\",\"@graph\":[{\"@type\":\"WebPage\",\"@id\":\"https:\\\/\\\/inesrosales.com\\\/fr\\\/producto\\\/patisseries-aux-cheveux-dange-6-un\\\/\",\"url\":\"https:\\\/\\\/inesrosales.com\\\/fr\\\/producto\\\/patisseries-aux-cheveux-dange-6-un\\\/\",\"name\":\"P\u00e2tisseries aux cheveux d\u2019ange (6 UN) - In\u00e9s Rosales\",\"isPartOf\":{\"@id\":\"https:\\\/\\\/inesrosales.com\\\/fr\\\/#website\"},\"primaryImageOfPage\":{\"@id\":\"https:\\\/\\\/inesrosales.com\\\/fr\\\/producto\\\/patisseries-aux-cheveux-dange-6-un\\\/#primaryimage\"},\"image\":{\"@id\":\"https:\\\/\\\/inesrosales.com\\\/fr\\\/producto\\\/patisseries-aux-cheveux-dange-6-un\\\/#primaryimage\"},\"thumbnailUrl\":\"https:\\\/\\\/inesrosales.com\\\/wp-content\\\/uploads\\\/2024\\\/12\\\/cortadillos-cidra.png\",\"datePublished\":\"2018-02-01T14:28:26+00:00\",\"dateModified\":\"2025-02-12T13:07:00+00:00\",\"breadcrumb\":{\"@id\":\"https:\\\/\\\/inesrosales.com\\\/fr\\\/producto\\\/patisseries-aux-cheveux-dange-6-un\\\/#breadcrumb\"},\"inLanguage\":\"fr-FR\",\"potentialAction\":[{\"@type\":\"ReadAction\",\"target\":[\"https:\\\/\\\/inesrosales.com\\\/fr\\\/producto\\\/patisseries-aux-cheveux-dange-6-un\\\/\"]}]},{\"@type\":\"ImageObject\",\"inLanguage\":\"fr-FR\",\"@id\":\"https:\\\/\\\/inesrosales.com\\\/fr\\\/producto\\\/patisseries-aux-cheveux-dange-6-un\\\/#primaryimage\",\"url\":\"https:\\\/\\\/inesrosales.com\\\/wp-content\\\/uploads\\\/2024\\\/12\\\/cortadillos-cidra.png\",\"contentUrl\":\"https:\\\/\\\/inesrosales.com\\\/wp-content\\\/uploads\\\/2024\\\/12\\\/cortadillos-cidra.png\",\"width\":1128,\"height\":1128},{\"@type\":\"BreadcrumbList\",\"@id\":\"https:\\\/\\\/inesrosales.com\\\/fr\\\/producto\\\/patisseries-aux-cheveux-dange-6-un\\\/#breadcrumb\",\"itemListElement\":[{\"@type\":\"ListItem\",\"position\":1,\"name\":\"Portada\",\"item\":\"https:\\\/\\\/inesrosales.com\\\/fr\\\/\"},{\"@type\":\"ListItem\",\"position\":2,\"name\":\"Boutique\",\"item\":\"https:\\\/\\\/inesrosales.com\\\/fr\\\/boutique\\\/\"},{\"@type\":\"ListItem\",\"position\":3,\"name\":\"P\u00e2tisseries aux cheveux d\u2019ange (6 UN)\"}]},{\"@type\":\"WebSite\",\"@id\":\"https:\\\/\\\/inesrosales.com\\\/fr\\\/#website\",\"url\":\"https:\\\/\\\/inesrosales.com\\\/fr\\\/\",\"name\":\"In\u00e9s Rosales\",\"description\":\"Elaboramos las Leg\u00edtimas y Acreditadas Tortas de Aceite In\u00e9s Rosales. Elaboraci\u00f3n con productos 100% naturales y hechas con harina de Trigo, Aceite de Oliva Virgen Extra de Calidad Superior, az\u00facar y especias arom\u00e1ticas.  El mantenimiento de la elaboraci\u00f3n y acabado artesanal en su sentido m\u00e1s aut\u00e9ntico, junto a sus ingredientes naturales y la ausencia de aditivos, mejorantes y conservantes, le confieren un car\u00e1cter saludable.\",\"publisher\":{\"@id\":\"https:\\\/\\\/inesrosales.com\\\/fr\\\/#organization\"},\"alternateName\":\"In\u00e9s Rosales\",\"potentialAction\":[{\"@type\":\"SearchAction\",\"target\":{\"@type\":\"EntryPoint\",\"urlTemplate\":\"https:\\\/\\\/inesrosales.com\\\/fr\\\/?s={search_term_string}\"},\"query-input\":{\"@type\":\"PropertyValueSpecification\",\"valueRequired\":true,\"valueName\":\"search_term_string\"}}],\"inLanguage\":\"fr-FR\"},{\"@type\":\"Organization\",\"@id\":\"https:\\\/\\\/inesrosales.com\\\/fr\\\/#organization\",\"name\":\"In\u00e9s Rosales\",\"url\":\"https:\\\/\\\/inesrosales.com\\\/fr\\\/\",\"logo\":{\"@type\":\"ImageObject\",\"inLanguage\":\"fr-FR\",\"@id\":\"https:\\\/\\\/inesrosales.com\\\/fr\\\/#\\\/schema\\\/logo\\\/image\\\/\",\"url\":\"https:\\\/\\\/inesrosales.com\\\/wp-content\\\/uploads\\\/2024\\\/12\\\/logo-ines-rosales.png\",\"contentUrl\":\"https:\\\/\\\/inesrosales.com\\\/wp-content\\\/uploads\\\/2024\\\/12\\\/logo-ines-rosales.png\",\"width\":384,\"height\":200,\"caption\":\"In\u00e9s Rosales\"},\"image\":{\"@id\":\"https:\\\/\\\/inesrosales.com\\\/fr\\\/#\\\/schema\\\/logo\\\/image\\\/\"}}]}<\/script>\n<!-- \/ Yoast SEO Premium plugin. -->","yoast_head_json":{"title":"P\u00e2tisseries aux cheveux d\u2019ange (6 UN) - In\u00e9s Rosales","robots":{"index":"index","follow":"follow","max-snippet":"max-snippet:-1","max-image-preview":"max-image-preview:large","max-video-preview":"max-video-preview:-1"},"canonical":"https:\/\/inesrosales.com\/fr\/producto\/patisseries-aux-cheveux-dange-6-un\/","og_locale":"fr_FR","og_type":"article","og_title":"P\u00e2tisseries aux cheveux d\u2019ange (6 UN) - In\u00e9s Rosales","og_description":"Une friandise traditionnelle de S\u00e9ville caract\u00e9ris\u00e9e par son go\u00fbt de citron et de cheveux d\u2019ange, qui ravira toute la famille.  \u00c9labor\u00e9s \u00e0 partir des meilleurs ingr\u00e9dients et en employant uniquement de l\u2019huile de tournesol \u00e0 haute teneur en acide ol\u00e9ique pour un plaisir plus sain. \u00c9labor\u00e9s \u00e0 partir des meilleurs ingr\u00e9dients et en employant uniquement de l\u2019huile de tournesol \u00e0 haute teneur en acide ol\u00e9ique pour un plaisir plus sain.","og_url":"https:\/\/inesrosales.com\/fr\/producto\/patisseries-aux-cheveux-dange-6-un\/","og_site_name":"In\u00e9s Rosales","article_modified_time":"2025-02-12T13:07:00+00:00","og_image":[{"width":1128,"height":1128,"url":"https:\/\/inesrosales.com\/wp-content\/uploads\/2024\/12\/cortadillos-cidra.png","type":"image\/png"}],"twitter_card":"summary_large_image","schema":{"@context":"https:\/\/schema.org","@graph":[{"@type":"WebPage","@id":"https:\/\/inesrosales.com\/fr\/producto\/patisseries-aux-cheveux-dange-6-un\/","url":"https:\/\/inesrosales.com\/fr\/producto\/patisseries-aux-cheveux-dange-6-un\/","name":"P\u00e2tisseries aux cheveux d\u2019ange (6 UN) - In\u00e9s Rosales","isPartOf":{"@id":"https:\/\/inesrosales.com\/fr\/#website"},"primaryImageOfPage":{"@id":"https:\/\/inesrosales.com\/fr\/producto\/patisseries-aux-cheveux-dange-6-un\/#primaryimage"},"image":{"@id":"https:\/\/inesrosales.com\/fr\/producto\/patisseries-aux-cheveux-dange-6-un\/#primaryimage"},"thumbnailUrl":"https:\/\/inesrosales.com\/wp-content\/uploads\/2024\/12\/cortadillos-cidra.png","datePublished":"2018-02-01T14:28:26+00:00","dateModified":"2025-02-12T13:07:00+00:00","breadcrumb":{"@id":"https:\/\/inesrosales.com\/fr\/producto\/patisseries-aux-cheveux-dange-6-un\/#breadcrumb"},"inLanguage":"fr-FR","potentialAction":[{"@type":"ReadAction","target":["https:\/\/inesrosales.com\/fr\/producto\/patisseries-aux-cheveux-dange-6-un\/"]}]},{"@type":"ImageObject","inLanguage":"fr-FR","@id":"https:\/\/inesrosales.com\/fr\/producto\/patisseries-aux-cheveux-dange-6-un\/#primaryimage","url":"https:\/\/inesrosales.com\/wp-content\/uploads\/2024\/12\/cortadillos-cidra.png","contentUrl":"https:\/\/inesrosales.com\/wp-content\/uploads\/2024\/12\/cortadillos-cidra.png","width":1128,"height":1128},{"@type":"BreadcrumbList","@id":"https:\/\/inesrosales.com\/fr\/producto\/patisseries-aux-cheveux-dange-6-un\/#breadcrumb","itemListElement":[{"@type":"ListItem","position":1,"name":"Portada","item":"https:\/\/inesrosales.com\/fr\/"},{"@type":"ListItem","position":2,"name":"Boutique","item":"https:\/\/inesrosales.com\/fr\/boutique\/"},{"@type":"ListItem","position":3,"name":"P\u00e2tisseries aux cheveux d\u2019ange (6 UN)"}]},{"@type":"WebSite","@id":"https:\/\/inesrosales.com\/fr\/#website","url":"https:\/\/inesrosales.com\/fr\/","name":"In\u00e9s Rosales","description":"Elaboramos las Leg\u00edtimas y Acreditadas Tortas de Aceite In\u00e9s Rosales. Elaboraci\u00f3n con productos 100% naturales y hechas con harina de Trigo, Aceite de Oliva Virgen Extra de Calidad Superior, az\u00facar y especias arom\u00e1ticas.  El mantenimiento de la elaboraci\u00f3n y acabado artesanal en su sentido m\u00e1s aut\u00e9ntico, junto a sus ingredientes naturales y la ausencia de aditivos, mejorantes y conservantes, le confieren un car\u00e1cter saludable.","publisher":{"@id":"https:\/\/inesrosales.com\/fr\/#organization"},"alternateName":"In\u00e9s Rosales","potentialAction":[{"@type":"SearchAction","target":{"@type":"EntryPoint","urlTemplate":"https:\/\/inesrosales.com\/fr\/?s={search_term_string}"},"query-input":{"@type":"PropertyValueSpecification","valueRequired":true,"valueName":"search_term_string"}}],"inLanguage":"fr-FR"},{"@type":"Organization","@id":"https:\/\/inesrosales.com\/fr\/#organization","name":"In\u00e9s Rosales","url":"https:\/\/inesrosales.com\/fr\/","logo":{"@type":"ImageObject","inLanguage":"fr-FR","@id":"https:\/\/inesrosales.com\/fr\/#\/schema\/logo\/image\/","url":"https:\/\/inesrosales.com\/wp-content\/uploads\/2024\/12\/logo-ines-rosales.png","contentUrl":"https:\/\/inesrosales.com\/wp-content\/uploads\/2024\/12\/logo-ines-rosales.png","width":384,"height":200,"caption":"In\u00e9s Rosales"},"image":{"@id":"https:\/\/inesrosales.com\/fr\/#\/schema\/logo\/image\/"}}]}},"_links":{"self":[{"href":"https:\/\/inesrosales.com\/fr\/wp-json\/wp\/v2\/product\/1043193","targetHints":{"allow":["GET"]}}],"collection":[{"href":"https:\/\/inesrosales.com\/fr\/wp-json\/wp\/v2\/product"}],"about":[{"href":"https:\/\/inesrosales.com\/fr\/wp-json\/wp\/v2\/types\/product"}],"wp:featuredmedia":[{"embeddable":true,"href":"https:\/\/inesrosales.com\/fr\/wp-json\/wp\/v2\/media\/1039661"}],"wp:attachment":[{"href":"https:\/\/inesrosales.com\/fr\/wp-json\/wp\/v2\/media?parent=1043193"}],"wp:term":[{"taxonomy":"product_brand","embeddable":true,"href":"https:\/\/inesrosales.com\/fr\/wp-json\/wp\/v2\/product_brand?post=1043193"},{"taxonomy":"product_cat","embeddable":true,"href":"https:\/\/inesrosales.com\/fr\/wp-json\/wp\/v2\/product_cat?post=1043193"},{"taxonomy":"product_tag","embeddable":true,"href":"https:\/\/inesrosales.com\/fr\/wp-json\/wp\/v2\/product_tag?post=1043193"}],"curies":[{"name":"wp","href":"https:\/\/api.w.org\/{rel}","templated":true}]}}