{"id":1043195,"date":"2019-04-23T15:21:17","date_gmt":"2019-04-23T13:21:17","guid":{"rendered":"https:\/\/inesrosales.com\/producto\/biscuits-glaces-sans-sucre-6-un\/"},"modified":"2025-02-12T14:03:20","modified_gmt":"2025-02-12T13:03:20","slug":"biscuits-glaces-sans-sucre-6-un","status":"publish","type":"product","link":"https:\/\/inesrosales.com\/fr\/producto\/biscuits-glaces-sans-sucre-6-un\/","title":{"rendered":"Biscuits glac\u00e9s sans sucre (6 UN)"},"content":{"rendered":"","protected":false},"excerpt":{"rendered":"<p>Parce que nous m\u00e9ritons tous un moment de douceur, nous avons adapt\u00e9 la recette originale pour ceux qui ne peuvent ou ne veulent pas inclure de sucre dans leur r\u00e9gime alimentaire, tout en conservant l&rsquo;ar\u00f4me et la saveur de la cannelle et de l&rsquo;anis.<\/p>\n<p><img loading=\"lazy\" decoding=\"async\" class=\"wp-image-1012089 alignnone\" src=\"https:\/\/inesrosales.com\/wp-content\/uploads\/2024\/09\/fibra-.png\" alt=\"\" width=\"107\" height=\"76\" \/><\/p>\n","protected":false},"featured_media":1039773,"template":"","meta":{"_joinchat":[]},"product_brand":[],"product_cat":[80],"product_tag":[110,112,114,116,115],"class_list":{"0":"post-1043195","1":"product","2":"type-product","3":"status-publish","4":"has-post-thumbnail","6":"product_cat-sans-sucre","7":"product_tag-acide-oleique","8":"product_tag-cuit-au-four","9":"product_tag-sans-additifs","10":"product_tag-sans-lactose","11":"product_tag-sans-oeufs","13":"first","14":"instock","15":"purchasable","16":"product-type-simple"},"yoast_head":"<!-- This site is optimized with the Yoast SEO Premium plugin v25.3 (Yoast SEO v27.4) - https:\/\/yoast.com\/product\/yoast-seo-premium-wordpress\/ -->\n<title>Biscuits glac\u00e9s sans sucre (6 UN) - In\u00e9s Rosales<\/title>\n<meta name=\"robots\" content=\"index, follow, max-snippet:-1, max-image-preview:large, max-video-preview:-1\" \/>\n<link rel=\"canonical\" href=\"https:\/\/inesrosales.com\/fr\/producto\/biscuits-glaces-sans-sucre-6-un\/\" \/>\n<meta property=\"og:locale\" content=\"fr_FR\" \/>\n<meta property=\"og:type\" content=\"article\" \/>\n<meta property=\"og:title\" content=\"Biscuits glac\u00e9s sans sucre (6 UN) - In\u00e9s Rosales\" \/>\n<meta property=\"og:description\" content=\"Parce que nous m\u00e9ritons tous un moment de douceur, nous avons adapt\u00e9 la recette originale pour ceux qui ne peuvent ou ne veulent pas inclure de sucre dans leur r\u00e9gime alimentaire, tout en conservant l&#039;ar\u00f4me et la saveur de la cannelle et de l&#039;anis.\" \/>\n<meta property=\"og:url\" content=\"https:\/\/inesrosales.com\/fr\/producto\/biscuits-glaces-sans-sucre-6-un\/\" \/>\n<meta property=\"og:site_name\" content=\"In\u00e9s Rosales\" \/>\n<meta property=\"article:modified_time\" content=\"2025-02-12T13:03:20+00:00\" \/>\n<meta property=\"og:image\" content=\"https:\/\/inesrosales.com\/wp-content\/uploads\/2024\/12\/tortitas-nevadas-sin-azucar.png\" \/>\n\t<meta property=\"og:image:width\" content=\"1128\" \/>\n\t<meta property=\"og:image:height\" content=\"1128\" \/>\n\t<meta property=\"og:image:type\" content=\"image\/png\" \/>\n<meta name=\"twitter:card\" content=\"summary_large_image\" \/>\n<script type=\"application\/ld+json\" class=\"yoast-schema-graph\">{\"@context\":\"https:\\\/\\\/schema.org\",\"@graph\":[{\"@type\":\"WebPage\",\"@id\":\"https:\\\/\\\/inesrosales.com\\\/fr\\\/producto\\\/biscuits-glaces-sans-sucre-6-un\\\/\",\"url\":\"https:\\\/\\\/inesrosales.com\\\/fr\\\/producto\\\/biscuits-glaces-sans-sucre-6-un\\\/\",\"name\":\"Biscuits glac\u00e9s sans sucre (6 UN) - In\u00e9s Rosales\",\"isPartOf\":{\"@id\":\"https:\\\/\\\/inesrosales.com\\\/fr\\\/#website\"},\"primaryImageOfPage\":{\"@id\":\"https:\\\/\\\/inesrosales.com\\\/fr\\\/producto\\\/biscuits-glaces-sans-sucre-6-un\\\/#primaryimage\"},\"image\":{\"@id\":\"https:\\\/\\\/inesrosales.com\\\/fr\\\/producto\\\/biscuits-glaces-sans-sucre-6-un\\\/#primaryimage\"},\"thumbnailUrl\":\"https:\\\/\\\/inesrosales.com\\\/wp-content\\\/uploads\\\/2024\\\/12\\\/tortitas-nevadas-sin-azucar.png\",\"datePublished\":\"2019-04-23T13:21:17+00:00\",\"dateModified\":\"2025-02-12T13:03:20+00:00\",\"breadcrumb\":{\"@id\":\"https:\\\/\\\/inesrosales.com\\\/fr\\\/producto\\\/biscuits-glaces-sans-sucre-6-un\\\/#breadcrumb\"},\"inLanguage\":\"fr-FR\",\"potentialAction\":[{\"@type\":\"ReadAction\",\"target\":[\"https:\\\/\\\/inesrosales.com\\\/fr\\\/producto\\\/biscuits-glaces-sans-sucre-6-un\\\/\"]}]},{\"@type\":\"ImageObject\",\"inLanguage\":\"fr-FR\",\"@id\":\"https:\\\/\\\/inesrosales.com\\\/fr\\\/producto\\\/biscuits-glaces-sans-sucre-6-un\\\/#primaryimage\",\"url\":\"https:\\\/\\\/inesrosales.com\\\/wp-content\\\/uploads\\\/2024\\\/12\\\/tortitas-nevadas-sin-azucar.png\",\"contentUrl\":\"https:\\\/\\\/inesrosales.com\\\/wp-content\\\/uploads\\\/2024\\\/12\\\/tortitas-nevadas-sin-azucar.png\",\"width\":1128,\"height\":1128},{\"@type\":\"BreadcrumbList\",\"@id\":\"https:\\\/\\\/inesrosales.com\\\/fr\\\/producto\\\/biscuits-glaces-sans-sucre-6-un\\\/#breadcrumb\",\"itemListElement\":[{\"@type\":\"ListItem\",\"position\":1,\"name\":\"Portada\",\"item\":\"https:\\\/\\\/inesrosales.com\\\/fr\\\/\"},{\"@type\":\"ListItem\",\"position\":2,\"name\":\"Boutique\",\"item\":\"https:\\\/\\\/inesrosales.com\\\/fr\\\/boutique\\\/\"},{\"@type\":\"ListItem\",\"position\":3,\"name\":\"Biscuits glac\u00e9s sans sucre (6 UN)\"}]},{\"@type\":\"WebSite\",\"@id\":\"https:\\\/\\\/inesrosales.com\\\/fr\\\/#website\",\"url\":\"https:\\\/\\\/inesrosales.com\\\/fr\\\/\",\"name\":\"In\u00e9s Rosales\",\"description\":\"Elaboramos las Leg\u00edtimas y Acreditadas Tortas de Aceite In\u00e9s Rosales. Elaboraci\u00f3n con productos 100% naturales y hechas con harina de Trigo, Aceite de Oliva Virgen Extra de Calidad Superior, az\u00facar y especias arom\u00e1ticas.  El mantenimiento de la elaboraci\u00f3n y acabado artesanal en su sentido m\u00e1s aut\u00e9ntico, junto a sus ingredientes naturales y la ausencia de aditivos, mejorantes y conservantes, le confieren un car\u00e1cter saludable.\",\"publisher\":{\"@id\":\"https:\\\/\\\/inesrosales.com\\\/fr\\\/#organization\"},\"alternateName\":\"In\u00e9s Rosales\",\"potentialAction\":[{\"@type\":\"SearchAction\",\"target\":{\"@type\":\"EntryPoint\",\"urlTemplate\":\"https:\\\/\\\/inesrosales.com\\\/fr\\\/?s={search_term_string}\"},\"query-input\":{\"@type\":\"PropertyValueSpecification\",\"valueRequired\":true,\"valueName\":\"search_term_string\"}}],\"inLanguage\":\"fr-FR\"},{\"@type\":\"Organization\",\"@id\":\"https:\\\/\\\/inesrosales.com\\\/fr\\\/#organization\",\"name\":\"In\u00e9s Rosales\",\"url\":\"https:\\\/\\\/inesrosales.com\\\/fr\\\/\",\"logo\":{\"@type\":\"ImageObject\",\"inLanguage\":\"fr-FR\",\"@id\":\"https:\\\/\\\/inesrosales.com\\\/fr\\\/#\\\/schema\\\/logo\\\/image\\\/\",\"url\":\"https:\\\/\\\/inesrosales.com\\\/wp-content\\\/uploads\\\/2024\\\/12\\\/logo-ines-rosales.png\",\"contentUrl\":\"https:\\\/\\\/inesrosales.com\\\/wp-content\\\/uploads\\\/2024\\\/12\\\/logo-ines-rosales.png\",\"width\":384,\"height\":200,\"caption\":\"In\u00e9s Rosales\"},\"image\":{\"@id\":\"https:\\\/\\\/inesrosales.com\\\/fr\\\/#\\\/schema\\\/logo\\\/image\\\/\"}}]}<\/script>\n<!-- \/ Yoast SEO Premium plugin. -->","yoast_head_json":{"title":"Biscuits glac\u00e9s sans sucre (6 UN) - In\u00e9s Rosales","robots":{"index":"index","follow":"follow","max-snippet":"max-snippet:-1","max-image-preview":"max-image-preview:large","max-video-preview":"max-video-preview:-1"},"canonical":"https:\/\/inesrosales.com\/fr\/producto\/biscuits-glaces-sans-sucre-6-un\/","og_locale":"fr_FR","og_type":"article","og_title":"Biscuits glac\u00e9s sans sucre (6 UN) - In\u00e9s Rosales","og_description":"Parce que nous m\u00e9ritons tous un moment de douceur, nous avons adapt\u00e9 la recette originale pour ceux qui ne peuvent ou ne veulent pas inclure de sucre dans leur r\u00e9gime alimentaire, tout en conservant l'ar\u00f4me et la saveur de la cannelle et de l'anis.","og_url":"https:\/\/inesrosales.com\/fr\/producto\/biscuits-glaces-sans-sucre-6-un\/","og_site_name":"In\u00e9s Rosales","article_modified_time":"2025-02-12T13:03:20+00:00","og_image":[{"width":1128,"height":1128,"url":"https:\/\/inesrosales.com\/wp-content\/uploads\/2024\/12\/tortitas-nevadas-sin-azucar.png","type":"image\/png"}],"twitter_card":"summary_large_image","schema":{"@context":"https:\/\/schema.org","@graph":[{"@type":"WebPage","@id":"https:\/\/inesrosales.com\/fr\/producto\/biscuits-glaces-sans-sucre-6-un\/","url":"https:\/\/inesrosales.com\/fr\/producto\/biscuits-glaces-sans-sucre-6-un\/","name":"Biscuits glac\u00e9s sans sucre (6 UN) - In\u00e9s Rosales","isPartOf":{"@id":"https:\/\/inesrosales.com\/fr\/#website"},"primaryImageOfPage":{"@id":"https:\/\/inesrosales.com\/fr\/producto\/biscuits-glaces-sans-sucre-6-un\/#primaryimage"},"image":{"@id":"https:\/\/inesrosales.com\/fr\/producto\/biscuits-glaces-sans-sucre-6-un\/#primaryimage"},"thumbnailUrl":"https:\/\/inesrosales.com\/wp-content\/uploads\/2024\/12\/tortitas-nevadas-sin-azucar.png","datePublished":"2019-04-23T13:21:17+00:00","dateModified":"2025-02-12T13:03:20+00:00","breadcrumb":{"@id":"https:\/\/inesrosales.com\/fr\/producto\/biscuits-glaces-sans-sucre-6-un\/#breadcrumb"},"inLanguage":"fr-FR","potentialAction":[{"@type":"ReadAction","target":["https:\/\/inesrosales.com\/fr\/producto\/biscuits-glaces-sans-sucre-6-un\/"]}]},{"@type":"ImageObject","inLanguage":"fr-FR","@id":"https:\/\/inesrosales.com\/fr\/producto\/biscuits-glaces-sans-sucre-6-un\/#primaryimage","url":"https:\/\/inesrosales.com\/wp-content\/uploads\/2024\/12\/tortitas-nevadas-sin-azucar.png","contentUrl":"https:\/\/inesrosales.com\/wp-content\/uploads\/2024\/12\/tortitas-nevadas-sin-azucar.png","width":1128,"height":1128},{"@type":"BreadcrumbList","@id":"https:\/\/inesrosales.com\/fr\/producto\/biscuits-glaces-sans-sucre-6-un\/#breadcrumb","itemListElement":[{"@type":"ListItem","position":1,"name":"Portada","item":"https:\/\/inesrosales.com\/fr\/"},{"@type":"ListItem","position":2,"name":"Boutique","item":"https:\/\/inesrosales.com\/fr\/boutique\/"},{"@type":"ListItem","position":3,"name":"Biscuits glac\u00e9s sans sucre (6 UN)"}]},{"@type":"WebSite","@id":"https:\/\/inesrosales.com\/fr\/#website","url":"https:\/\/inesrosales.com\/fr\/","name":"In\u00e9s Rosales","description":"Elaboramos las Leg\u00edtimas y Acreditadas Tortas de Aceite In\u00e9s Rosales. Elaboraci\u00f3n con productos 100% naturales y hechas con harina de Trigo, Aceite de Oliva Virgen Extra de Calidad Superior, az\u00facar y especias arom\u00e1ticas.  El mantenimiento de la elaboraci\u00f3n y acabado artesanal en su sentido m\u00e1s aut\u00e9ntico, junto a sus ingredientes naturales y la ausencia de aditivos, mejorantes y conservantes, le confieren un car\u00e1cter saludable.","publisher":{"@id":"https:\/\/inesrosales.com\/fr\/#organization"},"alternateName":"In\u00e9s Rosales","potentialAction":[{"@type":"SearchAction","target":{"@type":"EntryPoint","urlTemplate":"https:\/\/inesrosales.com\/fr\/?s={search_term_string}"},"query-input":{"@type":"PropertyValueSpecification","valueRequired":true,"valueName":"search_term_string"}}],"inLanguage":"fr-FR"},{"@type":"Organization","@id":"https:\/\/inesrosales.com\/fr\/#organization","name":"In\u00e9s Rosales","url":"https:\/\/inesrosales.com\/fr\/","logo":{"@type":"ImageObject","inLanguage":"fr-FR","@id":"https:\/\/inesrosales.com\/fr\/#\/schema\/logo\/image\/","url":"https:\/\/inesrosales.com\/wp-content\/uploads\/2024\/12\/logo-ines-rosales.png","contentUrl":"https:\/\/inesrosales.com\/wp-content\/uploads\/2024\/12\/logo-ines-rosales.png","width":384,"height":200,"caption":"In\u00e9s Rosales"},"image":{"@id":"https:\/\/inesrosales.com\/fr\/#\/schema\/logo\/image\/"}}]}},"_links":{"self":[{"href":"https:\/\/inesrosales.com\/fr\/wp-json\/wp\/v2\/product\/1043195","targetHints":{"allow":["GET"]}}],"collection":[{"href":"https:\/\/inesrosales.com\/fr\/wp-json\/wp\/v2\/product"}],"about":[{"href":"https:\/\/inesrosales.com\/fr\/wp-json\/wp\/v2\/types\/product"}],"wp:featuredmedia":[{"embeddable":true,"href":"https:\/\/inesrosales.com\/fr\/wp-json\/wp\/v2\/media\/1039773"}],"wp:attachment":[{"href":"https:\/\/inesrosales.com\/fr\/wp-json\/wp\/v2\/media?parent=1043195"}],"wp:term":[{"taxonomy":"product_brand","embeddable":true,"href":"https:\/\/inesrosales.com\/fr\/wp-json\/wp\/v2\/product_brand?post=1043195"},{"taxonomy":"product_cat","embeddable":true,"href":"https:\/\/inesrosales.com\/fr\/wp-json\/wp\/v2\/product_cat?post=1043195"},{"taxonomy":"product_tag","embeddable":true,"href":"https:\/\/inesrosales.com\/fr\/wp-json\/wp\/v2\/product_tag?post=1043195"}],"curies":[{"name":"wp","href":"https:\/\/api.w.org\/{rel}","templated":true}]}}