{"id":1043209,"date":"2023-09-24T18:35:21","date_gmt":"2023-09-24T16:35:21","guid":{"rendered":"https:\/\/inesrosales.com\/producto\/crujio-au-thym-et-romarin-gout-basilic\/"},"modified":"2025-02-12T15:05:07","modified_gmt":"2025-02-12T14:05:07","slug":"crujio-au-thym-et-romarin-gout-basilic","status":"publish","type":"product","link":"https:\/\/inesrosales.com\/fr\/producto\/crujio-au-thym-et-romarin-gout-basilic\/","title":{"rendered":"Cruj\u00edo au thym et romarin, go\u00fbt basilic"},"content":{"rendered":"","protected":false},"excerpt":{"rendered":"<p>Cracker au thym et romarin, go\u00fbt basilic Un caprice sain au go\u00fbt frais de basilic avec une savoureuse touche de romarin Deux herbes qui se marient \u00e0 merveille et vous accompagneront lorsque la faim se fera sentir.<\/p>\n","protected":false},"featured_media":1053298,"template":"","meta":{"_joinchat":[]},"product_brand":[],"product_cat":[74],"product_tag":[112,109,114,116,115,117],"class_list":{"0":"post-1043209","1":"product","2":"type-product","3":"status-publish","4":"has-post-thumbnail","6":"product_cat-crujio-fr","7":"product_tag-cuit-au-four","8":"product_tag-huile-dolive","9":"product_tag-sans-additifs","10":"product_tag-sans-lactose","11":"product_tag-sans-oeufs","12":"product_tag-vegetalien","14":"first","15":"instock","16":"purchasable","17":"product-type-simple"},"yoast_head":"<!-- This site is optimized with the Yoast SEO Premium plugin v25.3 (Yoast SEO v27.4) - https:\/\/yoast.com\/product\/yoast-seo-premium-wordpress\/ -->\n<title>Cruj\u00edo au thym et romarin, go\u00fbt basilic - In\u00e9s Rosales<\/title>\n<meta name=\"robots\" content=\"index, follow, max-snippet:-1, max-image-preview:large, max-video-preview:-1\" \/>\n<link rel=\"canonical\" href=\"https:\/\/inesrosales.com\/fr\/producto\/crujio-au-thym-et-romarin-gout-basilic\/\" \/>\n<meta property=\"og:locale\" content=\"fr_FR\" \/>\n<meta property=\"og:type\" content=\"article\" \/>\n<meta property=\"og:title\" content=\"Cruj\u00edo au thym et romarin, go\u00fbt basilic - In\u00e9s Rosales\" \/>\n<meta property=\"og:description\" content=\"Cracker au thym et romarin, go\u00fbt basilic Un caprice sain au go\u00fbt frais de basilic avec une savoureuse touche de romarin Deux herbes qui se marient \u00e0 merveille et vous accompagneront lorsque la faim se fera sentir.\" \/>\n<meta property=\"og:url\" content=\"https:\/\/inesrosales.com\/fr\/producto\/crujio-au-thym-et-romarin-gout-basilic\/\" \/>\n<meta property=\"og:site_name\" content=\"In\u00e9s Rosales\" \/>\n<meta property=\"article:modified_time\" content=\"2025-02-12T14:05:07+00:00\" \/>\n<meta property=\"og:image\" content=\"https:\/\/inesrosales.com\/wp-content\/uploads\/2024\/12\/crujio-albahaca.png\" \/>\n\t<meta property=\"og:image:width\" content=\"1128\" \/>\n\t<meta property=\"og:image:height\" content=\"1128\" \/>\n\t<meta property=\"og:image:type\" content=\"image\/png\" \/>\n<meta name=\"twitter:card\" content=\"summary_large_image\" \/>\n<script type=\"application\/ld+json\" class=\"yoast-schema-graph\">{\"@context\":\"https:\\\/\\\/schema.org\",\"@graph\":[{\"@type\":\"WebPage\",\"@id\":\"https:\\\/\\\/inesrosales.com\\\/fr\\\/producto\\\/crujio-au-thym-et-romarin-gout-basilic\\\/\",\"url\":\"https:\\\/\\\/inesrosales.com\\\/fr\\\/producto\\\/crujio-au-thym-et-romarin-gout-basilic\\\/\",\"name\":\"Cruj\u00edo au thym et romarin, go\u00fbt basilic - In\u00e9s Rosales\",\"isPartOf\":{\"@id\":\"https:\\\/\\\/inesrosales.com\\\/fr\\\/#website\"},\"primaryImageOfPage\":{\"@id\":\"https:\\\/\\\/inesrosales.com\\\/fr\\\/producto\\\/crujio-au-thym-et-romarin-gout-basilic\\\/#primaryimage\"},\"image\":{\"@id\":\"https:\\\/\\\/inesrosales.com\\\/fr\\\/producto\\\/crujio-au-thym-et-romarin-gout-basilic\\\/#primaryimage\"},\"thumbnailUrl\":\"https:\\\/\\\/inesrosales.com\\\/wp-content\\\/uploads\\\/2023\\\/09\\\/MOCKUP-CRUJIO-ALBAHACA-Y-ROMERO.png\",\"datePublished\":\"2023-09-24T16:35:21+00:00\",\"dateModified\":\"2025-02-12T14:05:07+00:00\",\"breadcrumb\":{\"@id\":\"https:\\\/\\\/inesrosales.com\\\/fr\\\/producto\\\/crujio-au-thym-et-romarin-gout-basilic\\\/#breadcrumb\"},\"inLanguage\":\"fr-FR\",\"potentialAction\":[{\"@type\":\"ReadAction\",\"target\":[\"https:\\\/\\\/inesrosales.com\\\/fr\\\/producto\\\/crujio-au-thym-et-romarin-gout-basilic\\\/\"]}]},{\"@type\":\"ImageObject\",\"inLanguage\":\"fr-FR\",\"@id\":\"https:\\\/\\\/inesrosales.com\\\/fr\\\/producto\\\/crujio-au-thym-et-romarin-gout-basilic\\\/#primaryimage\",\"url\":\"https:\\\/\\\/inesrosales.com\\\/wp-content\\\/uploads\\\/2023\\\/09\\\/MOCKUP-CRUJIO-ALBAHACA-Y-ROMERO.png\",\"contentUrl\":\"https:\\\/\\\/inesrosales.com\\\/wp-content\\\/uploads\\\/2023\\\/09\\\/MOCKUP-CRUJIO-ALBAHACA-Y-ROMERO.png\",\"width\":1080,\"height\":1080,\"caption\":\"Crackers salados de Cruj\u00edo de albahaca y romero.\"},{\"@type\":\"BreadcrumbList\",\"@id\":\"https:\\\/\\\/inesrosales.com\\\/fr\\\/producto\\\/crujio-au-thym-et-romarin-gout-basilic\\\/#breadcrumb\",\"itemListElement\":[{\"@type\":\"ListItem\",\"position\":1,\"name\":\"Portada\",\"item\":\"https:\\\/\\\/inesrosales.com\\\/fr\\\/\"},{\"@type\":\"ListItem\",\"position\":2,\"name\":\"Boutique\",\"item\":\"https:\\\/\\\/inesrosales.com\\\/fr\\\/boutique\\\/\"},{\"@type\":\"ListItem\",\"position\":3,\"name\":\"Cruj\u00edo au thym et romarin, go\u00fbt basilic\"}]},{\"@type\":\"WebSite\",\"@id\":\"https:\\\/\\\/inesrosales.com\\\/fr\\\/#website\",\"url\":\"https:\\\/\\\/inesrosales.com\\\/fr\\\/\",\"name\":\"In\u00e9s Rosales\",\"description\":\"Elaboramos las Leg\u00edtimas y Acreditadas Tortas de Aceite In\u00e9s Rosales. Elaboraci\u00f3n con productos 100% naturales y hechas con harina de Trigo, Aceite de Oliva Virgen Extra de Calidad Superior, az\u00facar y especias arom\u00e1ticas.  El mantenimiento de la elaboraci\u00f3n y acabado artesanal en su sentido m\u00e1s aut\u00e9ntico, junto a sus ingredientes naturales y la ausencia de aditivos, mejorantes y conservantes, le confieren un car\u00e1cter saludable.\",\"publisher\":{\"@id\":\"https:\\\/\\\/inesrosales.com\\\/fr\\\/#organization\"},\"alternateName\":\"In\u00e9s Rosales\",\"potentialAction\":[{\"@type\":\"SearchAction\",\"target\":{\"@type\":\"EntryPoint\",\"urlTemplate\":\"https:\\\/\\\/inesrosales.com\\\/fr\\\/?s={search_term_string}\"},\"query-input\":{\"@type\":\"PropertyValueSpecification\",\"valueRequired\":true,\"valueName\":\"search_term_string\"}}],\"inLanguage\":\"fr-FR\"},{\"@type\":\"Organization\",\"@id\":\"https:\\\/\\\/inesrosales.com\\\/fr\\\/#organization\",\"name\":\"In\u00e9s Rosales\",\"url\":\"https:\\\/\\\/inesrosales.com\\\/fr\\\/\",\"logo\":{\"@type\":\"ImageObject\",\"inLanguage\":\"fr-FR\",\"@id\":\"https:\\\/\\\/inesrosales.com\\\/fr\\\/#\\\/schema\\\/logo\\\/image\\\/\",\"url\":\"https:\\\/\\\/inesrosales.com\\\/wp-content\\\/uploads\\\/2024\\\/12\\\/logo-ines-rosales.png\",\"contentUrl\":\"https:\\\/\\\/inesrosales.com\\\/wp-content\\\/uploads\\\/2024\\\/12\\\/logo-ines-rosales.png\",\"width\":384,\"height\":200,\"caption\":\"In\u00e9s Rosales\"},\"image\":{\"@id\":\"https:\\\/\\\/inesrosales.com\\\/fr\\\/#\\\/schema\\\/logo\\\/image\\\/\"}}]}<\/script>\n<!-- \/ Yoast SEO Premium plugin. -->","yoast_head_json":{"title":"Cruj\u00edo au thym et romarin, go\u00fbt basilic - In\u00e9s Rosales","robots":{"index":"index","follow":"follow","max-snippet":"max-snippet:-1","max-image-preview":"max-image-preview:large","max-video-preview":"max-video-preview:-1"},"canonical":"https:\/\/inesrosales.com\/fr\/producto\/crujio-au-thym-et-romarin-gout-basilic\/","og_locale":"fr_FR","og_type":"article","og_title":"Cruj\u00edo au thym et romarin, go\u00fbt basilic - In\u00e9s Rosales","og_description":"Cracker au thym et romarin, go\u00fbt basilic Un caprice sain au go\u00fbt frais de basilic avec une savoureuse touche de romarin Deux herbes qui se marient \u00e0 merveille et vous accompagneront lorsque la faim se fera sentir.","og_url":"https:\/\/inesrosales.com\/fr\/producto\/crujio-au-thym-et-romarin-gout-basilic\/","og_site_name":"In\u00e9s Rosales","article_modified_time":"2025-02-12T14:05:07+00:00","og_image":[{"width":1128,"height":1128,"url":"https:\/\/inesrosales.com\/wp-content\/uploads\/2024\/12\/crujio-albahaca.png","type":"image\/png"}],"twitter_card":"summary_large_image","schema":{"@context":"https:\/\/schema.org","@graph":[{"@type":"WebPage","@id":"https:\/\/inesrosales.com\/fr\/producto\/crujio-au-thym-et-romarin-gout-basilic\/","url":"https:\/\/inesrosales.com\/fr\/producto\/crujio-au-thym-et-romarin-gout-basilic\/","name":"Cruj\u00edo au thym et romarin, go\u00fbt basilic - In\u00e9s Rosales","isPartOf":{"@id":"https:\/\/inesrosales.com\/fr\/#website"},"primaryImageOfPage":{"@id":"https:\/\/inesrosales.com\/fr\/producto\/crujio-au-thym-et-romarin-gout-basilic\/#primaryimage"},"image":{"@id":"https:\/\/inesrosales.com\/fr\/producto\/crujio-au-thym-et-romarin-gout-basilic\/#primaryimage"},"thumbnailUrl":"https:\/\/inesrosales.com\/wp-content\/uploads\/2023\/09\/MOCKUP-CRUJIO-ALBAHACA-Y-ROMERO.png","datePublished":"2023-09-24T16:35:21+00:00","dateModified":"2025-02-12T14:05:07+00:00","breadcrumb":{"@id":"https:\/\/inesrosales.com\/fr\/producto\/crujio-au-thym-et-romarin-gout-basilic\/#breadcrumb"},"inLanguage":"fr-FR","potentialAction":[{"@type":"ReadAction","target":["https:\/\/inesrosales.com\/fr\/producto\/crujio-au-thym-et-romarin-gout-basilic\/"]}]},{"@type":"ImageObject","inLanguage":"fr-FR","@id":"https:\/\/inesrosales.com\/fr\/producto\/crujio-au-thym-et-romarin-gout-basilic\/#primaryimage","url":"https:\/\/inesrosales.com\/wp-content\/uploads\/2023\/09\/MOCKUP-CRUJIO-ALBAHACA-Y-ROMERO.png","contentUrl":"https:\/\/inesrosales.com\/wp-content\/uploads\/2023\/09\/MOCKUP-CRUJIO-ALBAHACA-Y-ROMERO.png","width":1080,"height":1080,"caption":"Crackers salados de Cruj\u00edo de albahaca y romero."},{"@type":"BreadcrumbList","@id":"https:\/\/inesrosales.com\/fr\/producto\/crujio-au-thym-et-romarin-gout-basilic\/#breadcrumb","itemListElement":[{"@type":"ListItem","position":1,"name":"Portada","item":"https:\/\/inesrosales.com\/fr\/"},{"@type":"ListItem","position":2,"name":"Boutique","item":"https:\/\/inesrosales.com\/fr\/boutique\/"},{"@type":"ListItem","position":3,"name":"Cruj\u00edo au thym et romarin, go\u00fbt basilic"}]},{"@type":"WebSite","@id":"https:\/\/inesrosales.com\/fr\/#website","url":"https:\/\/inesrosales.com\/fr\/","name":"In\u00e9s Rosales","description":"Elaboramos las Leg\u00edtimas y Acreditadas Tortas de Aceite In\u00e9s Rosales. Elaboraci\u00f3n con productos 100% naturales y hechas con harina de Trigo, Aceite de Oliva Virgen Extra de Calidad Superior, az\u00facar y especias arom\u00e1ticas.  El mantenimiento de la elaboraci\u00f3n y acabado artesanal en su sentido m\u00e1s aut\u00e9ntico, junto a sus ingredientes naturales y la ausencia de aditivos, mejorantes y conservantes, le confieren un car\u00e1cter saludable.","publisher":{"@id":"https:\/\/inesrosales.com\/fr\/#organization"},"alternateName":"In\u00e9s Rosales","potentialAction":[{"@type":"SearchAction","target":{"@type":"EntryPoint","urlTemplate":"https:\/\/inesrosales.com\/fr\/?s={search_term_string}"},"query-input":{"@type":"PropertyValueSpecification","valueRequired":true,"valueName":"search_term_string"}}],"inLanguage":"fr-FR"},{"@type":"Organization","@id":"https:\/\/inesrosales.com\/fr\/#organization","name":"In\u00e9s Rosales","url":"https:\/\/inesrosales.com\/fr\/","logo":{"@type":"ImageObject","inLanguage":"fr-FR","@id":"https:\/\/inesrosales.com\/fr\/#\/schema\/logo\/image\/","url":"https:\/\/inesrosales.com\/wp-content\/uploads\/2024\/12\/logo-ines-rosales.png","contentUrl":"https:\/\/inesrosales.com\/wp-content\/uploads\/2024\/12\/logo-ines-rosales.png","width":384,"height":200,"caption":"In\u00e9s Rosales"},"image":{"@id":"https:\/\/inesrosales.com\/fr\/#\/schema\/logo\/image\/"}}]}},"_links":{"self":[{"href":"https:\/\/inesrosales.com\/fr\/wp-json\/wp\/v2\/product\/1043209","targetHints":{"allow":["GET"]}}],"collection":[{"href":"https:\/\/inesrosales.com\/fr\/wp-json\/wp\/v2\/product"}],"about":[{"href":"https:\/\/inesrosales.com\/fr\/wp-json\/wp\/v2\/types\/product"}],"wp:featuredmedia":[{"embeddable":true,"href":"https:\/\/inesrosales.com\/fr\/wp-json\/wp\/v2\/media\/1053298"}],"wp:attachment":[{"href":"https:\/\/inesrosales.com\/fr\/wp-json\/wp\/v2\/media?parent=1043209"}],"wp:term":[{"taxonomy":"product_brand","embeddable":true,"href":"https:\/\/inesrosales.com\/fr\/wp-json\/wp\/v2\/product_brand?post=1043209"},{"taxonomy":"product_cat","embeddable":true,"href":"https:\/\/inesrosales.com\/fr\/wp-json\/wp\/v2\/product_cat?post=1043209"},{"taxonomy":"product_tag","embeddable":true,"href":"https:\/\/inesrosales.com\/fr\/wp-json\/wp\/v2\/product_tag?post=1043209"}],"curies":[{"name":"wp","href":"https:\/\/api.w.org\/{rel}","templated":true}]}}